{"id":2845,"date":"2026-01-23T09:46:23","date_gmt":"2026-01-23T01:46:23","guid":{"rendered":"https:\/\/alexathletics1982.com\/?post_type=product&#038;p=2845"},"modified":"2026-04-17T22:21:14","modified_gmt":"2026-04-17T14:21:14","slug":"isomotion-presse","status":"publish","type":"product","link":"https:\/\/alexathletics1982.com\/de\/isomotion-press\/","title":{"rendered":"IsoMotion Presse"},"content":{"rendered":"<div class=\"ast-oembed-container\" style=\"height: 100%;\"><iframe title=\"ISOMOTION PRESS--EIGENE WIEDERHOLUNG\" width=\"500\" height=\"281\" src=\"https:\/\/www.youtube.com\/embed\/JnvNjb5bjrY?feature=oembed\" frameborder=\"0\" allow=\"accelerometer; autoplay; clipboard-write; encrypted-media; gyroscope; picture-in-picture; web-share\" referrerpolicy=\"strict-origin-when-cross-origin\" allowfullscreen><\/iframe><\/div>\n<h2><img fetchpriority=\"high\" decoding=\"async\" class=\"alignnone wp-image-3809 size-full\" src=\"https:\/\/alexathletics1982.com\/wp-content\/uploads\/2026\/01\/iso_V2_02.webp\" alt=\"\" width=\"1600\" height=\"960\" title=\"\" srcset=\"https:\/\/alexathletics1982.com\/wp-content\/uploads\/2026\/01\/iso_V2_02.webp 1600w, https:\/\/alexathletics1982.com\/wp-content\/uploads\/2026\/01\/iso_V2_02-300x180.webp 300w, https:\/\/alexathletics1982.com\/wp-content\/uploads\/2026\/01\/iso_V2_02-1024x614.webp 1024w, https:\/\/alexathletics1982.com\/wp-content\/uploads\/2026\/01\/iso_V2_02-768x461.webp 768w, https:\/\/alexathletics1982.com\/wp-content\/uploads\/2026\/01\/iso_V2_02-1536x922.webp 1536w, https:\/\/alexathletics1982.com\/wp-content\/uploads\/2026\/01\/iso_V2_02-600x360.webp 600w\" sizes=\"(max-width: 1600px) 100vw, 1600px\" \/><img decoding=\"async\" class=\"alignnone wp-image-3810 size-full\" src=\"https:\/\/alexathletics1982.com\/wp-content\/uploads\/2026\/01\/iso_V2_03.webp\" alt=\"\" width=\"1600\" height=\"960\" title=\"\" srcset=\"https:\/\/alexathletics1982.com\/wp-content\/uploads\/2026\/01\/iso_V2_03.webp 1600w, https:\/\/alexathletics1982.com\/wp-content\/uploads\/2026\/01\/iso_V2_03-300x180.webp 300w, https:\/\/alexathletics1982.com\/wp-content\/uploads\/2026\/01\/iso_V2_03-1024x614.webp 1024w, https:\/\/alexathletics1982.com\/wp-content\/uploads\/2026\/01\/iso_V2_03-768x461.webp 768w, https:\/\/alexathletics1982.com\/wp-content\/uploads\/2026\/01\/iso_V2_03-1536x922.webp 1536w, https:\/\/alexathletics1982.com\/wp-content\/uploads\/2026\/01\/iso_V2_03-600x360.webp 600w\" sizes=\"(max-width: 1600px) 100vw, 1600px\" \/> <img decoding=\"async\" class=\"alignnone wp-image-3813 size-full\" src=\"https:\/\/alexathletics1982.com\/wp-content\/uploads\/2026\/01\/iso_V2_07.webp\" alt=\"\" width=\"1600\" height=\"960\" title=\"\" srcset=\"https:\/\/alexathletics1982.com\/wp-content\/uploads\/2026\/01\/iso_V2_07.webp 1600w, https:\/\/alexathletics1982.com\/wp-content\/uploads\/2026\/01\/iso_V2_07-300x180.webp 300w, https:\/\/alexathletics1982.com\/wp-content\/uploads\/2026\/01\/iso_V2_07-1024x614.webp 1024w, https:\/\/alexathletics1982.com\/wp-content\/uploads\/2026\/01\/iso_V2_07-768x461.webp 768w, https:\/\/alexathletics1982.com\/wp-content\/uploads\/2026\/01\/iso_V2_07-1536x922.webp 1536w, https:\/\/alexathletics1982.com\/wp-content\/uploads\/2026\/01\/iso_V2_07-600x360.webp 600w\" sizes=\"(max-width: 1600px) 100vw, 1600px\" \/> <img loading=\"lazy\" decoding=\"async\" class=\"alignnone wp-image-3812 size-full\" src=\"https:\/\/alexathletics1982.com\/wp-content\/uploads\/2026\/01\/iso_V2_06.webp\" alt=\"\" width=\"1600\" height=\"1416\" title=\"\" srcset=\"https:\/\/alexathletics1982.com\/wp-content\/uploads\/2026\/01\/iso_V2_06.webp 1600w, https:\/\/alexathletics1982.com\/wp-content\/uploads\/2026\/01\/iso_V2_06-300x266.webp 300w, https:\/\/alexathletics1982.com\/wp-content\/uploads\/2026\/01\/iso_V2_06-1024x906.webp 1024w, https:\/\/alexathletics1982.com\/wp-content\/uploads\/2026\/01\/iso_V2_06-768x680.webp 768w, https:\/\/alexathletics1982.com\/wp-content\/uploads\/2026\/01\/iso_V2_06-1536x1359.webp 1536w, https:\/\/alexathletics1982.com\/wp-content\/uploads\/2026\/01\/iso_V2_06-600x531.webp 600w\" sizes=\"(max-width: 1600px) 100vw, 1600px\" \/> <img loading=\"lazy\" decoding=\"async\" class=\"alignnone wp-image-3811 size-full\" src=\"https:\/\/alexathletics1982.com\/wp-content\/uploads\/2026\/01\/iso_V2_05.webp\" alt=\"\" width=\"1600\" height=\"2078\" title=\"\" srcset=\"https:\/\/alexathletics1982.com\/wp-content\/uploads\/2026\/01\/iso_V2_05.webp 1600w, https:\/\/alexathletics1982.com\/wp-content\/uploads\/2026\/01\/iso_V2_05-231x300.webp 231w, https:\/\/alexathletics1982.com\/wp-content\/uploads\/2026\/01\/iso_V2_05-788x1024.webp 788w, https:\/\/alexathletics1982.com\/wp-content\/uploads\/2026\/01\/iso_V2_05-768x997.webp 768w, https:\/\/alexathletics1982.com\/wp-content\/uploads\/2026\/01\/iso_V2_05-1183x1536.webp 1183w, https:\/\/alexathletics1982.com\/wp-content\/uploads\/2026\/01\/iso_V2_05-1577x2048.webp 1577w, https:\/\/alexathletics1982.com\/wp-content\/uploads\/2026\/01\/iso_V2_05-600x779.webp 600w\" sizes=\"(max-width: 1600px) 100vw, 1600px\" \/><\/h2>\n<h2>Entfesseln Sie die ausgewogene Kraft mit der IsoMotion-Presse<\/h2>\n<p>Die IsoMotion Press ist der Gipfel der Technik im Bereich der kompakten Kraftger\u00e4te. Sie wurde speziell entwickelt, um die L\u00fccke zwischen der Leistung kommerzieller Einrichtungen und den r\u00e4umlichen Beschr\u00e4nkungen eines Fitnessstudios zu Hause zu schlie\u00dfen. Beim Streben nach echter k\u00f6rperlicher St\u00e4rke ist die Symmetrie oft das erste Opfer des traditionellen Langhanteltrainings, bei dem die dominante Seite immer die schw\u00e4chere Seite kompensiert. Die IsoMotion Press behebt dieses grundlegende Problem durch ihr fortschrittliches iso-laterales Armdesign, das jede Extremit\u00e4t zwingt, ihr eigenes Gewicht unabh\u00e4ngig zu bewegen. Dadurch werden nicht nur versteckte muskul\u00e4re Ungleichgewichte aufgedeckt, sondern auch aktiv korrigiert, so dass sich Brust, Schultern und Trizeps in perfekter Harmonie entwickeln. Durch die Nachahmung der nat\u00fcrlichen Konvergenz der Druckmechanik des menschlichen K\u00f6rpers bietet das Ger\u00e4t einen sichereren und ergonomischeren Bewegungsablauf als Ger\u00e4te mit fester Stange, wodurch die Belastung der Schulterkapsel verringert und die Rekrutierung der Muskelfasern maximiert wird. F\u00fcr den anspruchsvollen Fitness-Enthusiasten ist dieses Ger\u00e4t nicht nur ein Werkzeug zum Heben von Gewichten, sondern ein Instrument zur Beherrschung der Bewegungsqualit\u00e4t und zur Gew\u00e4hrleistung einer langfristigen Gelenkgesundheit.<\/p>\n<p>Abgesehen von ihren biomechanischen Vorteilen ist die IsoMotion Press eine Meisterklasse in Sachen Effizienz und Vielseitigkeit. Die IsoMotion Press besteht aus einem verst\u00e4rkten Stahlrahmen und ist mit einer industrietauglichen Pulverbeschichtung versehen, die ihr die n\u00f6tige Widerstandsf\u00e4higkeit f\u00fcr intensive, t\u00e4gliche Trainingseinheiten verleiht. Trotz ihrer robusten Bauweise verf\u00fcgt die Maschine \u00fcber eine erstaunlich kompakte Grundfl\u00e4che (B1478 X H1105\/1158 X T1658mm), was sie zum idealen Herzst\u00fcck eines Garagen-Fitnessstudios oder eines kleinen Personal Training Studios macht. Die intuitive Benutzeroberfl\u00e4che und die Schnellverstellmechanismen sorgen daf\u00fcr, dass die \u00dcberg\u00e4nge zwischen den \u00dcbungen flie\u00dfend und unmittelbar sind. Ganz gleich, ob Sie schwere Brustdr\u00fccken, Neigungsvariationen oder Unterk\u00f6rperbewegungen wie H\u00fcftst\u00f6\u00dfe ausf\u00fchren, die IsoMotion Press passt sich Ihrem Trainingsablauf an. Die IsoMotion Press erm\u00f6glicht ein Ganzk\u00f6rper-Krafttraining mit der Sicherheit und Stabilit\u00e4t einer Maschine, aber mit der Freiheit und den funktionellen Vorteilen von freien Gewichten.<\/p>\n<h3>Unabh\u00e4ngige iso-laterale Technologie<\/h3>\n<p>Die wichtigste Innovation der IsoMotion Press ist die unabh\u00e4ngige Armbewegung. Im Gegensatz zu Standardger\u00e4ten, bei denen eine einzige Stange beide Griffe verbindet, muss bei diesem iso-lateralen Design jede Seite des K\u00f6rpers unabh\u00e4ngig arbeiten. Dies ist entscheidend f\u00fcr die Korrektur von Kraftasymmetrien, die bei den meisten Hebern \u00fcblich sind. Wenn Ihre rechte Seite st\u00e4rker ist, kann sie nicht dazu beitragen, das Gewicht f\u00fcr die linke Seite zu heben. Dies gew\u00e4hrleistet eine gleichm\u00e4\u00dfige Beanspruchung der Muskeln und eine ausgewogene Entwicklung, was f\u00fcr die Verletzungspr\u00e4vention und die sportliche Leistung von entscheidender Bedeutung ist. Dar\u00fcber hinaus erm\u00f6glicht es unilaterale Trainingsvariationen, so dass Sie sich ganz auf eine Seite konzentrieren oder abwechselnd dr\u00fccken k\u00f6nnen, um die Rumpfstabilisatoren wesentlich st\u00e4rker zu beanspruchen als bei bilateralen Bewegungen.<\/p>\n<h3>Schnellverstellbares Link-Arm-System<\/h3>\n<p>Effizienz ist der Schl\u00fcssel zu jedem Training, und die IsoMotion Press \u00fcberzeugt mit ihrem Quick-Adjust Link-Arm System. Dieser Mechanismus erm\u00f6glicht es dem Benutzer, den Winkel und die Position der Pressarme im Handumdrehen zu \u00e4ndern, ohne dass er m\u00fchsam Hantelscheiben aus- und wieder einlegen muss. Das System, das eine maximale Last von 100 kg tragen kann, ist robust genug f\u00fcr schweres Heben und gleichzeitig leichtg\u00e4ngig genug f\u00fcr schnelle Anpassungen. Diese Funktion ist besonders vorteilhaft f\u00fcr Zirkeltraining oder Supers\u00e4tze, bei denen es wichtig ist, eine hohe Herzfrequenz aufrechtzuerhalten und die Ausfallzeit zu minimieren. Der nahtlose \u00dcbergang von einer flachen Presse zu einer geneigten Presse oder einer Reihe h\u00e4lt die Trainingsintensit\u00e4t hoch und den Fokus scharf.<\/p>\n<h3>Multifunktionale Vielseitigkeit<\/h3>\n<p>Die IsoMotion Press ist zwar in erster Linie eine Pressstation, bietet aber eine au\u00dfergew\u00f6hnliche Vielseitigkeit. Die verstellbaren Gelenkarme und das ergonomische Design der Polster erm\u00f6glichen eine breite Palette von \u00dcbungen, die \u00fcber das reine Brust- und Schultertraining hinausgehen. Die IsoMotion Press wurde speziell f\u00fcr das H\u00fcftdr\u00fccken entwickelt und verf\u00fcgt \u00fcber verstellbare Platten, die sich an unterschiedliche K\u00f6rpergr\u00f6\u00dfen anpassen lassen. Dies macht das Ger\u00e4t zu einem umfassenden Ganzk\u00f6rpertrainer. Die Benutzer k\u00f6nnen in einer einzigen, platzsparenden Station explosive Kraftbewegungen, kontrolliertes Hypertrophietraining f\u00fcr den Oberk\u00f6rper und wichtige \u00dcbungen f\u00fcr die hintere Kette des Unterk\u00f6rpers durchf\u00fchren.<\/p>\n<h3>Langlebigkeit auf kommerzieller Ebene<\/h3>\n<p>Die IsoMotion Press ist f\u00fcr den harten Einsatz in einer professionellen Trainingsumgebung konzipiert und besteht aus einer hochbelastbaren Stahlkonstruktion. Der Rahmen ist verst\u00e4rkt, um schwere Lasten zu bew\u00e4ltigen, ohne sich zu biegen oder zu wackeln, und bietet das solide, geerdete Gef\u00fchl, das ernsthafte Heber verlangen. Das \u00c4u\u00dfere ist mit einer industrietauglichen Pulverbeschichtung versehen, die dem Ger\u00e4t nicht nur ein elegantes, professionelles schwarzes \u00c4u\u00dferes verleiht, sondern auch eine hervorragende Best\u00e4ndigkeit gegen Schwei\u00df, Kratzer und Korrosion bietet. So wird sichergestellt, dass das Ger\u00e4t auch nach jahrelangem hartem Einsatz seine strukturelle Integrit\u00e4t und optische Attraktivit\u00e4t bewahrt. Hochwertige Lager an den Drehpunkten sorgen f\u00fcr einen reibungslosen, leisen Betrieb bei jedem Training.<\/p>\n<h3>Kompakte Stellfl\u00e4che f\u00fcr Heimtrainingsger\u00e4te<\/h3>\n<p>Die IsoMotion Press wurde in Anbetracht der r\u00e4umlichen Beschr\u00e4nkungen in vielen Heimtrainingsstudios und Personal Studios entwickelt, um Platz zu sparen, ohne Kompromisse bei der Leistung einzugehen. Mit Ma\u00dfen von nur B1478 X H1105\/1158 X T1658mm passt sie bequem in Ecken oder kleinere R\u00e4ume, in denen herk\u00f6mmliche kommerzielle Maschinen unm\u00f6glich untergebracht werden k\u00f6nnen. Trotz seiner kompakten Gr\u00f6\u00dfe erm\u00f6glicht das offene Rahmendesign einen einfachen Zugang und eine bequeme Positionierung f\u00fcr Benutzer aller Gr\u00f6\u00dfen. Sie bietet die volle Funktionalit\u00e4t einer gro\u00dfen Kraftstation in einem konzentrierten, effizienten Paket, so dass Sie Ihre Stellfl\u00e4che f\u00fcr andere Ger\u00e4te oder Bewegungen maximieren k\u00f6nnen.<\/p>\n<h3>F\u00fcr wen ist das?<\/h3>\n<ul style=\"list-style-position: inside; padding-left: 0;\">\n<li>Besitzer von Fitnessstudios zu Hause, die Ger\u00e4te in kommerzieller Qualit\u00e4t auf kleinem Raum suchen.<\/li>\n<li>Kraftsportler, die sich auf die Korrektur von Muskelungleichgewichten und Symmetrie konzentrieren.<\/li>\n<li>Personal Trainer, die eine vielseitige, sichere Station f\u00fcr verschiedene Kunden ben\u00f6tigen.<\/li>\n<li>Rehabilitationsfachleute, die kontrollierte unilaterale Bewegungen ben\u00f6tigen.<\/li>\n<li>Fitness-Enthusiasten, die ein Ganzk\u00f6rperger\u00e4t ohne viel Platz ben\u00f6tigen.<\/li>\n<\/ul>\n<h3>Produktspezifikationen<\/h3>\n<table border=\"1\" width=\"100%\" cellspacing=\"0\" cellpadding=\"5\">\n<tbody>\n<tr>\n<td><strong>Material<\/strong><\/td>\n<td>Stahl<\/td>\n<\/tr>\n<tr>\n<td><strong>Oberfl\u00e4che<\/strong><\/td>\n<td>Pulverbeschichtet<\/td>\n<\/tr>\n<tr>\n<td><strong>Abmessungen<\/strong><\/td>\n<td>B1478 X H1105\/1158 X T1658 mm<\/td>\n<\/tr>\n<tr>\n<td><strong>Gewicht<\/strong><\/td>\n<td>106 kg<\/td>\n<\/tr>\n<tr>\n<td><strong>Maximale Belastung<\/strong><\/td>\n<td>100 kg<\/td>\n<\/tr>\n<\/tbody>\n<\/table>","protected":false},"excerpt":{"rendered":"<p>Die IsoMotion Press von Alex Athletics ist ein revolution\u00e4res Krafttrainingsger\u00e4t, das die L\u00fccke zwischen der Leistung eines kommerziellen Fitnessstudios und dem Komfort eines Heimtrainers schlie\u00dfen soll. Dieses kompakte Ger\u00e4t ist auf iso-laterale Bewegungen spezialisiert, so dass jeder Arm unabh\u00e4ngig arbeiten kann. Dies gew\u00e4hrleistet eine symmetrische Muskelentwicklung, korrigiert Kraftungleichgewichte und verringert das Verletzungsrisiko im Vergleich zu Ger\u00e4ten mit fester Stange erheblich. Mit ihrem robusten Stahlrahmen und der industrietauglichen Pulverbeschichtung ist die IsoMotion Press besonders langlebig. Ihr schnell einstellbares Gelenkarmsystem tr\u00e4gt bis zu 100 kg und erm\u00f6glicht nahtlose \u00dcberg\u00e4nge zwischen \u00dcbungen wie Brustdr\u00fccken und H\u00fcftsto\u00dfen, ohne dass Sie die Platten nachladen m\u00fcssen. Ideal f\u00fcr Fitness-Enthusiasten, Sportler und Personal Trainer, die ein professionelles Ger\u00e4t f\u00fcr begrenzte R\u00e4umlichkeiten suchen.<\/p>","protected":false},"featured_media":3806,"comment_status":"open","ping_status":"closed","template":"","meta":{"inline_featured_image":false,"site-sidebar-layout":"default","site-content-layout":"","ast-site-content-layout":"default","site-content-style":"default","site-sidebar-style":"default","ast-global-header-display":"","ast-banner-title-visibility":"","ast-main-header-display":"","ast-hfb-above-header-display":"","ast-hfb-below-header-display":"","ast-hfb-mobile-header-display":"","site-post-title":"","ast-breadcrumbs-content":"","ast-featured-img":"","footer-sml-layout":"","ast-disable-related-posts":"","theme-transparent-header-meta":"default","adv-header-id-meta":"","stick-header-meta":"default","header-above-stick-meta":"","header-main-stick-meta":"","header-below-stick-meta":"","astra-migrate-meta-layouts":"set","ast-page-background-enabled":"default","ast-page-background-meta":{"desktop":{"background-color":"","background-image":"","background-repeat":"repeat","background-position":"center center","background-size":"auto","background-attachment":"scroll","background-type":"","background-media":"","overlay-type":"","overlay-color":"","overlay-opacity":"","overlay-gradient":""},"tablet":{"background-color":"","background-image":"","background-repeat":"repeat","background-position":"center center","background-size":"auto","background-attachment":"scroll","background-type":"","background-media":"","overlay-type":"","overlay-color":"","overlay-opacity":"","overlay-gradient":""},"mobile":{"background-color":"","background-image":"","background-repeat":"repeat","background-position":"center center","background-size":"auto","background-attachment":"scroll","background-type":"","background-media":"","overlay-type":"","overlay-color":"","overlay-opacity":"","overlay-gradient":""}},"ast-content-background-meta":{"desktop":{"background-color":"var(--ast-global-color-5)","background-image":"","background-repeat":"repeat","background-position":"center center","background-size":"auto","background-attachment":"scroll","background-type":"","background-media":"","overlay-type":"","overlay-color":"","overlay-opacity":"","overlay-gradient":""},"tablet":{"background-color":"var(--ast-global-color-5)","background-image":"","background-repeat":"repeat","background-position":"center center","background-size":"auto","background-attachment":"scroll","background-type":"","background-media":"","overlay-type":"","overlay-color":"","overlay-opacity":"","overlay-gradient":""},"mobile":{"background-color":"var(--ast-global-color-5)","background-image":"","background-repeat":"repeat","background-position":"center center","background-size":"auto","background-attachment":"scroll","background-type":"","background-media":"","overlay-type":"","overlay-color":"","overlay-opacity":"","overlay-gradient":""}}},"product_brand":[],"product_cat":[54],"product_tag":[56],"class_list":{"0":"post-2845","1":"product","2":"type-product","3":"status-publish","4":"has-post-thumbnail","6":"product_cat-strength-equipment","7":"product_tag-functional-equipment","8":"desktop-align-left","9":"tablet-align-left","10":"mobile-align-left","12":"first","13":"instock","14":"shipping-taxable","15":"purchasable","16":"product-type-simple"},"_links":{"self":[{"href":"https:\/\/alexathletics1982.com\/de\/wp-json\/wp\/v2\/product\/2845","targetHints":{"allow":["GET"]}}],"collection":[{"href":"https:\/\/alexathletics1982.com\/de\/wp-json\/wp\/v2\/product"}],"about":[{"href":"https:\/\/alexathletics1982.com\/de\/wp-json\/wp\/v2\/types\/product"}],"replies":[{"embeddable":true,"href":"https:\/\/alexathletics1982.com\/de\/wp-json\/wp\/v2\/comments?post=2845"}],"wp:featuredmedia":[{"embeddable":true,"href":"https:\/\/alexathletics1982.com\/de\/wp-json\/wp\/v2\/media\/3806"}],"wp:attachment":[{"href":"https:\/\/alexathletics1982.com\/de\/wp-json\/wp\/v2\/media?parent=2845"}],"wp:term":[{"taxonomy":"product_brand","embeddable":true,"href":"https:\/\/alexathletics1982.com\/de\/wp-json\/wp\/v2\/product_brand?post=2845"},{"taxonomy":"product_cat","embeddable":true,"href":"https:\/\/alexathletics1982.com\/de\/wp-json\/wp\/v2\/product_cat?post=2845"},{"taxonomy":"product_tag","embeddable":true,"href":"https:\/\/alexathletics1982.com\/de\/wp-json\/wp\/v2\/product_tag?post=2845"}],"curies":[{"name":"wp","href":"https:\/\/api.w.org\/{rel}","templated":true}]}}