{"id":2847,"date":"2026-01-23T09:46:23","date_gmt":"2026-01-23T01:46:23","guid":{"rendered":"https:\/\/alexathletics1982.com\/?post_type=product&#038;p=2847"},"modified":"2026-04-10T22:30:55","modified_gmt":"2026-04-10T14:30:55","slug":"schlitten","status":"publish","type":"product","link":"https:\/\/alexathletics1982.com\/de\/sled\/","title":{"rendered":"Schlitten"},"content":{"rendered":"<h2>Explosives Konditionstraining mit dem wettkampftauglichen Schlitten<\/h2>\n<p>Der Sled ist das ultimative Werkzeug f\u00fcr die Entwicklung von Rohkraft, anaerober Ausdauer und funktioneller Kraft. In der Branche als \u2018Anchor Sled\u2019 bekannt, ist dieses Ger\u00e4t ein Grundnahrungsmittel f\u00fcr Athleten, von Rugby-Spielern. Im Gegensatz zu billigeren, zusammengeschraubten Alternativen, die mit der Zeit klappern und sich lockern, besteht der Alex Sled aus einer einteiligen, geschwei\u00dften Konstruktion. Diese Herstellungsweise gew\u00e4hrleistet maximale strukturelle Integrit\u00e4t und \u00fcbertr\u00e4gt 100% Ihrer Energie in den Boden, ohne dass die Energie durch Biegen oder Wackeln verloren geht. Egal, ob er f\u00fcr Kraft\u00fcbungen schwer oder f\u00fcr Schnelligkeits\u00fcbungen leicht beladen wird, der Sled ist spurtreu und widersteht dem Missbrauch, wenn er \u00fcber Rasen, Asphalt oder Gummiboden geschleift wird. Er ist das ultimative Ger\u00e4t f\u00fcr die \u2018Allgemeine K\u00f6rperliche Vorbereitung\u2019 (GPP), das Lunge und Beine gleichzeitig beansprucht.<\/p>\n<p>Neben seiner strukturellen \u00dcberlegenheit wurde der Sled mit Blick auf die Vielseitigkeit der Benutzer entwickelt. Der zentrale Pfosten erm\u00f6glicht eine hohe Belastung mit Standard- oder olympischen Hantelscheiben, so dass Sie den Widerstand von einem Anf\u00e4nger bis hin zu einem Elite-Rugbyspieler oder Lineman skalieren k\u00f6nnen. Die dicken, stabilen Rohrw\u00e4nde sind so gebaut, dass sie diese hohe Belastungskapazit\u00e4t ohne Verformung aufnehmen k\u00f6nnen. Die Oberfl\u00e4che ist mit einer hochwertigen schwarzen Pulverbeschichtung versehen, die f\u00fcr einen ausgezeichneten Rostschutz und ein professionelles Finish sorgt, das der Abnutzung durch den t\u00e4glichen gewerblichen Einsatz standh\u00e4lt. Dar\u00fcber hinaus fungiert er als tragbarer Ankerpunkt f\u00fcr Kampfseile oder Widerstandsb\u00e4nder und erweitert so Ihren Trainingsbereich um eine weitere Nutzungsebene. Von der Knie-Rehabilitation (R\u00fcckw\u00e4rtsziehen) bis hin zur Sprintmechanik (Vorw\u00e4rtsschieben) ist der Sled ein wissenschaftlich fundiertes Werkzeug zur Verbesserung der K\u00f6rperfunktionen.<\/p>\n<h3>Einteilig geschwei\u00dft Langlebigkeit<\/h3>\n<p>Das Markenzeichen des Alex Sled ist sein einteiliger, geschwei\u00dfter Rahmen. In der Welt der Kraftausr\u00fcstungen sind Verbindungen potenzielle Fehlerstellen. Indem wir das Chassis zu einer einzigen, soliden Einheit verschwei\u00dfen, machen wir Schrauben \u00fcberfl\u00fcssig, die sich unter den Vibrationen des Schleppens l\u00f6sen oder abscheren k\u00f6nnen. Diese Konstruktionsmethode f\u00fchrt zu einer \u2018wettkampferprobten\u2019 Haltbarkeit. Das Ger\u00e4t liegt solide in der Hand und bewegt sich wie eine einzige zusammenh\u00e4ngende Einheit. Dies ist besonders wichtig f\u00fcr kommerzielle Fitnessstudios, in denen die Ger\u00e4te eine hohe Nutzungsfrequenz ohne st\u00e4ndige Wartung \u00fcberstehen m\u00fcssen. Die solide Konstruktion minimiert auch die Ger\u00e4uschentwicklung und verhindert das Klirren, das bei mehrteiligen Schlitten auftritt.<\/p>\n<h3>Multifunktionale Trainingsmodalit\u00e4ten<\/h3>\n<p>Der Sled ist ein Cham\u00e4leon auf dem Turnhallenboden. Er ist in erster Linie zum Schieben und Ziehen konzipiert, zwei der funktionellsten Bewegungsmuster des Menschen. Beim Schieben des Schlittens werden der Quadrizeps, die Waden und die vordere K\u00f6rpermitte beansprucht, was die Antriebsphase beim Sprinten nachahmt. Das Ziehen des Schlittens (mit einem Gurt oder Haltegurten) verlagert den Schwerpunkt auf die hintere Kette - Hamstrings, Ges\u00e4\u00dfmuskulatur und unterer R\u00fccken - und wird h\u00e4ufig f\u00fcr die Gesundheit und Rehabilitation der Knie eingesetzt. Dank der integrierten Verankerungspunkte kann der Schlitten auch als mobile Basis f\u00fcr Kampfseile verwendet werden, so dass Sie \u00fcberall, wo Platz ist, eine Trainingsstation einrichten k\u00f6nnen, ohne in W\u00e4nde oder B\u00f6den bohren zu m\u00fcssen.<\/p>\n<h3>Konstruktion mit hoher Tragf\u00e4higkeit<\/h3>\n<p>Progressive \u00dcberlastung ist der Schl\u00fcssel zum Kraftzuwachs, und der Sled ist daf\u00fcr gebaut. Der zentrale Gewichtsstift ist so konzipiert, dass er einen massiven Stapel Langhantelscheiben aufnehmen kann. Die Strukturrohre haben dicke W\u00e4nde, die speziell ausgew\u00e4hlt wurden, um dieses Gewicht zu tragen, ohne sich zu verbiegen. Dank dieser hohen Belastbarkeit ist der Sled f\u00fcr alle geeignet, vom Leichtathleten, der einen leichten Widerstand f\u00fcr das Schnellkrafttraining ben\u00f6tigt, bis hin zu Kraftdreik\u00e4mpfern, die Hunderte von Kilos Widerstand f\u00fcr das Krafttraining ben\u00f6tigen. Die Stabilit\u00e4t der breiten Basis sorgt daf\u00fcr, dass der Schlitten auch bei voller Beladung aufrecht und stabil bleibt und bei Kurvenfahrten oder ungleichm\u00e4\u00dfigen St\u00f6\u00dfen nicht kippt.<\/p>\n<h3>Hochwertige Pulverbeschichtung<\/h3>\n<p>\u00c4sthetik und Langlebigkeit gehen beim Alex-Schlitten Hand in Hand. Der Stahl ist mit einer robusten Pulverbeschichtung versehen, die zur Gew\u00e4hrleistung der Haftung eingebrannt wird. Dabei handelt es sich nicht nur um Farbe, sondern um eine Schutzh\u00fclle, die vor Oxidation, Schwei\u00df und Feuchtigkeit sch\u00fctzt. Dies ist entscheidend f\u00fcr ein Ger\u00e4t, das sein Leben auf dem Boden verbringt und m\u00f6glicherweise abrasiven Oberfl\u00e4chen ausgesetzt ist. Die schwarze Oberfl\u00e4che verleiht ihm ein elegantes, hochwertiges Aussehen, das sowohl in moderne Boutique-Studios als auch in d\u00fcstere Garagen-Fitnessstudios passt. Es beh\u00e4lt sein professionelles Aussehen auch nach kilometerlangem Schleppen.<\/p>\n<h3>Core &amp; Metabolic Conditioning<\/h3>\n<p>Obwohl der Sled oft als \u2018Beintrainingsger\u00e4t\u2019 eingestuft wird, ist er ein Kraftpaket f\u00fcr das Rumpf- und Stoffwechseltraining. Das Schieben eines schweren Schlittens erfordert eine enorme Rumpfsteifigkeit, um die Kraft vom Oberk\u00f6rper auf die Beine zu \u00fcbertragen; ein weicher Rumpf bedeutet keine Bewegung. So lernt der Sportler, sich unter dynamischer Belastung effektiv abzust\u00fctzen. Au\u00dferdem ist das Schlittentraining rein konzentrisch (keine exzentrische Absenkphase), was bedeutet, dass es weniger Muskelkater (DOMS) verursacht als schwere Kniebeugen. Dies erm\u00f6glicht ein hochvolumiges, herzzerrei\u00dfendes Konditionstraining, bei dem gro\u00dfe Mengen an Kalorien verbrannt und die VO2-Maximalkapazit\u00e4t verbessert werden, ohne dass die Erholung f\u00fcr die Hebesitzung am n\u00e4chsten Tag beeintr\u00e4chtigt wird.<\/p>\n<h3>F\u00fcr wen ist das?<\/h3>\n<ul style=\"list-style-position: inside; padding-left: 0;\">\n<li>Kommerzielle Fitnessstudios und wartungsfreie Konditionierungsger\u00e4te.<\/li>\n<li>Feldsportler (Rugby, Fu\u00dfball, Football), die f\u00fcr Beschleunigung und Angriffskraft trainieren.<\/li>\n<li>Krafttrainer, die nach Trainingsger\u00e4ten mit geringer Belastung und hoher Intensit\u00e4t f\u00fcr ihre Kunden suchen.<\/li>\n<li>Rehabilitationsfachleute, die zur St\u00e4rkung der Knie r\u00fcckw\u00e4rtsgerichtete Schlitten ziehen.<\/li>\n<li>Besitzer eines Fitnessstudios zu Hause, die eine Einfahrt oder einen Streifen Rasenfl\u00e4che haben und vielseitige Trainingsm\u00f6glichkeiten im Freien suchen.<\/li>\n<\/ul>\n<h3>Produktspezifikationen<\/h3>\n<table border=\"1\" width=\"100%\" cellspacing=\"0\" cellpadding=\"5\">\n<tbody>\n<tr>\n<td><strong>Material<\/strong><\/td>\n<td>Stahlrohr<\/td>\n<\/tr>\n<tr>\n<td><strong>Oberfl\u00e4che<\/strong><\/td>\n<td>Pulverbeschichtet<\/td>\n<\/tr>\n<tr>\n<td><strong>Abmessungen<\/strong><\/td>\n<td>L 605 x B 1016 x H 971 mm<\/td>\n<\/tr>\n<tr>\n<td><strong>Produkt Gewicht<\/strong><\/td>\n<td>36 kg<\/td>\n<\/tr>\n<tr>\n<td><strong>Farbe<\/strong><\/td>\n<td>Schwarz<\/td>\n<\/tr>\n<\/tbody>\n<\/table>","protected":false},"excerpt":{"rendered":"<p>Der Sled von Alex Athletics ist ein wettkampferprobtes Trainingsger\u00e4t, das f\u00fcr explosive Geschwindigkeit, immense Kraft und unvergleichliche Kondition entwickelt wurde. Mit einer einteiligen, geschwei\u00dften Stahlkonstruktion bietet dieser Ankerschlitten eine Solidit\u00e4t und Haltbarkeit, die mit zusammengeschraubten Modellen nicht erreicht werden kann. Die Oberfl\u00e4che ist mit einer hochwertigen Pulverbeschichtung versehen, die f\u00fcr Rostbest\u00e4ndigkeit und ein elegantes, hochwertiges Aussehen sorgt. Der Schlitten verf\u00fcgt \u00fcber einen zentralen Gewichtspfosten f\u00fcr die schwere Belastung mit Hantelscheiben und dient als stabiler Ankerpunkt f\u00fcr Battle Ropes. Die dicken, stabilen Rohrw\u00e4nde gew\u00e4hrleisten eine hohe Belastbarkeit, egal ob beim Dr\u00fccken f\u00fcr den Beinantrieb oder beim Ziehen f\u00fcr die Entwicklung der hinteren Muskelkette. Der Sled ist ideal f\u00fcr kommerzielle Fitnessstudios und funktionelle Trainingsbereiche und ist das ultimative Ger\u00e4t f\u00fcr Core-\u00dcbungen und metabolisches Training.<\/p>","protected":false},"featured_media":3607,"comment_status":"open","ping_status":"closed","template":"","meta":{"inline_featured_image":false,"site-sidebar-layout":"default","site-content-layout":"","ast-site-content-layout":"default","site-content-style":"default","site-sidebar-style":"default","ast-global-header-display":"","ast-banner-title-visibility":"","ast-main-header-display":"","ast-hfb-above-header-display":"","ast-hfb-below-header-display":"","ast-hfb-mobile-header-display":"","site-post-title":"","ast-breadcrumbs-content":"","ast-featured-img":"","footer-sml-layout":"","ast-disable-related-posts":"","theme-transparent-header-meta":"default","adv-header-id-meta":"","stick-header-meta":"default","header-above-stick-meta":"","header-main-stick-meta":"","header-below-stick-meta":"","astra-migrate-meta-layouts":"set","ast-page-background-enabled":"default","ast-page-background-meta":{"desktop":{"background-color":"","background-image":"","background-repeat":"repeat","background-position":"center center","background-size":"auto","background-attachment":"scroll","background-type":"","background-media":"","overlay-type":"","overlay-color":"","overlay-opacity":"","overlay-gradient":""},"tablet":{"background-color":"","background-image":"","background-repeat":"repeat","background-position":"center center","background-size":"auto","background-attachment":"scroll","background-type":"","background-media":"","overlay-type":"","overlay-color":"","overlay-opacity":"","overlay-gradient":""},"mobile":{"background-color":"","background-image":"","background-repeat":"repeat","background-position":"center center","background-size":"auto","background-attachment":"scroll","background-type":"","background-media":"","overlay-type":"","overlay-color":"","overlay-opacity":"","overlay-gradient":""}},"ast-content-background-meta":{"desktop":{"background-color":"var(--ast-global-color-5)","background-image":"","background-repeat":"repeat","background-position":"center center","background-size":"auto","background-attachment":"scroll","background-type":"","background-media":"","overlay-type":"","overlay-color":"","overlay-opacity":"","overlay-gradient":""},"tablet":{"background-color":"var(--ast-global-color-5)","background-image":"","background-repeat":"repeat","background-position":"center center","background-size":"auto","background-attachment":"scroll","background-type":"","background-media":"","overlay-type":"","overlay-color":"","overlay-opacity":"","overlay-gradient":""},"mobile":{"background-color":"var(--ast-global-color-5)","background-image":"","background-repeat":"repeat","background-position":"center center","background-size":"auto","background-attachment":"scroll","background-type":"","background-media":"","overlay-type":"","overlay-color":"","overlay-opacity":"","overlay-gradient":""}}},"product_brand":[],"product_cat":[54],"product_tag":[56],"class_list":{"0":"post-2847","1":"product","2":"type-product","3":"status-publish","4":"has-post-thumbnail","6":"product_cat-strength-equipment","7":"product_tag-functional-equipment","8":"desktop-align-left","9":"tablet-align-left","10":"mobile-align-left","12":"first","13":"instock","14":"shipping-taxable","15":"purchasable","16":"product-type-simple"},"_links":{"self":[{"href":"https:\/\/alexathletics1982.com\/de\/wp-json\/wp\/v2\/product\/2847","targetHints":{"allow":["GET"]}}],"collection":[{"href":"https:\/\/alexathletics1982.com\/de\/wp-json\/wp\/v2\/product"}],"about":[{"href":"https:\/\/alexathletics1982.com\/de\/wp-json\/wp\/v2\/types\/product"}],"replies":[{"embeddable":true,"href":"https:\/\/alexathletics1982.com\/de\/wp-json\/wp\/v2\/comments?post=2847"}],"wp:featuredmedia":[{"embeddable":true,"href":"https:\/\/alexathletics1982.com\/de\/wp-json\/wp\/v2\/media\/3607"}],"wp:attachment":[{"href":"https:\/\/alexathletics1982.com\/de\/wp-json\/wp\/v2\/media?parent=2847"}],"wp:term":[{"taxonomy":"product_brand","embeddable":true,"href":"https:\/\/alexathletics1982.com\/de\/wp-json\/wp\/v2\/product_brand?post=2847"},{"taxonomy":"product_cat","embeddable":true,"href":"https:\/\/alexathletics1982.com\/de\/wp-json\/wp\/v2\/product_cat?post=2847"},{"taxonomy":"product_tag","embeddable":true,"href":"https:\/\/alexathletics1982.com\/de\/wp-json\/wp\/v2\/product_tag?post=2847"}],"curies":[{"name":"wp","href":"https:\/\/api.w.org\/{rel}","templated":true}]}}