{"id":2859,"date":"2026-01-23T09:46:23","date_gmt":"2026-01-23T01:46:23","guid":{"rendered":"https:\/\/alexathletics1982.com\/?post_type=product&#038;p=2859"},"modified":"2026-04-10T19:01:38","modified_gmt":"2026-04-10T11:01:38","slug":"bauchgurt","status":"publish","type":"product","link":"https:\/\/alexathletics1982.com\/de\/ab-sling\/","title":{"rendered":"AB Hebegurt"},"content":{"rendered":"<h2>Erh\u00f6hen Sie Ihren Kern: Der Heavy-Duty AB Hebegurt<\/h2>\n<p>Um einen wirklich starken, stabilen und definierten Rumpf aufzubauen, muss man schlie\u00dflich vom Boden zur Stange \u00fcbergehen. Der AB Sling von Alex Athletics ist ein spezielles Aufh\u00e4ngungstool, das entwickelt wurde, um diesen \u00dcbergang zu erleichtern, und das es dem Benutzer erm\u00f6glicht, h\u00e4ngende Bauchmuskel\u00fcbungen mit perfekter Form und Intensit\u00e4t auszuf\u00fchren. W\u00e4hrend h\u00e4ngende Beinheben eine der effektivsten \u00dcbungen f\u00fcr den geraden Bauchmuskel und die H\u00fcftbeuger sind, sind viele Sportler durch ihre Griffst\u00e4rke eingeschr\u00e4nkt; ihre H\u00e4nde rutschen von der Stange, lange bevor ihre Bauchmuskeln erm\u00fcdet sind. Der AB Sling l\u00f6st dieses Problem, indem er das K\u00f6rpergewicht des Benutzers \u00fcber die Oberarme abst\u00fctzt. Durch diese Isolierung wird das \u201cschw\u00e4chste Glied\u201d (der Griff) aus der Gleichung entfernt, so dass Sie 100% Ihrer Energie auf die Kontraktion der K\u00f6rpermitte konzentrieren k\u00f6nnen. Das Ergebnis ist ein tieferes Brennen, eine bessere Muskelrekrutierung und eine beschleunigte Entwicklung des begehrten \u201cSixpacks\u201d und der funktionellen Kernkraft.<\/p>\n<p>Die Alex AB Hebegurte sind aus verdicktem, verschl\u00fcsseltem Gurtband\u201c und strapazierf\u00e4higem Polyester-Oxford-Gewebe gefertigt, wobei der Schwerpunkt auf Sicherheit und Komfort liegt. Diese robuste Konstruktion sorgt daf\u00fcr, dass der Hebegurt hohe K\u00f6rpergewichte tragen kann, ohne zu rei\u00dfen, sich zu dehnen oder auszufransen. Die Innenseite der Schlinge ist mit einer weichen Polsterung versehen, die die Arme abpolstert und verhindert, dass die Gurte in die Achselh\u00f6hlen eindringen oder die Haut bei hohen Wiederholungss\u00e4tzen aufscheuern. Ausgestattet mit zwei gro\u00dfen Stahlhaken mit Gewinde (Karabinerhaken) lassen sich diese Schlingen in Sekundenschnelle sicher an jeder Standard-Klimmzugstange, jedem Squat Rack oder Jungle Gym befestigen. Dadurch, dass der K\u00f6rper frei h\u00e4ngen kann, bietet die AB-Schlinge auch den therapeutischen Vorteil der Wirbels\u00e4ulendekompression und entlastet die Bandscheiben im unteren R\u00fcckenbereich, w\u00e4hrend Sie trainieren. Es ist das ultimative Doppelzweckger\u00e4t f\u00fcr die Gesundheit des R\u00fcckens und die Kraft des Bauches.<\/p>\n<h3>1. Vollst\u00e4ndige Kernisolierung<\/h3>\n<p>Die Magie des AB Sling liegt in seiner F\u00e4higkeit, die Bauchmuskeln zu isolieren. Wenn man an den H\u00e4nden h\u00e4ngt, stehen die Lats, die Schultern und die Unterarme unter immenser Spannung. Der AB Sling verlagert die Last auf die Oberarme, entspannt den Oberk\u00f6rper und erm\u00f6glicht eine \u201creine\u201d Kontraktion der Bauchmuskeln. Dies ist besonders effektiv, um die unteren Bauchmuskeln bei Bein- und Kniebeugen anzusprechen - ein Bereich, der bei Crunches am Boden bekannterma\u00dfen schwer zu erreichen ist.<\/p>\n<h3>2. Beseitigen Sie die Erm\u00fcdung der Griffe<\/h3>\n<p>Die Griffst\u00e4rke ist ein h\u00e4ufiger limitierender Faktor bei H\u00e4nge\u00fcbungen. Sie haben vielleicht die Kernkraft, um 20 Wiederholungen zu schaffen, aber Ihr Griff versagt bei 10. Die AB-Schlinge umgeht die Unterarmmuskeln vollst\u00e4ndig. So k\u00f6nnen Sie Ihre Bauchmuskeln bis zum echten Muskelversagen trainieren und sicherstellen, dass Ihr Kerntraining von Ihrer Kernkraft und nicht von Ihrer Handausdauer bestimmt wird. Sie macht fortgeschrittene H\u00e4nge\u00fcbungen f\u00fcr jedermann zug\u00e4nglich.<\/p>\n<h3>3. Spinale Dekompressionstherapie<\/h3>\n<p>Die Schwerkraft dr\u00fcckt die Wirbels\u00e4ule im Laufe des Tages zusammen, insbesondere bei Menschen, die am Schreibtisch sitzen. Mit dem AB Sling kann die Schwerkraft zu Ihren Gunsten wirken. Das H\u00e4ngen in den Schlingen erzeugt eine sanfte Traktion in der Wirbels\u00e4ule, wodurch die Wirbel dekomprimiert werden und die Bandscheiben rehydrieren k\u00f6nnen. Viele Benutzer stellen nach einer Sitzung mit h\u00e4ngenden Beinhebungen eine sofortige Linderung von Verspannungen und Schmerzen im unteren R\u00fccken fest.<\/p>\n<h3>4. Hochbelastbare Komfort-Konstruktion<\/h3>\n<p>Sicherheit ist das A und O, wenn Sie Ihr K\u00f6rpergewicht aufh\u00e4ngen. Der Alex AB Sling verwendet hochdichtes, verschl\u00fcsseltes Gurtband und massive Stahlhaken f\u00fcr maximale Tragf\u00e4higkeit. Sie k\u00f6nnen sich darauf verlassen, dass diese Gurte Sie sicher halten. Die weiche Innenpolsterung sorgt f\u00fcr ein angenehmes Tragegef\u00fchl; das Material ist atmungsaktiv und schwei\u00dfresistent und verhindert Druckstellen und Reizungen, die h\u00e4ufig durch billigere, ungepolsterte Aufh\u00e4ngegurte verursacht werden.<\/p>\n<h3>5. Universelle Kompatibilit\u00e4t und Tragbarkeit<\/h3>\n<p>Diese Schlingen sind so konzipiert, dass sie sich nahtlos in jede Trainingsumgebung einf\u00fcgen. Die gro\u00dfen Stahlhaken lassen sich leicht an standardm\u00e4\u00dfigen 28-mm-Klimmzugstangen, dicken Klimmzugstangen oder sogar an Baum\u00e4sten f\u00fcr das Training im Freien befestigen. Sie sind leicht und tragbar, so dass man sie einfach in die Sporttasche stecken kann. Das bedeutet, dass Sie sich nie wieder auf die fragw\u00fcrdige Hygiene oder Verf\u00fcgbarkeit herk\u00f6mmlicher Fitnessstudio-B\u00e4nder verlassen m\u00fcssen.<\/p>\n<h3>F\u00fcr wen ist das?<\/h3>\n<ul style=\"list-style-position: inside; padding-left: 0;\">\n<li>Bodybuilder, die eine tiefe Isolation f\u00fcr die Bauchmuskelhypertrophie anstreben.<\/li>\n<li>Personen mit schwacher Griffkraft oder Schulterverletzungen, die die H\u00e4ngef\u00e4higkeit einschr\u00e4nken.<\/li>\n<li>Jeder, der unter Druck, Steifheit oder Schmerzen im unteren R\u00fcckenbereich leidet.<\/li>\n<li>Besitzer von Fitnessstudios, die den Nutzen ihrer Klimmzugstange maximieren m\u00f6chten.<\/li>\n<li>Sportler, die sich auf funktionelle Kernstabilit\u00e4t und H\u00fcftbeugerkraft konzentrieren.<\/li>\n<\/ul>\n<h3>Produktspezifikationen<\/h3>\n<table border=\"1\" width=\"100%\" cellspacing=\"0\" cellpadding=\"5\">\n<tbody>\n<tr>\n<td><strong>Material<\/strong><\/td>\n<td>Polyester Oxford, PP, Stahl<\/td>\n<\/tr>\n<tr>\n<td><strong>Abmessungen<\/strong><\/td>\n<td>L 500 x B 205 mm<\/td>\n<\/tr>\n<tr>\n<td><strong>Gewicht<\/strong><\/td>\n<td>690 g\/Paar<\/td>\n<\/tr>\n<tr>\n<td><strong>Einheit<\/strong><\/td>\n<td>Paar<\/td>\n<\/tr>\n<tr>\n<td><strong>Eigenschaften<\/strong><\/td>\n<td>Gepolsterte Auflage, Schwerlasthaken<\/td>\n<\/tr>\n<\/tbody>\n<\/table>","protected":false},"excerpt":{"rendered":"<p>Der AB Sling von Alex Athletics ist das ultimative Hilfsmittel f\u00fcr die Isolierung und den Aufbau der Bauchmuskeln. Diese strapazierf\u00e4higen Gurte h\u00e4ngen Sie an eine Klimmzugstange und st\u00fctzen Ihr Gewicht durch die Arme, um eine Erm\u00fcdung der Griffe zu vermeiden. Dies erm\u00f6glicht h\u00e4ngende Beinheben mit hoher Wiederholungszahl, die die gesamte K\u00f6rpermitte ansprechen, insbesondere die schwer zu erreichenden unteren Bauchmuskeln. Die aus strapazierf\u00e4higem Polyester-Oxford-Gewebe mit verdickten Gurtb\u00e4ndern und Stahlhaken gefertigten Klimmzugstangen bieten h\u00f6chste Sicherheit und Belastbarkeit. Die weiche, gepolsterte Innenseite sorgt f\u00fcr maximalen Komfort und verhindert ein Aufscheuern bei intensiven Trainingseinheiten. Durch die Dekompression der Wirbels\u00e4ule bei gleichzeitiger St\u00e4rkung der K\u00f6rpermitte bietet der AB Sling einen sicheren, effektiven und r\u00fcckenschonenden Weg zu einem st\u00e4rkeren Mittelteil.<\/p>","protected":false},"featured_media":3774,"comment_status":"closed","ping_status":"closed","template":"","meta":{"inline_featured_image":false,"site-sidebar-layout":"default","site-content-layout":"","ast-site-content-layout":"default","site-content-style":"default","site-sidebar-style":"default","ast-global-header-display":"","ast-banner-title-visibility":"","ast-main-header-display":"","ast-hfb-above-header-display":"","ast-hfb-below-header-display":"","ast-hfb-mobile-header-display":"","site-post-title":"","ast-breadcrumbs-content":"","ast-featured-img":"","footer-sml-layout":"","ast-disable-related-posts":"","theme-transparent-header-meta":"default","adv-header-id-meta":"","stick-header-meta":"default","header-above-stick-meta":"","header-main-stick-meta":"","header-below-stick-meta":"","astra-migrate-meta-layouts":"set","ast-page-background-enabled":"default","ast-page-background-meta":{"desktop":{"background-color":"","background-image":"","background-repeat":"repeat","background-position":"center center","background-size":"auto","background-attachment":"scroll","background-type":"","background-media":"","overlay-type":"","overlay-color":"","overlay-opacity":"","overlay-gradient":""},"tablet":{"background-color":"","background-image":"","background-repeat":"repeat","background-position":"center center","background-size":"auto","background-attachment":"scroll","background-type":"","background-media":"","overlay-type":"","overlay-color":"","overlay-opacity":"","overlay-gradient":""},"mobile":{"background-color":"","background-image":"","background-repeat":"repeat","background-position":"center center","background-size":"auto","background-attachment":"scroll","background-type":"","background-media":"","overlay-type":"","overlay-color":"","overlay-opacity":"","overlay-gradient":""}},"ast-content-background-meta":{"desktop":{"background-color":"var(--ast-global-color-5)","background-image":"","background-repeat":"repeat","background-position":"center center","background-size":"auto","background-attachment":"scroll","background-type":"","background-media":"","overlay-type":"","overlay-color":"","overlay-opacity":"","overlay-gradient":""},"tablet":{"background-color":"var(--ast-global-color-5)","background-image":"","background-repeat":"repeat","background-position":"center center","background-size":"auto","background-attachment":"scroll","background-type":"","background-media":"","overlay-type":"","overlay-color":"","overlay-opacity":"","overlay-gradient":""},"mobile":{"background-color":"var(--ast-global-color-5)","background-image":"","background-repeat":"repeat","background-position":"center center","background-size":"auto","background-attachment":"scroll","background-type":"","background-media":"","overlay-type":"","overlay-color":"","overlay-opacity":"","overlay-gradient":""}}},"product_brand":[],"product_cat":[54],"product_tag":[56],"class_list":{"0":"post-2859","1":"product","2":"type-product","3":"status-publish","4":"has-post-thumbnail","6":"product_cat-strength-equipment","7":"product_tag-functional-equipment","8":"desktop-align-left","9":"tablet-align-left","10":"mobile-align-left","12":"first","13":"instock","14":"shipping-taxable","15":"purchasable","16":"product-type-simple"},"_links":{"self":[{"href":"https:\/\/alexathletics1982.com\/de\/wp-json\/wp\/v2\/product\/2859","targetHints":{"allow":["GET"]}}],"collection":[{"href":"https:\/\/alexathletics1982.com\/de\/wp-json\/wp\/v2\/product"}],"about":[{"href":"https:\/\/alexathletics1982.com\/de\/wp-json\/wp\/v2\/types\/product"}],"replies":[{"embeddable":true,"href":"https:\/\/alexathletics1982.com\/de\/wp-json\/wp\/v2\/comments?post=2859"}],"wp:featuredmedia":[{"embeddable":true,"href":"https:\/\/alexathletics1982.com\/de\/wp-json\/wp\/v2\/media\/3774"}],"wp:attachment":[{"href":"https:\/\/alexathletics1982.com\/de\/wp-json\/wp\/v2\/media?parent=2859"}],"wp:term":[{"taxonomy":"product_brand","embeddable":true,"href":"https:\/\/alexathletics1982.com\/de\/wp-json\/wp\/v2\/product_brand?post=2859"},{"taxonomy":"product_cat","embeddable":true,"href":"https:\/\/alexathletics1982.com\/de\/wp-json\/wp\/v2\/product_cat?post=2859"},{"taxonomy":"product_tag","embeddable":true,"href":"https:\/\/alexathletics1982.com\/de\/wp-json\/wp\/v2\/product_tag?post=2859"}],"curies":[{"name":"wp","href":"https:\/\/api.w.org\/{rel}","templated":true}]}}