{"id":2864,"date":"2026-01-23T20:19:45","date_gmt":"2026-01-23T12:19:45","guid":{"rendered":"https:\/\/alexathletics1982.com\/?post_type=product&#038;p=2864"},"modified":"2026-04-17T22:19:47","modified_gmt":"2026-04-17T14:19:47","slug":"keynimax-bank","status":"publish","type":"product","link":"https:\/\/alexathletics1982.com\/de\/keynimax-bench\/","title":{"rendered":"Keynimax Bank"},"content":{"rendered":"<div class=\"ast-oembed-container\" style=\"height: 100%;\"><iframe title=\"KEYNIMAX BENCH - DEFINIEREN SIE IHRE REICHWEITE NEU\" width=\"500\" height=\"281\" src=\"https:\/\/www.youtube.com\/embed\/nmRrr11CB2o?feature=oembed\" frameborder=\"0\" allow=\"accelerometer; autoplay; clipboard-write; encrypted-media; gyroscope; picture-in-picture; web-share\" referrerpolicy=\"strict-origin-when-cross-origin\" allowfullscreen><\/iframe><\/div>\n<h2><img fetchpriority=\"high\" decoding=\"async\" class=\"alignnone wp-image-3816 size-full\" src=\"https:\/\/alexathletics1982.com\/wp-content\/uploads\/2026\/01\/keynimax_V2_01.webp\" alt=\"\" width=\"1600\" height=\"960\" title=\"\" srcset=\"https:\/\/alexathletics1982.com\/wp-content\/uploads\/2026\/01\/keynimax_V2_01.webp 1600w, https:\/\/alexathletics1982.com\/wp-content\/uploads\/2026\/01\/keynimax_V2_01-300x180.webp 300w, https:\/\/alexathletics1982.com\/wp-content\/uploads\/2026\/01\/keynimax_V2_01-1024x614.webp 1024w, https:\/\/alexathletics1982.com\/wp-content\/uploads\/2026\/01\/keynimax_V2_01-768x461.webp 768w, https:\/\/alexathletics1982.com\/wp-content\/uploads\/2026\/01\/keynimax_V2_01-1536x922.webp 1536w, https:\/\/alexathletics1982.com\/wp-content\/uploads\/2026\/01\/keynimax_V2_01-600x360.webp 600w\" sizes=\"(max-width: 1600px) 100vw, 1600px\" \/> <img decoding=\"async\" class=\"alignnone wp-image-3817 size-full\" src=\"https:\/\/alexathletics1982.com\/wp-content\/uploads\/2026\/01\/keynimax_V2_2.webp\" alt=\"\" width=\"1600\" height=\"960\" title=\"\" srcset=\"https:\/\/alexathletics1982.com\/wp-content\/uploads\/2026\/01\/keynimax_V2_2.webp 1600w, https:\/\/alexathletics1982.com\/wp-content\/uploads\/2026\/01\/keynimax_V2_2-300x180.webp 300w, https:\/\/alexathletics1982.com\/wp-content\/uploads\/2026\/01\/keynimax_V2_2-1024x614.webp 1024w, https:\/\/alexathletics1982.com\/wp-content\/uploads\/2026\/01\/keynimax_V2_2-768x461.webp 768w, https:\/\/alexathletics1982.com\/wp-content\/uploads\/2026\/01\/keynimax_V2_2-1536x922.webp 1536w, https:\/\/alexathletics1982.com\/wp-content\/uploads\/2026\/01\/keynimax_V2_2-600x360.webp 600w\" sizes=\"(max-width: 1600px) 100vw, 1600px\" \/> <img decoding=\"async\" class=\"alignnone wp-image-3818 size-full\" src=\"https:\/\/alexathletics1982.com\/wp-content\/uploads\/2026\/01\/keynimax_V2_3.webp\" alt=\"\" width=\"1600\" height=\"979\" title=\"\" srcset=\"https:\/\/alexathletics1982.com\/wp-content\/uploads\/2026\/01\/keynimax_V2_3.webp 1600w, https:\/\/alexathletics1982.com\/wp-content\/uploads\/2026\/01\/keynimax_V2_3-300x184.webp 300w, https:\/\/alexathletics1982.com\/wp-content\/uploads\/2026\/01\/keynimax_V2_3-1024x627.webp 1024w, https:\/\/alexathletics1982.com\/wp-content\/uploads\/2026\/01\/keynimax_V2_3-768x470.webp 768w, https:\/\/alexathletics1982.com\/wp-content\/uploads\/2026\/01\/keynimax_V2_3-1536x940.webp 1536w, https:\/\/alexathletics1982.com\/wp-content\/uploads\/2026\/01\/keynimax_V2_3-600x367.webp 600w\" sizes=\"(max-width: 1600px) 100vw, 1600px\" \/> <img loading=\"lazy\" decoding=\"async\" class=\"alignnone wp-image-3819 size-full\" src=\"https:\/\/alexathletics1982.com\/wp-content\/uploads\/2026\/01\/keynimax_V2_4.webp\" alt=\"\" width=\"1600\" height=\"2130\" title=\"\" srcset=\"https:\/\/alexathletics1982.com\/wp-content\/uploads\/2026\/01\/keynimax_V2_4.webp 1600w, https:\/\/alexathletics1982.com\/wp-content\/uploads\/2026\/01\/keynimax_V2_4-225x300.webp 225w, https:\/\/alexathletics1982.com\/wp-content\/uploads\/2026\/01\/keynimax_V2_4-769x1024.webp 769w, https:\/\/alexathletics1982.com\/wp-content\/uploads\/2026\/01\/keynimax_V2_4-768x1022.webp 768w, https:\/\/alexathletics1982.com\/wp-content\/uploads\/2026\/01\/keynimax_V2_4-1154x1536.webp 1154w, https:\/\/alexathletics1982.com\/wp-content\/uploads\/2026\/01\/keynimax_V2_4-1538x2048.webp 1538w, https:\/\/alexathletics1982.com\/wp-content\/uploads\/2026\/01\/keynimax_V2_4-600x799.webp 600w\" sizes=\"(max-width: 1600px) 100vw, 1600px\" \/><\/h2>\n<h2>Die Revolutionierung des Bankdr\u00fcckens: Die patentierte Keynimax\u2122 Bank<\/h2>\n<p>In einem Markt, der mit identischen Ger\u00e4ten ges\u00e4ttigt ist, ist die Keynimax\u2122 Bank eine echte Innovation in der Biomechanik des Krafttrainings. Es handelt sich nicht nur um eine Hantelbank, sondern um eine leistungssteigernde Plattform, die den maximalen Bewegungsumfang des Oberk\u00f6rpers freisetzt. Herk\u00f6mmliche rechteckige B\u00e4nke schr\u00e4nken oft die Bewegung der Schulterbl\u00e4tter ein, indem sie sie gegen das Polster dr\u00fccken und die nat\u00fcrliche Rotation einschr\u00e4nken. Die Keynimax\u2122 verf\u00fcgt \u00fcber eine patentierte, einzigartige \u201cschl\u00fcsself\u00f6rmige\u201d Kontur. Der obere Teil der Pelotte verj\u00fcngt sich erheblich, wodurch eine \u201cStability Wing\u201d-Struktur entsteht. Dieses revolution\u00e4re Design befreit die Schultern, so dass sich die Schulterbl\u00e4tter bei \u00dcbungen wie Bankdr\u00fccken, Schr\u00e4gbankdr\u00fccken und Kurzhantelrudern frei ein- und ausfahren k\u00f6nnen. Diese Bewegungsfreiheit erm\u00f6glicht eine tiefere Dehnung am unteren Ende der Wiederholung und eine st\u00e4rkere Spitzenkontraktion am oberen Ende, wodurch eine bessere Rekrutierung der Muskelfasern und eine ges\u00fcndere Schultermechanik gef\u00f6rdert werden.<\/p>\n<p>Die Keynimax\u2122 Bench wurde f\u00fcr Spitzenleistungen sowohl in privaten Fitnessstudios als auch in kommerziellen Einrichtungen entwickelt und ist wie ein Panzer gebaut. Sie verf\u00fcgt \u00fcber eine massive Gewichtskapazit\u00e4t von 1.000 Pfund (ca. 454 kg) und ist damit f\u00fcr die st\u00e4rksten Kraftdreik\u00e4mpfer und Sportler der Welt geeignet. Das schlanke zentrale Polster arbeitet mit den Stabilit\u00e4tsfl\u00fcgeln zusammen, um die Propriozeption zu verbessern - das Bewusstsein des K\u00f6rpers f\u00fcr seine Position im Raum. Durch die Verkleinerung der Fl\u00e4che unter der Wirbels\u00e4ule bei gleichzeitiger Unterst\u00fctzung der wesentlichen Kontaktpunkte zwingt die Bank die Kernstabilisatoren dazu, sich aktiver zu engagieren, um das Gleichgewicht zu halten. Dies f\u00fchrt zu einer verbesserten Rumpfstabilit\u00e4t, einer besseren K\u00f6rperhaltung und einer funktionelleren \u00dcbertragung der Kraft auf Aktivit\u00e4ten im Alltag. Ausgestattet mit einer hochwertigen Polsterung und einem robusten, verstellbaren Mechanismus ist die Keynimax\u2122 das ultimative Hilfsmittel f\u00fcr alle, die weder bei der Leistung noch beim Komfort Kompromisse eingehen wollen.<\/p>\n<h3>1. Patentierte schl\u00fcsself\u00f6rmige Kontur (Max ROM)<\/h3>\n<p>Das entscheidende Merkmal des Keynimax\u2122 ist seine Silhouette. Die \u201cSchl\u00fcssel\u201d-Form erm\u00f6glicht es den Schulterbl\u00e4ttern, sich ungehindert zu bewegen. Beim Standard-Bankdr\u00fccken blockiert die Bank oft das vollst\u00e4ndige Zur\u00fcckziehen der Schulterbl\u00e4tter, was zu Schmerzen in der vorderen Schulter und einer verminderten Brustaktivierung f\u00fchren kann. Das Keynimax\u2122 beseitigt dieses Hindernis und erm\u00f6glicht eine nat\u00fcrliche, umfassende Bewegung, die den Einsatz der Brustmuskeln maximiert und die Gesundheit der Schulter verbessert. Es ist ein Gef\u00fchl, als ob man Hanteln in der Luft dr\u00fcckt, aber mit der Stabilit\u00e4t einer Bank.<\/p>\n<h3>2. 1.000 lbs Elite-Lastkapazit\u00e4t<\/h3>\n<p>Sicherheit ist das A und O beim Transport von schwerem Eisen. Die Keynimax\u2122 ist aus schwerem Stahl gefertigt und f\u00fcr eine Tragf\u00e4higkeit von 1.000 Pfund ausgelegt. Diese hohe Belastbarkeit sorgt daf\u00fcr, dass die Bank unter dem Gewicht einer schweren Kniebeuge, eines Step-Ups oder Bankdr\u00fcckens absolut stabil bleibt. Egal, ob Sie ein Leistungssportler oder ein Freizeitheber sind, die strukturelle Integrit\u00e4t dieser Bank gibt Ihnen das Vertrauen, an Ihre Grenzen zu gehen, ohne Angst vor einem Ausfall der Ausr\u00fcstung.<\/p>\n<h3>3. St\u00fctzstruktur des Stabilit\u00e4tsfl\u00fcgels<\/h3>\n<p>Trotz des schmaleren R\u00fcckenpolsters wird die Stabilit\u00e4t nicht beeintr\u00e4chtigt. Die patentierten \u201cStability Wings\u201d verzweigen sich, um die Schultern bei Bedarf zu st\u00fctzen und das seitliche Gleichgewicht bei schweren Hebungen zu erhalten. Dieses intelligente Design bietet das Beste aus beiden Welten: die Bewegungsfreiheit eines schmalen Polsters und die Sicherheit und Stabilit\u00e4t einer breiten, handels\u00fcblichen Bank. Es handelt sich um eine Pr\u00e4zisionskonstruktion, die sich an die Biomechanik des menschlichen K\u00f6rpers anpasst.<\/p>\n<h3>4. Verbesserte Kernaktivierung und Propriozeption<\/h3>\n<p>Das schlanke mittlere Polster befreit nicht nur die Schultern, sondern stellt auch h\u00f6here Anforderungen an die Stabilisierungssysteme des K\u00f6rpers. Da die Kontaktfl\u00e4che mit der Wirbels\u00e4ule optimiert ist, muss die Rumpfmuskulatur st\u00e4rker arbeiten, um den Oberk\u00f6rper auf der Bank stabil zu halten. Diese \u201cverbesserte Propriozeption\u201d gibt dem Athleten ein unmittelbares Feedback und tr\u00e4gt dazu bei, Asymmetrien zu korrigieren und die allgemeine K\u00f6rperwahrnehmung und -kontrolle w\u00e4hrend des Hebens zu verbessern.<\/p>\n<h3>5. Multi-Winkel-Einstellbarkeit<\/h3>\n<p>Die Keynimax\u2122 ist eine vollst\u00e4ndig verstellbare Plattform. Sie l\u00e4sst sich von einer flachen Bank in verschiedene Neigungseinstellungen umwandeln und erm\u00f6glicht so ein komplettes Training des Oberk\u00f6rpers. Der Verstellmechanismus ist leichtg\u00e4ngig, schnell und sicher und rastet fest ein. In Kombination mit der ergonomischen Struktur macht diese Vielseitigkeit sie zur einzigen Bank, die f\u00fcr ein komplettes Brust-, Schulter- und R\u00fcckentraining ben\u00f6tigt wird.<\/p>\n<h3>F\u00fcr wen ist das?<\/h3>\n<ul style=\"list-style-position: inside; padding-left: 0;\">\n<li>Elite-Kraftdreik\u00e4mpfer und Kraftsportler, die biomechanische Perfektion verlangen.<\/li>\n<li>Bodybuilder, die die Brusthypertrophie durch tiefes ROM maximieren m\u00f6chten.<\/li>\n<li>Benutzer mit Schulterproblemen, die eine gelenkschonende Pressfl\u00e4che suchen.<\/li>\n<li>Besitzer von Fitnessstudios zu Hause, die ein einzigartiges, hochwertiges Herzst\u00fcck f\u00fcr ihre Einrichtung suchen.<\/li>\n<li>Funktionelle Trainer mit Schwerpunkt auf Kernstabilit\u00e4t und Bewegungsqualit\u00e4t.<\/li>\n<\/ul>\n<h3>Produktspezifikationen<\/h3>\n<table border=\"1\" width=\"100%\" cellspacing=\"0\" cellpadding=\"5\">\n<tbody>\n<tr>\n<td><strong>Produktname<\/strong><\/td>\n<td>Keynimax\u2122 Bank<\/td>\n<\/tr>\n<tr>\n<td><strong>Modell Nr.<\/strong><\/td>\n<td>W07AC003<\/td>\n<\/tr>\n<tr>\n<td><strong>Abmessungen<\/strong><\/td>\n<td>B 1510 x T 713 x H 420\/1310 mm<\/td>\n<\/tr>\n<tr>\n<td><strong>Gewicht<\/strong><\/td>\n<td>33 kg<\/td>\n<\/tr>\n<tr>\n<td><strong>Tragf\u00e4higkeit<\/strong><\/td>\n<td>1.000 lbs (ca. 454 kg)<\/td>\n<\/tr>\n<tr>\n<td><strong>Eigenschaften<\/strong><\/td>\n<td>Patentierte Key-Shape, Stabilit\u00e4tsfl\u00fcgel, Max ROM<\/td>\n<\/tr>\n<\/tbody>\n<\/table>","protected":false},"excerpt":{"rendered":"<p>Die Keynimax\u2122 Bench von Alex Athletics ist eine verstellbare Hantelbank der n\u00e4chsten Generation, die das Krafttraining neu definiert. Mit einem patentierten \u201cKey-shaped\u201d Design erm\u00f6glicht sie eine uneingeschr\u00e4nkte Bewegung der Schulterbl\u00e4tter, was einen maximalen Bewegungsumfang (Max ROM) f\u00fcr tiefere, effektivere Brust- und Schulterpressen erm\u00f6glicht. Mit einer massiven Belastungskapazit\u00e4t von 1.000 Pfund und einer Stability Wing-Struktur bietet es Haltbarkeit und Balance auf h\u00f6chstem Niveau. Das schlanke zentrale Polster verbessert die Propriozeption und die Kernaktivierung und ist damit das ultimative Ger\u00e4t f\u00fcr Athleten, die biomechanische Pr\u00e4zision und \u00fcberragende Leistung in ihrem privaten oder kommerziellen Fitnessstudio verlangen.<\/p>","protected":false},"featured_media":4061,"comment_status":"open","ping_status":"closed","template":"","meta":{"inline_featured_image":false,"site-sidebar-layout":"default","site-content-layout":"","ast-site-content-layout":"default","site-content-style":"default","site-sidebar-style":"default","ast-global-header-display":"","ast-banner-title-visibility":"","ast-main-header-display":"","ast-hfb-above-header-display":"","ast-hfb-below-header-display":"","ast-hfb-mobile-header-display":"","site-post-title":"","ast-breadcrumbs-content":"","ast-featured-img":"","footer-sml-layout":"","ast-disable-related-posts":"","theme-transparent-header-meta":"default","adv-header-id-meta":"","stick-header-meta":"default","header-above-stick-meta":"","header-main-stick-meta":"","header-below-stick-meta":"","astra-migrate-meta-layouts":"set","ast-page-background-enabled":"default","ast-page-background-meta":{"desktop":{"background-color":"","background-image":"","background-repeat":"repeat","background-position":"center center","background-size":"auto","background-attachment":"scroll","background-type":"","background-media":"","overlay-type":"","overlay-color":"","overlay-opacity":"","overlay-gradient":""},"tablet":{"background-color":"","background-image":"","background-repeat":"repeat","background-position":"center center","background-size":"auto","background-attachment":"scroll","background-type":"","background-media":"","overlay-type":"","overlay-color":"","overlay-opacity":"","overlay-gradient":""},"mobile":{"background-color":"","background-image":"","background-repeat":"repeat","background-position":"center center","background-size":"auto","background-attachment":"scroll","background-type":"","background-media":"","overlay-type":"","overlay-color":"","overlay-opacity":"","overlay-gradient":""}},"ast-content-background-meta":{"desktop":{"background-color":"var(--ast-global-color-5)","background-image":"","background-repeat":"repeat","background-position":"center center","background-size":"auto","background-attachment":"scroll","background-type":"","background-media":"","overlay-type":"","overlay-color":"","overlay-opacity":"","overlay-gradient":""},"tablet":{"background-color":"var(--ast-global-color-5)","background-image":"","background-repeat":"repeat","background-position":"center center","background-size":"auto","background-attachment":"scroll","background-type":"","background-media":"","overlay-type":"","overlay-color":"","overlay-opacity":"","overlay-gradient":""},"mobile":{"background-color":"var(--ast-global-color-5)","background-image":"","background-repeat":"repeat","background-position":"center center","background-size":"auto","background-attachment":"scroll","background-type":"","background-media":"","overlay-type":"","overlay-color":"","overlay-opacity":"","overlay-gradient":""}}},"product_brand":[],"product_cat":[54],"product_tag":[57],"class_list":{"0":"post-2864","1":"product","2":"type-product","3":"status-publish","4":"has-post-thumbnail","6":"product_cat-strength-equipment","7":"product_tag-bench","8":"desktop-align-left","9":"tablet-align-left","10":"mobile-align-left","12":"first","13":"instock","14":"shipping-taxable","15":"purchasable","16":"product-type-simple"},"_links":{"self":[{"href":"https:\/\/alexathletics1982.com\/de\/wp-json\/wp\/v2\/product\/2864","targetHints":{"allow":["GET"]}}],"collection":[{"href":"https:\/\/alexathletics1982.com\/de\/wp-json\/wp\/v2\/product"}],"about":[{"href":"https:\/\/alexathletics1982.com\/de\/wp-json\/wp\/v2\/types\/product"}],"replies":[{"embeddable":true,"href":"https:\/\/alexathletics1982.com\/de\/wp-json\/wp\/v2\/comments?post=2864"}],"wp:featuredmedia":[{"embeddable":true,"href":"https:\/\/alexathletics1982.com\/de\/wp-json\/wp\/v2\/media\/4061"}],"wp:attachment":[{"href":"https:\/\/alexathletics1982.com\/de\/wp-json\/wp\/v2\/media?parent=2864"}],"wp:term":[{"taxonomy":"product_brand","embeddable":true,"href":"https:\/\/alexathletics1982.com\/de\/wp-json\/wp\/v2\/product_brand?post=2864"},{"taxonomy":"product_cat","embeddable":true,"href":"https:\/\/alexathletics1982.com\/de\/wp-json\/wp\/v2\/product_cat?post=2864"},{"taxonomy":"product_tag","embeddable":true,"href":"https:\/\/alexathletics1982.com\/de\/wp-json\/wp\/v2\/product_tag?post=2864"}],"curies":[{"name":"wp","href":"https:\/\/api.w.org\/{rel}","templated":true}]}}