{"id":2882,"date":"2026-01-23T20:19:59","date_gmt":"2026-01-23T12:19:59","guid":{"rendered":"https:\/\/alexathletics1982.com\/?post_type=product&#038;p=2882"},"modified":"2026-04-10T22:25:40","modified_gmt":"2026-04-10T14:25:40","slug":"gewichtheben-langhantel-mannlich","status":"publish","type":"product","link":"https:\/\/alexathletics1982.com\/de\/weightlifting-barbell-male\/","title":{"rendered":"Gewichtheben Langhantel (m\u00e4nnlich)"},"content":{"rendered":"<h2>Pr\u00e4zision und Kraft: 20kg Wettkampfhantel (m\u00e4nnlich)<\/h2>\n<p>F\u00fcr den Puristen, der sich dem Sport des olympischen Gewichthebens (Snatch und Clean &amp; Jerk) verschrieben hat, ist die \u201cMehrzweck\u201d-Hantel oft ein Kompromiss. Die Weightlifting Barbell (Male, Modell W01BC004) von Alex Athletics ist ein spezielles Instrument, das ausschlie\u00dflich f\u00fcr die Plattform entwickelt wurde. Diese Hantel hat zwar das gleiche robuste Gewicht von 20 kg und eine L\u00e4nge von 2200 mm, ist aber auf maximalen Peitschenschlag und schnellen Umsatz abgestimmt. Der Schaft entspricht dem strengen IWF-Standard von 28 mm (im Vergleich zu 28,5 mm bei Mehrzweckhanteln) und bietet einen etwas d\u00fcnneren Griff, der eine gr\u00f6\u00dfere Elastizit\u00e4t und \u201cPeitsche\u201d am Ende eines schweren Griffs oder Recks erm\u00f6glicht. Diese gespeicherte kinetische Energie tr\u00e4gt dazu bei, die Hantel nach oben zu treiben, ein entscheidender Vorteil f\u00fcr Wettk\u00e4mpfer, die das Timing beim Fangen bestimmen.<\/p>\n<p>Das Rotationssystem einer speziellen Hantelstange f\u00fcr Gewichtheber ist von entscheidender Bedeutung. Bei diesem Modell werden in der Regel hochwertige Nadellager verwendet, um eine m\u00f6glichst reibungslose und sensible Drehung zu gew\u00e4hrleisten. Wenn Sie sich unter einer schweren Hantel durchziehen, muss sich die Hantel sofort drehen, um Verletzungen der Handgelenke und Ellbogen zu vermeiden. Die R\u00e4ndelung dieser Stange ist einzigartig (nur IWF-Marken) und so kalibriert, dass sie einen sicheren Griff ohne B\u00e4nder gew\u00e4hrleistet, aber dennoch fein genug ist, um die Haut w\u00e4hrend der \u00dcbergangsphasen nicht einzurei\u00dfen. Die Hantelstange ist aus hochwertigem legiertem Stahl mit hoher Zugfestigkeit gefertigt und stellt die Spitze der Hebedynamik dar. Sie ist nicht einfach nur eine Stange, sondern ein Pr\u00e4zisionswerkzeug f\u00fcr Schnellkraftsportler, die ein spezifisches Feedback von ihrer Ausr\u00fcstung erwarten.<\/p>\n<h3>1. Optimiert f\u00fcr olympisches Heben (Die \u201cPeitsche\u201d)<\/h3>\n<p>Das entscheidende Merkmal dieser Stange ist ihr dynamisches Verhalten. Die Stahlzusammensetzung und der Schaftdurchmesser sind so abgestimmt, dass sie unter Last schwingen oder \u201cpeitschen\u201d. In den H\u00e4nden eines ge\u00fcbten Hebers ist diese Biegung zeitlich so abgestimmt, dass sie den Hebevorgang unterst\u00fctzt - sie prallt genau im Moment des Sto\u00dfes ab und hilft, das Gewicht \u00fcber den Kopf zu bef\u00f6rdern. Dieses Gef\u00fchl unterscheidet sich von der Steifheit einer Powerlifting-Stange und ist f\u00fcr das olympische Heben mit maximaler Anstrengung unerl\u00e4sslich.<\/p>\n<h3>2. \u00dcberlegene Nadellager-Drehung<\/h3>\n<p>Geschwindigkeit ist alles beim Gewichtheben. Diese Stange verf\u00fcgt \u00fcber eine lagerdominierte H\u00fclsenanordnung. Nadellager bieten eine viel schnellere, freiere Rotation als Buchsen. Dadurch wird sichergestellt, dass die Platten kein Drehmoment auf Ihre Arme aus\u00fcben, wenn die Hantel umkippt. Das Ergebnis ist ein \u201cschwereloses\u201d Gef\u00fchl w\u00e4hrend des Umdrehens, das Ihre Gelenke schont und eine schnellere Bewegung unter der Stange erm\u00f6glicht.<\/p>\n<h3>3. IWF Standard 28mm Griff<\/h3>\n<p>Um den Erwartungen der Wettkampfsportler gerecht zu werden, verf\u00fcgt diese Stange \u00fcber einen 28-mm-Schaft. Dieser d\u00fcnnere Durchmesser (im Vergleich zu 28,5 mm oder 29 mm) ist leichter zu greifen und tr\u00e4gt zu den w\u00fcnschenswerten Peitscheneigenschaften der Hantel bei. Sie bietet das gleiche Gef\u00fchl wie auf den Wettkampfb\u00fchnen der Welt und garantiert den Athleten, die sich auf Wettk\u00e4mpfe vorbereiten, ein einheitliches Training.<\/p>\n<h3>4. Pr\u00e4zisionsr\u00e4ndelung<\/h3>\n<p>Das R\u00e4ndelmuster ist spezifisch f\u00fcr die schnellen Hebungen. Sie ist griffig, aber oft feiner als eine Kraftdreikampfstange, damit sich die Hand beim \u00dcbergang vom Ziehen zum Fangen leicht bewegen kann. Sie verf\u00fcgt \u00fcber einzelne IWF-R\u00e4ndelmarkierungen (910 mm Abstand) f\u00fcr eine konsistente Handplatzierung und hat in der Regel ein passives Mittelr\u00e4ndel, um beim Reinigen Halt zu bieten, ohne den Hals\/das Schl\u00fcsselbein zu besch\u00e4digen.<\/p>\n<h3>5. Wettbewerbstaugliche Langlebigkeit<\/h3>\n<p>Gebaut, um fallen gelassen zu werden. Beim olympischen Heben wird die Hantel nach jedem erfolgreichen Heben von oben fallen gelassen. Diese Hantelstange ist so konstruiert, dass sie dieser hohen Beanspruchung wiederholt standh\u00e4lt. Der hochfeste Stahl und die hochwertige H\u00fclsenkonstruktion sorgen daf\u00fcr, dass die Hantel gerade bleibt und die H\u00fclsen sich in jeder Sitzung richtig drehen und die Kalibrierung beibehalten wird.<\/p>\n<h3>F\u00fcr wen ist das?<\/h3>\n<ul style=\"list-style-position: inside; padding-left: 0;\">\n<li>Engagierte olympische Gewichtheber (Reissen, C&amp;J).<\/li>\n<li>Trainer, die Explosivkrafttraining anbieten.<\/li>\n<li>Turnhallen, die eine spezielle Ausr\u00fcstung f\u00fcr Hebeb\u00fchnen ben\u00f6tigen.<\/li>\n<li>Athleten, die Mehrzweckstangen zu steif oder zu langsam finden.<\/li>\n<\/ul>\n<h3>Produktspezifikationen<\/h3>\n<table border=\"1\" width=\"100%\" cellspacing=\"0\" cellpadding=\"5\">\n<tbody>\n<tr>\n<td><strong>Typ<\/strong><\/td>\n<td>Gewichtheberstange f\u00fcr M\u00e4nner<\/td>\n<\/tr>\n<tr>\n<td><strong>Gewicht<\/strong><\/td>\n<td>20 kg<\/td>\n<\/tr>\n<tr>\n<td><strong>L\u00e4nge<\/strong><\/td>\n<td>2200 mm<\/td>\n<\/tr>\n<tr>\n<td><strong>Durchmesser der Welle<\/strong><\/td>\n<td>28 mm (Standard-Oly)<\/td>\n<\/tr>\n<tr>\n<td><strong>Drehung<\/strong><\/td>\n<td>Hochpr\u00e4zise Nadellager<\/td>\n<\/tr>\n<tr>\n<td><strong>Anwendungsfall<\/strong><\/td>\n<td>Olympisches Gewichtheben<\/td>\n<\/tr>\n<\/tbody>\n<\/table>","protected":false},"excerpt":{"rendered":"<p>Die Weightlifting Barbell (Male) von Alex Athletics ist ein spezielles Pr\u00e4zisionswerkzeug f\u00fcr das olympische Gewichtheben. Im Gegensatz zu Universalstangen verf\u00fcgt sie \u00fcber einen 28-mm-Schaft, der auf optimalen \u201cPeitschenschlag\u201d abgestimmt ist und Athleten beim Snatch und Clean &amp; Jerk unterst\u00fctzt. Das H\u00fclsenrotationssystem verwendet hochwertige Nadellager, um eine sofortige, reibungslose Bewegung zu erm\u00f6glichen und die Handgelenke bei explosiven Bewegungen zu sch\u00fctzen. Sie besteht aus hochfestem legiertem Stahl und ist so konstruiert, dass sie den wiederholten Auswirkungen von \u00dcberkopfst\u00f6\u00dfen standh\u00e4lt. Die IWF-Standardspezifikationen und die R\u00e4ndelung bieten das professionelle Gef\u00fchl und die Leistung, die von Leistungssportlern und Trainern ben\u00f6tigt werden, die sich auf die Entwicklung von Schnellkraft konzentrieren.<\/p>","protected":false},"featured_media":3630,"comment_status":"open","ping_status":"closed","template":"","meta":{"inline_featured_image":false,"site-sidebar-layout":"default","site-content-layout":"","ast-site-content-layout":"default","site-content-style":"default","site-sidebar-style":"default","ast-global-header-display":"","ast-banner-title-visibility":"","ast-main-header-display":"","ast-hfb-above-header-display":"","ast-hfb-below-header-display":"","ast-hfb-mobile-header-display":"","site-post-title":"","ast-breadcrumbs-content":"","ast-featured-img":"","footer-sml-layout":"","ast-disable-related-posts":"","theme-transparent-header-meta":"default","adv-header-id-meta":"","stick-header-meta":"default","header-above-stick-meta":"","header-main-stick-meta":"","header-below-stick-meta":"","astra-migrate-meta-layouts":"set","ast-page-background-enabled":"default","ast-page-background-meta":{"desktop":{"background-color":"","background-image":"","background-repeat":"repeat","background-position":"center center","background-size":"auto","background-attachment":"scroll","background-type":"","background-media":"","overlay-type":"","overlay-color":"","overlay-opacity":"","overlay-gradient":""},"tablet":{"background-color":"","background-image":"","background-repeat":"repeat","background-position":"center center","background-size":"auto","background-attachment":"scroll","background-type":"","background-media":"","overlay-type":"","overlay-color":"","overlay-opacity":"","overlay-gradient":""},"mobile":{"background-color":"","background-image":"","background-repeat":"repeat","background-position":"center center","background-size":"auto","background-attachment":"scroll","background-type":"","background-media":"","overlay-type":"","overlay-color":"","overlay-opacity":"","overlay-gradient":""}},"ast-content-background-meta":{"desktop":{"background-color":"var(--ast-global-color-5)","background-image":"","background-repeat":"repeat","background-position":"center center","background-size":"auto","background-attachment":"scroll","background-type":"","background-media":"","overlay-type":"","overlay-color":"","overlay-opacity":"","overlay-gradient":""},"tablet":{"background-color":"var(--ast-global-color-5)","background-image":"","background-repeat":"repeat","background-position":"center center","background-size":"auto","background-attachment":"scroll","background-type":"","background-media":"","overlay-type":"","overlay-color":"","overlay-opacity":"","overlay-gradient":""},"mobile":{"background-color":"var(--ast-global-color-5)","background-image":"","background-repeat":"repeat","background-position":"center center","background-size":"auto","background-attachment":"scroll","background-type":"","background-media":"","overlay-type":"","overlay-color":"","overlay-opacity":"","overlay-gradient":""}}},"product_brand":[],"product_cat":[55],"product_tag":[58],"class_list":{"0":"post-2882","1":"product","2":"type-product","3":"status-publish","4":"has-post-thumbnail","6":"product_cat-free-weight-training","7":"product_tag-carry-bars","8":"desktop-align-left","9":"tablet-align-left","10":"mobile-align-left","12":"first","13":"instock","14":"shipping-taxable","15":"purchasable","16":"product-type-simple"},"_links":{"self":[{"href":"https:\/\/alexathletics1982.com\/de\/wp-json\/wp\/v2\/product\/2882","targetHints":{"allow":["GET"]}}],"collection":[{"href":"https:\/\/alexathletics1982.com\/de\/wp-json\/wp\/v2\/product"}],"about":[{"href":"https:\/\/alexathletics1982.com\/de\/wp-json\/wp\/v2\/types\/product"}],"replies":[{"embeddable":true,"href":"https:\/\/alexathletics1982.com\/de\/wp-json\/wp\/v2\/comments?post=2882"}],"wp:featuredmedia":[{"embeddable":true,"href":"https:\/\/alexathletics1982.com\/de\/wp-json\/wp\/v2\/media\/3630"}],"wp:attachment":[{"href":"https:\/\/alexathletics1982.com\/de\/wp-json\/wp\/v2\/media?parent=2882"}],"wp:term":[{"taxonomy":"product_brand","embeddable":true,"href":"https:\/\/alexathletics1982.com\/de\/wp-json\/wp\/v2\/product_brand?post=2882"},{"taxonomy":"product_cat","embeddable":true,"href":"https:\/\/alexathletics1982.com\/de\/wp-json\/wp\/v2\/product_cat?post=2882"},{"taxonomy":"product_tag","embeddable":true,"href":"https:\/\/alexathletics1982.com\/de\/wp-json\/wp\/v2\/product_tag?post=2882"}],"curies":[{"name":"wp","href":"https:\/\/api.w.org\/{rel}","templated":true}]}}