{"id":2886,"date":"2026-01-23T20:19:59","date_gmt":"2026-01-23T12:19:59","guid":{"rendered":"https:\/\/alexathletics1982.com\/?post_type=product&#038;p=2886"},"modified":"2026-04-10T22:26:03","modified_gmt":"2026-04-10T14:26:03","slug":"juniorbar","status":"publish","type":"product","link":"https:\/\/alexathletics1982.com\/de\/junior-bar\/","title":{"rendered":"Junior Bar"},"content":{"rendered":"<h2>Die Zukunft der Kraft: 10kg Junior Technik Bar<\/h2>\n<p>Eine korrekte Technik ist die Grundlage f\u00fcr ein lebenslanges sicheres und effektives Heben, und die Junior Bar von Alex Athletics ist das perfekte Werkzeug, um diese Grundlage zu legen. Speziell f\u00fcr junge Athleten, Anf\u00e4nger und diejenigen, die an der Rehabilitation arbeiten, entwickelt, schlie\u00dft diese Stange die L\u00fccke zwischen einem PVC-Rohr und einer vollwertigen olympischen Stange. Mit einem Gewicht von nur 10 kg erm\u00f6glicht sie es Trainern und Eltern, die Mechanik des Reissens, Reinigens und der Kniebeuge mit einer \u00fcberschaubaren Last zu vermitteln. Standardhanteln mit einem Gewicht von 20 kg sind f\u00fcr Kinder oder kleinere Anf\u00e4nger oft zu schwer und unhandlich, was zu Formfehlern f\u00fchrt, bevor die Bewegung \u00fcberhaupt gelernt ist. Die Junior Bar l\u00f6st dieses Problem, indem sie die Ausr\u00fcstung an den Athleten anpasst und nicht andersherum.<\/p>\n<p>Trotz des geringeren Gewichts und der k\u00fcrzeren L\u00e4nge (in der Regel 1700 mm) wird die Alex Junior Bar mit der gleichen Aufmerksamkeit f\u00fcr Qualit\u00e4t gebaut wie die Wettkampfstangen f\u00fcr Erwachsene. Er verf\u00fcgt \u00fcber einen langlebigen Stahlschaft mit einem Durchmesser von 25mm oder 28mm (optimiert f\u00fcr kleinere H\u00e4nde) und R\u00e4ndelung, die taktile R\u00fcckmeldung bietet, ohne hart auf empfindliche Haut zu sein. Die H\u00fclsen haben den olympischen Standarddurchmesser (50 mm) und erm\u00f6glichen die Verwendung von Sto\u00dfplatten in voller Gr\u00f6\u00dfe. Dies ist von entscheidender Bedeutung, da es dem Athleten erm\u00f6glicht, von der richtigen H\u00f6he \u00fcber dem Boden zu ziehen und so das echte Heben zu simulieren. Das Rotationssystem nutzt Buchsen, um eine reibungslose Drehung zu gew\u00e4hrleisten und dem Athleten beizubringen, wie er die Ellbogen schnell und sicher umdrehen kann. Es ist ein professionelles Lehrmittel, das den sich entwickelnden Athleten respektiert.<\/p>\n<h3>1. Skaliertes Gewicht und Abmessungen<\/h3>\n<p>Mit 10 kg ist diese Hantel genau halb so schwer wie eine M\u00e4nnerhantel. Dieses geringere Startgewicht ist entscheidend f\u00fcr Anf\u00e4nger, die zwar \u00fcber die n\u00f6tige Beweglichkeit verf\u00fcgen, aber nicht die Kraft haben, eine Standardstange zu kontrollieren. Die k\u00fcrzere Gesamtl\u00e4nge macht es einfacher, die Hantel zu balancieren und zu kontrollieren, wodurch der Einsch\u00fcchterungsfaktor verringert wird und der Athlet sich ganz auf seine Bewegungsmuster und K\u00f6rperpositionierung konzentrieren kann.<\/p>\n<h3>2. Professionelle olympische H\u00fclse Specs<\/h3>\n<p>Im Gegensatz zu billigen \u201cStandard\u201d-Stangen verf\u00fcgt die Junior Bar \u00fcber 50mm Drehh\u00fclsen. Das bedeutet, dass sie mit allen standardm\u00e4\u00dfigen olympischen Sto\u00dfplatten kompatibel ist. Diese Kompatibilit\u00e4t ist von entscheidender Bedeutung, da sie es der Hantel erm\u00f6glicht, in der richtigen H\u00f6he vom Boden zu sitzen (bei Verwendung von 2,5 kg oder 5 kg Technikplatten in voller Gr\u00f6\u00dfe), wodurch sichergestellt wird, dass die Ausgangsposition f\u00fcr Deadlifts und Cleans biomechanisch korrekt ist.<\/p>\n<h3>3. Einsteigerfreundliches R\u00e4ndeln<\/h3>\n<p>Die Beschaffenheit des Griffs ist wichtig. Die Junior Bar hat eine leichte bis mittlere R\u00e4ndelung. Sie ist griffig genug, um den Athleten beizubringen, wo sie ihre H\u00e4nde platzieren und wie sie die Spannung aufrechterhalten k\u00f6nnen, aber sie ist passiv genug, um zu verhindern, dass die Haut von j\u00fcngeren oder weniger erfahrenen Hebern einrei\u00dft. Sie f\u00f6rdert einen sicheren Griff ohne die mit Powerbars verbundenen Schmerzen.<\/p>\n<h3>4. Leichte Rotation der Buchse<\/h3>\n<p>Um das Timing von Clean und Snatch zu erlernen, ist eine Stange erforderlich, die sich dreht. Wenn die H\u00fclsen festsitzen, wird die Stange ein Drehmoment auf die Handgelenke des Hebers aus\u00fcben. Die Alex Junior Bar verwendet hochwertige Buchsen, um eine gleichm\u00e4\u00dfige, gleichbleibende Rotation zu gew\u00e4hrleisten. Dies schont die Gelenke der sich entwickelnden Athleten und st\u00e4rkt die korrekte Mechanik der \u201cTurnover\u201d-Phase des Hebens.<\/p>\n<h3>5. Langlebige Konstruktion<\/h3>\n<p>Obwohl leicht, ist dies kein Spielzeug. Es ist aus Qualit\u00e4tsstahl gefertigt, der mit zunehmender Entwicklung des Athleten erhebliche Lasten aufnehmen kann. Er verbiegt sich nicht unter dem Gewicht der Technikplatten und ist so konstruiert, dass er den St\u00fcrzen standh\u00e4lt, die beim Erlernen des olympischen Hebens auftreten (wenn er mit geeigneten Sto\u00dfd\u00e4mpfern verwendet wird). Es ist eine Investition in die Zukunft des Athleten.<\/p>\n<h3>F\u00fcr wen ist das?<\/h3>\n<ul style=\"list-style-position: inside; padding-left: 0;\">\n<li>Anf\u00e4nger jeden Alters mit begrenzter Oberk\u00f6rperkraft.<\/li>\n<li>Trainer, die technischen Unterricht erteilen.<\/li>\n<li>Personen, die sich nach einer Verletzung in der Rehabilitation befinden.<\/li>\n<li>Fitnessstudios f\u00fcr zu Hause, die eine leichtere Option f\u00fcr Zusatzarbeiten suchen.<\/li>\n<\/ul>\n<h3>Produktspezifikationen<\/h3>\n<table border=\"1\" width=\"100%\" cellspacing=\"0\" cellpadding=\"5\">\n<tbody>\n<tr>\n<td><strong>Typ<\/strong><\/td>\n<td>Junior \/ Technik Bar<\/td>\n<\/tr>\n<tr>\n<td><strong>Gewicht<\/strong><\/td>\n<td>10 kg<\/td>\n<\/tr>\n<tr>\n<td><strong>L\u00e4nge<\/strong><\/td>\n<td>~1700 mm (verk\u00fcrzt)<\/td>\n<\/tr>\n<tr>\n<td><strong>Durchmesser der H\u00fclse<\/strong><\/td>\n<td>50 mm (olympisch)<\/td>\n<\/tr>\n<tr>\n<td><strong>R\u00e4ndeln<\/strong><\/td>\n<td>Mild\/Mittel<\/td>\n<\/tr>\n<tr>\n<td><strong>Drehung<\/strong><\/td>\n<td>Buchsen<\/td>\n<\/tr>\n<\/tbody>\n<\/table>","protected":false},"excerpt":{"rendered":"<p>Die Junior Bar von Alex Athletics ist das ideale Trainingsger\u00e4t f\u00fcr junge Athleten und Anf\u00e4nger. Mit einem Gewicht von nur 10 kg erm\u00f6glicht sie das sichere Erlernen der Hebemechanik ohne die schwere Last einer Standardstange. Trotz ihrer geringen Gr\u00f6\u00dfe ist sie mit professionellen 50-mm-Drehh\u00fclsen ausgestattet, die mit Standard-Olympiaplatten kompatibel sind und die richtige Starth\u00f6he und das richtige Gef\u00fchl gew\u00e4hrleisten. Die leichte R\u00e4ndelung sch\u00fctzt empfindliche H\u00e4nde, w\u00e4hrend die sanfte Drehung der Buchsen die sich entwickelnden Handgelenke sch\u00fctzt. Es ist eine langlebige, hochwertige Stahlstange, die entwickelt wurde, um die n\u00e4chste Generation von Kraftsportlern mit der richtigen Form und Vertrauen aufzubauen.<\/p>","protected":false},"featured_media":3625,"comment_status":"open","ping_status":"closed","template":"","meta":{"inline_featured_image":false,"site-sidebar-layout":"default","site-content-layout":"","ast-site-content-layout":"default","site-content-style":"default","site-sidebar-style":"default","ast-global-header-display":"","ast-banner-title-visibility":"","ast-main-header-display":"","ast-hfb-above-header-display":"","ast-hfb-below-header-display":"","ast-hfb-mobile-header-display":"","site-post-title":"","ast-breadcrumbs-content":"","ast-featured-img":"","footer-sml-layout":"","ast-disable-related-posts":"","theme-transparent-header-meta":"default","adv-header-id-meta":"","stick-header-meta":"default","header-above-stick-meta":"","header-main-stick-meta":"","header-below-stick-meta":"","astra-migrate-meta-layouts":"set","ast-page-background-enabled":"default","ast-page-background-meta":{"desktop":{"background-color":"","background-image":"","background-repeat":"repeat","background-position":"center center","background-size":"auto","background-attachment":"scroll","background-type":"","background-media":"","overlay-type":"","overlay-color":"","overlay-opacity":"","overlay-gradient":""},"tablet":{"background-color":"","background-image":"","background-repeat":"repeat","background-position":"center center","background-size":"auto","background-attachment":"scroll","background-type":"","background-media":"","overlay-type":"","overlay-color":"","overlay-opacity":"","overlay-gradient":""},"mobile":{"background-color":"","background-image":"","background-repeat":"repeat","background-position":"center center","background-size":"auto","background-attachment":"scroll","background-type":"","background-media":"","overlay-type":"","overlay-color":"","overlay-opacity":"","overlay-gradient":""}},"ast-content-background-meta":{"desktop":{"background-color":"var(--ast-global-color-5)","background-image":"","background-repeat":"repeat","background-position":"center center","background-size":"auto","background-attachment":"scroll","background-type":"","background-media":"","overlay-type":"","overlay-color":"","overlay-opacity":"","overlay-gradient":""},"tablet":{"background-color":"var(--ast-global-color-5)","background-image":"","background-repeat":"repeat","background-position":"center center","background-size":"auto","background-attachment":"scroll","background-type":"","background-media":"","overlay-type":"","overlay-color":"","overlay-opacity":"","overlay-gradient":""},"mobile":{"background-color":"var(--ast-global-color-5)","background-image":"","background-repeat":"repeat","background-position":"center center","background-size":"auto","background-attachment":"scroll","background-type":"","background-media":"","overlay-type":"","overlay-color":"","overlay-opacity":"","overlay-gradient":""}}},"product_brand":[],"product_cat":[55],"product_tag":[58],"class_list":{"0":"post-2886","1":"product","2":"type-product","3":"status-publish","4":"has-post-thumbnail","6":"product_cat-free-weight-training","7":"product_tag-carry-bars","8":"desktop-align-left","9":"tablet-align-left","10":"mobile-align-left","12":"first","13":"instock","14":"shipping-taxable","15":"purchasable","16":"product-type-simple"},"_links":{"self":[{"href":"https:\/\/alexathletics1982.com\/de\/wp-json\/wp\/v2\/product\/2886","targetHints":{"allow":["GET"]}}],"collection":[{"href":"https:\/\/alexathletics1982.com\/de\/wp-json\/wp\/v2\/product"}],"about":[{"href":"https:\/\/alexathletics1982.com\/de\/wp-json\/wp\/v2\/types\/product"}],"replies":[{"embeddable":true,"href":"https:\/\/alexathletics1982.com\/de\/wp-json\/wp\/v2\/comments?post=2886"}],"wp:featuredmedia":[{"embeddable":true,"href":"https:\/\/alexathletics1982.com\/de\/wp-json\/wp\/v2\/media\/3625"}],"wp:attachment":[{"href":"https:\/\/alexathletics1982.com\/de\/wp-json\/wp\/v2\/media?parent=2886"}],"wp:term":[{"taxonomy":"product_brand","embeddable":true,"href":"https:\/\/alexathletics1982.com\/de\/wp-json\/wp\/v2\/product_brand?post=2886"},{"taxonomy":"product_cat","embeddable":true,"href":"https:\/\/alexathletics1982.com\/de\/wp-json\/wp\/v2\/product_cat?post=2886"},{"taxonomy":"product_tag","embeddable":true,"href":"https:\/\/alexathletics1982.com\/de\/wp-json\/wp\/v2\/product_tag?post=2886"}],"curies":[{"name":"wp","href":"https:\/\/api.w.org\/{rel}","templated":true}]}}