{"id":2887,"date":"2026-01-23T20:19:59","date_gmt":"2026-01-23T12:19:59","guid":{"rendered":"https:\/\/alexathletics1982.com\/?post_type=product&#038;p=2887"},"modified":"2026-04-08T22:18:56","modified_gmt":"2026-04-08T14:18:56","slug":"ez-curl-bar","status":"publish","type":"product","link":"https:\/\/alexathletics1982.com\/de\/ez-curl-bar\/","title":{"rendered":"EZ Curl Bar"},"content":{"rendered":"<h2>Isolation in Perfektion: Die ergonomische EZ Curl Bar<\/h2>\n<p>Der Aufbau massiver Arme erfordert mehr als nur schwere Gewichte; er erfordert ergonomische Pr\u00e4zision. Die EZ Curl Bar von Alex Athletics ist ein grundlegendes Bodybuilding-Werkzeug, das entwickelt wurde, um den Bizeps und Trizeps zu trainieren und gleichzeitig die Gelenke zu entlasten, die bei geraden Hanteln belastet werden. Das entscheidende Merkmal dieser Stange ist ihr \u201cgew\u00f6lbtes\u201d oder zickzackf\u00f6rmiges Schaftprofil. Bei der Ausf\u00fchrung von Bizepscurls mit einer geraden Hantelstange werden die Handgelenke in die Supination gezwungen, was zu einem enormen Drehmoment in den Handgelenken und Ellbogen f\u00fchren kann, was wiederum Sehnenentz\u00fcndungen zur Folge hat (oft als Golfer-Ellbogen\u201c bezeichnet). Die abgewinkelten Griffe der EZ-Bar erm\u00f6glichen eine halb-supinierte Handhaltung. Diese leichte Einw\u00e4rtsdrehung richtet die Skelettstruktur des Unterarms und des Handgelenks aus, was die Belastung drastisch reduziert und ein schmerzfreies Curling erm\u00f6glicht, selbst bei schweren Lasten.<\/p>\n<p>Neben dem Komfort bietet die EZ Curl Bar auch eine hervorragende Muskelisolierung. Die Winkel sind so konzipiert, dass der Schwerpunkt zwischen den langen und kurzen K\u00f6pfen des Bizeps verlagert wird, je nachdem, wo Sie greifen. Sie ist auch die beste Wahl f\u00fcr Trizeps-Extensions (Skull Crushers); durch den abgewinkelten Griff bleiben die Ellbogen angewinkelt, wodurch eine maximale Spannung auf den Trizeps brachii ausge\u00fcbt und das Ellbogengelenk geschont wird. Die Alex EZ Curl Bar ist aus massivem Stahl mit einer haltbaren Chromoberfl\u00e4che gefertigt und verf\u00fcgt \u00fcber ger\u00e4ndelte Griffe f\u00fcr einen sicheren, rutschfesten Griff. Mit rotierenden H\u00fclsen, die die Rotationstr\u00e4gheit der sich drehenden Platten eliminieren, ist diese Stange ein biomechanisches Upgrade f\u00fcr jedes Oberk\u00f6rpertraining.<\/p>\n<h3>1. Gelenkschonender Winkelgriff<\/h3>\n<p>Der Hauptgrund f\u00fcr die Verwendung einer EZ-Stange ist die orthop\u00e4dische Gesundheit. Die W\u00f6lbungen (Biegungen) der Stange erm\u00f6glichen es Ihnen, sie mit leicht nach innen abgewinkelten Handgelenken zu greifen. Dadurch wird die Valgus-Belastung der Ellbogen, die bei einer geraden Hantel auftritt, neutralisiert. F\u00fcr Heber mit eingeschr\u00e4nkter Handgelenksbeweglichkeit oder bestehenden Ellbogenschmerzen macht diese Hantel den Unterschied zwischen der M\u00f6glichkeit, die Arme zu trainieren, und dem Ausscheiden aus dem Training aus.<\/p>\n<h3>2. Gezielte Bizeps- und Trizeps-Isolation<\/h3>\n<p>Bei der EZ-Stange geht es nicht nur um Sicherheit, sondern auch um die Winkel. Mit dem schmalen Griff wird der lange Kopf des Bizeps (\u00e4u\u00dfere Spitze) betont, w\u00e4hrend der breite Griff auf den kurzen Kopf (innere Dicke) abzielt. F\u00fcr den Trizeps ist die Stange der Goldstandard f\u00fcr \u201cSkull Crushers\u201d und \u00dcberkopfstreckungen, da sie eine tiefe Dehnung und starke Kontraktion erm\u00f6glicht, die mit Hanteln nur schwer zu erreichen ist.<\/p>\n<h3>3. Ger\u00e4ndelter Anti-Rutsch-Griff<\/h3>\n<p>Verschwitzte H\u00e4nde sollten Ihren Auftrieb nicht einschr\u00e4nken. Die abgewinkelten Griffabschnitte sind mit einer R\u00e4ndelung im Diamantmuster versehen. Dies sorgt f\u00fcr eine f\u00fchlbare, sichere Verbindung mit der Stange und verhindert, dass sie w\u00e4hrend eines Satzes in Ihren H\u00e4nden verrutscht oder sich dreht. Die R\u00e4ndelung ist mitteltief und bietet Grip, ohne auf der Haut zu reiben.<\/p>\n<h3>4. Drehbare H\u00fclsen<\/h3>\n<p>Hochwertige Konstruktion mit drehbaren H\u00fclsen. Wenn Sie das Gewicht in die H\u00f6he ziehen, \u00e4ndert sich der Winkel der Stange. W\u00e4ren die H\u00fclsen fest, w\u00fcrde die Tr\u00e4gheit der schweren Platten Ihre Handgelenke verdrehen. Die Drehh\u00fclsen erm\u00f6glichen es den Platten, sich unabh\u00e4ngig von der Welle zu drehen, so dass die Bewegung flie\u00dfend ist und Sie sich ganz auf die Muskelkontraktion konzentrieren k\u00f6nnen.<\/p>\n<h3>5. Kompakt und langlebig<\/h3>\n<p>Mit einer L\u00e4nge von etwa 1200 mm ist die EZ-Bar kompakt und platzsparend. Sie ist leicht in einem \u00fcberf\u00fcllten Fitnessstudio oder einer kleinen Einrichtung zu Hause zu navigieren. Die solide Stahlkonstruktion und die verchromte Oberfl\u00e4che sorgen daf\u00fcr, dass sie St\u00fcrzen standh\u00e4lt und nicht rostet, was sie zu einer lebenslangen Investition f\u00fcr Ihr Armtraining macht.<\/p>\n<h3>F\u00fcr wen ist das?<\/h3>\n<ul style=\"list-style-position: inside; padding-left: 0;\">\n<li>Bodybuilder, die sich auf die Gr\u00f6\u00dfe und Definition der Arme konzentrieren.<\/li>\n<li>Heber mit Handgelenksschmerzen oder Ellbogentendinitis.<\/li>\n<li>Athleten, die ihre Curling-Winkel variieren wollen.<\/li>\n<li>Besitzer von Heimtrainingsger\u00e4ten, die eine spezielle Zubeh\u00f6rstange ben\u00f6tigen.<\/li>\n<li>Jeder, der schwere liegende Trizepsstrecker ausf\u00fchrt.<\/li>\n<\/ul>\n<h3>Produktspezifikationen<\/h3>\n<table border=\"1\" width=\"100%\" cellspacing=\"0\" cellpadding=\"5\">\n<tbody>\n<tr>\n<td><strong>Typ<\/strong><\/td>\n<td>Olympische EZ-Curl-Stange<\/td>\n<\/tr>\n<tr>\n<td><strong>Material<\/strong><\/td>\n<td>Massiver Stahl, Chromoberfl\u00e4che<\/td>\n<\/tr>\n<tr>\n<td><strong>L\u00e4nge<\/strong><\/td>\n<td>1200 mm<\/td>\n<\/tr>\n<tr>\n<td><strong>Durchmesser der H\u00fclse<\/strong><\/td>\n<td>50 mm<\/td>\n<\/tr>\n<tr>\n<td><strong>Griff-Durchmesser<\/strong><\/td>\n<td>28 mm<\/td>\n<\/tr>\n<tr>\n<td><strong>Merkmal<\/strong><\/td>\n<td>Abgewinkelter ergonomischer Griff<\/td>\n<\/tr>\n<\/tbody>\n<\/table>","protected":false},"excerpt":{"rendered":"<p>Die EZ Curl Bar von Alex Athletics ist ein unverzichtbares Bodybuilding-Tool, das f\u00fcr ein ergonomisches Armtraining entwickelt wurde. Ihr deutlich gew\u00f6lbter Schaft erm\u00f6glicht einen halb-supinierten Griff, der die Belastung der Handgelenke und Ellenbogen bei Bizepscurls und Trizepsstreckungen im Vergleich zu geraden Stangen deutlich reduziert. Dieses gelenkschonende Design erm\u00f6glicht schweres Heben und eine bessere Isolierung der Armmuskulatur. Sie ist aus massivem Stahl gefertigt, dauerhaft verchromt und verf\u00fcgt \u00fcber ger\u00e4ndelte Griffe und drehbare H\u00fclsen, die eine reibungslose Bewegung gew\u00e4hrleisten. Sie ist kompakt und effektiv und stellt den Goldstandard f\u00fcr den schmerzfreien Aufbau gr\u00f6\u00dferer Arme dar.<\/p>","protected":false},"featured_media":3303,"comment_status":"open","ping_status":"closed","template":"","meta":{"inline_featured_image":false,"site-sidebar-layout":"default","site-content-layout":"","ast-site-content-layout":"default","site-content-style":"default","site-sidebar-style":"default","ast-global-header-display":"","ast-banner-title-visibility":"","ast-main-header-display":"","ast-hfb-above-header-display":"","ast-hfb-below-header-display":"","ast-hfb-mobile-header-display":"","site-post-title":"","ast-breadcrumbs-content":"","ast-featured-img":"","footer-sml-layout":"","ast-disable-related-posts":"","theme-transparent-header-meta":"default","adv-header-id-meta":"","stick-header-meta":"default","header-above-stick-meta":"","header-main-stick-meta":"","header-below-stick-meta":"","astra-migrate-meta-layouts":"set","ast-page-background-enabled":"default","ast-page-background-meta":{"desktop":{"background-color":"","background-image":"","background-repeat":"repeat","background-position":"center center","background-size":"auto","background-attachment":"scroll","background-type":"","background-media":"","overlay-type":"","overlay-color":"","overlay-opacity":"","overlay-gradient":""},"tablet":{"background-color":"","background-image":"","background-repeat":"repeat","background-position":"center center","background-size":"auto","background-attachment":"scroll","background-type":"","background-media":"","overlay-type":"","overlay-color":"","overlay-opacity":"","overlay-gradient":""},"mobile":{"background-color":"","background-image":"","background-repeat":"repeat","background-position":"center center","background-size":"auto","background-attachment":"scroll","background-type":"","background-media":"","overlay-type":"","overlay-color":"","overlay-opacity":"","overlay-gradient":""}},"ast-content-background-meta":{"desktop":{"background-color":"var(--ast-global-color-5)","background-image":"","background-repeat":"repeat","background-position":"center center","background-size":"auto","background-attachment":"scroll","background-type":"","background-media":"","overlay-type":"","overlay-color":"","overlay-opacity":"","overlay-gradient":""},"tablet":{"background-color":"var(--ast-global-color-5)","background-image":"","background-repeat":"repeat","background-position":"center center","background-size":"auto","background-attachment":"scroll","background-type":"","background-media":"","overlay-type":"","overlay-color":"","overlay-opacity":"","overlay-gradient":""},"mobile":{"background-color":"var(--ast-global-color-5)","background-image":"","background-repeat":"repeat","background-position":"center center","background-size":"auto","background-attachment":"scroll","background-type":"","background-media":"","overlay-type":"","overlay-color":"","overlay-opacity":"","overlay-gradient":""}}},"product_brand":[],"product_cat":[55],"product_tag":[58],"class_list":{"0":"post-2887","1":"product","2":"type-product","3":"status-publish","4":"has-post-thumbnail","6":"product_cat-free-weight-training","7":"product_tag-carry-bars","8":"desktop-align-left","9":"tablet-align-left","10":"mobile-align-left","12":"first","13":"instock","14":"shipping-taxable","15":"purchasable","16":"product-type-simple"},"_links":{"self":[{"href":"https:\/\/alexathletics1982.com\/de\/wp-json\/wp\/v2\/product\/2887","targetHints":{"allow":["GET"]}}],"collection":[{"href":"https:\/\/alexathletics1982.com\/de\/wp-json\/wp\/v2\/product"}],"about":[{"href":"https:\/\/alexathletics1982.com\/de\/wp-json\/wp\/v2\/types\/product"}],"replies":[{"embeddable":true,"href":"https:\/\/alexathletics1982.com\/de\/wp-json\/wp\/v2\/comments?post=2887"}],"wp:featuredmedia":[{"embeddable":true,"href":"https:\/\/alexathletics1982.com\/de\/wp-json\/wp\/v2\/media\/3303"}],"wp:attachment":[{"href":"https:\/\/alexathletics1982.com\/de\/wp-json\/wp\/v2\/media?parent=2887"}],"wp:term":[{"taxonomy":"product_brand","embeddable":true,"href":"https:\/\/alexathletics1982.com\/de\/wp-json\/wp\/v2\/product_brand?post=2887"},{"taxonomy":"product_cat","embeddable":true,"href":"https:\/\/alexathletics1982.com\/de\/wp-json\/wp\/v2\/product_cat?post=2887"},{"taxonomy":"product_tag","embeddable":true,"href":"https:\/\/alexathletics1982.com\/de\/wp-json\/wp\/v2\/product_tag?post=2887"}],"curies":[{"name":"wp","href":"https:\/\/api.w.org\/{rel}","templated":true}]}}