{"id":2891,"date":"2026-01-23T20:19:59","date_gmt":"2026-01-23T12:19:59","guid":{"rendered":"https:\/\/alexathletics1982.com\/?post_type=product&#038;p=2891"},"modified":"2026-04-10T22:29:29","modified_gmt":"2026-04-10T14:29:29","slug":"olympische-stange-t2","status":"publish","type":"product","link":"https:\/\/alexathletics1982.com\/de\/olympic-bar-t2\/","title":{"rendered":"Olympische Stange-T2"},"content":{"rendered":"<h2>Taktile \u00dcberlegenheit: Die elektrobeschichtete Hybridstange (T2)<\/h2>\n<p>F\u00fcr Puristen, die das Gef\u00fchl der rohen R\u00e4ndelung lieben, aber die Wartung von blankem Stahl hassen, ist die Olympic Bar-T2 (Electro-Coating Hybrid Bar) die Antwort. Electro-Coating (E-Coat) ist eine Technologie, die urspr\u00fcnglich f\u00fcr die Automobilindustrie entwickelt wurde, um eine d\u00fcnne, unglaublich haltbare Anti-Korrosionsschicht zu schaffen. Im Gegensatz zu einer dicken Verchromung, die die R\u00e4ndelungen ausf\u00fcllt und eine Stange rutschig macht, wird E-Coat mikroskopisch d\u00fcnn aufgetragen. Dadurch kommt die wahre, aggressive Struktur der Diamantr\u00e4ndelung zum Vorschein und sorgt f\u00fcr einen ph\u00e4nomenalen Griff, der sich fast wie roher Stahl anf\u00fchlt und gleichzeitig einen hervorragenden Rostschutz bietet. Das Finish ist ein tiefes, satiniertes Schwarz, das aggressiv und professionell wirkt.<\/p>\n<p>Mechanisch ist der T2 ein vielseitig einsetzbares Arbeitstier. Die Welle ist aus 42Cr legiertem Stahl mit einer Zugfestigkeit von 170.000 PSI gefertigt und kann eine statische Last von 1.000 lb bew\u00e4ltigen. Das H\u00fclsenrotationssystem verf\u00fcgt \u00fcber eine robuste Hybridkonstruktion: langlebige Messingbuchsen, die von 2 Pr\u00e4zisionslagern unterst\u00fctzt werden. Dadurch wird sichergestellt, dass sich die Stange frei genug f\u00fcr das Reinigen und Rei\u00dfen dreht, aber beim Bankdr\u00fccken stabil bleibt. Ein einzigartiges \u00e4sthetisches Merkmal der T2 sind ihre wei\u00dfen Zinkh\u00fclsen. Dieses helle Finish steht in scharfem Kontrast zum schwarzen Schaft, wodurch die Bewegung der Platte leicht zu erkennen ist und Ihr Rack einen klassischen zweifarbigen Look erh\u00e4lt. Ganz gleich, ob Sie ein Krafttrainingsprogramm absolvieren, die T2 bietet den n\u00f6tigen Halt und die Zuverl\u00e4ssigkeit.<\/p>\n<h3>1. Hochleistungs-Elektrobeschichtung (E-Coat)<\/h3>\n<p>E-Coat ist hier das Hauptmerkmal. Es bietet eine hervorragende Korrosionsbest\u00e4ndigkeit - weit besser als schwarzes Oxid - ohne die Dicke von Chrom oder Zink. Das bedeutet, dass sich die R\u00e4ndelungen \u201csch\u00e4rfer\u201d und sicherer anf\u00fchlen. Es handelt sich um ein elektrisch aufgebrachtes Finish, das sich auf molekularer Ebene mit dem Stahl verbindet und selbst bei starker Beanspruchung nicht abplatzt oder verkratzt. Es ist die ideale Wahl f\u00fcr feuchte Garagenhallen, in denen Rost ein st\u00e4ndiger Feind ist.<\/p>\n<h3>2. Gef\u00fchlsechte R\u00e4ndelung<\/h3>\n<p>Da die E-Coat-Beschichtung so d\u00fcnn ist, f\u00fchlt sich die 1,2 mm starke Diamantr\u00e4ndelung genau so an, wie es der Maschinenbauer beabsichtigt hat. Sie erhalten einen sicheren, rutschfesten Griff, der nicht auf \u00fcberm\u00e4\u00dfige Kreide angewiesen ist. Die mittlere Tiefe (0,2 ~ 0,3 mm) ist perfekt f\u00fcr das allgemeine Training - griffig genug f\u00fcr schwere Z\u00fcge, aber nicht so scharf, dass es Ihre H\u00e4nde w\u00e4hrend der High-Rep-Bewegung rei\u00dft.<\/p>\n<h3>3. Wei\u00dfer Zinkh\u00fclsenkontrast<\/h3>\n<p>Die H\u00fclsen des T2 sind mit wei\u00dfem Zink beschichtet. Dies bietet eine dauerhafte, Opferbeschichtung, die den darunter liegenden Stahl vor dem st\u00e4ndigen Abrieb der Gleitplatten sch\u00fctzt. Optisch bilden die hellen silbernen H\u00fclsen im Vergleich zum schwarzen Schaft einen atemberaubenden Kontrast, der die Stange zu einem Blickfang in jedem Fitnessstudio macht. Au\u00dferdem hilft es den Trainern, den Weg der Stange aus der Ferne zu erkennen.<\/p>\n<h3>4. Vielseitige Hybrid-Rotation<\/h3>\n<p>Ausgestattet mit 2 Lagern und Messingbuchsen, ist die T2 f\u00fcr das \u201cHybrid\u201d-Training konzipiert. Es dreht sich nicht so schnell wie eine reine nadelgelagerte Bar (die f\u00fcr das Bankdr\u00fccken instabil sein kann), aber es dreht sich viel besser als eine reine Buchse bar. Dieser Mittelweg macht sie zur perfekten \u201cEin-Stab\u201d-L\u00f6sung f\u00fcr Athleten, die Powerlifting, Bodybuilding und moderates olympisches Heben kombinieren.<\/p>\n<h3>5. 170.000 PSI Dauerhaftigkeit<\/h3>\n<p>Der Kern aus legiertem 42Cr-Stahl sorgt daf\u00fcr, dass die Stange die n\u00f6tige Festigkeit und \u201cPeitsche\u201d f\u00fcr den kommerziellen Einsatz hat. Es kehrt zu wahren Geradheit zur\u00fcck, nachdem sie geladen wird und bietet ein konsistentes Gef\u00fchl. Mit einer Kapazit\u00e4t von 1.000 lb \u00fcbersteigt sie die Bed\u00fcrfnisse von 99% von Hebern und bietet eine Sicherheitsmarge, die Langlebigkeit gew\u00e4hrleistet.<\/p>\n<h3>F\u00fcr wen ist das?<\/h3>\n<ul style=\"list-style-position: inside; padding-left: 0;\">\n<li>Heber, die Wert auf \u201cGriffgef\u00fchl\u201d und R\u00e4ndelsch\u00e4rfe legen.<\/li>\n<li>Besitzer von Garagenhallen, die eine hohe Korrosionsbest\u00e4ndigkeit ben\u00f6tigen (E-Coat).<\/li>\n<li>Einrichtungen, die eine robuste, universell einsetzbare \u201cSchlagleiste\u201d ben\u00f6tigen.<\/li>\n<li>Athleten, die die schwarz-silberne \u00c4sthetik sch\u00e4tzen.<\/li>\n<\/ul>\n<h3>Produktspezifikationen<\/h3>\n<table border=\"1\" width=\"100%\" cellspacing=\"0\" cellpadding=\"5\">\n<tbody>\n<tr>\n<td><strong>Modell<\/strong><\/td>\n<td>Olympische Stange-T2 (W01CB016)<\/td>\n<\/tr>\n<tr>\n<td><strong>Oberfl\u00e4che der Welle<\/strong><\/td>\n<td>Schwarze Elektrotauchlackierung (E-Coat)<\/td>\n<\/tr>\n<tr>\n<td><strong>Ausf\u00fchrung der H\u00fclse<\/strong><\/td>\n<td>Wei\u00dfes Zink<\/td>\n<\/tr>\n<tr>\n<td><strong>Zugfestigkeit<\/strong><\/td>\n<td>170.000 PSI<\/td>\n<\/tr>\n<tr>\n<td><strong>Drehung<\/strong><\/td>\n<td>Messingbuchse &amp; 2 Lager<\/td>\n<\/tr>\n<tr>\n<td><strong>Tragf\u00e4higkeit<\/strong><\/td>\n<td>1.000 Pfund<\/td>\n<\/tr>\n<\/tbody>\n<\/table>","protected":false},"excerpt":{"rendered":"<p>Die Olympic Bar-T2 von Alex Athletics bietet mit ihrer Electro-Coating (E-Coat) Technologie die perfekte Mischung aus Griffigkeit und Haltbarkeit. Diese ultrad\u00fcnne schwarze Beschichtung sch\u00fctzt vor Rost und l\u00e4sst gleichzeitig die scharfe Struktur der R\u00e4ndelung durchscheinen und sorgt f\u00fcr hervorragende Griffigkeit. Mit den markanten wei\u00dfen Zinkh\u00fclsen und dem Hybrid-Rotationssystem (2 Lager + Buchsen) bietet er vielseitige Leistung f\u00fcr langsame und schnelle Hebungen. Der T2 ist aus 170.000 PSI legiertem Stahl mit einer Kapazit\u00e4t von 1.000 Pfund gefertigt und ist ein robustes, zweifarbiges Arbeitstier, das sich ideal f\u00fcr Werkst\u00e4tten und Fitnesssportler eignet, die taktile Pr\u00e4zision verlangen.<\/p>","protected":false},"featured_media":3404,"comment_status":"open","ping_status":"closed","template":"","meta":{"inline_featured_image":false,"site-sidebar-layout":"default","site-content-layout":"","ast-site-content-layout":"default","site-content-style":"default","site-sidebar-style":"default","ast-global-header-display":"","ast-banner-title-visibility":"","ast-main-header-display":"","ast-hfb-above-header-display":"","ast-hfb-below-header-display":"","ast-hfb-mobile-header-display":"","site-post-title":"","ast-breadcrumbs-content":"","ast-featured-img":"","footer-sml-layout":"","ast-disable-related-posts":"","theme-transparent-header-meta":"default","adv-header-id-meta":"","stick-header-meta":"default","header-above-stick-meta":"","header-main-stick-meta":"","header-below-stick-meta":"","astra-migrate-meta-layouts":"set","ast-page-background-enabled":"default","ast-page-background-meta":{"desktop":{"background-color":"","background-image":"","background-repeat":"repeat","background-position":"center center","background-size":"auto","background-attachment":"scroll","background-type":"","background-media":"","overlay-type":"","overlay-color":"","overlay-opacity":"","overlay-gradient":""},"tablet":{"background-color":"","background-image":"","background-repeat":"repeat","background-position":"center center","background-size":"auto","background-attachment":"scroll","background-type":"","background-media":"","overlay-type":"","overlay-color":"","overlay-opacity":"","overlay-gradient":""},"mobile":{"background-color":"","background-image":"","background-repeat":"repeat","background-position":"center center","background-size":"auto","background-attachment":"scroll","background-type":"","background-media":"","overlay-type":"","overlay-color":"","overlay-opacity":"","overlay-gradient":""}},"ast-content-background-meta":{"desktop":{"background-color":"var(--ast-global-color-5)","background-image":"","background-repeat":"repeat","background-position":"center center","background-size":"auto","background-attachment":"scroll","background-type":"","background-media":"","overlay-type":"","overlay-color":"","overlay-opacity":"","overlay-gradient":""},"tablet":{"background-color":"var(--ast-global-color-5)","background-image":"","background-repeat":"repeat","background-position":"center center","background-size":"auto","background-attachment":"scroll","background-type":"","background-media":"","overlay-type":"","overlay-color":"","overlay-opacity":"","overlay-gradient":""},"mobile":{"background-color":"var(--ast-global-color-5)","background-image":"","background-repeat":"repeat","background-position":"center center","background-size":"auto","background-attachment":"scroll","background-type":"","background-media":"","overlay-type":"","overlay-color":"","overlay-opacity":"","overlay-gradient":""}}},"product_brand":[],"product_cat":[55],"product_tag":[58],"class_list":{"0":"post-2891","1":"product","2":"type-product","3":"status-publish","4":"has-post-thumbnail","6":"product_cat-free-weight-training","7":"product_tag-carry-bars","8":"desktop-align-left","9":"tablet-align-left","10":"mobile-align-left","12":"first","13":"instock","14":"shipping-taxable","15":"purchasable","16":"product-type-simple"},"_links":{"self":[{"href":"https:\/\/alexathletics1982.com\/de\/wp-json\/wp\/v2\/product\/2891","targetHints":{"allow":["GET"]}}],"collection":[{"href":"https:\/\/alexathletics1982.com\/de\/wp-json\/wp\/v2\/product"}],"about":[{"href":"https:\/\/alexathletics1982.com\/de\/wp-json\/wp\/v2\/types\/product"}],"replies":[{"embeddable":true,"href":"https:\/\/alexathletics1982.com\/de\/wp-json\/wp\/v2\/comments?post=2891"}],"wp:featuredmedia":[{"embeddable":true,"href":"https:\/\/alexathletics1982.com\/de\/wp-json\/wp\/v2\/media\/3404"}],"wp:attachment":[{"href":"https:\/\/alexathletics1982.com\/de\/wp-json\/wp\/v2\/media?parent=2891"}],"wp:term":[{"taxonomy":"product_brand","embeddable":true,"href":"https:\/\/alexathletics1982.com\/de\/wp-json\/wp\/v2\/product_brand?post=2891"},{"taxonomy":"product_cat","embeddable":true,"href":"https:\/\/alexathletics1982.com\/de\/wp-json\/wp\/v2\/product_cat?post=2891"},{"taxonomy":"product_tag","embeddable":true,"href":"https:\/\/alexathletics1982.com\/de\/wp-json\/wp\/v2\/product_tag?post=2891"}],"curies":[{"name":"wp","href":"https:\/\/api.w.org\/{rel}","templated":true}]}}