{"id":2892,"date":"2026-01-23T20:19:59","date_gmt":"2026-01-23T12:19:59","guid":{"rendered":"https:\/\/alexathletics1982.com\/?post_type=product&#038;p=2892"},"modified":"2026-04-10T22:45:06","modified_gmt":"2026-04-10T14:45:06","slug":"olympische-reckstange-t3","status":"publish","type":"product","link":"https:\/\/alexathletics1982.com\/de\/olympic-bar-t3\/","title":{"rendered":"Olympische Stange-T3"},"content":{"rendered":"<h2>Der Spinner: Olympische Stange-T3<\/h2>\n<p>Wenn dynamisches Heben im Vordergrund steht, wird die Rotationsgeschwindigkeit der Stange zum entscheidenden Faktor. Die Olympic Bar-T3 von Alex Athletics nimmt die dauerhafte Grundlage der T2 und l\u00e4dt es mit einem verbesserten Lagersystem. Anstelle des standardm\u00e4\u00dfigen 2-Lager-Systems ist der T3 ausgestattet mit <strong>4 Pr\u00e4zisionslager<\/strong> pro H\u00fclse (plus Buchsen). Dieses Upgrade reduziert die Reibung erheblich, sodass sich die H\u00fclsen schneller und freier drehen k\u00f6nnen. F\u00fcr den Athleten bedeutet dies einen reibungsloseren Bewegungsablauf beim Rei\u00dfen und Sto\u00dfen, was zu einer geringeren Belastung der Handgelenke und Ellbogen und einer h\u00f6heren Erfolgsquote bei maximalen Hebungen f\u00fchrt. Es schafft ein \u201cschwereloses\u201d Gef\u00fchl, wenn der Athlet sich unter die Stange zieht.<\/p>\n<p>Wie seine Geschwister verf\u00fcgt auch der T3 \u00fcber die hochwertige Elektrobeschichtung (E-Coat) auf dem Schaft. Dies bietet die gleiche hervorragende Korrosionsbest\u00e4ndigkeit und \u201crohen Stahl\u201d R\u00e4ndelgef\u00fchl, dass ernsthafte Heber lieben. Bei der T3 sind die H\u00fclsen jedoch mit chemischem Chrom mit polierter Oberfl\u00e4che versehen. Dies ist eine h\u00e4rtere, kratzfestere Oberfl\u00e4che als Zink, die so konzipiert ist, dass sie dem Gleiten von Sto\u00dfd\u00e4mpfern \u00fcber Jahre hinweg standh\u00e4lt, ohne Verschlei\u00df zu zeigen.<\/p>\n<h3>1. Verbessertes 4-Lager-Rotationssystem<\/h3>\n<p>Der Ruhm des T3 liegt in seiner Drehfreudigkeit. Mit 4 Lagern in der Baugruppe wird die Rotationstr\u00e4gheit minimiert. Dies ist ein sp\u00fcrbarer Unterschied, den Sie bei explosiven Bewegungen sp\u00fcren k\u00f6nnen. Die Gewichte drehen sich unabh\u00e4ngig vom Schaft mit minimalem Widerstand, was Ihre Gelenke schont und einen nahtlosen \u00dcbergang von der Zug- zur Fangphase eines olympischen Hebens erm\u00f6glicht.<\/p>\n<h3>2. E-Coat f\u00fcr maximalen Grip<\/h3>\n<p>Die schwarze Elektrobeschichtung wird d\u00fcnn und gleichm\u00e4\u00dfig aufgetragen, wobei die Geometrie der Diamantr\u00e4ndelung erhalten bleibt. Dies gew\u00e4hrleistet einen sicheren, konsistenten Griff, auch wenn die H\u00e4nde verschwitzt sind, ohne das rutschige Gef\u00fchl von dickem dekorativen Chrom. Sie kombiniert den geringen Wartungsaufwand einer beschichteten Stange mit der Leistung einer rohen Stange.<\/p>\n<h3>3. Langlebige chemische Chromh\u00fclsen<\/h3>\n<p>Die Muffen des T3 sind mit einer chemischen Chrombeschichtung versehen. Diese industrielle Beschichtung ist extrem hart und glatt. Sie bietet weniger Reibung als Zink, was das Laden der Platten erleichtert, und sie ist sehr widerstandsf\u00e4hig gegen Kratzer und Narben, die durch Metallplatteneins\u00e4tze entstehen. So sieht die Stange l\u00e4nger professionell und neu aus.<\/p>\n<h3>4. 170.000 PSI Legierter Stahl<\/h3>\n<p>Der Kern der Stange besteht aus legiertem 42Cr-Stahl. Diese Metallurgie bietet die perfekte Balance zwischen Steifigkeit und elastischer Peitsche. Sie ist robust genug, um den t\u00e4glichen Missbrauch in einem kommerziellen Fitnessstudio zu bew\u00e4ltigen, aber reaktionsschnell genug, um bei dynamischen Hebungen ein kinetisches Feedback zu geben. Die statische Belastbarkeit von 1.000 lb ist ein Beweis f\u00fcr seine strukturelle Integrit\u00e4t.<\/p>\n<h3>5. Der Cross-Training-Spezialist<\/h3>\n<p>W\u00e4hrend die T1 und T2 Generalisten sind, ist die T3 ein Spezialist f\u00fcr dynamische Bewegungen. Sie \u00fcberbr\u00fcckt die L\u00fccke zwischen einer Standard-Stange f\u00fcr das Fitnessstudio und einer speziellen $800-Wettkampfstange. Sie bietet den Spin, der f\u00fcr ein ernsthaftes Training im Oly-Heben erforderlich ist, zu einem Preis, der f\u00fcr Fitnessstudios erschwinglich ist.<\/p>\n<h3>F\u00fcr wen ist das?<\/h3>\n<ul style=\"list-style-position: inside; padding-left: 0;\">\n<li>Gewichtheber, die eine Trainingsstange mit hoher Drehung ben\u00f6tigen.<\/li>\n<li>Fitnessstudios, die ihren allgemeinen Barrenbestand auf etwas Schnelleres umstellen wollen.<\/li>\n<li>Heber, die die Langlebigkeit von Chemical Chrome H\u00fclsen sch\u00e4tzen.<\/li>\n<li>Jeder, der von langsam drehenden Stangen Schmerzen im Handgelenk hat.<\/li>\n<\/ul>\n<h3>Produktspezifikationen<\/h3>\n<table border=\"1\" width=\"100%\" cellspacing=\"0\" cellpadding=\"5\">\n<tbody>\n<tr>\n<td><strong>Modell<\/strong><\/td>\n<td>Olympische Stange-T3 (W01CB017)<\/td>\n<\/tr>\n<tr>\n<td><strong>Oberfl\u00e4che der Welle<\/strong><\/td>\n<td>Schwarze Elektrotauchlackierung (E-Coat)<\/td>\n<\/tr>\n<tr>\n<td><strong>Ausf\u00fchrung der H\u00fclse<\/strong><\/td>\n<td>Chemisch verchromt &amp; poliert<\/td>\n<\/tr>\n<tr>\n<td><strong>Zugfestigkeit<\/strong><\/td>\n<td>170.000 PSI<\/td>\n<\/tr>\n<tr>\n<td><strong>Drehung<\/strong><\/td>\n<td>Messingbuchse &amp; <strong>4 Lager<\/strong><\/td>\n<\/tr>\n<tr>\n<td><strong>Tragf\u00e4higkeit<\/strong><\/td>\n<td>1.000 Pfund<\/td>\n<\/tr>\n<\/tbody>\n<\/table>","protected":false},"excerpt":{"rendered":"<p>Die Olympic Bar-T3 von Alex Athletics ist eine leistungsorientierte Hantel, die auf Geschwindigkeit und Dynamik ausgelegt ist. Aufger\u00fcstet mit einem 4-Lager-Rotationssystem, bietet sie \u00fcberlegenen Spin f\u00fcr das olympische Gewichtheben, reduziert das Drehmoment aus dem Handgelenk und verbessert die Umsatzgeschwindigkeit. Der Schaft ist mit einer haltbaren Elektro-Beschichtung (E-Coat) versehen, die f\u00fcr eine hervorragende Griffigkeit und Rostbest\u00e4ndigkeit sorgt, w\u00e4hrend die H\u00fclsen in strapazierf\u00e4higem Chemie-Chrom ausgef\u00fchrt sind. Mit einer Zugfestigkeit von 170.000 PSI und einer Kapazit\u00e4t von 1.000 lb ist die T3 die ideale Wahl f\u00fcr Athleten, die eine schnellere, reaktionsfreudigere Hantel ben\u00f6tigen.<\/p>","protected":false},"featured_media":3788,"comment_status":"open","ping_status":"closed","template":"","meta":{"inline_featured_image":false,"site-sidebar-layout":"default","site-content-layout":"","ast-site-content-layout":"default","site-content-style":"default","site-sidebar-style":"default","ast-global-header-display":"","ast-banner-title-visibility":"","ast-main-header-display":"","ast-hfb-above-header-display":"","ast-hfb-below-header-display":"","ast-hfb-mobile-header-display":"","site-post-title":"","ast-breadcrumbs-content":"","ast-featured-img":"","footer-sml-layout":"","ast-disable-related-posts":"","theme-transparent-header-meta":"default","adv-header-id-meta":"","stick-header-meta":"default","header-above-stick-meta":"","header-main-stick-meta":"","header-below-stick-meta":"","astra-migrate-meta-layouts":"set","ast-page-background-enabled":"default","ast-page-background-meta":{"desktop":{"background-color":"","background-image":"","background-repeat":"repeat","background-position":"center center","background-size":"auto","background-attachment":"scroll","background-type":"","background-media":"","overlay-type":"","overlay-color":"","overlay-opacity":"","overlay-gradient":""},"tablet":{"background-color":"","background-image":"","background-repeat":"repeat","background-position":"center center","background-size":"auto","background-attachment":"scroll","background-type":"","background-media":"","overlay-type":"","overlay-color":"","overlay-opacity":"","overlay-gradient":""},"mobile":{"background-color":"","background-image":"","background-repeat":"repeat","background-position":"center center","background-size":"auto","background-attachment":"scroll","background-type":"","background-media":"","overlay-type":"","overlay-color":"","overlay-opacity":"","overlay-gradient":""}},"ast-content-background-meta":{"desktop":{"background-color":"var(--ast-global-color-5)","background-image":"","background-repeat":"repeat","background-position":"center center","background-size":"auto","background-attachment":"scroll","background-type":"","background-media":"","overlay-type":"","overlay-color":"","overlay-opacity":"","overlay-gradient":""},"tablet":{"background-color":"var(--ast-global-color-5)","background-image":"","background-repeat":"repeat","background-position":"center center","background-size":"auto","background-attachment":"scroll","background-type":"","background-media":"","overlay-type":"","overlay-color":"","overlay-opacity":"","overlay-gradient":""},"mobile":{"background-color":"var(--ast-global-color-5)","background-image":"","background-repeat":"repeat","background-position":"center center","background-size":"auto","background-attachment":"scroll","background-type":"","background-media":"","overlay-type":"","overlay-color":"","overlay-opacity":"","overlay-gradient":""}}},"product_brand":[],"product_cat":[55],"product_tag":[58],"class_list":{"0":"post-2892","1":"product","2":"type-product","3":"status-publish","4":"has-post-thumbnail","6":"product_cat-free-weight-training","7":"product_tag-carry-bars","8":"desktop-align-left","9":"tablet-align-left","10":"mobile-align-left","12":"first","13":"instock","14":"shipping-taxable","15":"purchasable","16":"product-type-simple"},"_links":{"self":[{"href":"https:\/\/alexathletics1982.com\/de\/wp-json\/wp\/v2\/product\/2892","targetHints":{"allow":["GET"]}}],"collection":[{"href":"https:\/\/alexathletics1982.com\/de\/wp-json\/wp\/v2\/product"}],"about":[{"href":"https:\/\/alexathletics1982.com\/de\/wp-json\/wp\/v2\/types\/product"}],"replies":[{"embeddable":true,"href":"https:\/\/alexathletics1982.com\/de\/wp-json\/wp\/v2\/comments?post=2892"}],"wp:featuredmedia":[{"embeddable":true,"href":"https:\/\/alexathletics1982.com\/de\/wp-json\/wp\/v2\/media\/3788"}],"wp:attachment":[{"href":"https:\/\/alexathletics1982.com\/de\/wp-json\/wp\/v2\/media?parent=2892"}],"wp:term":[{"taxonomy":"product_brand","embeddable":true,"href":"https:\/\/alexathletics1982.com\/de\/wp-json\/wp\/v2\/product_brand?post=2892"},{"taxonomy":"product_cat","embeddable":true,"href":"https:\/\/alexathletics1982.com\/de\/wp-json\/wp\/v2\/product_cat?post=2892"},{"taxonomy":"product_tag","embeddable":true,"href":"https:\/\/alexathletics1982.com\/de\/wp-json\/wp\/v2\/product_tag?post=2892"}],"curies":[{"name":"wp","href":"https:\/\/api.w.org\/{rel}","templated":true}]}}