{"id":2900,"date":"2026-01-23T20:19:59","date_gmt":"2026-01-23T12:19:59","guid":{"rendered":"https:\/\/alexathletics1982.com\/?post_type=product&#038;p=2900"},"modified":"2026-04-10T22:44:05","modified_gmt":"2026-04-10T14:44:05","slug":"magstow-halsband-typ-1","status":"publish","type":"product","link":"https:\/\/alexathletics1982.com\/de\/magstow-collar-type-1\/","title":{"rendered":"Magstow Halsband Typ 1"},"content":{"rendered":"<h2>Schnappen, verriegeln, kleben: Das magnetische Magstow-Halsband<\/h2>\n<p>In einem belebten Fitnessstudio sind Langhantelmanschetten die am h\u00e4ufigsten verlorenen Gegenst\u00e4nde, die oft unter die St\u00e4nder gekickt oder auf dem Boden verstreut werden. Das Magstow Collar von Alex Athletics stellt eine brillante L\u00f6sung f\u00fcr dieses Chaos vor: integrierte magnetische Aufbewahrung. Die mit starken Magneten ausgestatteten Halsb\u00e4nder sind so konzipiert, dass sie bei Nichtgebrauch direkt an den Stahlst\u00fctzen Ihres Power Racks, Kniebeugenst\u00e4nders oder Rigs \u201ckleben\u201d. Diese einfache Innovation stellt sicher, dass Ihre Halsb\u00e4nder immer in Reichweite sind, wodurch Ihr Fitnessstudio organisiert bleibt und der Arbeitsablauf effizienter wird. Sie brauchen nicht mehr nach einem passenden Paar zu suchen; nehmen Sie sie einfach aus dem Rack, schnappen Sie sie auf die Stange und heben Sie.<\/p>\n<p>Das Magstow Collar ist nicht nur magnetisch, sondern auch ein leistungsstarker Verschlussmechanismus. Er verf\u00fcgt \u00fcber einen schnell wirkenden Hebelverschluss, der die Hantelh\u00fclse sicher festh\u00e4lt. Im Gegensatz zu Federklemmen, die bei schweren St\u00f6\u00dfen verrutschen k\u00f6nnen, \u00fcbt die Magstow-Manschette einen Druck auf den Umfang aus, der die Platten festh\u00e4lt, selbst bei wiederholtem Fallenlassen von Sto\u00dfplatten beim olympischen Heben. Die Innenseite ist mit Schutzpads ausgekleidet, die die Chromh\u00fclse festhalten, ohne die Oberfl\u00e4che der Hantel zu zerkratzen oder zu besch\u00e4digen. Die Magstow-Serie ist in mehreren Varianten (Typ 1\/2\/3) erh\u00e4ltlich, um verschiedenen \u00e4sthetischen Vorlieben oder Verriegelungsarten gerecht zu werden, und stellt die perfekte Mischung aus modernem Komfort und kompromissloser Sicherheit dar. Sie ist das Upgrade, das jeder Gep\u00e4cktr\u00e4ger verdient.<\/p>\n<h3>1. Komfortable magnetische Lagerung<\/h3>\n<p>Das entscheidende Merkmal ist die \u201cMagstow\u201d-Technologie. Hochfeste Magnete sorgen daf\u00fcr, dass das Halsband fest an jeder eisenhaltigen Metalloberfl\u00e4che (z. B. Regalst\u00fctzen) befestigt werden kann. Dies l\u00f6st das uralte Problem: \u201cWo habe ich die Clips hingetan?\u201d Es h\u00e4lt den Boden im Fitnessstudio frei von Stolperfallen und sorgt daf\u00fcr, dass Ihre Halsb\u00e4nder einen festen Platz direkt neben Ihrer Langhantel haben.<\/p>\n<h3>2. Quick-Lock-Verschluss sichern<\/h3>\n<p>Schnelligkeit z\u00e4hlt. Der Hebelverriegelungsmechanismus erm\u00f6glicht eine einh\u00e4ndige Bedienung. Sie schieben das Halsband einfach auf und klappen den Riegel um, um es zu sichern. Das geht deutlich schneller und einfacher als das Zusammendr\u00fccken eines steifen Federhalsbandes, sodass der Plattenwechsel bei Drop-Sets oder Intervalltraining nahtlos und ohne Frustration vonstatten geht.<\/p>\n<h3>3. Langhantel-Schutzpads<\/h3>\n<p>Der Schutz Ihrer Investition ist entscheidend. Das Innere der Manschette ist mit gummierten oder elastomeren Polstern versehen. Diese Polster sorgen f\u00fcr die n\u00f6tige Reibung, um die Gewichte an Ort und Stelle zu halten, und stellen gleichzeitig sicher, dass der Metallmechanismus niemals die Hantelh\u00fclle ber\u00fchrt. Dies verhindert Kratzer und Schrammen, die billige Metallmanschetten oft an teuren Stangen verursachen.<\/p>\n<h3>4. Hohe Schlagkraft und Haltekraft<\/h3>\n<p>Sie sind nicht nur zum Anschauen da, sondern auch zum Halten. Das Klemmdesign sorgt f\u00fcr einen festen, sicheren Sitz, der auch dann nicht verrutscht, wenn die Hantel von oben fallen gelassen wird. Diese Zuverl\u00e4ssigkeit macht sie geeignet f\u00fcr dynamische Bewegungen wie die Clean &amp; Jerk oder High-Rep Deadlifts, wo Platte Verschieben kann gef\u00e4hrlich und ablenkend sein.<\/p>\n<h3>5. Langlebige &amp; leichte Konstruktion<\/h3>\n<p>Das aus hochschlagfestem Nylon oder Verbundwerkstoff gefertigte Halsband ist leicht und dennoch unglaublich robust. Es \u00fcbersteht die St\u00f6\u00dfe von St\u00fcrzen, ohne zu brechen. Das geringe Gewicht bedeutet, dass es kein zus\u00e4tzliches, unberechnetes Gewicht zu Ihrem Aufzug hinzuf\u00fcgt, wodurch die Genauigkeit Ihrer Trainingszahlen erhalten bleibt.<\/p>\n<h3>F\u00fcr wen ist das?<\/h3>\n<ul style=\"list-style-position: inside; padding-left: 0;\">\n<li>Besitzer eines Fitnessstudios, die Wert auf Ordnung und Sauberkeit legen.<\/li>\n<li>Kommerzielle Fitnessstudios, die den Verlust von Ger\u00e4ten reduzieren wollen.<\/li>\n<li>Heber, die es leid sind, sich mit steifen Federklammern herumzuschlagen.<\/li>\n<li>Jeder, der seine Langhantelh\u00fcllen vor Kratzern sch\u00fctzen m\u00f6chte.<\/li>\n<\/ul>\n<h3>Produktspezifikationen<\/h3>\n<table border=\"1\" width=\"100%\" cellspacing=\"0\" cellpadding=\"5\">\n<tbody>\n<tr>\n<td><strong>Typ<\/strong><\/td>\n<td>Magnetische Hantelmanschette<\/td>\n<\/tr>\n<tr>\n<td><strong>Fit<\/strong><\/td>\n<td>50mm Olympische \u00c4rmel<\/td>\n<\/tr>\n<tr>\n<td><strong>Merkmal<\/strong><\/td>\n<td>Magnetische Lagerung, Schnellverschluss<\/td>\n<\/tr>\n<tr>\n<td><strong>Material<\/strong><\/td>\n<td>Verbundstoff\/Nylon, Gummipolster<\/td>\n<\/tr>\n<tr>\n<td><strong>Vorteile<\/strong><\/td>\n<td>Organisation, Geschwindigkeit, Barschutz<\/td>\n<\/tr>\n<\/tbody>\n<\/table>","protected":false},"excerpt":{"rendered":"<p>Das Magstow Collar von Alex Athletics revolutioniert die Organisation im Fitnessstudio mit seinem integrierten magnetischen Aufbewahrungssystem. Diese Hochleistungshalsb\u00e4nder haften direkt an Ihrem Power Rack oder Rig, wenn sie nicht in Gebrauch sind, so dass sie immer zug\u00e4nglich sind und nie verloren gehen. Mit ihrem sicheren Schnellverschluss-Hebelmechanismus klemmen sie sich fest an die Hantelstange, um ein Verrutschen der Platten bei St\u00fcrzen zu verhindern, w\u00e4hrend die Innenpolster die Hantelh\u00fclle vor Kratzern sch\u00fctzen. Langlebig, schnell und unglaublich praktisch - das Magstow Collar ist das ultimative Upgrade f\u00fcr jedes private oder kommerzielle Fitnessstudio.<\/p>","protected":false},"featured_media":3382,"comment_status":"open","ping_status":"closed","template":"","meta":{"inline_featured_image":false,"site-sidebar-layout":"default","site-content-layout":"","ast-site-content-layout":"default","site-content-style":"default","site-sidebar-style":"default","ast-global-header-display":"","ast-banner-title-visibility":"","ast-main-header-display":"","ast-hfb-above-header-display":"","ast-hfb-below-header-display":"","ast-hfb-mobile-header-display":"","site-post-title":"","ast-breadcrumbs-content":"","ast-featured-img":"","footer-sml-layout":"","ast-disable-related-posts":"","theme-transparent-header-meta":"default","adv-header-id-meta":"","stick-header-meta":"default","header-above-stick-meta":"","header-main-stick-meta":"","header-below-stick-meta":"","astra-migrate-meta-layouts":"set","ast-page-background-enabled":"default","ast-page-background-meta":{"desktop":{"background-color":"","background-image":"","background-repeat":"repeat","background-position":"center center","background-size":"auto","background-attachment":"scroll","background-type":"","background-media":"","overlay-type":"","overlay-color":"","overlay-opacity":"","overlay-gradient":""},"tablet":{"background-color":"","background-image":"","background-repeat":"repeat","background-position":"center center","background-size":"auto","background-attachment":"scroll","background-type":"","background-media":"","overlay-type":"","overlay-color":"","overlay-opacity":"","overlay-gradient":""},"mobile":{"background-color":"","background-image":"","background-repeat":"repeat","background-position":"center center","background-size":"auto","background-attachment":"scroll","background-type":"","background-media":"","overlay-type":"","overlay-color":"","overlay-opacity":"","overlay-gradient":""}},"ast-content-background-meta":{"desktop":{"background-color":"var(--ast-global-color-5)","background-image":"","background-repeat":"repeat","background-position":"center center","background-size":"auto","background-attachment":"scroll","background-type":"","background-media":"","overlay-type":"","overlay-color":"","overlay-opacity":"","overlay-gradient":""},"tablet":{"background-color":"var(--ast-global-color-5)","background-image":"","background-repeat":"repeat","background-position":"center center","background-size":"auto","background-attachment":"scroll","background-type":"","background-media":"","overlay-type":"","overlay-color":"","overlay-opacity":"","overlay-gradient":""},"mobile":{"background-color":"var(--ast-global-color-5)","background-image":"","background-repeat":"repeat","background-position":"center center","background-size":"auto","background-attachment":"scroll","background-type":"","background-media":"","overlay-type":"","overlay-color":"","overlay-opacity":"","overlay-gradient":""}}},"product_brand":[],"product_cat":[55],"product_tag":[58],"class_list":{"0":"post-2900","1":"product","2":"type-product","3":"status-publish","4":"has-post-thumbnail","6":"product_cat-free-weight-training","7":"product_tag-carry-bars","8":"desktop-align-left","9":"tablet-align-left","10":"mobile-align-left","12":"first","13":"instock","14":"shipping-taxable","15":"purchasable","16":"product-type-simple"},"_links":{"self":[{"href":"https:\/\/alexathletics1982.com\/de\/wp-json\/wp\/v2\/product\/2900","targetHints":{"allow":["GET"]}}],"collection":[{"href":"https:\/\/alexathletics1982.com\/de\/wp-json\/wp\/v2\/product"}],"about":[{"href":"https:\/\/alexathletics1982.com\/de\/wp-json\/wp\/v2\/types\/product"}],"replies":[{"embeddable":true,"href":"https:\/\/alexathletics1982.com\/de\/wp-json\/wp\/v2\/comments?post=2900"}],"wp:featuredmedia":[{"embeddable":true,"href":"https:\/\/alexathletics1982.com\/de\/wp-json\/wp\/v2\/media\/3382"}],"wp:attachment":[{"href":"https:\/\/alexathletics1982.com\/de\/wp-json\/wp\/v2\/media?parent=2900"}],"wp:term":[{"taxonomy":"product_brand","embeddable":true,"href":"https:\/\/alexathletics1982.com\/de\/wp-json\/wp\/v2\/product_brand?post=2900"},{"taxonomy":"product_cat","embeddable":true,"href":"https:\/\/alexathletics1982.com\/de\/wp-json\/wp\/v2\/product_cat?post=2900"},{"taxonomy":"product_tag","embeddable":true,"href":"https:\/\/alexathletics1982.com\/de\/wp-json\/wp\/v2\/product_tag?post=2900"}],"curies":[{"name":"wp","href":"https:\/\/api.w.org\/{rel}","templated":true}]}}