{"id":2905,"date":"2026-01-23T20:19:59","date_gmt":"2026-01-23T12:19:59","guid":{"rendered":"https:\/\/alexathletics1982.com\/?post_type=product&#038;p=2905"},"modified":"2026-04-08T22:34:02","modified_gmt":"2026-04-08T14:34:02","slug":"2-gusseisenmanschetten-a-5-kg","status":"publish","type":"product","link":"https:\/\/alexathletics1982.com\/de\/2-5-kg-cast-iron-collars\/","title":{"rendered":"2,5 KG Gusseisenkragen"},"content":{"rendered":"<h2>Robuste Zuverl\u00e4ssigkeit: 2,5 KG Gusseisen-Trainingshalsb\u00e4nder<\/h2>\n<p>Das Training erfordert die gleiche Pr\u00e4zision wie der Wettkampf, verlangt aber eine noch gr\u00f6\u00dfere Haltbarkeit. Die 2,5 KG Gusseisenhalsb\u00e4nder von Alex Athletics sind die \u201cArbeitspferd\u201d-Version des Wettkampfhalsbandes. Diese in Vietnam hergestellten Halsb\u00e4nder haben genau das gleiche Gewicht von 2,5 kg und die sichere Verriegelungsfunktion des verchromten Modells, sind aber aus robustem Gusseisen mit einer haltbaren Pulverbeschichtung gefertigt. Diese Beschichtung sorgt f\u00fcr eine f\u00fchlbare, griffige Textur und ist besonders widerstandsf\u00e4hig gegen Abplatzungen und Korrosion in feuchten Fitnessstudios. Die wichtigste Neuerung bei diesem Modell (W06AC003) ist das Profil; Alex hat es so gestaltet, dass es d\u00fcnner ist als fr\u00fchere Modelle. Diese Verschlankung ist ein strategischer Vorteil, da dadurch wertvoller Platz auf der Hantelh\u00fclse frei wird, um mehr Hantelscheiben aufzunehmen - ein entscheidendes Merkmal f\u00fcr schwere Squatter und Deadlifter.<\/p>\n<p>Wie ihre verchromten Gegenst\u00fccke verf\u00fcgen auch diese Manschetten \u00fcber eine beidseitige Verriegelung, die durch eine patentierte T-Schraube angetrieben wird. Dieser Mechanismus erm\u00f6glicht es dem Benutzer, die Manschette fest gegen den Plattenstapel zu kurbeln, wodurch die Gewichte zu einem festen Block zusammengepresst werden. Dadurch wird die Ablenkung durch klappernde Platten und die Gefahr einer Lastverschiebung w\u00e4hrend des Hebens beseitigt. Sie haben zwar nicht den Hochglanz der Wettkampfversion, aber ihre schwarze Industrieoptik signalisiert, dass sie f\u00fcr harte Arbeit gebaut sind. Sie bieten das perfekte Gleichgewicht zwischen professioneller Leistung und kosteneffizienter Langlebigkeit f\u00fcr kommerzielle Fitnessstudios, Trainingshallen und ernsthafte private Einrichtungen.<\/p>\n<h3>1. Platzsparendes schlankes Profil<\/h3>\n<p>Wenn der Platz in der Manschette knapp wird, ist das ein echtes Problem f\u00fcr Spitzenathleten. Die Alex Cast Iron Collars verf\u00fcgen \u00fcber ein raffiniertes, d\u00fcnneres Design im Vergleich zu herk\u00f6mmlichen, sperrigen Manschetten. Dieser zus\u00e4tzliche Millimeter Platz erm\u00f6glicht es Ihnen, eine zus\u00e4tzliche 25-kg-Platte oder einen Bruchteil einer Platte anzubringen, die sonst abrutschen k\u00f6nnte. Dadurch wird das Belastungspotenzial Ihrer Langhantel maximiert.<\/p>\n<h3>2. Kalibriertes 2,5 kg Trainingsgewicht<\/h3>\n<p>Trainieren wie im Wettkampf. Diese Halsb\u00e4nder wiegen jeweils 2,5 kg und stellen sicher, dass Ihre Trainingsberechnungen mit den Wettkampfstandards \u00fcbereinstimmen. Die Verwendung eines einheitlichen Halsbandgewichts erm\u00f6glicht es Ihnen, Ihre Fortschritte genau zu verfolgen, ohne die Variabilit\u00e4t von leichten Federklammern oder Plastikverschl\u00fcssen. Es bringt einen professionellen Standard in das t\u00e4gliche Training.<\/p>\n<h3>3. Langlebiges pulverbeschichtetes Gusseisen<\/h3>\n<p>Gusseisen ist schwer, dicht und z\u00e4h. Die pulverbeschichtete Oberfl\u00e4che bietet eine zus\u00e4tzliche Schutzschicht, die griffiger und robuster ist als Chrom. Es widersteht dem Schwei\u00df und der Kreide in einer Trainingsumgebung und verbirgt Kratzer gut. Der industrielle Look passt perfekt in Kraftdreikampfclubs und Hardcore-Fitnessstudios.<\/p>\n<h3>4. Patentiertes T-Schraubenschloss<\/h3>\n<p>Die Sicherheit hat Priorit\u00e4t. Der patentierte T-Schrauben-Mechanismus bietet einen mechanischen Vorteil, der es Ihnen erm\u00f6glicht, das Halsband mit erheblichem Kraftaufwand festzuziehen. Einmal verriegelt, bleibt sie verriegelt. Dies verhindert das \u201cWandern\u201d der Platten, das bei Touch-and-Go-Totalheben mit hohen Wiederholungen oder wiederholtem Fallenlassen der Stange auftreten kann.<\/p>\n<h3>5. Kosteneffiziente Leistung<\/h3>\n<p>Diese Halsb\u00e4nder bieten die funktionellen Vorteile der verchromten High-End-Wettkampfhalsb\u00e4nder - Gewicht, Sicherheit und Stabilit\u00e4t - zu einem erschwinglicheren Preis. Sie sind die kluge Wahl f\u00fcr die Ausstattung mehrerer Plattformen in einem Fitnessstudio, in dem die Funktion Vorrang vor der Optik hat. Sie liefern 100% der Leistung, die f\u00fcr schweres Training ben\u00f6tigt wird.<\/p>\n<h3>F\u00fcr wen ist das?<\/h3>\n<ul style=\"list-style-position: inside; padding-left: 0;\">\n<li>Trainingshallen f\u00fcr Kraftdreikampf und Gewichtheben.<\/li>\n<li>Heber, die ein maximales Gewicht tragen m\u00fcssen (d\u00fcnnes Profil).<\/li>\n<li>Fitnessstudiobesitzer, die langlebige, pflegeleichte schwere Halsb\u00e4nder suchen.<\/li>\n<li>Athleten, die die Stabilit\u00e4t eines 2,5 kg schweren Halsbandes f\u00fcr das t\u00e4gliche Training w\u00fcnschen.<\/li>\n<li>Fitnessstudios, die wettkampftaugliche Sicherheit zu einem g\u00fcnstigen Preis w\u00fcnschen.<\/li>\n<\/ul>\n<h3>Produktspezifikationen<\/h3>\n<table border=\"1\" width=\"100%\" cellspacing=\"0\" cellpadding=\"5\">\n<tbody>\n<tr>\n<td><strong>Modell<\/strong><\/td>\n<td>W06AC003<\/td>\n<\/tr>\n<tr>\n<td><strong>Material<\/strong><\/td>\n<td>Gusseisen, pulverbeschichtet<\/td>\n<\/tr>\n<tr>\n<td><strong>Gewicht<\/strong><\/td>\n<td>2,5 kg\/St\u00fcck (5 kg\/Paar)<\/td>\n<\/tr>\n<tr>\n<td><strong>Abmessungen<\/strong><\/td>\n<td>L 130 x B 120 x H 52 mm<\/td>\n<\/tr>\n<tr>\n<td><strong>Merkmal<\/strong><\/td>\n<td>D\u00fcnneres Profil, T-Schrauben-Verschluss<\/td>\n<\/tr>\n<\/tbody>\n<\/table>","protected":false},"excerpt":{"rendered":"<p>Die 2,5 KG Cast Iron Collars von Alex Athletics bieten robuste, professionelle Sicherheit f\u00fcr schweres Training. Mit einem platzsparenden, d\u00fcnneren Profil erm\u00f6glichen sie eine maximale Belastung der Langhantelh\u00fclse mit Platten. Mit einem kalibrierten Gewicht von jeweils 2,5 kg entsprechen sie den Wettkampfbedingungen. Die langlebige, pulverbeschichtete Gusseisenkonstruktion und der patentierte T-Schrauben-Verschlussmechanismus sorgen daf\u00fcr, dass die Platten fest komprimiert und sicher bleiben, wodurch ein Klappern und Verrutschen verhindert wird. Diese Manschetten sind die langlebige, kosteng\u00fcnstige Wahl f\u00fcr ernsthafte Kraftdreik\u00e4mpfer und Gewichtheber, die unersch\u00fctterliche Stabilit\u00e4t verlangen.<\/p>","protected":false},"featured_media":3217,"comment_status":"open","ping_status":"closed","template":"","meta":{"inline_featured_image":false,"site-sidebar-layout":"default","site-content-layout":"","ast-site-content-layout":"default","site-content-style":"default","site-sidebar-style":"default","ast-global-header-display":"","ast-banner-title-visibility":"","ast-main-header-display":"","ast-hfb-above-header-display":"","ast-hfb-below-header-display":"","ast-hfb-mobile-header-display":"","site-post-title":"","ast-breadcrumbs-content":"","ast-featured-img":"","footer-sml-layout":"","ast-disable-related-posts":"","theme-transparent-header-meta":"default","adv-header-id-meta":"","stick-header-meta":"default","header-above-stick-meta":"","header-main-stick-meta":"","header-below-stick-meta":"","astra-migrate-meta-layouts":"set","ast-page-background-enabled":"default","ast-page-background-meta":{"desktop":{"background-color":"","background-image":"","background-repeat":"repeat","background-position":"center center","background-size":"auto","background-attachment":"scroll","background-type":"","background-media":"","overlay-type":"","overlay-color":"","overlay-opacity":"","overlay-gradient":""},"tablet":{"background-color":"","background-image":"","background-repeat":"repeat","background-position":"center center","background-size":"auto","background-attachment":"scroll","background-type":"","background-media":"","overlay-type":"","overlay-color":"","overlay-opacity":"","overlay-gradient":""},"mobile":{"background-color":"","background-image":"","background-repeat":"repeat","background-position":"center center","background-size":"auto","background-attachment":"scroll","background-type":"","background-media":"","overlay-type":"","overlay-color":"","overlay-opacity":"","overlay-gradient":""}},"ast-content-background-meta":{"desktop":{"background-color":"var(--ast-global-color-5)","background-image":"","background-repeat":"repeat","background-position":"center center","background-size":"auto","background-attachment":"scroll","background-type":"","background-media":"","overlay-type":"","overlay-color":"","overlay-opacity":"","overlay-gradient":""},"tablet":{"background-color":"var(--ast-global-color-5)","background-image":"","background-repeat":"repeat","background-position":"center center","background-size":"auto","background-attachment":"scroll","background-type":"","background-media":"","overlay-type":"","overlay-color":"","overlay-opacity":"","overlay-gradient":""},"mobile":{"background-color":"var(--ast-global-color-5)","background-image":"","background-repeat":"repeat","background-position":"center center","background-size":"auto","background-attachment":"scroll","background-type":"","background-media":"","overlay-type":"","overlay-color":"","overlay-opacity":"","overlay-gradient":""}}},"product_brand":[],"product_cat":[55],"product_tag":[58],"class_list":{"0":"post-2905","1":"product","2":"type-product","3":"status-publish","4":"has-post-thumbnail","6":"product_cat-free-weight-training","7":"product_tag-carry-bars","8":"desktop-align-left","9":"tablet-align-left","10":"mobile-align-left","12":"first","13":"instock","14":"shipping-taxable","15":"purchasable","16":"product-type-simple"},"_links":{"self":[{"href":"https:\/\/alexathletics1982.com\/de\/wp-json\/wp\/v2\/product\/2905","targetHints":{"allow":["GET"]}}],"collection":[{"href":"https:\/\/alexathletics1982.com\/de\/wp-json\/wp\/v2\/product"}],"about":[{"href":"https:\/\/alexathletics1982.com\/de\/wp-json\/wp\/v2\/types\/product"}],"replies":[{"embeddable":true,"href":"https:\/\/alexathletics1982.com\/de\/wp-json\/wp\/v2\/comments?post=2905"}],"wp:featuredmedia":[{"embeddable":true,"href":"https:\/\/alexathletics1982.com\/de\/wp-json\/wp\/v2\/media\/3217"}],"wp:attachment":[{"href":"https:\/\/alexathletics1982.com\/de\/wp-json\/wp\/v2\/media?parent=2905"}],"wp:term":[{"taxonomy":"product_brand","embeddable":true,"href":"https:\/\/alexathletics1982.com\/de\/wp-json\/wp\/v2\/product_brand?post=2905"},{"taxonomy":"product_cat","embeddable":true,"href":"https:\/\/alexathletics1982.com\/de\/wp-json\/wp\/v2\/product_cat?post=2905"},{"taxonomy":"product_tag","embeddable":true,"href":"https:\/\/alexathletics1982.com\/de\/wp-json\/wp\/v2\/product_tag?post=2905"}],"curies":[{"name":"wp","href":"https:\/\/api.w.org\/{rel}","templated":true}]}}