{"id":2906,"date":"2026-01-23T20:19:59","date_gmt":"2026-01-23T12:19:59","guid":{"rendered":"https:\/\/alexathletics1982.com\/?post_type=product&#038;p=2906"},"modified":"2026-04-10T22:28:18","modified_gmt":"2026-04-10T14:28:18","slug":"schnellverschlusskragen","status":"publish","type":"product","link":"https:\/\/alexathletics1982.com\/de\/quick-release-collars\/","title":{"rendered":"Schnellverschluss-Halsb\u00e4nder"},"content":{"rendered":"<h2>Erstklassige Sicherheit: Aluminium-Schnellverschluss-Halsb\u00e4nder<\/h2>\n<p>F\u00fcr Athleten, die Wert auf Schnelligkeit, \u00c4sthetik und kompromisslose Leistung legen, ist das Aluminium-Schnellverschlusshalsband von Alex Athletics das ultimative Upgrade. W\u00e4hrend Kunststoffhalsb\u00e4nder funktionell sind, bietet Aluminium ein Ma\u00df an Steifigkeit und Haltbarkeit, das Harz einfach nicht erreichen kann. Die aus einer hochwertigen Aluminiumlegierung gefertigten Manschetten sind so konstruiert, dass sie auch den h\u00e4rtesten Bedingungen standhalten, wie z. B. in kommerziellen Gewichtheberhallen. Das Metallgeh\u00e4use sorgt f\u00fcr ein beruhigendes Gewicht und Solidit\u00e4t und gew\u00e4hrleistet, dass der Verriegelungsmechanismus auch nach Tausenden von \u00d6ffnungs- und Schlie\u00dfzyklen pr\u00e4zise und fest bleibt. Sie sind so konstruiert, dass sie die H\u00fclse mit immenser Kraft festklemmen und so ein Verrutschen der Platte bei hochvolumigen Zyklen von Hanteln oder heftigen St\u00fcrzen von oben verhindern.<\/p>\n<p>Trotz ihrer robusten Metallkonstruktion sind diese Manschetten leicht (ca. 0,38 kg\/Paar), so dass sie das kalibrierte Gewicht Ihres Lifts nicht beeintr\u00e4chtigen. Die Oberfl\u00e4che ist mit einem eloxierten Finish behandelt, das in leuchtenden Farben erh\u00e4ltlich ist, die Kratzern und Korrosion widerstehen und Ihrem Setup einen Hauch von professionellem Stil verleihen. Im Inneren befindet sich eine gummierte Auskleidung, die die Hantelh\u00fclse sicher festh\u00e4lt. Diese Auskleidung erf\u00fcllt einen doppelten Zweck: Sie erzeugt Reibung, um ein Verrutschen der Gewichte zu verhindern, und sie sch\u00fctzt die teure Chromoberfl\u00e4che Ihrer Hantelstange vor Metall-auf-Metall-Kontakt. Der Schnellspannhebel ist ergonomisch geformt und l\u00e4sst sich m\u00fchelos mit einer Hand bedienen, so dass Sie die Gewichte in Sekundenschnelle wechseln k\u00f6nnen, ohne Ihre Griffkraft zu beeintr\u00e4chtigen.<\/p>\n<h3>1. Hochfeste Aluminiumlegierung<\/h3>\n<p>Der wichtigste Vorteil ist das Material. Eine Aluminiumlegierung ist wesentlich st\u00e4rker als Kunststoff und widersteht Rissen oder Verformungen unter Druck. Diese Steifigkeit f\u00fchrt zu einer festeren Klemmung der Stange. Wenn Sie den Hebel verriegeln, bleibt die Schelle an Ort und Stelle. Es bietet die Langlebigkeit einer Metallschelle mit dem Komfort eines Schnellverschlusses.<\/p>\n<h3>2. Fast Action Schnellspannhebel<\/h3>\n<p>Effizienz ist das A und O beim Workout. Der Cam-Lock-Hebelmechanismus erm\u00f6glicht ein sofortiges Ver- und Entriegeln. Sie k\u00f6nnen ihn mit einem befriedigenden Klick schlie\u00dfen und mit einem Daumenschnippen \u00f6ffnen. Diese Geschwindigkeit ist von unsch\u00e4tzbarem Wert f\u00fcr Drop-Sets, Zirkeltraining oder das schnelle Abnehmen der Hantel nach einer schweren Kreuzhebesitzung.<\/p>\n<h3>3. Sch\u00fctzende Innenauskleidung<\/h3>\n<p>Metall auf Metall ist ein Rezept f\u00fcr zerkratzte Ausr\u00fcstung. Die Alex-Aluminiumh\u00fclsen verf\u00fcgen \u00fcber eine dauerhafte Innenauskleidung aus Gummi. Dieses Polster absorbiert die Klemmkraft und verteilt sie gleichm\u00e4\u00dfig um die H\u00fclse herum, um zu verhindern, dass die Oberfl\u00e4che Ihrer Hantelstange zerkratzt oder besch\u00e4digt wird. Au\u00dferdem erh\u00f6ht es den Reibungskoeffizienten und sorgt daf\u00fcr, dass die Manschette nicht verrutscht, selbst wenn die Hantel auf den Boden f\u00e4llt.<\/p>\n<h3>4. Eloxiert Langlebigkeit &amp; Stil<\/h3>\n<p>Das Finish ist keine Farbe, sondern Eloxierung. Bei diesem elektrochemischen Verfahren wird die Farbe in die Metalloberfl\u00e4che integriert, wodurch eine harte, verschlei\u00dffeste H\u00fclle entsteht, die nicht wie Farbe abbl\u00e4ttert oder abbl\u00e4ttert. So sehen die Halsb\u00e4nder immer hochwertig und neu aus und widerstehen dem Schwei\u00df und der Kreide in der Turnhalle.<\/p>\n<h3>5. Leichte Leistung<\/h3>\n<p>Mit einem Gewicht von nur 0,38 kg pro Paar bieten diese Halsb\u00e4nder die Sicherheit von schweren Stahlhalsb\u00e4ndern, ohne dabei zu schwer zu sein. Sie sind leicht genug, um f\u00fcr das allgemeine Training vernachl\u00e4ssigbar zu sein, aber substantiell genug, um sich in der Hand hochwertig anzuf\u00fchlen. Sie stellen das perfekte Gleichgewicht von Form und Funktion dar.<\/p>\n<h3>F\u00fcr wen ist das?<\/h3>\n<ul style=\"list-style-position: inside; padding-left: 0;\">\n<li>Besitzer von Fitnessstudios zu Hause, die hochwertige, \u00e4sthetische Ger\u00e4te sch\u00e4tzen.<\/li>\n<li>Gewerbliche Fitnessstudios, die dauerhafte Halsbandl\u00f6sungen w\u00fcnschen.<\/li>\n<li>Gewichtheber, die zuverl\u00e4ssige Sicherheit f\u00fcr \u00dcberkopfst\u00fcrze ben\u00f6tigen.<\/li>\n<li>Jeder, der es leid ist, dass billige Plastikhalsb\u00e4nder kaputt gehen.<\/li>\n<\/ul>\n<h3>Produktspezifikationen<\/h3>\n<table border=\"1\" width=\"100%\" cellspacing=\"0\" cellpadding=\"5\">\n<tbody>\n<tr>\n<td><strong>Modell<\/strong><\/td>\n<td>W06DF001<\/td>\n<\/tr>\n<tr>\n<td><strong>Material<\/strong><\/td>\n<td>Aluminium-Legierung<\/td>\n<\/tr>\n<tr>\n<td><strong>Oberfl\u00e4che<\/strong><\/td>\n<td>Eloxiert<\/td>\n<\/tr>\n<tr>\n<td><strong>Gewicht<\/strong><\/td>\n<td>0,38 kg\/Paar<\/td>\n<\/tr>\n<tr>\n<td><strong>Mechanismus<\/strong><\/td>\n<td>Schnellverschluss mit Nockenverschluss<\/td>\n<\/tr>\n<\/tbody>\n<\/table>","protected":false},"excerpt":{"rendered":"<p>Die Aluminium-Schnellverschlusskragen von Alex Athletics vereinen erstklassige \u00c4sthetik mit hochbelastbarer Leistung. Hergestellt aus hochfester Aluminiumlegierung mit einer dauerhaften eloxierten Oberfl\u00e4che, bieten diese Manschetten \u00fcberlegene Steifigkeit und Langlebigkeit im Vergleich zu Kunststoff-Alternativen. Der Schnellspannhebel erm\u00f6glicht einen blitzschnellen Gewichtswechsel, w\u00e4hrend die sch\u00fctzende Gummierung die Stange fest umschlie\u00dft, ohne die H\u00fclse zu zerkratzen. Sie sind leicht und dennoch unglaublich sicher und verhindern das Verrutschen der Hantelscheiben bei hochintensiven Trainingseinheiten und St\u00fcrzen. Das ultimative Zubeh\u00f6r f\u00fcr Heber, die Geschwindigkeit, Stil und Sicherheit verlangen.<\/p>","protected":false},"featured_media":3442,"comment_status":"open","ping_status":"closed","template":"","meta":{"inline_featured_image":false,"site-sidebar-layout":"default","site-content-layout":"","ast-site-content-layout":"default","site-content-style":"default","site-sidebar-style":"default","ast-global-header-display":"","ast-banner-title-visibility":"","ast-main-header-display":"","ast-hfb-above-header-display":"","ast-hfb-below-header-display":"","ast-hfb-mobile-header-display":"","site-post-title":"","ast-breadcrumbs-content":"","ast-featured-img":"","footer-sml-layout":"","ast-disable-related-posts":"","theme-transparent-header-meta":"default","adv-header-id-meta":"","stick-header-meta":"default","header-above-stick-meta":"","header-main-stick-meta":"","header-below-stick-meta":"","astra-migrate-meta-layouts":"set","ast-page-background-enabled":"default","ast-page-background-meta":{"desktop":{"background-color":"","background-image":"","background-repeat":"repeat","background-position":"center center","background-size":"auto","background-attachment":"scroll","background-type":"","background-media":"","overlay-type":"","overlay-color":"","overlay-opacity":"","overlay-gradient":""},"tablet":{"background-color":"","background-image":"","background-repeat":"repeat","background-position":"center center","background-size":"auto","background-attachment":"scroll","background-type":"","background-media":"","overlay-type":"","overlay-color":"","overlay-opacity":"","overlay-gradient":""},"mobile":{"background-color":"","background-image":"","background-repeat":"repeat","background-position":"center center","background-size":"auto","background-attachment":"scroll","background-type":"","background-media":"","overlay-type":"","overlay-color":"","overlay-opacity":"","overlay-gradient":""}},"ast-content-background-meta":{"desktop":{"background-color":"var(--ast-global-color-5)","background-image":"","background-repeat":"repeat","background-position":"center center","background-size":"auto","background-attachment":"scroll","background-type":"","background-media":"","overlay-type":"","overlay-color":"","overlay-opacity":"","overlay-gradient":""},"tablet":{"background-color":"var(--ast-global-color-5)","background-image":"","background-repeat":"repeat","background-position":"center center","background-size":"auto","background-attachment":"scroll","background-type":"","background-media":"","overlay-type":"","overlay-color":"","overlay-opacity":"","overlay-gradient":""},"mobile":{"background-color":"var(--ast-global-color-5)","background-image":"","background-repeat":"repeat","background-position":"center center","background-size":"auto","background-attachment":"scroll","background-type":"","background-media":"","overlay-type":"","overlay-color":"","overlay-opacity":"","overlay-gradient":""}}},"product_brand":[],"product_cat":[55],"product_tag":[58],"class_list":{"0":"post-2906","1":"product","2":"type-product","3":"status-publish","4":"has-post-thumbnail","6":"product_cat-free-weight-training","7":"product_tag-carry-bars","8":"desktop-align-left","9":"tablet-align-left","10":"mobile-align-left","12":"first","13":"instock","14":"shipping-taxable","15":"purchasable","16":"product-type-simple"},"_links":{"self":[{"href":"https:\/\/alexathletics1982.com\/de\/wp-json\/wp\/v2\/product\/2906","targetHints":{"allow":["GET"]}}],"collection":[{"href":"https:\/\/alexathletics1982.com\/de\/wp-json\/wp\/v2\/product"}],"about":[{"href":"https:\/\/alexathletics1982.com\/de\/wp-json\/wp\/v2\/types\/product"}],"replies":[{"embeddable":true,"href":"https:\/\/alexathletics1982.com\/de\/wp-json\/wp\/v2\/comments?post=2906"}],"wp:featuredmedia":[{"embeddable":true,"href":"https:\/\/alexathletics1982.com\/de\/wp-json\/wp\/v2\/media\/3442"}],"wp:attachment":[{"href":"https:\/\/alexathletics1982.com\/de\/wp-json\/wp\/v2\/media?parent=2906"}],"wp:term":[{"taxonomy":"product_brand","embeddable":true,"href":"https:\/\/alexathletics1982.com\/de\/wp-json\/wp\/v2\/product_brand?post=2906"},{"taxonomy":"product_cat","embeddable":true,"href":"https:\/\/alexathletics1982.com\/de\/wp-json\/wp\/v2\/product_cat?post=2906"},{"taxonomy":"product_tag","embeddable":true,"href":"https:\/\/alexathletics1982.com\/de\/wp-json\/wp\/v2\/product_tag?post=2906"}],"curies":[{"name":"wp","href":"https:\/\/api.w.org\/{rel}","templated":true}]}}