{"id":2913,"date":"2026-01-23T20:20:20","date_gmt":"2026-01-23T12:20:20","guid":{"rendered":"https:\/\/alexathletics1982.com\/?post_type=product&#038;p=2913"},"modified":"2026-04-10T22:42:57","modified_gmt":"2026-04-10T14:42:57","slug":"abmatten","status":"publish","type":"product","link":"https:\/\/alexathletics1982.com\/de\/ab-mat\/","title":{"rendered":"AB-Matte"},"content":{"rendered":"<h2>Voller Kernbereich: Die ergonomische AB-Matte<\/h2>\n<p>Der Crunch auf dem Boden ist eine g\u00e4ngige \u00dcbung, die jedoch einen grundlegenden Fehler aufweist. Wenn Sie flach auf dem Boden liegen, gibt es eine nat\u00fcrliche L\u00fccke zwischen Ihrer Lendenwirbels\u00e4ule (unterer R\u00fccken) und dem Boden. Die AB Matte von Alex Athletics f\u00fcllt diese L\u00fccke und revolutioniert die Art und Weise, wie Sie Ihren Rumpf trainieren. Die Matte ist mit einer speziellen W\u00f6lbung versehen, die die Lendenwirbels\u00e4ule unterst\u00fctzt und es Ihnen erm\u00f6glicht, Ihre Wirbels\u00e4ule \u00fcber die Form zu drehen. Diese Unterst\u00fctzung erm\u00f6glicht eine vollst\u00e4ndige Dehnung der Bauchmuskeln am Ende der Bewegung - ein Bewegungsumfang, der auf einem flachen Boden unm\u00f6glich ist. Durch die Vordehnung der Bauchmuskeln erm\u00f6glicht die AB-Matte eine kraftvollere Kontraktion und eine st\u00e4rkere Beanspruchung der Muskelfasern, wodurch ein kurzer, partieller Crunch zu einer funktionellen Bewegung mit vollem Umfang wird.<\/p>\n<p>Er stabilisiert das Becken, verhindert, dass die H\u00fcftbeuger die Bewegung \u00fcbernehmen, und sorgt daf\u00fcr, dass der Fokus auf der Bauchmuskulatur bleibt. Die Matte aus festem Schaumstoff mit hoher Dichte bietet den n\u00f6tigen Widerstand, um die Wirbels\u00e4ule zu st\u00fctzen, ohne zusammenzufallen, und ist dennoch bequem genug f\u00fcr Workouts mit hoher Wiederholungszahl. Die Unterlage ist rutschfest und sorgt daf\u00fcr, dass die Matte w\u00e4hrend der Bewegung korrekt unter dem unteren R\u00fccken liegt. Die leichte und tragbare AB-Matte ist ein unverzichtbares Hilfsmittel f\u00fcr alle, die eine st\u00e4rkere, definiertere Wirbels\u00e4ule aufbauen und gleichzeitig ihren unteren R\u00fccken vor \u00dcberlastung und Abnutzung sch\u00fctzen m\u00f6chten.<\/p>\n<h3>1. Vollst\u00e4ndiger Bewegungsumfang (ROM)<\/h3>\n<p>Auf dem Boden befinden sich Ihre Bauchmuskeln zu Beginn in einer neutralen Position. Auf der AB-Matte k\u00f6nnen Sie Ihre Wirbels\u00e4ule \u00fcber die neutrale Position hinaus strecken (Extension) und so die Bauchmuskeln vollst\u00e4ndig dehnen, bevor Sie kontrahieren. Durch diese gr\u00f6\u00dfere Bewegungsfreiheit wird der Muskel in seiner gesamten L\u00e4nge beansprucht, was die Intensit\u00e4t und Effektivit\u00e4t jeder Wiederholung im Vergleich zu herk\u00f6mmlichen Crunches deutlich erh\u00f6ht.<\/p>\n<h3>2. Lendenwirbelst\u00fctze &amp; Sicherheit<\/h3>\n<p>Die konturierte Form f\u00fcllt die L\u00fccke zwischen Ihrem R\u00fccken und dem Boden aus. Diese St\u00fctze stabilisiert die Wirbels\u00e4ule und verhindert, dass sich der untere R\u00fccken bei Sit-ups \u00fcberdehnt oder \u00fcberlastet. Sie macht ein intensives Core-Training sicherer und komfortabler, insbesondere f\u00fcr Personen mit einer Vorgeschichte von Empfindlichkeiten im unteren R\u00fcckenbereich.<\/p>\n<h3>3. Kernisolierung<\/h3>\n<p>Durch die Stabilisierung des Beckens hilft die AB-Matte, die starken H\u00fcftbeugemuskeln (Psoas) zu entlasten, die oft die Sitzbewegungen dominieren. Dies zwingt den rectus abdominis, die Arbeit der Wirbels\u00e4ulenbeugung zu \u00fcbernehmen. Dies ist ein einfacher Bio-Hack, der sicherstellt, dass Sie Ihre Bauchmuskeln und nicht nur Ihre H\u00fcftbeuger trainieren.<\/p>\n<h3>4. Ideal f\u00fcr Sit-Ups<\/h3>\n<p>Dies ist das Standardger\u00e4t f\u00fcr den Hochgeschwindigkeits-\u201cButterfly Sit-up\u201d. Seine Form erm\u00f6glicht schnelle Wiederholungszyklen und sch\u00fctzt gleichzeitig das Stei\u00dfbein und den unteren R\u00fccken vor Verbrennungen durch die Reibung am Boden. Es erm\u00f6glicht den Sportlern, Rhythmus und Form w\u00e4hrend des metabolischen Konditionstrainings beizubehalten.<\/p>\n<h3>5. Langlebig &amp; tragbar<\/h3>\n<p>Die AB-Matte besteht aus hochdichtem Schaumstoff mit einem strapazierf\u00e4higen Vinylbezug und ist schwei\u00df- und verschlei\u00dffest. Sie beh\u00e4lt mit der Zeit ihre Form und l\u00e4sst sich leicht abwischen. Dank ihrer kompakten Gr\u00f6\u00dfe l\u00e4sst sie sich leicht in eine Sporttasche stecken oder in einer Ecke stapeln und bietet so \u00fcberall eine kommerzielle Core-Station.<\/p>\n<h3>F\u00fcr wen ist das?<\/h3>\n<ul style=\"list-style-position: inside; padding-left: 0;\">\n<li>Personen, die die Form und Sicherheit von Sit-ups verbessern m\u00f6chten.<\/li>\n<li>Personen mit Schmerzen im unteren R\u00fcckenbereich, die Unterst\u00fctzung bei der Kernarbeit ben\u00f6tigen.<\/li>\n<li>Bodybuilder, die eine bessere Dehnung und Kontraktion der Bauchmuskulatur anstreben.<\/li>\n<li>Besitzer eines Fitnessstudios zu Hause, die ein kompaktes Kernger\u00e4t ben\u00f6tigen.<\/li>\n<\/ul>\n<h3>Produktspezifikationen<\/h3>\n<table border=\"1\" width=\"100%\" cellspacing=\"0\" cellpadding=\"5\">\n<tbody>\n<tr>\n<td><strong>Modell<\/strong><\/td>\n<td>F02AE001<\/td>\n<\/tr>\n<tr>\n<td><strong>Material<\/strong><\/td>\n<td>Hochdichter Schaumstoff, Vinylbezug<\/td>\n<\/tr>\n<tr>\n<td><strong>Form<\/strong><\/td>\n<td>Konturierter Lumbalbogen<\/td>\n<\/tr>\n<tr>\n<td><strong>Funktion<\/strong><\/td>\n<td>Kernisolation, Unterst\u00fctzung der Wirbels\u00e4ule<\/td>\n<\/tr>\n<tr>\n<td><strong>Nutzen Sie<\/strong><\/td>\n<td>Voller Bewegungsspielraum<\/td>\n<\/tr>\n<\/tbody>\n<\/table>","protected":false},"excerpt":{"rendered":"<p>Die AB-Matte von Alex Athletics ist ein unverzichtbares Hilfsmittel f\u00fcr ein effektives und sicheres Bauchtraining. Ihr konturiertes Design f\u00fcllt die nat\u00fcrliche L\u00fccke des unteren R\u00fcckens aus und st\u00fctzt die Lendenwirbels\u00e4ule, so dass ein voller Bewegungsumfang m\u00f6glich ist - von der tiefen Streckung bis zur maximalen Kontraktion. Diese Vordehnung beansprucht mehr Muskelfasern als herk\u00f6mmliche Crunches auf dem Boden und sch\u00fctzt gleichzeitig die Wirbels\u00e4ule. Der hochdichte Schaumstoff und die rutschfeste Unterlage sorgen f\u00fcr Stabilit\u00e4t und Komfort.<\/p>","protected":false},"featured_media":3212,"comment_status":"open","ping_status":"closed","template":"","meta":{"inline_featured_image":false,"site-sidebar-layout":"default","site-content-layout":"","ast-site-content-layout":"default","site-content-style":"default","site-sidebar-style":"default","ast-global-header-display":"","ast-banner-title-visibility":"","ast-main-header-display":"","ast-hfb-above-header-display":"","ast-hfb-below-header-display":"","ast-hfb-mobile-header-display":"","site-post-title":"","ast-breadcrumbs-content":"","ast-featured-img":"","footer-sml-layout":"","ast-disable-related-posts":"","theme-transparent-header-meta":"default","adv-header-id-meta":"","stick-header-meta":"default","header-above-stick-meta":"","header-main-stick-meta":"","header-below-stick-meta":"","astra-migrate-meta-layouts":"set","ast-page-background-enabled":"default","ast-page-background-meta":{"desktop":{"background-color":"","background-image":"","background-repeat":"repeat","background-position":"center center","background-size":"auto","background-attachment":"scroll","background-type":"","background-media":"","overlay-type":"","overlay-color":"","overlay-opacity":"","overlay-gradient":""},"tablet":{"background-color":"","background-image":"","background-repeat":"repeat","background-position":"center center","background-size":"auto","background-attachment":"scroll","background-type":"","background-media":"","overlay-type":"","overlay-color":"","overlay-opacity":"","overlay-gradient":""},"mobile":{"background-color":"","background-image":"","background-repeat":"repeat","background-position":"center center","background-size":"auto","background-attachment":"scroll","background-type":"","background-media":"","overlay-type":"","overlay-color":"","overlay-opacity":"","overlay-gradient":""}},"ast-content-background-meta":{"desktop":{"background-color":"var(--ast-global-color-5)","background-image":"","background-repeat":"repeat","background-position":"center center","background-size":"auto","background-attachment":"scroll","background-type":"","background-media":"","overlay-type":"","overlay-color":"","overlay-opacity":"","overlay-gradient":""},"tablet":{"background-color":"var(--ast-global-color-5)","background-image":"","background-repeat":"repeat","background-position":"center center","background-size":"auto","background-attachment":"scroll","background-type":"","background-media":"","overlay-type":"","overlay-color":"","overlay-opacity":"","overlay-gradient":""},"mobile":{"background-color":"var(--ast-global-color-5)","background-image":"","background-repeat":"repeat","background-position":"center center","background-size":"auto","background-attachment":"scroll","background-type":"","background-media":"","overlay-type":"","overlay-color":"","overlay-opacity":"","overlay-gradient":""}}},"product_brand":[],"product_cat":[55],"product_tag":[58],"class_list":{"0":"post-2913","1":"product","2":"type-product","3":"status-publish","4":"has-post-thumbnail","6":"product_cat-free-weight-training","7":"product_tag-carry-bars","8":"desktop-align-left","9":"tablet-align-left","10":"mobile-align-left","12":"first","13":"instock","14":"shipping-taxable","15":"purchasable","16":"product-type-simple"},"_links":{"self":[{"href":"https:\/\/alexathletics1982.com\/de\/wp-json\/wp\/v2\/product\/2913","targetHints":{"allow":["GET"]}}],"collection":[{"href":"https:\/\/alexathletics1982.com\/de\/wp-json\/wp\/v2\/product"}],"about":[{"href":"https:\/\/alexathletics1982.com\/de\/wp-json\/wp\/v2\/types\/product"}],"replies":[{"embeddable":true,"href":"https:\/\/alexathletics1982.com\/de\/wp-json\/wp\/v2\/comments?post=2913"}],"wp:featuredmedia":[{"embeddable":true,"href":"https:\/\/alexathletics1982.com\/de\/wp-json\/wp\/v2\/media\/3212"}],"wp:attachment":[{"href":"https:\/\/alexathletics1982.com\/de\/wp-json\/wp\/v2\/media?parent=2913"}],"wp:term":[{"taxonomy":"product_brand","embeddable":true,"href":"https:\/\/alexathletics1982.com\/de\/wp-json\/wp\/v2\/product_brand?post=2913"},{"taxonomy":"product_cat","embeddable":true,"href":"https:\/\/alexathletics1982.com\/de\/wp-json\/wp\/v2\/product_cat?post=2913"},{"taxonomy":"product_tag","embeddable":true,"href":"https:\/\/alexathletics1982.com\/de\/wp-json\/wp\/v2\/product_tag?post=2913"}],"curies":[{"name":"wp","href":"https:\/\/api.w.org\/{rel}","templated":true}]}}