{"id":2918,"date":"2026-01-23T20:20:20","date_gmt":"2026-01-23T12:20:20","guid":{"rendered":"https:\/\/alexathletics1982.com\/?post_type=product&#038;p=2918"},"modified":"2026-04-08T23:03:32","modified_gmt":"2026-04-08T15:03:32","slug":"4-loch-tpu-platte","status":"publish","type":"product","link":"https:\/\/alexathletics1982.com\/de\/4-holes-tpu-plate\/","title":{"rendered":"4-Loch TPU-Platte"},"content":{"rendered":"<h2>Die Premium-Evolution: 4-Loch TPU-Platte<\/h2>\n<p>In der Hierarchie der Hantelscheiben stellt TPU (Thermoplastisches Polyurethan) die h\u00f6chste Stufe dar und \u00fcbertrifft die traditionellen Gummi- und Eisenplatten. Die 4-Loch TPU-Platte von Alex Athletics nutzt dieses fortschrittliche Material, um die ultimative kommerzielle Scheibe zu schaffen. Im Gegensatz zu Gummi, das sich mit der Zeit zersetzen, abbl\u00e4ttern und einen starken chemischen Geruch abgeben kann, ist TPU geruchsneutral, extrem haltbar und widerstandsf\u00e4hig gegen Abrieb, Risse und Umwelteinfl\u00fcsse wie UV-Licht oder \u00d6le. Es beh\u00e4lt seine leuchtende Farbe und strukturelle Integrit\u00e4t \u00fcber Jahre hinweg, was es zu einer intelligenten Langzeitinvestition f\u00fcr hochwertige Einrichtungen macht. Die hochdichte TPU-Beschichtung ist fest mit dem Gusseisenkern verbunden und bildet eine sto\u00dfd\u00e4mpfende Schicht, die sowohl die Platte als auch den Turnhallenboden vor Sch\u00e4den bei St\u00fcrzen sch\u00fctzt.<\/p>\n<p>Die Funktionalit\u00e4t wird durch das intelligente \u201c4-Holes\u201d-Griffdesign verbessert. Symmetrische Aussparungen erm\u00f6glichen es, die Platte aus jedem Winkel zu greifen, was die Handhabung, das Be- und Entladen sicherer und effizienter macht als bei massiven Bumper-Platten. Durch dieses Griffdesign k\u00f6nnen die Platten auch f\u00fcr unabh\u00e4ngige \u00dcbungen wie gewichtete Ausfallschritte oder Lenkr\u00e4der verwendet werden. Das Mittelloch ist mit einem Pr\u00e4zisionsstahlring (50,4-50,8 mm) versehen, der ein sanftes Gleiten auf der Langhantelh\u00fclse gew\u00e4hrleistet und das \u201cVerkleben\u201d verhindert, das bei rohen Gummil\u00f6chern auftreten kann. Erh\u00e4ltlich in farbcodierten Optionen (Grau, Gr\u00fcn, Gelb, Blau, Rot), die den Standard-Gewichtsstufen entsprechen, bieten diese Platten eine professionelle, wettkampftaugliche \u00c4sthetik mit der Haltbarkeit der Industrietechnik.<\/p>\n<h3>1. \u00dcberlegenes, umweltfreundliches TPU-Material<\/h3>\n<p>TPU ist die Zukunft der Fitnessger\u00e4te. Es ist dem recycelten Gummi weit \u00fcberlegen. Es hat <strong>kein Geruch<\/strong>, Das ist ein gro\u00dfer Vorteil f\u00fcr kleinere Fitnessstudios zu Hause oder unbel\u00fcftete Studios. Es ist auch sehr widerstandsf\u00e4hig gegen Schnitte, Kratzer und St\u00f6\u00dfe. TPU ist ein umweltfreundliches Material, das nachhaltiger produziert wird, l\u00e4nger h\u00e4lt und weniger Abfall verursacht.<\/p>\n<h3>2. Symmetrischer 4-Loch-Griff<\/h3>\n<p>Die Handhabung von schweren Tellern kann sehr schwierig sein. Das 4-Loch-Layout sorgt daf\u00fcr, dass ein Griff immer in Reichweite ist, egal wie die Platte landet. Dies erleichtert das Aufnehmen von Platten, die flach auf dem Boden liegen - ein h\u00e4ufiges \u00c4rgernis bei Pufferplatten. Die ergonomischen Griffe erm\u00f6glichen ein sicheres Tragen und Laden.<\/p>\n<h3>3. Schock- und Ger\u00e4uschd\u00e4mpfung<\/h3>\n<p>Die dicke TPU-Beschichtung wirkt wie ein D\u00e4mpfer. Sie absorbiert das Klappern von aufeinandertreffenden Platten und den Sto\u00df beim Ablegen der Stange. Dies reduziert den Ger\u00e4uschpegel in der Turnhalle und sch\u00fctzt den Bodenuntergrund vor Rissen. Au\u00dferdem sch\u00fctzt sie den Gusseisenkern vor Rost, indem sie ihn vor Feuchtigkeit abschirmt.<\/p>\n<h3>4. Zentrierring aus Pr\u00e4zisionsstahl<\/h3>\n<p>Ein Einsatz aus rostfreiem Stahl sorgt daf\u00fcr, dass die Platte perfekt auf der Stange gleitet. Er verhindert, dass sich das TPU-Material an der Hantelh\u00fclse festsetzt, was einen reibungslosen und schnellen Wechsel der Platte erm\u00f6glicht. Die enge Toleranz (50,4-50,8 mm) sorgt daf\u00fcr, dass die Platte fest auf der Stange sitzt und nur minimal wackelt.<\/p>\n<h3>5. Professionelle Farbkodierung<\/h3>\n<p>Diese Platten sind in Standardfarben erh\u00e4ltlich (z. B. Rot f\u00fcr 25 kg, Blau f\u00fcr 20 kg) und machen es einfach, die Last auf der Hantel aus der Entfernung zu erkennen. Diese visuelle Organisation verleiht dem Fitnessstudio ein professionelles Aussehen und hilft den Athleten, ihr Gewicht schnell und genau zu berechnen.<\/p>\n<h3>F\u00fcr wen ist das?<\/h3>\n<ul style=\"list-style-position: inside; padding-left: 0;\">\n<li>Erstklassige kommerzielle Fitnessstudios und Boutique-Studios.<\/li>\n<li>Besitzer von Fitnessstudios, die empfindlich auf Gummigeruch reagieren (TPU ist geruchsneutral).<\/li>\n<li>Einrichtungen, die langlebige, wartungsarme Ger\u00e4te w\u00fcnschen.<\/li>\n<li>Heber, die den Komfort von Griffen sch\u00e4tzen.<\/li>\n<li>Jeder, der eine Beschichtung von h\u00f6chster Qualit\u00e4t sucht.<\/li>\n<\/ul>\n<h3>Produktspezifikationen<\/h3>\n<table border=\"1\" width=\"100%\" cellspacing=\"0\" cellpadding=\"5\">\n<tbody>\n<tr>\n<td><strong>Modell<\/strong><\/td>\n<td>W02AD002<\/td>\n<\/tr>\n<tr>\n<td><strong>Material<\/strong><\/td>\n<td>Gusseisenkern, TPU-Beschichtung<\/td>\n<\/tr>\n<tr>\n<td><strong>Grip<\/strong><\/td>\n<td>4 symmetrische L\u00f6cher<\/td>\n<\/tr>\n<tr>\n<td><strong>Gewichte<\/strong><\/td>\n<td>1,25, 2,5, 5, 10, 15, 20, 25 kg<\/td>\n<\/tr>\n<tr>\n<td><strong>Merkmal<\/strong><\/td>\n<td>Geruchsneutral, ultra-haltbar, farbcodiert<\/td>\n<\/tr>\n<\/tbody>\n<\/table>","protected":false},"excerpt":{"rendered":"<p>Die 4-Loch TPU-Platte von Alex Athletics ist die erste Wahl f\u00fcr moderne Fitnessstudios. Hergestellt aus umweltfreundlichem Thermoplastischem Polyurethan (TPU), sind diese Platten geruchsneutral, sehr rei\u00df- und abriebfest und halten l\u00e4nger als herk\u00f6mmliches Gummi. Das intelligente 4-Loch-Griffdesign erm\u00f6glicht eine einfache Handhabung aus jedem Winkel und macht das Laden sicherer und schneller. Mit einem Mittelring aus Stahl f\u00fcr reibungsloses Gleiten und einer leuchtenden Farbcodierung zur einfachen Identifizierung bieten sie eine hervorragende Sto\u00dfd\u00e4mpfung und eine professionelle \u00c4sthetik, die einer starken kommerziellen Nutzung standh\u00e4lt.<\/p>","protected":false},"featured_media":3633,"comment_status":"open","ping_status":"closed","template":"","meta":{"inline_featured_image":false,"site-sidebar-layout":"default","site-content-layout":"","ast-site-content-layout":"default","site-content-style":"default","site-sidebar-style":"default","ast-global-header-display":"","ast-banner-title-visibility":"","ast-main-header-display":"","ast-hfb-above-header-display":"","ast-hfb-below-header-display":"","ast-hfb-mobile-header-display":"","site-post-title":"","ast-breadcrumbs-content":"","ast-featured-img":"","footer-sml-layout":"","ast-disable-related-posts":"","theme-transparent-header-meta":"default","adv-header-id-meta":"","stick-header-meta":"default","header-above-stick-meta":"","header-main-stick-meta":"","header-below-stick-meta":"","astra-migrate-meta-layouts":"set","ast-page-background-enabled":"default","ast-page-background-meta":{"desktop":{"background-color":"","background-image":"","background-repeat":"repeat","background-position":"center center","background-size":"auto","background-attachment":"scroll","background-type":"","background-media":"","overlay-type":"","overlay-color":"","overlay-opacity":"","overlay-gradient":""},"tablet":{"background-color":"","background-image":"","background-repeat":"repeat","background-position":"center center","background-size":"auto","background-attachment":"scroll","background-type":"","background-media":"","overlay-type":"","overlay-color":"","overlay-opacity":"","overlay-gradient":""},"mobile":{"background-color":"","background-image":"","background-repeat":"repeat","background-position":"center center","background-size":"auto","background-attachment":"scroll","background-type":"","background-media":"","overlay-type":"","overlay-color":"","overlay-opacity":"","overlay-gradient":""}},"ast-content-background-meta":{"desktop":{"background-color":"var(--ast-global-color-5)","background-image":"","background-repeat":"repeat","background-position":"center center","background-size":"auto","background-attachment":"scroll","background-type":"","background-media":"","overlay-type":"","overlay-color":"","overlay-opacity":"","overlay-gradient":""},"tablet":{"background-color":"var(--ast-global-color-5)","background-image":"","background-repeat":"repeat","background-position":"center center","background-size":"auto","background-attachment":"scroll","background-type":"","background-media":"","overlay-type":"","overlay-color":"","overlay-opacity":"","overlay-gradient":""},"mobile":{"background-color":"var(--ast-global-color-5)","background-image":"","background-repeat":"repeat","background-position":"center center","background-size":"auto","background-attachment":"scroll","background-type":"","background-media":"","overlay-type":"","overlay-color":"","overlay-opacity":"","overlay-gradient":""}}},"product_brand":[],"product_cat":[55],"product_tag":[59],"class_list":{"0":"post-2918","1":"product","2":"type-product","3":"status-publish","4":"has-post-thumbnail","6":"product_cat-free-weight-training","7":"product_tag-plate","8":"desktop-align-left","9":"tablet-align-left","10":"mobile-align-left","12":"first","13":"instock","14":"shipping-taxable","15":"purchasable","16":"product-type-simple"},"_links":{"self":[{"href":"https:\/\/alexathletics1982.com\/de\/wp-json\/wp\/v2\/product\/2918","targetHints":{"allow":["GET"]}}],"collection":[{"href":"https:\/\/alexathletics1982.com\/de\/wp-json\/wp\/v2\/product"}],"about":[{"href":"https:\/\/alexathletics1982.com\/de\/wp-json\/wp\/v2\/types\/product"}],"replies":[{"embeddable":true,"href":"https:\/\/alexathletics1982.com\/de\/wp-json\/wp\/v2\/comments?post=2918"}],"wp:featuredmedia":[{"embeddable":true,"href":"https:\/\/alexathletics1982.com\/de\/wp-json\/wp\/v2\/media\/3633"}],"wp:attachment":[{"href":"https:\/\/alexathletics1982.com\/de\/wp-json\/wp\/v2\/media?parent=2918"}],"wp:term":[{"taxonomy":"product_brand","embeddable":true,"href":"https:\/\/alexathletics1982.com\/de\/wp-json\/wp\/v2\/product_brand?post=2918"},{"taxonomy":"product_cat","embeddable":true,"href":"https:\/\/alexathletics1982.com\/de\/wp-json\/wp\/v2\/product_cat?post=2918"},{"taxonomy":"product_tag","embeddable":true,"href":"https:\/\/alexathletics1982.com\/de\/wp-json\/wp\/v2\/product_tag?post=2918"}],"curies":[{"name":"wp","href":"https:\/\/api.w.org\/{rel}","templated":true}]}}