{"id":2922,"date":"2026-01-23T20:20:20","date_gmt":"2026-01-23T12:20:20","guid":{"rendered":"https:\/\/alexathletics1982.com\/?post_type=product&#038;p=2922"},"modified":"2026-04-08T23:15:13","modified_gmt":"2026-04-08T15:15:13","slug":"tiefkuhlteller","status":"publish","type":"product","link":"https:\/\/alexathletics1982.com\/de\/deep-dish-plate\/","title":{"rendered":"Tiefk\u00fchlteller"},"content":{"rendered":"<h2>Die \u00c4sthetik des Goldenen Zeitalters: Olympischer Tiefk\u00fchlteller<\/h2>\n<p>Die Deep Dish Plate von Alex Athletics, die an die nostalgische \u201cGoldene \u00c4ra\u201d des Bodybuildings der 1970er Jahre erinnert, verbindet Vintage-\u00c4sthetik mit moderner Fertigungsqualit\u00e4t. Das entscheidende Merkmal dieser Gusseisenplatten ist der extra breite, erh\u00f6hte Rand, der deutlich dicker ist als die Innenfl\u00e4che. Dieses \u201cDeep Dish\u201d-Design erf\u00fcllt einen doppelten Zweck: Physisch gesehen vergr\u00f6\u00dfert es die Kontaktfl\u00e4che zwischen den Platten, wodurch ein stabiler Stapel entsteht; funktional gesehen bietet es eine massive, tiefe Lippe, die unglaublich leicht zu greifen ist. Im Gegensatz zu flachen Pancake-Platten, die sich nur schwer vom Boden l\u00f6sen lassen, k\u00f6nnen Sie Ihre Finger sicher unter dem Rand einer Deep Dish-Platte einhaken, so dass das Be- und Entladen der Bar selbst mit verschwitzten H\u00e4nden ein Kinderspiel ist.<\/p>\n<p>Die aus hochwertigem Gusseisen gefertigten Platten sind mit einer dauerhaften schwarzen Lackierung oder Pulverbeschichtung versehen, die rostfrei ist und den klassischen Eisenlook bewahrt. Das abgeschr\u00e4gte Design an der Felge erh\u00f6ht den Fahrkomfort zus\u00e4tzlich. Sie haben zwar eine breitere Standfl\u00e4che als kalibrierte Platten, aber ihre einzigartige Gewichtsverteilung verlagert die Masse an den Rand, was nach Ansicht einiger Heber die Rotationstr\u00e4gheit und die Balance der Hantel verbessert. Ganz gleich, ob Sie ein Garagen-Fitnessstudio im Retro-Look einrichten oder eine kommerzielle Einrichtung ausstatten, die die Klassiker zu sch\u00e4tzen wei\u00df, die Deep Dish Plate bietet ein befriedigendes, robustes Heberlebnis mit hervorragender Benutzerfreundlichkeit.<\/p>\n<h3>1. Klassischer \u201cDeep Dish\u201d-Rand<\/h3>\n<p>Der dicke Rand ist der Star. Er schafft eine tiefe Kante, die einen vollen Griff mit den Fingern erm\u00f6glicht. Das macht das Tragen von 45lb\/20kg-Platten deutlich sicherer und einfacher als die Handhabung von Scheiben mit glatten Kanten. Sie macht maschinell gefertigte Griffausschnitte \u00fcberfl\u00fcssig und bietet dennoch hervorragende Tragbarkeit. Er sieht stark aus und f\u00fchlt sich solide an.<\/p>\n<h3>2. Einfaches Aufnehmen vom Boden<\/h3>\n<p>Flache Platten erzeugen einen Vakuumeffekt auf Gummib\u00f6den. Das Deep-Dish-Profil sorgt daf\u00fcr, dass selbst wenn der Teller flach liegt, gen\u00fcgend Platz unter dem Rand vorhanden ist, um die Finger hineinzuschieben. Sie werden nie wieder Schwierigkeiten haben, einen Teller aufzuheben. Dieses kleine Detail spart Zeit und Frustration bei jedem Training.<\/p>\n<h3>3. Langlebiges Gusseisen &amp; Finish<\/h3>\n<p>Sie sind f\u00fcr ein ganzes Leben gebaut. Die solide Gusseisenkonstruktion ist bei normalen Hebesituationen praktisch unzerst\u00f6rbar. Die hochwertige Lackierung sch\u00fctzt vor Oxidation und verleiht der Platte ein sauberes, professionelles Aussehen. Sie erzeugt das unverwechselbare, resonante \u201cKlirren\u201d von Eisen, das viele Heber lieben.<\/p>\n<h3>4. Stabile Stapelung<\/h3>\n<p>Der breite Rand bietet eine gro\u00dfe Kontaktfl\u00e4che. Wenn sie auf der Stange geladen oder auf einem Gewichtsbaum gelagert werden, sitzen die Platten b\u00fcndig aneinander und bieten eine hervorragende Stabilit\u00e4t. Dies reduziert das Wackeln und Klappern w\u00e4hrend des Hebens im Vergleich zu ungleichm\u00e4\u00dfig gegossenen Billigplatten.<\/p>\n<h3>5. Pr\u00e4zises Anfasen<\/h3>\n<p>Alex Athletics verleiht der Platte mit abgeschr\u00e4gten Kanten einen modernen Touch. Dadurch werden scharfe Gusslinien beseitigt und sichergestellt, dass sich die Platte glatt anf\u00fchlt und nicht in die Haut schneidet oder an der Kleidung h\u00e4ngen bleibt. Sie spiegeln eine gr\u00f6\u00dfere Liebe zum Detail wider als herk\u00f6mmliche Vintage-Platten.<\/p>\n<h3>F\u00fcr wen ist das?<\/h3>\n<ul style=\"list-style-position: inside; padding-left: 0;\">\n<li>Bodybuilder und Kraftdreik\u00e4mpfer der alten Schule.<\/li>\n<li>Besitzer von Fitnessstudios, die sich eine Vintage-\u00c4sthetik w\u00fcnschen.<\/li>\n<li>Heber, die beim Laden von Platten Probleme mit der Griffkraft haben.<\/li>\n<li>Gewerbliche Fitnessstudios w\u00fcnschen sich langlebige, klassische Ger\u00e4te.<\/li>\n<li>Jeder, der den Klang von Eisen liebt.<\/li>\n<\/ul>\n<h3>Produktspezifikationen<\/h3>\n<table border=\"1\" width=\"100%\" cellspacing=\"0\" cellpadding=\"5\">\n<tbody>\n<tr>\n<td><strong>Modell<\/strong><\/td>\n<td>W02BF018<\/td>\n<\/tr>\n<tr>\n<td><strong>Material<\/strong><\/td>\n<td>Gusseisen<\/td>\n<\/tr>\n<tr>\n<td><strong>Gestaltung<\/strong><\/td>\n<td>Deep Dish Rim<\/td>\n<\/tr>\n<tr>\n<td><strong>Gewichte<\/strong><\/td>\n<td>2,5 - 45 lb (oder kg-\u00c4quivalent)<\/td>\n<\/tr>\n<tr>\n<td><strong>Oberfl\u00e4che<\/strong><\/td>\n<td>Dauerhafte Malerei<\/td>\n<\/tr>\n<\/tbody>\n<\/table>","protected":false},"excerpt":{"rendered":"<p>Die Deep Dish Plate von Alex Athletics bringt den klassischen Bodybuilding-Look der \u201cGoldenen \u00c4ra\u201d in Ihr Fitnessstudio. Mit ihrem breiten, tiefen Rand sind diese Gusseisenplatten unglaublich leicht zu greifen und vom Boden aufzuheben, wodurch die Handhabungsprobleme von flachen Platten gel\u00f6st werden. Die haltbare schwarze Oberfl\u00e4che und die abgeschr\u00e4gten Kanten sorgen f\u00fcr Langlebigkeit und Komfort. Mit einem stabilen Stapelprofil und dem befriedigenden Gef\u00fchl von schwerem Eisen sind sie die perfekte Wahl f\u00fcr Heber, die Tradition, \u00c4sthetik und Benutzerfreundlichkeit sch\u00e4tzen.<\/p>","protected":false},"featured_media":3290,"comment_status":"open","ping_status":"closed","template":"","meta":{"inline_featured_image":false,"site-sidebar-layout":"default","site-content-layout":"","ast-site-content-layout":"default","site-content-style":"default","site-sidebar-style":"default","ast-global-header-display":"","ast-banner-title-visibility":"","ast-main-header-display":"","ast-hfb-above-header-display":"","ast-hfb-below-header-display":"","ast-hfb-mobile-header-display":"","site-post-title":"","ast-breadcrumbs-content":"","ast-featured-img":"","footer-sml-layout":"","ast-disable-related-posts":"","theme-transparent-header-meta":"default","adv-header-id-meta":"","stick-header-meta":"default","header-above-stick-meta":"","header-main-stick-meta":"","header-below-stick-meta":"","astra-migrate-meta-layouts":"set","ast-page-background-enabled":"default","ast-page-background-meta":{"desktop":{"background-color":"","background-image":"","background-repeat":"repeat","background-position":"center center","background-size":"auto","background-attachment":"scroll","background-type":"","background-media":"","overlay-type":"","overlay-color":"","overlay-opacity":"","overlay-gradient":""},"tablet":{"background-color":"","background-image":"","background-repeat":"repeat","background-position":"center center","background-size":"auto","background-attachment":"scroll","background-type":"","background-media":"","overlay-type":"","overlay-color":"","overlay-opacity":"","overlay-gradient":""},"mobile":{"background-color":"","background-image":"","background-repeat":"repeat","background-position":"center center","background-size":"auto","background-attachment":"scroll","background-type":"","background-media":"","overlay-type":"","overlay-color":"","overlay-opacity":"","overlay-gradient":""}},"ast-content-background-meta":{"desktop":{"background-color":"var(--ast-global-color-5)","background-image":"","background-repeat":"repeat","background-position":"center center","background-size":"auto","background-attachment":"scroll","background-type":"","background-media":"","overlay-type":"","overlay-color":"","overlay-opacity":"","overlay-gradient":""},"tablet":{"background-color":"var(--ast-global-color-5)","background-image":"","background-repeat":"repeat","background-position":"center center","background-size":"auto","background-attachment":"scroll","background-type":"","background-media":"","overlay-type":"","overlay-color":"","overlay-opacity":"","overlay-gradient":""},"mobile":{"background-color":"var(--ast-global-color-5)","background-image":"","background-repeat":"repeat","background-position":"center center","background-size":"auto","background-attachment":"scroll","background-type":"","background-media":"","overlay-type":"","overlay-color":"","overlay-opacity":"","overlay-gradient":""}}},"product_brand":[],"product_cat":[55],"product_tag":[59],"class_list":{"0":"post-2922","1":"product","2":"type-product","3":"status-publish","4":"has-post-thumbnail","6":"product_cat-free-weight-training","7":"product_tag-plate","8":"desktop-align-left","9":"tablet-align-left","10":"mobile-align-left","12":"first","13":"instock","14":"shipping-taxable","15":"purchasable","16":"product-type-simple"},"_links":{"self":[{"href":"https:\/\/alexathletics1982.com\/de\/wp-json\/wp\/v2\/product\/2922","targetHints":{"allow":["GET"]}}],"collection":[{"href":"https:\/\/alexathletics1982.com\/de\/wp-json\/wp\/v2\/product"}],"about":[{"href":"https:\/\/alexathletics1982.com\/de\/wp-json\/wp\/v2\/types\/product"}],"replies":[{"embeddable":true,"href":"https:\/\/alexathletics1982.com\/de\/wp-json\/wp\/v2\/comments?post=2922"}],"wp:featuredmedia":[{"embeddable":true,"href":"https:\/\/alexathletics1982.com\/de\/wp-json\/wp\/v2\/media\/3290"}],"wp:attachment":[{"href":"https:\/\/alexathletics1982.com\/de\/wp-json\/wp\/v2\/media?parent=2922"}],"wp:term":[{"taxonomy":"product_brand","embeddable":true,"href":"https:\/\/alexathletics1982.com\/de\/wp-json\/wp\/v2\/product_brand?post=2922"},{"taxonomy":"product_cat","embeddable":true,"href":"https:\/\/alexathletics1982.com\/de\/wp-json\/wp\/v2\/product_cat?post=2922"},{"taxonomy":"product_tag","embeddable":true,"href":"https:\/\/alexathletics1982.com\/de\/wp-json\/wp\/v2\/product_tag?post=2922"}],"curies":[{"name":"wp","href":"https:\/\/api.w.org\/{rel}","templated":true}]}}