{"id":2923,"date":"2026-01-23T20:20:20","date_gmt":"2026-01-23T12:20:20","guid":{"rendered":"https:\/\/alexathletics1982.com\/?post_type=product&#038;p=2923"},"modified":"2026-04-10T22:22:24","modified_gmt":"2026-04-10T14:22:24","slug":"wettbewerb-gummi-stosfanger-platte-c1","status":"publish","type":"product","link":"https:\/\/alexathletics1982.com\/de\/competition-rubber-bumper-plate-c1\/","title":{"rendered":"Wettkampf-Gummi-Sto\u00dff\u00e4ngerplatte-C1"},"content":{"rendered":"<h2>Kein Wackeln, maximale Haltbarkeit: Wettbewerbs-Sto\u00dff\u00e4ngerplatte (C1)<\/h2>\n<p>Beim olympischen Gewichtheben entscheidet die Qualit\u00e4t der Platte \u00fcber die Qualit\u00e4t des Sturzes. Die Competition Rubber Bumper Plate (C1) von Alex Athletics ist der H\u00f6hepunkt der Bumper Plate Technik. Das entscheidende Merkmal einer \u201cCompetition\u201d-Platte ist die massive, zweiteilige Nabe aus verzinktem Stahl. Im Gegensatz zu Trainingsplatten mit kleinen Ringeins\u00e4tzen nimmt diese gro\u00dfe Stahlscheibe einen erheblichen Teil des Plattendurchmessers ein. Diese strukturelle Verst\u00e4rkung erf\u00fcllt zwei wichtige Funktionen: Erstens verhindert sie praktisch das Wackeln und die Verformung der Platte, wenn die Stange f\u00e4llt, und sorgt so f\u00fcr einen sicheren und vorhersehbaren R\u00fcckprall; zweitens kann der Gummiteil d\u00fcnner sein. Dieses d\u00fcnnere Profil bedeutet, dass Sie mehr Gewicht auf die Stange laden k\u00f6nnen - \u00fcber 250 kg - was mit dicken, klobigen Kr\u00fcmelpuffern unm\u00f6glich ist.<\/p>\n<p>Der Au\u00dfenring ist aus hochdichtem Neugummi geformt. Dieses Material bietet eine hervorragende R\u00fcckprallkontrolle und Erm\u00fcdungsbest\u00e4ndigkeit, was bedeutet, dass die Platte auch nach Tausenden von St\u00fcrzen aus der H\u00f6he nicht rei\u00dft oder sich von der Nabe l\u00f6st. Der Gummi ist gem\u00e4\u00df den IWF-Spezifikationen farbcodiert (Gr\u00fcn 10 kg, Gelb 15 kg, Blau 20 kg, Rot 25 kg), was eine sofortige visuelle Best\u00e4tigung der Belastung erm\u00f6glicht. Die zentrale \u00d6ffnung ist auf 50,4 mm pr\u00e4zisionsgefertigt, um einen festen Sitz auf der Hantelbuchse zu gew\u00e4hrleisten. Ob f\u00fcr eine professionelle Gewichtheberplattform, der C1 Competition Bumper bietet die Leistung, Ger\u00e4uschd\u00e4mpfung und Haltbarkeit, die von Spitzensportlern gefordert wird.<\/p>\n<h3>1. Gro\u00dfe Stahlkernnabe<\/h3>\n<p>Die massive Nabe ist das, was diese Platte von einer Trainingsplatte unterscheidet. Durch den Ersatz von Gummi durch einen starren Stahlkern wird die Platte steifer und haltbarer. Die Schrauben, die die Nabe sichern, sorgen daf\u00fcr, dass sie nicht herausspringt. Dieses Design konzentriert das Gewicht in der Mitte, reduziert den gyroskopischen Effekt und sorgt daf\u00fcr, dass sich die Hantel reaktionsschneller und ausgewogener anf\u00fchlt.<\/p>\n<h3>2. D\u00fcnnes Profil f\u00fcr maximale Belastung<\/h3>\n<p>Da die Stahlnabe die Dichte erh\u00f6ht, kann das Gummiteil schmaler sein. Eine 25 kg Competition-Platte ist deutlich d\u00fcnner als ein 25 kg Economy-Puffer. Dies erm\u00f6glicht es Spitzenathleten, die Hantel bis zur maximalen Kapazit\u00e4t zu belasten (oft 290kg+), ohne dass der Platz in der H\u00fclse knapp wird. Die Platte bringt das Gewicht n\u00e4her an die Mitte, was die Mechanik der Hantelpeitsche verbessert.<\/p>\n<h3>3. Dead Bounce Leistung<\/h3>\n<p>Beim Fallenlassen schwerer Gewichte ist Sicherheit das A und O. Diese Platten sind so konstruiert, dass sie nicht wie ein Basketball unvorhersehbar abprallen, sondern auf der Plattform aufschlagen und sich schnell wieder setzen. Dies sch\u00fctzt den Heber vor einer zur\u00fcckprallenden Stange und erm\u00f6glicht ein schnelleres Zur\u00fccksetzen zwischen den Wiederholungen.<\/p>\n<h3>4. Verzinktes Nabenfinish<\/h3>\n<p>Der Stahlkern ist mit einer Verzinkung versehen. Dies bietet einen hervorragenden Rostschutz im Vergleich zu Chrom oder rohem Stahl. Es erh\u00e4lt ein sauberes, helles industrielles Aussehen, das Kratzern durch die Hantelh\u00fclse widersteht. Sie sorgt daf\u00fcr, dass die Platten jahrelang reibungslos auf und ab gleiten.<\/p>\n<h3>5. IWF-Farbkodierung &amp; Branding<\/h3>\n<p>Die Platten sind mit leuchtenden, dauerhaften Farben versehen, die den Standards des Internationalen Gewichtheberverbandes entsprechen. So k\u00f6nnen Trainer und Athleten die Gewichte sofort erkennen. Der erhabene Schriftzug und die saubere Oberfl\u00e4che verleihen dem Fitnessstudio eine professionelle Atmosph\u00e4re von Weltklasse.<\/p>\n<h3>F\u00fcr wen ist das?<\/h3>\n<ul style=\"list-style-position: inside; padding-left: 0;\">\n<li>Leistungssportler im olympischen Gewichtheben.<\/li>\n<li>Leistungssportliche Trainingszentren.<\/li>\n<li>Heber, die mehr als 200 kg heben m\u00fcssen.<\/li>\n<li>Fitnessstudios, die die haltbarste Option f\u00fcr Sto\u00dff\u00e4ngerplatten suchen.<\/li>\n<\/ul>\n<h3>Produktspezifikationen<\/h3>\n<table border=\"1\" width=\"100%\" cellspacing=\"0\" cellpadding=\"5\">\n<tbody>\n<tr>\n<td><strong>Modell<\/strong><\/td>\n<td>W02CB001<\/td>\n<\/tr>\n<tr>\n<td><strong>Nabe<\/strong><\/td>\n<td>Gro\u00dfe verzinkte Stahlscheibe<\/td>\n<\/tr>\n<tr>\n<td><strong>Material<\/strong><\/td>\n<td>Junger Kautschuk mit hoher Dichte<\/td>\n<\/tr>\n<tr>\n<td><strong>Bounce<\/strong><\/td>\n<td>Niedrig\/Tot<\/td>\n<\/tr>\n<tr>\n<td><strong>Profil<\/strong><\/td>\n<td>D\u00fcnn (Wettbewerbsspezifikation)<\/td>\n<\/tr>\n<\/tbody>\n<\/table>","protected":false},"excerpt":{"rendered":"<p>Die Competition Rubber Bumper Plate (C1) von Alex Athletics ist die beste Wahl f\u00fcr olympisches Heben. Ausgestattet mit einem massiven verzinkten Stahlkern, bieten diese Platten au\u00dfergew\u00f6hnliche Stabilit\u00e4t und ein d\u00fcnnes Profil, das eine maximale Belastung der Stange erm\u00f6glicht. Der \u00e4u\u00dfere Ring aus hochdichtem Neugummi sorgt f\u00fcr einen sicheren, geringen R\u00fcckprall und \u00fcberragende Haltbarkeit bei St\u00fcrzen. Farbcodiert nach IWF-Standards und pr\u00e4zisionsgefertigt f\u00fcr einen festen Sitz, sind sie f\u00fcr den ernsthaften Athleten konzipiert, der wackelfreie und professionelle Leistung auf der Plattform verlangt.<\/p>","protected":false},"featured_media":3281,"comment_status":"open","ping_status":"closed","template":"","meta":{"inline_featured_image":false,"site-sidebar-layout":"default","site-content-layout":"","ast-site-content-layout":"default","site-content-style":"default","site-sidebar-style":"default","ast-global-header-display":"","ast-banner-title-visibility":"","ast-main-header-display":"","ast-hfb-above-header-display":"","ast-hfb-below-header-display":"","ast-hfb-mobile-header-display":"","site-post-title":"","ast-breadcrumbs-content":"","ast-featured-img":"","footer-sml-layout":"","ast-disable-related-posts":"","theme-transparent-header-meta":"default","adv-header-id-meta":"","stick-header-meta":"default","header-above-stick-meta":"","header-main-stick-meta":"","header-below-stick-meta":"","astra-migrate-meta-layouts":"set","ast-page-background-enabled":"default","ast-page-background-meta":{"desktop":{"background-color":"","background-image":"","background-repeat":"repeat","background-position":"center center","background-size":"auto","background-attachment":"scroll","background-type":"","background-media":"","overlay-type":"","overlay-color":"","overlay-opacity":"","overlay-gradient":""},"tablet":{"background-color":"","background-image":"","background-repeat":"repeat","background-position":"center center","background-size":"auto","background-attachment":"scroll","background-type":"","background-media":"","overlay-type":"","overlay-color":"","overlay-opacity":"","overlay-gradient":""},"mobile":{"background-color":"","background-image":"","background-repeat":"repeat","background-position":"center center","background-size":"auto","background-attachment":"scroll","background-type":"","background-media":"","overlay-type":"","overlay-color":"","overlay-opacity":"","overlay-gradient":""}},"ast-content-background-meta":{"desktop":{"background-color":"var(--ast-global-color-5)","background-image":"","background-repeat":"repeat","background-position":"center center","background-size":"auto","background-attachment":"scroll","background-type":"","background-media":"","overlay-type":"","overlay-color":"","overlay-opacity":"","overlay-gradient":""},"tablet":{"background-color":"var(--ast-global-color-5)","background-image":"","background-repeat":"repeat","background-position":"center center","background-size":"auto","background-attachment":"scroll","background-type":"","background-media":"","overlay-type":"","overlay-color":"","overlay-opacity":"","overlay-gradient":""},"mobile":{"background-color":"var(--ast-global-color-5)","background-image":"","background-repeat":"repeat","background-position":"center center","background-size":"auto","background-attachment":"scroll","background-type":"","background-media":"","overlay-type":"","overlay-color":"","overlay-opacity":"","overlay-gradient":""}}},"product_brand":[],"product_cat":[55],"product_tag":[59],"class_list":{"0":"post-2923","1":"product","2":"type-product","3":"status-publish","4":"has-post-thumbnail","6":"product_cat-free-weight-training","7":"product_tag-plate","8":"desktop-align-left","9":"tablet-align-left","10":"mobile-align-left","12":"first","13":"instock","14":"shipping-taxable","15":"purchasable","16":"product-type-simple"},"_links":{"self":[{"href":"https:\/\/alexathletics1982.com\/de\/wp-json\/wp\/v2\/product\/2923","targetHints":{"allow":["GET"]}}],"collection":[{"href":"https:\/\/alexathletics1982.com\/de\/wp-json\/wp\/v2\/product"}],"about":[{"href":"https:\/\/alexathletics1982.com\/de\/wp-json\/wp\/v2\/types\/product"}],"replies":[{"embeddable":true,"href":"https:\/\/alexathletics1982.com\/de\/wp-json\/wp\/v2\/comments?post=2923"}],"wp:featuredmedia":[{"embeddable":true,"href":"https:\/\/alexathletics1982.com\/de\/wp-json\/wp\/v2\/media\/3281"}],"wp:attachment":[{"href":"https:\/\/alexathletics1982.com\/de\/wp-json\/wp\/v2\/media?parent=2923"}],"wp:term":[{"taxonomy":"product_brand","embeddable":true,"href":"https:\/\/alexathletics1982.com\/de\/wp-json\/wp\/v2\/product_brand?post=2923"},{"taxonomy":"product_cat","embeddable":true,"href":"https:\/\/alexathletics1982.com\/de\/wp-json\/wp\/v2\/product_cat?post=2923"},{"taxonomy":"product_tag","embeddable":true,"href":"https:\/\/alexathletics1982.com\/de\/wp-json\/wp\/v2\/product_tag?post=2923"}],"curies":[{"name":"wp","href":"https:\/\/api.w.org\/{rel}","templated":true}]}}