{"id":2928,"date":"2026-01-23T20:20:20","date_gmt":"2026-01-23T12:20:20","guid":{"rendered":"https:\/\/alexathletics1982.com\/?post_type=product&#038;p=2928"},"modified":"2026-04-08T23:31:32","modified_gmt":"2026-04-08T15:31:32","slug":"tpu-110kg-kurzhantel","status":"publish","type":"product","link":"https:\/\/alexathletics1982.com\/de\/tpu-110kg-dumbbell\/","title":{"rendered":"TPU 1~10kg Hantel (UV-Druck)"},"content":{"rendered":"<h2>Der moderne Standard: TPU 1~10kg Kurzhantel<\/h2>\n<p>In der Entwicklung der freien Gewichte hat sich TPU (Thermoplastisches Polyurethan) als \u00fcberlegenes Material erwiesen und \u00fcbertrifft den traditionellen Gummi in fast jeder Hinsicht. Die TPU-Hantel (1~10kg) von Alex Athletics nutzt dieses fortschrittliche Polymer, um ein kommerzielles Werkzeug zu schaffen, das geruchlos, farbecht und unglaublich langlebig ist. Im Gegensatz zu Gummi, das sich mit der Zeit zersetzen, riechen und abbl\u00e4ttern kann, ist TPU chemisch inert und sehr widerstandsf\u00e4hig gegen Abrieb, Risse und \u00d6le. Dadurch wird sichergestellt, dass die Hanteln ihr makelloses Aussehen und ihre strukturelle Integrit\u00e4t auch in stark frequentierten Fitnessstudios beibehalten. Die K\u00f6pfe sind kompakt und sicher mit dem Griff verbunden und bieten eine wartungsfreie L\u00f6sung, die nie nachgezogen werden muss.<\/p>\n<p>Die Benutzeroberfl\u00e4che besteht aus einem massiven Stahlgriff mit einem Durchmesser von 31 mm. Diese Dicke bietet einen wesentlichen, komfortablen Griff, der die Hand ausf\u00fcllt und die Erm\u00fcdung bei hohen Wiederholungen reduziert. Der Griff verf\u00fcgt \u00fcber eine taktile Textur (oder eine TPU-Beschichtung, abh\u00e4ngig von den spezifischen Details der Variante, aber typischerweise ger\u00e4ndelt oder strukturiert f\u00fcr die Griffigkeit), die die Kontrolle bei Curls, Pressen und Extensions gew\u00e4hrleistet. Diese Hanteln sind in einem Gewichtsbereich von 1 kg bis 10 kg erh\u00e4ltlich und eignen sich perfekt f\u00fcr leichtes Widerstandstraining, Rehabilitation, aerobes Training und Drop Sets. Der UV-Druck erm\u00f6glicht gestochen scharfe, eindeutige Gewichtsmarkierungen oder Brandings, die nicht verblassen. F\u00fcr Studios und Fitnessstudios, die Wert auf Sauberkeit und Langlebigkeit legen, ist TPU der Goldstandard.<\/p>\n<h3>1. Hochwertiges TPU-Material<\/h3>\n<p>Thermoplastisches Polyurethan (TPU) ist die Zukunft der Hantelbeschichtung. Es ist v\u00f6llig geruchlos und eignet sich daher perfekt f\u00fcr Fitnessstudios zu Hause oder in kleinen Studios, wo der Geruch von Gummi \u00fcberm\u00e4chtig sein kann. Au\u00dferdem ist es h\u00e4rter und widerstandsf\u00e4higer als Gummi und widersteht Schnitten, Kratzern und Aufprallsch\u00e4den durch Fallenlassen.<\/p>\n<h3>2. Ergonomischer 31-mm-Griff<\/h3>\n<p>Der Griffdurchmesser ist mit 31 mm optimiert. Dies ist etwas dicker als Standard 25mm Griffe, bietet eine bessere Ergonomie f\u00fcr Griffst\u00e4rke und Komfort. Er verhindert, dass die Hand bei langen S\u00e4tzen verkrampft und bietet eine solide Plattform f\u00fcr Schubbewegungen.<\/p>\n<h3>3. Wartungsfreie Langlebigkeit<\/h3>\n<p>Dies sind feste Hanteln. Die K\u00f6pfe sind fest mit dem Griff verbunden, wodurch das \u00c4rgernis von losen Platten oder drehenden Kragen beseitigt wird. Die TPU-Beschichtung sch\u00fctzt den Boden vor Sch\u00e4den, wenn fallen gelassen und sch\u00fctzt die Hantel selbst vor Rost und Verschlei\u00df.<\/p>\n<h3>4. Kompaktes Kopfdesign<\/h3>\n<p>Da TPU dicht und stark ist, k\u00f6nnen die Hantelk\u00f6pfe kompakt gestaltet werden. Dies erm\u00f6glicht einen gr\u00f6\u00dferen Bewegungsspielraum, da die Hanteln beim Brustdr\u00fccken oder Schulterdr\u00fccken weniger wahrscheinlich miteinander kollidieren. Au\u00dferdem lassen sich die Gewichte so leichter kontrollieren und aufbewahren.<\/p>\n<h3>5. UV-gedruckte Markierungen<\/h3>\n<p>Die Gewichtsangaben werden im modernen UV-Druckverfahren aufgebracht. Dadurch wird sichergestellt, dass die Zahlen scharf und lesbar sind und im Laufe der Zeit nicht verblassen oder abf\u00e4rben. Das verleiht der Ausr\u00fcstung ein hochwertiges, professionelles Finish, das Qualit\u00e4t signalisiert.<\/p>\n<h3>F\u00fcr wen ist das?<\/h3>\n<ul style=\"list-style-position: inside; padding-left: 0;\">\n<li>Boutique-Fitnessstudios und Luxushotels.<\/li>\n<li>Besitzer von Fitnessstudios, die empfindlich auf Gummigeruch reagieren.<\/li>\n<li>Personal Trainer, die langlebige, sauber aussehende Ger\u00e4te ben\u00f6tigen.<\/li>\n<li>Rehabilitationszentren, die leichte, einfach zu handhabende Gewichte ben\u00f6tigen.<\/li>\n<li>Jeder, der ein festes Hantelset f\u00fcr das ganze Leben kaufen m\u00f6chte.<\/li>\n<\/ul>\n<h3>Produktspezifikationen<\/h3>\n<table border=\"1\" width=\"100%\" cellspacing=\"0\" cellpadding=\"5\">\n<tbody>\n<tr>\n<td><strong>Modell<\/strong><\/td>\n<td>W03AA013<\/td>\n<\/tr>\n<tr>\n<td><strong>Material<\/strong><\/td>\n<td>Stahl, TPU-Beschichtung<\/td>\n<\/tr>\n<tr>\n<td><strong>Griff Dia.<\/strong><\/td>\n<td>31 mm<\/td>\n<\/tr>\n<tr>\n<td><strong>Gewichtsbereich<\/strong><\/td>\n<td>1 ~ 10 kg (in 1kg-Schritten)<\/td>\n<\/tr>\n<tr>\n<td><strong>Merkmal<\/strong><\/td>\n<td>Geruchlos, UV-Druck<\/td>\n<\/tr>\n<\/tbody>\n<\/table>","protected":false},"excerpt":{"rendered":"<p>Die TPU-Hantel von Alex Athletics setzt einen neuen Standard f\u00fcr Haltbarkeit und Hygiene. Hergestellt aus fortschrittlichem Thermoplastischem Polyurethan (TPU), sind diese festen Hanteln geruchsneutral, extrem abriebfest und behalten ihre Farbe besser als Gummi. Mit ihrem komfortablen 31-mm-Griff und den kompakten K\u00f6pfen sind sie ideal f\u00fcr das Training mit hoher Wiederholungszahl und den Einsatz im Studio. Die UV-gedruckten Gewichtsmarkierungen gew\u00e4hrleisten eine dauerhafte Lesbarkeit. Perfekt f\u00fcr Luxus-Fitnessstudios und kommerzielle Einrichtungen, die das Beste verlangen.<\/p>","protected":false},"featured_media":3484,"comment_status":"open","ping_status":"closed","template":"","meta":{"inline_featured_image":false,"site-sidebar-layout":"default","site-content-layout":"","ast-site-content-layout":"default","site-content-style":"default","site-sidebar-style":"default","ast-global-header-display":"","ast-banner-title-visibility":"","ast-main-header-display":"","ast-hfb-above-header-display":"","ast-hfb-below-header-display":"","ast-hfb-mobile-header-display":"","site-post-title":"","ast-breadcrumbs-content":"","ast-featured-img":"","footer-sml-layout":"","ast-disable-related-posts":"","theme-transparent-header-meta":"default","adv-header-id-meta":"","stick-header-meta":"default","header-above-stick-meta":"","header-main-stick-meta":"","header-below-stick-meta":"","astra-migrate-meta-layouts":"set","ast-page-background-enabled":"default","ast-page-background-meta":{"desktop":{"background-color":"","background-image":"","background-repeat":"repeat","background-position":"center center","background-size":"auto","background-attachment":"scroll","background-type":"","background-media":"","overlay-type":"","overlay-color":"","overlay-opacity":"","overlay-gradient":""},"tablet":{"background-color":"","background-image":"","background-repeat":"repeat","background-position":"center center","background-size":"auto","background-attachment":"scroll","background-type":"","background-media":"","overlay-type":"","overlay-color":"","overlay-opacity":"","overlay-gradient":""},"mobile":{"background-color":"","background-image":"","background-repeat":"repeat","background-position":"center center","background-size":"auto","background-attachment":"scroll","background-type":"","background-media":"","overlay-type":"","overlay-color":"","overlay-opacity":"","overlay-gradient":""}},"ast-content-background-meta":{"desktop":{"background-color":"var(--ast-global-color-5)","background-image":"","background-repeat":"repeat","background-position":"center center","background-size":"auto","background-attachment":"scroll","background-type":"","background-media":"","overlay-type":"","overlay-color":"","overlay-opacity":"","overlay-gradient":""},"tablet":{"background-color":"var(--ast-global-color-5)","background-image":"","background-repeat":"repeat","background-position":"center center","background-size":"auto","background-attachment":"scroll","background-type":"","background-media":"","overlay-type":"","overlay-color":"","overlay-opacity":"","overlay-gradient":""},"mobile":{"background-color":"var(--ast-global-color-5)","background-image":"","background-repeat":"repeat","background-position":"center center","background-size":"auto","background-attachment":"scroll","background-type":"","background-media":"","overlay-type":"","overlay-color":"","overlay-opacity":"","overlay-gradient":""}}},"product_brand":[],"product_cat":[55],"product_tag":[60],"class_list":{"0":"post-2928","1":"product","2":"type-product","3":"status-publish","4":"has-post-thumbnail","6":"product_cat-free-weight-training","7":"product_tag-dumbbell","8":"desktop-align-left","9":"tablet-align-left","10":"mobile-align-left","12":"first","13":"instock","14":"shipping-taxable","15":"purchasable","16":"product-type-simple"},"_links":{"self":[{"href":"https:\/\/alexathletics1982.com\/de\/wp-json\/wp\/v2\/product\/2928","targetHints":{"allow":["GET"]}}],"collection":[{"href":"https:\/\/alexathletics1982.com\/de\/wp-json\/wp\/v2\/product"}],"about":[{"href":"https:\/\/alexathletics1982.com\/de\/wp-json\/wp\/v2\/types\/product"}],"replies":[{"embeddable":true,"href":"https:\/\/alexathletics1982.com\/de\/wp-json\/wp\/v2\/comments?post=2928"}],"wp:featuredmedia":[{"embeddable":true,"href":"https:\/\/alexathletics1982.com\/de\/wp-json\/wp\/v2\/media\/3484"}],"wp:attachment":[{"href":"https:\/\/alexathletics1982.com\/de\/wp-json\/wp\/v2\/media?parent=2928"}],"wp:term":[{"taxonomy":"product_brand","embeddable":true,"href":"https:\/\/alexathletics1982.com\/de\/wp-json\/wp\/v2\/product_brand?post=2928"},{"taxonomy":"product_cat","embeddable":true,"href":"https:\/\/alexathletics1982.com\/de\/wp-json\/wp\/v2\/product_cat?post=2928"},{"taxonomy":"product_tag","embeddable":true,"href":"https:\/\/alexathletics1982.com\/de\/wp-json\/wp\/v2\/product_tag?post=2928"}],"curies":[{"name":"wp","href":"https:\/\/api.w.org\/{rel}","templated":true}]}}