{"id":2930,"date":"2026-01-23T20:20:20","date_gmt":"2026-01-23T12:20:20","guid":{"rendered":"https:\/\/alexathletics1982.com\/?post_type=product&#038;p=2930"},"modified":"2026-04-08T23:55:31","modified_gmt":"2026-04-08T15:55:31","slug":"cpu-beschichtet-kettlebell-block-form","status":"publish","type":"product","link":"https:\/\/alexathletics1982.com\/de\/cpu-coated-kettlebell-block-mould\/","title":{"rendered":"CPU-beschichtete Kettlebell (Blockform)"},"content":{"rendered":"<h2>Der unverw\u00fcstliche Schwung: CPU-beschichtete Kettlebell<\/h2>\n<p>Kettlebells werden oft fallen gelassen, geschwungen und gegen die Unterarme geschlagen, so dass Haltbarkeit und Verarbeitung entscheidend sind. Die CPU Coated Kettlebell von Alex Athletics nutzt Cast Polyurethan (CPU), um die robusteste Kettlebell auf dem Markt zu schaffen. Im Gegensatz zu Gusseisen, das abplatzen oder rosten kann, oder Vinyl, das rei\u00dfen kann, bietet CPU eine harte, sto\u00dffeste Panzerung, die die Glocke und Ihren Boden sch\u00fctzt. Sie ist sto\u00dfd\u00e4mpfend und leise, sodass das laute Klirren von Metall auf Metall entf\u00e4llt. Die Blockformkonstruktion sorgt f\u00fcr eine einheitliche, ausgewogene Form mit einer flachen Unterseite f\u00fcr Stabilit\u00e4t bei abtr\u00fcnnigen Reihen und Lagerung.<\/p>\n<p>Der Griff ist, wo diese Kettlebell wirklich gl\u00e4nzt. Es verf\u00fcgt \u00fcber einen massiven Stahlgriff mit einem Hard Chrome Finish. Diese glatte, polierte Oberfl\u00e4che ist f\u00fcr ballistische Bewegungen mit hoher Wiederholungszahl wie Snatches und Cleans unerl\u00e4sslich. Ein rauer Griff rei\u00dft Ihre H\u00e4nde beim Drehen auf; das glatte Chrom erm\u00f6glicht es dem Griff, sich frei und ohne Reibung in Ihrem Griff zu drehen, was Ihre Haut schont und Ihre Ausdauer verbessert. Der Griffdurchmesser (\u00d8 34 mm) ist f\u00fcr die Griffst\u00e4rke optimiert, ohne zu dick zu sein. Vom 8-kg-Einsteigergewicht bis zum 32-kg-Schwergewicht kombiniert diese Kettlebell die Haltbarkeit von industriellem Urethan mit dem hochwertigen Gef\u00fchl eines Wettkampfgriffs.<\/p>\n<h3>1. Schlagfeste CPU-Beschichtung<\/h3>\n<p>Gegossenes Polyurethan ist die h\u00e4rteste verf\u00fcgbare Beschichtung. Sie sch\u00fctzt den Kern der Glocke vor Rost und Besch\u00e4digung. Noch wichtiger ist jedoch, dass sie Ihre Trainingsumgebung sch\u00fctzt. Wenn Sie diese Glocke auf ein Holzpodest oder einen Fliesenboden fallen lassen, absorbiert die CPU einen Gro\u00dfteil des Aufpralls und verhindert so Splitter und Risse im Untergrund. Die Glocke ist geruchsneutral und beh\u00e4lt ihre Farbe auf unbestimmte Zeit.<\/p>\n<h3>2. Glatter Hartchrom-Griff<\/h3>\n<p>Das Kettlebell-Training beinhaltet eine dynamische Rotation. Der Griff muss in der Hand gleiten. Die Hartchromoberfl\u00e4che ist ultraglatt und rostfrei. Sie verhindert Reibungsverbrennungen und Schwielen, die durch raue Gusseisengriffe (oft als \u201cHundeknochen\u201d-Griffe bezeichnet) verursacht werden. Diese Oberfl\u00e4che erm\u00f6glicht flie\u00dfende \u00dcberg\u00e4nge und h\u00f6here Wiederholungszahlen bei hohem Komfort.<\/p>\n<h3>3. Stabilit\u00e4t des flachen Bodens<\/h3>\n<p>Ein stabiler Boden ist entscheidend f\u00fcr Sicherheit und Vielseitigkeit. Das flache Bodendesign sorgt daf\u00fcr, dass die Kettlebell bei der Lagerung perfekt aufrecht steht. Sie erm\u00f6glicht auch Dual-Kettlebell-Boden\u00fcbungen wie Liegest\u00fctze und Renegade Rows und bietet eine solide, nicht wackelnde Grundlage f\u00fcr Ihr K\u00f6rpergewicht.<\/p>\n<h3>4. Einheitliche \u201cBlockform\u201d-Form<\/h3>\n<p>Der Herstellungsprozess gew\u00e4hrleistet Einheitlichkeit. Die Form der Glocke ist bei allen Gewichten gleich (auch wenn die Gr\u00f6\u00dfe leicht variieren kann) und sorgt f\u00fcr einen vorhersehbaren Schwerpunkt. Das Fenster (der Raum zwischen Griff und Kugel) ist so bemessen, dass der Unterarm in der Rack-Position ohne unangenehme Druckstellen bequem Platz findet.<\/p>\n<h3>5. Professioneller Gewichtsbereich<\/h3>\n<p>Diese Serie ist von 8 kg bis 32 kg erh\u00e4ltlich und deckt die Standardprogression f\u00fcr das Kettlebell-Training ab. Ganz gleich, ob Sie den Turkish Get-Up erlernen oder schwere beidh\u00e4ndige Schw\u00fcnge ausf\u00fchren, es gibt eine Gewichtserh\u00f6hung, die Ihrem Kraftniveau entspricht. Die Haltbarkeit gew\u00e4hrleistet, dass die 32-kg-Glocke genauso sicher fallen gelassen werden kann wie die 8-kg-Glocke.<\/p>\n<h3>F\u00fcr wen ist das?<\/h3>\n<ul style=\"list-style-position: inside; padding-left: 0;\">\n<li>Kettlebell-Sportbegeisterte und funktionelle Fitness-Athleten.<\/li>\n<li>Gewerbliche Fitnessstudios, die Bodensch\u00e4den vermeiden wollen.<\/li>\n<li>Besitzer von Fitnessstudios zu Hause, die leise und sichere Ger\u00e4te ben\u00f6tigen.<\/li>\n<li>Heber, die mit dem Einrei\u00dfen der H\u00e4nde durch raue Griffe zu k\u00e4mpfen haben.<\/li>\n<li>Jeder, der hohe Wiederholungen beim Rei\u00dfen und Schwingen durchf\u00fchrt.<\/li>\n<\/ul>\n<h3>Produktspezifikationen<\/h3>\n<table border=\"1\" width=\"100%\" cellspacing=\"0\" cellpadding=\"5\">\n<tbody>\n<tr>\n<td><strong>Modell<\/strong><\/td>\n<td>W04BC001<\/td>\n<\/tr>\n<tr>\n<td><strong>Material<\/strong><\/td>\n<td>CPU-Beschichtung, Stahlkern<\/td>\n<\/tr>\n<tr>\n<td><strong>Handgriff<\/strong><\/td>\n<td>Hartchrom (Durchmesser 34mm)<\/td>\n<\/tr>\n<tr>\n<td><strong>Gewichte<\/strong><\/td>\n<td>8, 10, 12, 16, 20, 24, 28, 32 kg<\/td>\n<\/tr>\n<tr>\n<td><strong>Merkmal<\/strong><\/td>\n<td>Sanfte Rotation, Bodenschutz<\/td>\n<\/tr>\n<\/tbody>\n<\/table>","protected":false},"excerpt":{"rendered":"<p>Die CPU Coated Kettlebell von Alex Athletics verbindet h\u00f6chste Haltbarkeit mit ergonomischer Leistung. Die Kettlebell ist mit hochbelastbarem gegossenem Polyurethan (CPU) ummantelt, das St\u00f6\u00dfen widersteht, B\u00f6den sch\u00fctzt und Rost verhindert. Das herausragende Merkmal ist der Hartchrom-Griff, der eine glatte, reibungsfreie Oberfl\u00e4che f\u00fcr eine nahtlose Rotation w\u00e4hrend der Snatches und Swings bietet und so Handrisse verhindert. Mit einem stabilen flachen Boden und einer ausgewogenen Gewichtsverteilung ist er das ultimative Werkzeug f\u00fcr funktionelles Training, Haltbarkeit und Komfort.<\/p>","protected":false},"featured_media":3480,"comment_status":"open","ping_status":"closed","template":"","meta":{"inline_featured_image":false,"site-sidebar-layout":"default","site-content-layout":"","ast-site-content-layout":"default","site-content-style":"default","site-sidebar-style":"default","ast-global-header-display":"","ast-banner-title-visibility":"","ast-main-header-display":"","ast-hfb-above-header-display":"","ast-hfb-below-header-display":"","ast-hfb-mobile-header-display":"","site-post-title":"","ast-breadcrumbs-content":"","ast-featured-img":"","footer-sml-layout":"","ast-disable-related-posts":"","theme-transparent-header-meta":"default","adv-header-id-meta":"","stick-header-meta":"default","header-above-stick-meta":"","header-main-stick-meta":"","header-below-stick-meta":"","astra-migrate-meta-layouts":"set","ast-page-background-enabled":"default","ast-page-background-meta":{"desktop":{"background-color":"","background-image":"","background-repeat":"repeat","background-position":"center center","background-size":"auto","background-attachment":"scroll","background-type":"","background-media":"","overlay-type":"","overlay-color":"","overlay-opacity":"","overlay-gradient":""},"tablet":{"background-color":"","background-image":"","background-repeat":"repeat","background-position":"center center","background-size":"auto","background-attachment":"scroll","background-type":"","background-media":"","overlay-type":"","overlay-color":"","overlay-opacity":"","overlay-gradient":""},"mobile":{"background-color":"","background-image":"","background-repeat":"repeat","background-position":"center center","background-size":"auto","background-attachment":"scroll","background-type":"","background-media":"","overlay-type":"","overlay-color":"","overlay-opacity":"","overlay-gradient":""}},"ast-content-background-meta":{"desktop":{"background-color":"var(--ast-global-color-5)","background-image":"","background-repeat":"repeat","background-position":"center center","background-size":"auto","background-attachment":"scroll","background-type":"","background-media":"","overlay-type":"","overlay-color":"","overlay-opacity":"","overlay-gradient":""},"tablet":{"background-color":"var(--ast-global-color-5)","background-image":"","background-repeat":"repeat","background-position":"center center","background-size":"auto","background-attachment":"scroll","background-type":"","background-media":"","overlay-type":"","overlay-color":"","overlay-opacity":"","overlay-gradient":""},"mobile":{"background-color":"var(--ast-global-color-5)","background-image":"","background-repeat":"repeat","background-position":"center center","background-size":"auto","background-attachment":"scroll","background-type":"","background-media":"","overlay-type":"","overlay-color":"","overlay-opacity":"","overlay-gradient":""}}},"product_brand":[],"product_cat":[55],"product_tag":[61],"class_list":{"0":"post-2930","1":"product","2":"type-product","3":"status-publish","4":"has-post-thumbnail","6":"product_cat-free-weight-training","7":"product_tag-kettlebell","8":"desktop-align-left","9":"tablet-align-left","10":"mobile-align-left","12":"first","13":"instock","14":"shipping-taxable","15":"purchasable","16":"product-type-simple"},"_links":{"self":[{"href":"https:\/\/alexathletics1982.com\/de\/wp-json\/wp\/v2\/product\/2930","targetHints":{"allow":["GET"]}}],"collection":[{"href":"https:\/\/alexathletics1982.com\/de\/wp-json\/wp\/v2\/product"}],"about":[{"href":"https:\/\/alexathletics1982.com\/de\/wp-json\/wp\/v2\/types\/product"}],"replies":[{"embeddable":true,"href":"https:\/\/alexathletics1982.com\/de\/wp-json\/wp\/v2\/comments?post=2930"}],"wp:featuredmedia":[{"embeddable":true,"href":"https:\/\/alexathletics1982.com\/de\/wp-json\/wp\/v2\/media\/3480"}],"wp:attachment":[{"href":"https:\/\/alexathletics1982.com\/de\/wp-json\/wp\/v2\/media?parent=2930"}],"wp:term":[{"taxonomy":"product_brand","embeddable":true,"href":"https:\/\/alexathletics1982.com\/de\/wp-json\/wp\/v2\/product_brand?post=2930"},{"taxonomy":"product_cat","embeddable":true,"href":"https:\/\/alexathletics1982.com\/de\/wp-json\/wp\/v2\/product_cat?post=2930"},{"taxonomy":"product_tag","embeddable":true,"href":"https:\/\/alexathletics1982.com\/de\/wp-json\/wp\/v2\/product_tag?post=2930"}],"curies":[{"name":"wp","href":"https:\/\/api.w.org\/{rel}","templated":true}]}}