{"id":2931,"date":"2026-01-23T20:20:20","date_gmt":"2026-01-23T12:20:20","guid":{"rendered":"https:\/\/alexathletics1982.com\/?post_type=product&#038;p=2931"},"modified":"2026-04-10T22:23:28","modified_gmt":"2026-04-10T14:23:28","slug":"klassische-sechskant-hantel","status":"publish","type":"product","link":"https:\/\/alexathletics1982.com\/de\/classic-hex-dumbbell\/","title":{"rendered":"Klassische Hex-Hantel"},"content":{"rendered":"<h2>Die Garage Gym Ikone: Klassische Gummi-Sechskant-Hantel<\/h2>\n<p>Die Gummi-Sechskant-Hantel ist das vielseitigste und bekannteste Ger\u00e4t in der Fitnesswelt. Die Classic Hex Hantel von Alex Athletics verfeinert dieses Grundnahrungsmittel mit kommerziellen Materialien und Konstruktion. Das entscheidende Merkmal ist die sechseckige Kopfform. Im Gegensatz zu runden Hanteln, die wegrollen, wenn sie auf den Boden gelegt werden, bleibt die sechseckige Form an Ort und Stelle. Diese \u201cAnti-Roll\u201d-Stabilit\u00e4t verbessert die Sicherheit in einem belebten Fitnessstudio und erm\u00f6glicht eine Vielzahl von \u00dcbungen auf dem Boden. Sie k\u00f6nnen Liegest\u00fctzreihen (Renegade Rows), L-Sit-Progressionen und Burpees durchf\u00fchren, indem Sie die Hanteln als stabile Griffe verwenden und so Ihrem Krafttraining eine funktionelle Dimension hinzuf\u00fcgen.<\/p>\n<p>Diese Hanteln bestehen aus einem massiven Gusseisenkern, der mit einer strapazierf\u00e4higen Gummibeschichtung ummantelt ist, und sind so gebaut, dass sie Ihr Zuhause sch\u00fctzen. Die Gummibeschichtung wirkt wie ein Sto\u00dfd\u00e4mpfer, der verhindert, dass die Hantel beim Fallenlassen die Bodenfliesen besch\u00e4digt oder L\u00e4rm macht. Der Griff ist aus massivem Stahl mit einer haltbaren Chromoberfl\u00e4che gefertigt und hat eine ergonomische Form, die sich der nat\u00fcrlichen W\u00f6lbung der Handfl\u00e4che anpasst. Die Diamantr\u00e4ndelung sorgt f\u00fcr einen sicheren, rutschfesten Griff, ohne \u00fcberm\u00e4\u00dfig aggressiv zu sein. Ganz gleich, ob Sie ein kleines Fitnessstudio zu Hause aufbauen oder eine funktionelle Fitnesseinrichtung einrichten wollen, die Classic Hex Hantel bietet die perfekte Balance aus N\u00fctzlichkeit, Haltbarkeit und Erschwinglichkeit.<\/p>\n<h3>1. Sechseckige Anti-Roll-Stabilit\u00e4t<\/h3>\n<p>Bei dem sechsseitigen Design geht es um die Funktion, nicht nur um das Aussehen. Es verhindert, dass die Gewichte \u00fcber den Boden rollen, was ein gro\u00dfes Sicherheitsrisiko darstellt. Noch wichtiger ist, dass es eine stabile Plattform f\u00fcr Boden\u00fcbungen bietet. Sie k\u00f6nnen sich bei Liegest\u00fctzen und Planks mit Ihrem gesamten K\u00f6rpergewicht darauf abst\u00fctzen, ohne dass die runden Glocken wackeln.<\/p>\n<h3>2. Bodensichere Gummibeschichtung<\/h3>\n<p>Eisenplatten k\u00f6nnen Fliesen zerbrechen und Holz verbeulen. Diese K\u00f6pfe sind mit einer dicken Schicht aus neuem oder recyceltem Gummi ummantelt. Diese Beschichtung d\u00e4mpft Ger\u00e4usche, was sie nachbarschaftsfreundlich macht, und sch\u00fctzt sowohl die Hantel als auch den Boden vor Sto\u00dfsch\u00e4den. Au\u00dferdem ist sie rostbest\u00e4ndig und l\u00e4sst Ihr Fitnessstudio sauber aussehen.<\/p>\n<h3>3. Konturierter Chrom-Griff<\/h3>\n<p>Der Griff ist f\u00fcr menschliche H\u00e4nde konzipiert. Er hat eine leichte Laufkontur (in der Mitte dicker), die die Kontaktfl\u00e4che und den Komfort verbessert. Die Verchromung sch\u00fctzt vor Korrosion durch Schwei\u00df, und die R\u00e4ndelung sorgt daf\u00fcr, dass Sie das Gewicht bei schweren Reihen oder explosiven Griffen sicher festhalten k\u00f6nnen.<\/p>\n<h3>4. \u201cGestiftete\u201d Kopfkonstruktion<\/h3>\n<p>Die Sicherheit ist entscheidend. Die K\u00f6pfe sind mit dem Griffschaft reibgeschwei\u00dft oder verstiftet. Diese robuste Bauweise verhindert, dass sich die K\u00f6pfe im Laufe der Zeit lockern oder l\u00f6sen, was bei billigen Sechskant-Hanteln h\u00e4ufig der Fall ist. Sie k\u00f6nnen ihnen \u00fcber Kopf vertrauen.<\/p>\n<h3>5. Vielseitiges Schulungsinstrument<\/h3>\n<p>Von Isolationscurls bis hin zu Ganzk\u00f6rperhanteln - die Hex-Hantel ist f\u00fcr alles geeignet. Die Gummibeschichtung macht sie sicherer f\u00fcr \u201cOn-Body\u201d-\u00dcbungen wie Goblet Squats, da es keine scharfen Metallkanten gibt, die sich in die Brust bohren. Sie sind das grundlegende Werkzeug f\u00fcr Hypertrophie und Konditionierung.<\/p>\n<h3>F\u00fcr wen ist das?<\/h3>\n<ul style=\"list-style-position: inside; padding-left: 0;\">\n<li>Besitzer eines Fitnessstudios, die ein vielseitiges Einsteigerset ben\u00f6tigen.<\/li>\n<li>Sportler mit funktioneller Fitness.<\/li>\n<li>Jeder, der seinen Fu\u00dfboden sch\u00fctzen m\u00f6chte.<\/li>\n<li>Anf\u00e4nger bis fortgeschrittene Heber.<\/li>\n<\/ul>\n<h3>Produktspezifikationen<\/h3>\n<table border=\"1\" width=\"100%\" cellspacing=\"0\" cellpadding=\"5\">\n<tbody>\n<tr>\n<td><strong>Modell<\/strong><\/td>\n<td>W03AB014<\/td>\n<\/tr>\n<tr>\n<td><strong>Material<\/strong><\/td>\n<td>Gusseisen, Gummi, Stahl<\/td>\n<\/tr>\n<tr>\n<td><strong>Form<\/strong><\/td>\n<td>Sechskant (Anti-Roll)<\/td>\n<\/tr>\n<tr>\n<td><strong>Handgriff<\/strong><\/td>\n<td>Chrom, konturiert, ger\u00e4ndelt<\/td>\n<\/tr>\n<tr>\n<td><strong>Gewichte<\/strong><\/td>\n<td>1 ~ 10 kg (und mehr)<\/td>\n<\/tr>\n<\/tbody>\n<\/table>","protected":false},"excerpt":{"rendered":"<p>Die Classic Hex Dumbbell von Alex Athletics ist das unverzichtbare Mehrzweckgewicht f\u00fcr jedes Fitnessstudio. Mit ihrer stabilen sechseckigen Form rollt sie nicht weg und ist perfekt f\u00fcr Boden\u00fcbungen wie Renegade Rows. Die strapazierf\u00e4hige Gummiummantelung sch\u00fctzt den Boden und reduziert die Ger\u00e4uschentwicklung, w\u00e4hrend der konturierte Chromgriff f\u00fcr einen bequemen und sicheren Griff sorgt. Langlebig, vielseitig und sicher, ist es das grundlegende Werkzeug f\u00fcr Kraft- und Funktionstraining.<\/p>","protected":false},"featured_media":3249,"comment_status":"open","ping_status":"closed","template":"","meta":{"inline_featured_image":false,"site-sidebar-layout":"default","site-content-layout":"","ast-site-content-layout":"default","site-content-style":"default","site-sidebar-style":"default","ast-global-header-display":"","ast-banner-title-visibility":"","ast-main-header-display":"","ast-hfb-above-header-display":"","ast-hfb-below-header-display":"","ast-hfb-mobile-header-display":"","site-post-title":"","ast-breadcrumbs-content":"","ast-featured-img":"","footer-sml-layout":"","ast-disable-related-posts":"","theme-transparent-header-meta":"default","adv-header-id-meta":"","stick-header-meta":"default","header-above-stick-meta":"","header-main-stick-meta":"","header-below-stick-meta":"","astra-migrate-meta-layouts":"set","ast-page-background-enabled":"default","ast-page-background-meta":{"desktop":{"background-color":"","background-image":"","background-repeat":"repeat","background-position":"center center","background-size":"auto","background-attachment":"scroll","background-type":"","background-media":"","overlay-type":"","overlay-color":"","overlay-opacity":"","overlay-gradient":""},"tablet":{"background-color":"","background-image":"","background-repeat":"repeat","background-position":"center center","background-size":"auto","background-attachment":"scroll","background-type":"","background-media":"","overlay-type":"","overlay-color":"","overlay-opacity":"","overlay-gradient":""},"mobile":{"background-color":"","background-image":"","background-repeat":"repeat","background-position":"center center","background-size":"auto","background-attachment":"scroll","background-type":"","background-media":"","overlay-type":"","overlay-color":"","overlay-opacity":"","overlay-gradient":""}},"ast-content-background-meta":{"desktop":{"background-color":"var(--ast-global-color-5)","background-image":"","background-repeat":"repeat","background-position":"center center","background-size":"auto","background-attachment":"scroll","background-type":"","background-media":"","overlay-type":"","overlay-color":"","overlay-opacity":"","overlay-gradient":""},"tablet":{"background-color":"var(--ast-global-color-5)","background-image":"","background-repeat":"repeat","background-position":"center center","background-size":"auto","background-attachment":"scroll","background-type":"","background-media":"","overlay-type":"","overlay-color":"","overlay-opacity":"","overlay-gradient":""},"mobile":{"background-color":"var(--ast-global-color-5)","background-image":"","background-repeat":"repeat","background-position":"center center","background-size":"auto","background-attachment":"scroll","background-type":"","background-media":"","overlay-type":"","overlay-color":"","overlay-opacity":"","overlay-gradient":""}}},"product_brand":[],"product_cat":[55],"product_tag":[60],"class_list":{"0":"post-2931","1":"product","2":"type-product","3":"status-publish","4":"has-post-thumbnail","6":"product_cat-free-weight-training","7":"product_tag-dumbbell","8":"desktop-align-left","9":"tablet-align-left","10":"mobile-align-left","12":"first","13":"instock","14":"shipping-taxable","15":"purchasable","16":"product-type-simple"},"_links":{"self":[{"href":"https:\/\/alexathletics1982.com\/de\/wp-json\/wp\/v2\/product\/2931","targetHints":{"allow":["GET"]}}],"collection":[{"href":"https:\/\/alexathletics1982.com\/de\/wp-json\/wp\/v2\/product"}],"about":[{"href":"https:\/\/alexathletics1982.com\/de\/wp-json\/wp\/v2\/types\/product"}],"replies":[{"embeddable":true,"href":"https:\/\/alexathletics1982.com\/de\/wp-json\/wp\/v2\/comments?post=2931"}],"wp:featuredmedia":[{"embeddable":true,"href":"https:\/\/alexathletics1982.com\/de\/wp-json\/wp\/v2\/media\/3249"}],"wp:attachment":[{"href":"https:\/\/alexathletics1982.com\/de\/wp-json\/wp\/v2\/media?parent=2931"}],"wp:term":[{"taxonomy":"product_brand","embeddable":true,"href":"https:\/\/alexathletics1982.com\/de\/wp-json\/wp\/v2\/product_brand?post=2931"},{"taxonomy":"product_cat","embeddable":true,"href":"https:\/\/alexathletics1982.com\/de\/wp-json\/wp\/v2\/product_cat?post=2931"},{"taxonomy":"product_tag","embeddable":true,"href":"https:\/\/alexathletics1982.com\/de\/wp-json\/wp\/v2\/product_tag?post=2931"}],"curies":[{"name":"wp","href":"https:\/\/api.w.org\/{rel}","templated":true}]}}