{"id":2937,"date":"2026-01-23T20:20:40","date_gmt":"2026-01-23T12:20:40","guid":{"rendered":"https:\/\/alexathletics1982.com\/?post_type=product&#038;p=2937"},"modified":"2026-04-08T23:43:41","modified_gmt":"2026-04-08T15:43:41","slug":"chrom-hantel","status":"publish","type":"product","link":"https:\/\/alexathletics1982.com\/de\/chrome-dumbbell\/","title":{"rendered":"Chrom-Hantel"},"content":{"rendered":"<h2>Der \u00e4sthetische Klassiker: Massive Chrom-Hantel<\/h2>\n<p>F\u00fcr alle, die der Meinung sind, dass Fitnessger\u00e4te genauso gut aussehen sollten, wie sie funktionieren, ist die Chrom-Hantel von Alex Athletics die richtige Wahl. Diese als \u201cBeauty Bells\u201d bekannten Hanteln haben eine atemberaubende, hochgl\u00e4nzende Chromoberfl\u00e4che von Ende zu Ende. Diese spiegelnde Oberfl\u00e4che ist nicht nur optisch auffallend, sondern auch eine ultraharte Beschichtung, die besser als Farbe gegen Absplittern, Rost und Korrosion gesch\u00fctzt ist. Die kompakten, runden Stahlk\u00f6pfe sind pr\u00e4zise ausbalanciert und mit dem Griff verschwei\u00dft, so dass sie wie aus einem Guss wirken. Dieses kompakte Design ist ein gro\u00dfer funktioneller Vorteil, denn es erm\u00f6glicht einen engen Bewegungsspielraum und h\u00e4lt die Gewichte bei komplexen Bewegungen nah am K\u00f6rper, was sie ideal f\u00fcr Benutzer mit kleinerem K\u00f6rperbau oder komplizierte Isolations\u00fcbungen macht.<\/p>\n<p>Die Ergonomie steht im Mittelpunkt des Designs. Der Griff ist nicht einfach eine gerade Stange, sondern ergonomisch geformt (tonnenf\u00f6rmig), um sich der nat\u00fcrlichen Kr\u00fcmmung der Handfl\u00e4che anzupassen. Diese Form f\u00fcllt die Hand aus, verteilt den Druck gleichm\u00e4\u00dfig und reduziert Kr\u00e4mpfe bei langen S\u00e4tzen. Der Griffbereich ist mit einer pr\u00e4zisen R\u00e4ndelung versehen, die daf\u00fcr sorgt, dass die Hantel trotz der glatten Oberfl\u00e4che sicher in Ihrem Griff liegt. Diese eleganten, langlebigen und zeitlosen Kurzhanteln verleihen jedem Fitnessstudio zu Hause, jedem Hotel-Fitnesscenter und jedem B\u00fcro einen Hauch von Klasse. Diese Hanteln sind am einfachsten zu reinigen und zu desinfizieren und behalten ihren Glanz \u00fcber Jahre hinweg.<\/p>\n<h3>1. Hochglanzverchromt<\/h3>\n<p>Die spiegelnde Verchromung ist das Nonplusultra der Turnhallen\u00e4sthetik. Sie sieht sauber, modern und professionell aus. Chrom sieht nicht nur gut aus, sondern ist auch ein funktioneller Schutz gegen Oxidation und Schwei\u00df. Es l\u00e4sst sich unglaublich leicht abwischen und ist damit die hygienischste Option f\u00fcr Gemeinschaftseinrichtungen oder hochwertige Spas.<\/p>\n<h3>2. Ergonomisch geformter Handgriff<\/h3>\n<p>Der Griff schwillt in der Mitte an, um der Anatomie einer geschlossenen Hand zu entsprechen. Diese \u201cBarrel\u201d-Form reduziert den Spalt zwischen Handfl\u00e4che und Stange und sorgt f\u00fcr eine sichere und komfortable Schnittstelle. In Kombination mit der Diamantr\u00e4ndelung bietet er einen Griff, der die Erm\u00fcdung des Unterarms minimiert und gleichzeitig die Kontrolle maximiert.<\/p>\n<h3>3. Kompakte Stahlk\u00f6pfe<\/h3>\n<p>Da sie aus massivem Stahl gefertigt sind, sind diese Hanteln dichter als die Versionen aus Eisen oder Gummi. Dies f\u00fchrt zu physisch kleineren K\u00f6pfen f\u00fcr das gleiche Gewicht. Das kompakte Profil verhindert, dass die Hanteln beim Brustdr\u00fccken oder Curlen aneinandersto\u00dfen, und erm\u00f6glicht so einen sanfteren, uneingeschr\u00e4nkten Bewegungsumfang.<\/p>\n<h3>4. Splitter- und sch\u00e4lresistent<\/h3>\n<p>Im Gegensatz zu lackiertem Eisen, das abplatzt, oder Gummi, der abbl\u00e4ttert, ist Chrom eine molekulare Verbindung. Es ist \u00e4u\u00dferst widerstandsf\u00e4hig gegen Schlagsch\u00e4den. Zwar ist keine Oberfl\u00e4che unbesiegbar, aber Chrom h\u00e4lt der Reibung beim Auf- und Abspannen au\u00dfergew\u00f6hnlich gut stand und beh\u00e4lt sein hochwertiges Aussehen noch lange, nachdem andere Hanteln abgenutzt aussehen.<\/p>\n<h3>5. Vielseitiges Light-Weight-Programm<\/h3>\n<p>Sie reichen von 1 kg bis 10 kg (und bis zu 20 kg) und sind perfekt f\u00fcr das \u201cfeine\u201d Training. Sie sind ideal f\u00fcr Seitheben, Rotatorenmanschetten-Training, Bizepstraining und zus\u00e4tzlichen Widerstand bei Aerobic. Die pr\u00e4zise Gewichtskalibrierung sorgt daf\u00fcr, dass Ihr Training genau ist.<\/p>\n<h3>F\u00fcr wen ist das?<\/h3>\n<ul style=\"list-style-position: inside; padding-left: 0;\">\n<li>Luxushotels und Firmen-Fitnessstudios.<\/li>\n<li>Besitzer eines Fitnessstudios zu Hause, die Wert auf \u00c4sthetik legen.<\/li>\n<li>Bodybuilder machen Isolations\u00fcbungen.<\/li>\n<li>Benutzer mit kleineren H\u00e4nden, die ergonomische Griffe ben\u00f6tigen.<\/li>\n<li>Jeder, der leicht zu reinigende, hygienische Gewichte haben m\u00f6chte.<\/li>\n<\/ul>\n<h3>Produktspezifikationen<\/h3>\n<table border=\"1\" width=\"100%\" cellspacing=\"0\" cellpadding=\"5\">\n<tbody>\n<tr>\n<td><strong>Modell<\/strong><\/td>\n<td>W03BG001<\/td>\n<\/tr>\n<tr>\n<td><strong>Material<\/strong><\/td>\n<td>Massiver Stahl<\/td>\n<\/tr>\n<tr>\n<td><strong>Oberfl\u00e4che<\/strong><\/td>\n<td>Hochglanzpoliertes Chrom<\/td>\n<\/tr>\n<tr>\n<td><strong>Handgriff<\/strong><\/td>\n<td>Konturiert &amp; ger\u00e4ndelt<\/td>\n<\/tr>\n<tr>\n<td><strong>Gewichte<\/strong><\/td>\n<td>1 ~ 20 kg<\/td>\n<\/tr>\n<\/tbody>\n<\/table>","protected":false},"excerpt":{"rendered":"<p>Die Chromhantel von Alex Athletics bringt Eleganz und Ergonomie in Ihr Training. Mit einer hochgl\u00e4nzenden, reflektierenden Oberfl\u00e4che sind diese Hanteln aus massivem Stahl resistent gegen Rost und Abplatzungen. Der ergonomisch geformte Griff mit R\u00e4ndelung liegt perfekt in der Hand und sorgt f\u00fcr einen bequemen und sicheren Griff. Mit ihren kompakten K\u00f6pfen, die einen vollen Bewegungsumfang zulassen, sind sie die ideale Wahl f\u00fcr Isolations\u00fcbungen, luxuri\u00f6se Fitnessstudios zu Hause und Studios, die Wert auf Sauberkeit und Stil legen.<\/p>","protected":false},"featured_media":3241,"comment_status":"open","ping_status":"closed","template":"","meta":{"inline_featured_image":false,"site-sidebar-layout":"default","site-content-layout":"","ast-site-content-layout":"default","site-content-style":"default","site-sidebar-style":"default","ast-global-header-display":"","ast-banner-title-visibility":"","ast-main-header-display":"","ast-hfb-above-header-display":"","ast-hfb-below-header-display":"","ast-hfb-mobile-header-display":"","site-post-title":"","ast-breadcrumbs-content":"","ast-featured-img":"","footer-sml-layout":"","ast-disable-related-posts":"","theme-transparent-header-meta":"default","adv-header-id-meta":"","stick-header-meta":"default","header-above-stick-meta":"","header-main-stick-meta":"","header-below-stick-meta":"","astra-migrate-meta-layouts":"set","ast-page-background-enabled":"default","ast-page-background-meta":{"desktop":{"background-color":"","background-image":"","background-repeat":"repeat","background-position":"center center","background-size":"auto","background-attachment":"scroll","background-type":"","background-media":"","overlay-type":"","overlay-color":"","overlay-opacity":"","overlay-gradient":""},"tablet":{"background-color":"","background-image":"","background-repeat":"repeat","background-position":"center center","background-size":"auto","background-attachment":"scroll","background-type":"","background-media":"","overlay-type":"","overlay-color":"","overlay-opacity":"","overlay-gradient":""},"mobile":{"background-color":"","background-image":"","background-repeat":"repeat","background-position":"center center","background-size":"auto","background-attachment":"scroll","background-type":"","background-media":"","overlay-type":"","overlay-color":"","overlay-opacity":"","overlay-gradient":""}},"ast-content-background-meta":{"desktop":{"background-color":"var(--ast-global-color-5)","background-image":"","background-repeat":"repeat","background-position":"center center","background-size":"auto","background-attachment":"scroll","background-type":"","background-media":"","overlay-type":"","overlay-color":"","overlay-opacity":"","overlay-gradient":""},"tablet":{"background-color":"var(--ast-global-color-5)","background-image":"","background-repeat":"repeat","background-position":"center center","background-size":"auto","background-attachment":"scroll","background-type":"","background-media":"","overlay-type":"","overlay-color":"","overlay-opacity":"","overlay-gradient":""},"mobile":{"background-color":"var(--ast-global-color-5)","background-image":"","background-repeat":"repeat","background-position":"center center","background-size":"auto","background-attachment":"scroll","background-type":"","background-media":"","overlay-type":"","overlay-color":"","overlay-opacity":"","overlay-gradient":""}}},"product_brand":[],"product_cat":[55],"product_tag":[60],"class_list":{"0":"post-2937","1":"product","2":"type-product","3":"status-publish","4":"has-post-thumbnail","6":"product_cat-free-weight-training","7":"product_tag-dumbbell","8":"desktop-align-left","9":"tablet-align-left","10":"mobile-align-left","12":"first","13":"instock","14":"shipping-taxable","15":"purchasable","16":"product-type-simple"},"_links":{"self":[{"href":"https:\/\/alexathletics1982.com\/de\/wp-json\/wp\/v2\/product\/2937","targetHints":{"allow":["GET"]}}],"collection":[{"href":"https:\/\/alexathletics1982.com\/de\/wp-json\/wp\/v2\/product"}],"about":[{"href":"https:\/\/alexathletics1982.com\/de\/wp-json\/wp\/v2\/types\/product"}],"replies":[{"embeddable":true,"href":"https:\/\/alexathletics1982.com\/de\/wp-json\/wp\/v2\/comments?post=2937"}],"wp:featuredmedia":[{"embeddable":true,"href":"https:\/\/alexathletics1982.com\/de\/wp-json\/wp\/v2\/media\/3241"}],"wp:attachment":[{"href":"https:\/\/alexathletics1982.com\/de\/wp-json\/wp\/v2\/media?parent=2937"}],"wp:term":[{"taxonomy":"product_brand","embeddable":true,"href":"https:\/\/alexathletics1982.com\/de\/wp-json\/wp\/v2\/product_brand?post=2937"},{"taxonomy":"product_cat","embeddable":true,"href":"https:\/\/alexathletics1982.com\/de\/wp-json\/wp\/v2\/product_cat?post=2937"},{"taxonomy":"product_tag","embeddable":true,"href":"https:\/\/alexathletics1982.com\/de\/wp-json\/wp\/v2\/product_tag?post=2937"}],"curies":[{"name":"wp","href":"https:\/\/api.w.org\/{rel}","templated":true}]}}