{"id":2940,"date":"2026-01-23T20:20:40","date_gmt":"2026-01-23T12:20:40","guid":{"rendered":"https:\/\/alexathletics1982.com\/?post_type=product&#038;p=2940"},"modified":"2026-04-10T21:16:35","modified_gmt":"2026-04-10T13:16:35","slug":"wettbewerb-matt-finish-kettlebell-c2","status":"publish","type":"product","link":"https:\/\/alexathletics1982.com\/de\/competition-matt-finish-kettlebell-c2\/","title":{"rendered":"Wettbewerb Matte Oberfl\u00e4che Kettlebell-C2"},"content":{"rendered":"<h2>Tactical Grip: Wettbewerb Matte Finish Kettlebell (C2)<\/h2>\n<p>Die Competition Matte Finish Kettlebell (C2) von Alex Athletics \u00fcbernimmt die professionellen Standards des C1-Modells und f\u00fcgt einen taktischen, funktionalen Twist hinzu. W\u00e4hrend sie die kritischen einheitlichen Abmessungen (gleiche Gr\u00f6\u00dfe f\u00fcr alle Gewichte) beibeh\u00e4lt, die eine konsistente Technik erm\u00f6glichen, verf\u00fcgt die C2 \u00fcber einen matt pulverbeschichteten K\u00f6rper. Diese strukturierte, nicht reflektierende Oberfl\u00e4che bietet einen deutlichen Vorteil: Sie sorgt f\u00fcr etwas mehr Reibung am K\u00f6rper (insbesondere am T-Shirt oder Trikot) in der Rack-Position. F\u00fcr einige Heber hilft dieser zus\u00e4tzliche \u201cBiss\u201d, die Glocken w\u00e4hrend der langen Griffe eines Kettlebell Jerk-Satzes zu stabilisieren und zu verhindern, dass sie abrutschen, wenn der Schwei\u00df zu einem Faktor wird. Es bietet auch eine moderne, aggressive \u00c4sthetik, die Fingerabdr\u00fccke und Schrammen widersteht.<\/p>\n<p>Der Griff ist nach wie vor das leistungsstarke Herzst\u00fcck: gleichm\u00e4\u00dfiger Durchmesser, unlackierter Edelstahl (oder blanker Stahl), der f\u00fcr eine reibungslose Rotation und einen hervorragenden Chalk-Halt ausgelegt ist. Der C2 ist pr\u00e4zise ausbalanciert, um eine exakte Flugbahn f\u00fcr Snatches und Cleans zu gew\u00e4hrleisten. Wie die gl\u00e4nzende Version ist sie zur sofortigen Erkennung des Gewichts farbcodiert. Die Wahl zwischen Gloss und Matte ist weitgehend bevorzugt, aber f\u00fcr Athleten, die ein taktileres Gef\u00fchl und einen \u201cStealth\u201d-Look f\u00fcr ihre Ausr\u00fcstung bevorzugen, ist der Matte C2 die bessere Option. Sie bietet die gleiche erstklassige Haltbarkeit und Ausgewogenheit, die man von einem Wettkampfger\u00e4t erwartet.<\/p>\n<h3>1. Strukturierte, matte Pulverbeschichtung<\/h3>\n<p>Die matte Oberfl\u00e4che dient nicht nur der Optik. Die leicht strukturierte Oberfl\u00e4che erzeugt mehr Reibung als eine gl\u00e4nzende Farbe. Dies kann dazu beitragen, dass die Kettlebell in der Rack-Position an Ihrem G\u00fcrtel oder Hemd \u201cklebt\u201d, was in den statischen Phasen eines Hebens Energie sparen kann. Au\u00dferdem sorgt sie f\u00fcr einen besseren Halt, wenn Sie mit der Glocke in der Hand Kniebeugen machen.<\/p>\n<h3>2. Konsistente Technikspezifikationen<\/h3>\n<p>Genau wie das C1 beh\u00e4lt das C2 die exakt gleichen Abmessungen (210x210x288mm) von 8kg bis 32kg bei. Diese Einheitlichkeit ist f\u00fcr ein ernsthaftes Training nicht verhandelbar. Sie stellt sicher, dass Ihr Muskelged\u00e4chtnis f\u00fcr den Clean-, Rack- und Snatch-Einsatz unabh\u00e4ngig von der Last, die Sie heben, g\u00fcltig bleibt.<\/p>\n<h3>3. Professioneller unlackierter Handgriff<\/h3>\n<p>Der Griff wird roh oder klar beschichtet gelassen, um die Haftung der Kreide zu maximieren. Farbe auf einem Griff wird rutschig, wenn er nass ist; blankes Metall\/Edelstahl absorbiert die Kreide und bietet einen sicheren, zuverl\u00e4ssigen Griff, der die Haut nicht einrei\u00dft. Die gleichm\u00e4\u00dfige Dicke stellt sicher, dass die Griffst\u00e4rke bei jedem Gewicht gleich stark getestet wird.<\/p>\n<h3>4. Tarnkappen-\u00c4sthetik &amp; Langlebigkeit<\/h3>\n<p>Die matte Oberfl\u00e4che verbirgt Kratzer, Kreidespuren und Staub besser als Hochglanzoberfl\u00e4chen. Sie verleiht dem Fitnessstudio einen modernen, taktischen Look. Die Pulverbeschichtung ist eingebrannt, so dass sie nicht so leicht abplatzt, selbst wenn die Glocken beim Doppel-Kettlebell-Training gegeneinander schlagen.<\/p>\n<h3>5. Standard-Farbkodierung<\/h3>\n<p>Trotz der matten Oberfl\u00e4che behalten die Glocken die Standard-Wettbewerbsfarben (Rosa, Blau, Gelb, Lila, Gr\u00fcn, Rot) bei. Dies gew\u00e4hrleistet, dass sie wettbewerbskonform und leicht zu organisieren sind. Die Farben sind leuchtend und leicht zu unterscheiden.<\/p>\n<h3>F\u00fcr wen ist das?<\/h3>\n<ul style=\"list-style-position: inside; padding-left: 0;\">\n<li>Lifter, die ein strukturiertes Gef\u00fchl dem glatten Glanz vorziehen.<\/li>\n<li>Kettlebell-Wettkampfsportler.<\/li>\n<li>Sportler, die stark schwitzen und eine bessere Stabilit\u00e4t des Gestells ben\u00f6tigen.<\/li>\n<li>Jeder, der sich ernsthaft mit technischem Kettlebell-Heben besch\u00e4ftigt.<\/li>\n<\/ul>\n<h3>Produktspezifikationen<\/h3>\n<table border=\"1\" width=\"100%\" cellspacing=\"0\" cellpadding=\"5\">\n<tbody>\n<tr>\n<td><strong>Modell<\/strong><\/td>\n<td>W04BD015<\/td>\n<\/tr>\n<tr>\n<td><strong>Material<\/strong><\/td>\n<td>Stahlgeh\u00e4use, Edelstahl-Griff<\/td>\n<\/tr>\n<tr>\n<td><strong>Oberfl\u00e4che<\/strong><\/td>\n<td>Matte Pulverbeschichtung<\/td>\n<\/tr>\n<tr>\n<td><strong>Merkmal<\/strong><\/td>\n<td>Taktile K\u00f6rpertextur<\/td>\n<\/tr>\n<tr>\n<td><strong>Abmessungen<\/strong><\/td>\n<td>Uniform (Wettbewerbsspezifikation)<\/td>\n<\/tr>\n<\/tbody>\n<\/table>","protected":false},"excerpt":{"rendered":"<p>Die Competition Matte Finish Kettlebell (C2) von Alex Athletics kombiniert professionelle Einheitlichkeit mit einer funktionellen, strukturierten Oberfl\u00e4che. Dieses Modell verf\u00fcgt \u00fcber die gleichen konsistenten Abmessungen f\u00fcr alle Gewichte zur Beherrschung der Technik und eine matte Pulverbeschichtung, die die Stabilit\u00e4t in der Rack-Position verbessert, indem sie das Abrutschen reduziert. Der unlackierte Edelstahlgriff sorgt f\u00fcr optimalen Halt der Kreide und eine reibungslose Rotation. Mit der IWF-Farbcodierung und der modernen, unauff\u00e4lligen \u00c4sthetik ist es das bevorzugte Werkzeug f\u00fcr Heber, die taktiles Feedback und pr\u00e4zise Leistung verlangen.<\/p>","protected":false},"featured_media":3275,"comment_status":"open","ping_status":"closed","template":"","meta":{"inline_featured_image":false,"site-sidebar-layout":"default","site-content-layout":"","ast-site-content-layout":"default","site-content-style":"default","site-sidebar-style":"default","ast-global-header-display":"","ast-banner-title-visibility":"","ast-main-header-display":"","ast-hfb-above-header-display":"","ast-hfb-below-header-display":"","ast-hfb-mobile-header-display":"","site-post-title":"","ast-breadcrumbs-content":"","ast-featured-img":"","footer-sml-layout":"","ast-disable-related-posts":"","theme-transparent-header-meta":"default","adv-header-id-meta":"","stick-header-meta":"default","header-above-stick-meta":"","header-main-stick-meta":"","header-below-stick-meta":"","astra-migrate-meta-layouts":"set","ast-page-background-enabled":"default","ast-page-background-meta":{"desktop":{"background-color":"","background-image":"","background-repeat":"repeat","background-position":"center center","background-size":"auto","background-attachment":"scroll","background-type":"","background-media":"","overlay-type":"","overlay-color":"","overlay-opacity":"","overlay-gradient":""},"tablet":{"background-color":"","background-image":"","background-repeat":"repeat","background-position":"center center","background-size":"auto","background-attachment":"scroll","background-type":"","background-media":"","overlay-type":"","overlay-color":"","overlay-opacity":"","overlay-gradient":""},"mobile":{"background-color":"","background-image":"","background-repeat":"repeat","background-position":"center center","background-size":"auto","background-attachment":"scroll","background-type":"","background-media":"","overlay-type":"","overlay-color":"","overlay-opacity":"","overlay-gradient":""}},"ast-content-background-meta":{"desktop":{"background-color":"var(--ast-global-color-5)","background-image":"","background-repeat":"repeat","background-position":"center center","background-size":"auto","background-attachment":"scroll","background-type":"","background-media":"","overlay-type":"","overlay-color":"","overlay-opacity":"","overlay-gradient":""},"tablet":{"background-color":"var(--ast-global-color-5)","background-image":"","background-repeat":"repeat","background-position":"center center","background-size":"auto","background-attachment":"scroll","background-type":"","background-media":"","overlay-type":"","overlay-color":"","overlay-opacity":"","overlay-gradient":""},"mobile":{"background-color":"var(--ast-global-color-5)","background-image":"","background-repeat":"repeat","background-position":"center center","background-size":"auto","background-attachment":"scroll","background-type":"","background-media":"","overlay-type":"","overlay-color":"","overlay-opacity":"","overlay-gradient":""}}},"product_brand":[],"product_cat":[55],"product_tag":[61],"class_list":{"0":"post-2940","1":"product","2":"type-product","3":"status-publish","4":"has-post-thumbnail","6":"product_cat-free-weight-training","7":"product_tag-kettlebell","8":"desktop-align-left","9":"tablet-align-left","10":"mobile-align-left","12":"first","13":"instock","14":"shipping-taxable","15":"purchasable","16":"product-type-simple"},"_links":{"self":[{"href":"https:\/\/alexathletics1982.com\/de\/wp-json\/wp\/v2\/product\/2940","targetHints":{"allow":["GET"]}}],"collection":[{"href":"https:\/\/alexathletics1982.com\/de\/wp-json\/wp\/v2\/product"}],"about":[{"href":"https:\/\/alexathletics1982.com\/de\/wp-json\/wp\/v2\/types\/product"}],"replies":[{"embeddable":true,"href":"https:\/\/alexathletics1982.com\/de\/wp-json\/wp\/v2\/comments?post=2940"}],"wp:featuredmedia":[{"embeddable":true,"href":"https:\/\/alexathletics1982.com\/de\/wp-json\/wp\/v2\/media\/3275"}],"wp:attachment":[{"href":"https:\/\/alexathletics1982.com\/de\/wp-json\/wp\/v2\/media?parent=2940"}],"wp:term":[{"taxonomy":"product_brand","embeddable":true,"href":"https:\/\/alexathletics1982.com\/de\/wp-json\/wp\/v2\/product_brand?post=2940"},{"taxonomy":"product_cat","embeddable":true,"href":"https:\/\/alexathletics1982.com\/de\/wp-json\/wp\/v2\/product_cat?post=2940"},{"taxonomy":"product_tag","embeddable":true,"href":"https:\/\/alexathletics1982.com\/de\/wp-json\/wp\/v2\/product_tag?post=2940"}],"curies":[{"name":"wp","href":"https:\/\/api.w.org\/{rel}","templated":true}]}}