{"id":2942,"date":"2026-01-23T20:20:40","date_gmt":"2026-01-23T12:20:40","guid":{"rendered":"https:\/\/alexathletics1982.com\/?post_type=product&#038;p=2942"},"modified":"2026-04-08T23:56:31","modified_gmt":"2026-04-08T15:56:31","slug":"halbe-vinyl-kettlebell","status":"publish","type":"product","link":"https:\/\/alexathletics1982.com\/de\/half-vinyl-kettlebell\/","title":{"rendered":"Halbe Vinyl-Kettlebell"},"content":{"rendered":"<h2>Schlank und langlebig: Halbe Vinyl Kettlebell<\/h2>\n<p>Die Half Vinyl Kettlebell ist eine elegante Alternative zu Neopren und bietet ein hochgl\u00e4nzendes, hygienisches Finish f\u00fcr Ihr Krafttraining. Wie ihr Neopren-Pendant ist diese Kettlebell aus einem einzigen St\u00fcck massiven Gusseisens gefertigt - ohne Schwei\u00dfn\u00e4hte, Schwachstellen oder N\u00e4hte, die brechen k\u00f6nnten. Der untere Teil ist mit einer dicken Vinylbeschichtung (PVC) \u00fcberzogen. Dieses Material ist ausgesprochen glatt und gl\u00e4nzend und bietet eine Oberfl\u00e4che, die unempfindlich gegen Schwei\u00df, Wasser und Schmutz ist. Es l\u00e4sst sich unglaublich leicht abwischen und ist daher die bevorzugte Wahl f\u00fcr kommerzielle Fitnessstudios, in denen Hygiene oberste Priorit\u00e4t hat. Die Vinylh\u00fclle bietet einen ausgezeichneten Schutz gegen Rost und verhindert, dass die Eisenglocke den Boden oder die Ger\u00e4tetr\u00e4ger abnutzt.<\/p>\n<p>Der Griff besteht aus glattem, lackiertem Metall, so dass die Griffigkeit des Benutzers nicht durch die Beschichtung beeintr\u00e4chtigt wird. Er ist so geformt und strukturiert, dass er einen sicheren, rutschfesten Halt f\u00fcr S\u00e4tze mit hoher Wiederholungszahl bietet, ohne dass \u00fcberm\u00e4\u00dfig viel Kreide ben\u00f6tigt wird. Das flache Bodendesign erm\u00f6glicht eine aufrechte Lagerung und Stabilit\u00e4t auf dem Boden. Die Half Vinyl Kettlebell ist in einem breiten Spektrum von 4 kg bis 32 kg erh\u00e4ltlich und ist ein vielseitiges Werkzeug f\u00fcr die Entwicklung von Ganzk\u00f6rperfitness, Kernkraft und Gleichgewicht. Ihr helles, farbcodiertes Erscheinungsbild macht sie weniger einsch\u00fcchternd f\u00fcr Anf\u00e4nger, w\u00e4hrend sie dennoch den starken Widerstand liefert, den erfahrene Sportler ben\u00f6tigen.<\/p>\n<h3>1. Hygienische Vinyl (PVC)-Beschichtung<\/h3>\n<p>Vinyl bildet eine vollst\u00e4ndig versiegelte, nicht por\u00f6se Barriere. Im Gegensatz zu matten Oberfl\u00e4chen, auf denen sich Schmutz festsetzen kann, l\u00e4sst sich das gl\u00e4nzende Vinyl sofort reinigen. Es ist feuchtigkeits- und bakterienbest\u00e4ndig und sorgt daf\u00fcr, dass Ihre Ger\u00e4te auch nach intensiven, schwei\u00dftreibenden Gruppenstunden hygienisch bleiben. Sie h\u00e4lt das darunter liegende Eisen rostfrei.<\/p>\n<h3>2. Solides Gusseisen Integrit\u00e4t<\/h3>\n<p>Unter der Beschichtung befindet sich ein solider, einteiliger Guss. Dies gew\u00e4hrleistet, dass die Kettlebell ausgewogen und langlebig ist. Es gibt keine Kunststoffstopfen oder verschiebbare F\u00fcllstoffe. Die Dichte des Eisens h\u00e4lt die Glocke kompakt und h\u00e4lt den Schwerpunkt in der N\u00e4he des Handgelenks f\u00fcr eine bessere Kontrolle.<\/p>\n<h3>3. Bodenfreundliches Design<\/h3>\n<p>Der Vinyl-Dip wirkt wie ein Puffer. Sie verhindert, dass das harte Eisen direkten Kontakt mit Ihrem Boden hat. Dadurch werden teure Hartholz-, Fliesen- oder Vinylb\u00f6den vor Dellen und Kratzern gesch\u00fctzt. Sie macht das Ger\u00e4t f\u00fcr den Hausgebrauch effektiv \u201cweicher\u201d.<\/p>\n<h3>4. Glatter konturierter Handgriff<\/h3>\n<p>Der Griff ist auf Komfort ausgelegt. Er ist so glatt, dass er sich drehen l\u00e4sst, ohne Schwielen einzurei\u00dfen, aber so geformt, dass er sicher in der Hand liegt. Die Trennung zwischen dem Vinylk\u00f6rper und dem Metallgriff sorgt daf\u00fcr, dass die Klebrigkeit des Vinyls Ihre Hebetechnik nicht beeintr\u00e4chtigt.<\/p>\n<h3>5. Farbcodiertes Gewichtssystem<\/h3>\n<p>Die Vinylbeschichtung ist farblich kodiert (Schwarz, Rot, Lila, Blau usw.) und entspricht den jeweiligen Gewichtsstufen. Dieses visuelle System beschleunigt die \u00dcberg\u00e4nge zwischen den Klassen und erleichtert die Organisation im Fitnessstudio. Es verleiht dem Rack ein lebendiges, professionelles Aussehen.<\/p>\n<h3>F\u00fcr wen ist das?<\/h3>\n<ul style=\"list-style-position: inside; padding-left: 0;\">\n<li>Kommerzielle Turnhallen und Aerobic-Studios.<\/li>\n<li>Heimanwender, die Wert auf Hygiene und einfache Reinigung legen.<\/li>\n<li>Anf\u00e4nger, die ein einfaches Ger\u00e4t suchen.<\/li>\n<li>Ausbilder, die leicht identifizierbare Gewichte ben\u00f6tigen.<\/li>\n<li>Jeder, der Stabilit\u00e4ts\u00fcbungen am Boden macht.<\/li>\n<\/ul>\n<h3>Produktspezifikationen<\/h3>\n<table border=\"1\" width=\"100%\" cellspacing=\"0\" cellpadding=\"5\">\n<tbody>\n<tr>\n<td><strong>Modell<\/strong><\/td>\n<td>W04AB003<\/td>\n<\/tr>\n<tr>\n<td><strong>Material<\/strong><\/td>\n<td>Gusseisen, Vinyl (PVC) getaucht<\/td>\n<\/tr>\n<tr>\n<td><strong>Oberfl\u00e4che<\/strong><\/td>\n<td>Gl\u00e4nzend \/ Leicht zu reinigen<\/td>\n<\/tr>\n<tr>\n<td><strong>Gewichte<\/strong><\/td>\n<td>4 ~ 32 kg<\/td>\n<\/tr>\n<tr>\n<td><strong>Merkmal<\/strong><\/td>\n<td>Einteilig gegossen, bodentreu<\/td>\n<\/tr>\n<\/tbody>\n<\/table>","protected":false},"excerpt":{"rendered":"<p>Die Half Vinyl Kettlebell von Alex Athletics kombiniert robuste Gusseisenst\u00e4rke mit einer eleganten, hygienischen Oberfl\u00e4che. Die untere H\u00e4lfte ist in gl\u00e4nzendes, haltbares Vinyl (PVC) getaucht, das B\u00f6den sch\u00fctzt, rostfrei und unglaublich leicht zu reinigen ist. Der glatte, konturierte Griff sorgt f\u00fcr einen sicheren Halt und die stabile, flache Unterseite eignet sich perfekt f\u00fcr Schw\u00fcnge, Kniebeugen und Get-ups. Die Farbcodierung erleichtert die Identifizierung und macht ihn zur idealen Wahl f\u00fcr Studios und Fitnessstudios, die Wert auf Sauberkeit und Haltbarkeit legen.<\/p>","protected":false},"featured_media":3328,"comment_status":"open","ping_status":"closed","template":"","meta":{"inline_featured_image":false,"site-sidebar-layout":"default","site-content-layout":"","ast-site-content-layout":"default","site-content-style":"default","site-sidebar-style":"default","ast-global-header-display":"","ast-banner-title-visibility":"","ast-main-header-display":"","ast-hfb-above-header-display":"","ast-hfb-below-header-display":"","ast-hfb-mobile-header-display":"","site-post-title":"","ast-breadcrumbs-content":"","ast-featured-img":"","footer-sml-layout":"","ast-disable-related-posts":"","theme-transparent-header-meta":"default","adv-header-id-meta":"","stick-header-meta":"default","header-above-stick-meta":"","header-main-stick-meta":"","header-below-stick-meta":"","astra-migrate-meta-layouts":"set","ast-page-background-enabled":"default","ast-page-background-meta":{"desktop":{"background-color":"","background-image":"","background-repeat":"repeat","background-position":"center center","background-size":"auto","background-attachment":"scroll","background-type":"","background-media":"","overlay-type":"","overlay-color":"","overlay-opacity":"","overlay-gradient":""},"tablet":{"background-color":"","background-image":"","background-repeat":"repeat","background-position":"center center","background-size":"auto","background-attachment":"scroll","background-type":"","background-media":"","overlay-type":"","overlay-color":"","overlay-opacity":"","overlay-gradient":""},"mobile":{"background-color":"","background-image":"","background-repeat":"repeat","background-position":"center center","background-size":"auto","background-attachment":"scroll","background-type":"","background-media":"","overlay-type":"","overlay-color":"","overlay-opacity":"","overlay-gradient":""}},"ast-content-background-meta":{"desktop":{"background-color":"var(--ast-global-color-5)","background-image":"","background-repeat":"repeat","background-position":"center center","background-size":"auto","background-attachment":"scroll","background-type":"","background-media":"","overlay-type":"","overlay-color":"","overlay-opacity":"","overlay-gradient":""},"tablet":{"background-color":"var(--ast-global-color-5)","background-image":"","background-repeat":"repeat","background-position":"center center","background-size":"auto","background-attachment":"scroll","background-type":"","background-media":"","overlay-type":"","overlay-color":"","overlay-opacity":"","overlay-gradient":""},"mobile":{"background-color":"var(--ast-global-color-5)","background-image":"","background-repeat":"repeat","background-position":"center center","background-size":"auto","background-attachment":"scroll","background-type":"","background-media":"","overlay-type":"","overlay-color":"","overlay-opacity":"","overlay-gradient":""}}},"product_brand":[],"product_cat":[55],"product_tag":[61],"class_list":{"0":"post-2942","1":"product","2":"type-product","3":"status-publish","4":"has-post-thumbnail","6":"product_cat-free-weight-training","7":"product_tag-kettlebell","8":"desktop-align-left","9":"tablet-align-left","10":"mobile-align-left","12":"first","13":"instock","14":"shipping-taxable","15":"purchasable","16":"product-type-simple"},"_links":{"self":[{"href":"https:\/\/alexathletics1982.com\/de\/wp-json\/wp\/v2\/product\/2942","targetHints":{"allow":["GET"]}}],"collection":[{"href":"https:\/\/alexathletics1982.com\/de\/wp-json\/wp\/v2\/product"}],"about":[{"href":"https:\/\/alexathletics1982.com\/de\/wp-json\/wp\/v2\/types\/product"}],"replies":[{"embeddable":true,"href":"https:\/\/alexathletics1982.com\/de\/wp-json\/wp\/v2\/comments?post=2942"}],"wp:featuredmedia":[{"embeddable":true,"href":"https:\/\/alexathletics1982.com\/de\/wp-json\/wp\/v2\/media\/3328"}],"wp:attachment":[{"href":"https:\/\/alexathletics1982.com\/de\/wp-json\/wp\/v2\/media?parent=2942"}],"wp:term":[{"taxonomy":"product_brand","embeddable":true,"href":"https:\/\/alexathletics1982.com\/de\/wp-json\/wp\/v2\/product_brand?post=2942"},{"taxonomy":"product_cat","embeddable":true,"href":"https:\/\/alexathletics1982.com\/de\/wp-json\/wp\/v2\/product_cat?post=2942"},{"taxonomy":"product_tag","embeddable":true,"href":"https:\/\/alexathletics1982.com\/de\/wp-json\/wp\/v2\/product_tag?post=2942"}],"curies":[{"name":"wp","href":"https:\/\/api.w.org\/{rel}","templated":true}]}}