{"id":2944,"date":"2026-01-23T20:20:40","date_gmt":"2026-01-23T12:20:40","guid":{"rendered":"https:\/\/alexathletics1982.com\/?post_type=product&#038;p=2944"},"modified":"2026-04-09T00:00:54","modified_gmt":"2026-04-08T16:00:54","slug":"donut-gewicht","status":"publish","type":"product","link":"https:\/\/alexathletics1982.com\/de\/donut-weight\/","title":{"rendered":"Donut Gewicht"},"content":{"rendered":"<h2>Fitness macht Spa\u00df: Das LOOPA-Donut-Gewicht<\/h2>\n<p>Training muss nicht starr sein. Das Donut Weight (Teil der LOOPA-Serie) von Alex Athletics stellt einen spielerischen, vielseitigen und ergonomischen Ansatz f\u00fcr das Krafttraining dar. Dieses Gewicht hat die Form eines Rings (oder Donuts) und bietet eine einzigartige Handhabungsmechanik, die mit herk\u00f6mmlichen Hanteln nicht zu erreichen ist. Die kreisf\u00f6rmige Geometrie erm\u00f6glicht einen nat\u00fcrlichen 360-Grad-Griff, so dass Sie die Hantel mit einer oder zwei H\u00e4nden halten oder sie sogar auf einen Arm oder Fu\u00df schieben k\u00f6nnen. Diese \u201cPass-Through\u201d-F\u00e4higkeit erm\u00f6glicht flie\u00dfende Bewegungen, Wurf\u00fcbungen und dynamische Kern\u00fcbungen, die sich eher wie Spiel als wie Arbeit anf\u00fchlen. Es f\u00f6rdert auf nat\u00fcrliche Weise eine Wurfbewegung, die neben der Muskelkraft auch die Hand-Augen-Koordination und die Reaktionszeit trainiert.<\/p>\n<p>Die Sicherheit steht im Mittelpunkt des Designs. Das Donut Weight besteht aus weichen Materialien (Polyestergewebe gef\u00fcllt mit Metallflocken\/Sand), wodurch es sich weich anf\u00fchlt und verzeiht, wenn es herunterf\u00e4llt. Dies minimiert das Verletzungsrisiko und sch\u00fctzt Ihre B\u00f6den, wodurch es ideal f\u00fcr den Gebrauch zu Hause, in Yogastudios oder in Umgebungen mit Kindern ist. Die Ringform eignet sich auch perfekt f\u00fcr Haltungskorrekturen und Dehnungshilfen; Sie k\u00f6nnen ihn als Gegengewicht verwenden, um eine Hocke zu vertiefen, oder als Yogast\u00fctze, um Ihre Reichweite zu vergr\u00f6\u00dfern. Mit gro\u00dfen, gut lesbaren Markierungen und einer lebendigen \u00c4sthetik l\u00e4dt das Donut Weight dazu ein, das eigene Leben durch Bewegung zu gestalten, die zug\u00e4nglich und sicher ist und wirklich Spa\u00df macht.<\/p>\n<h3>1. Ergonomischer Ringgriff<\/h3>\n<p>Der 360-Grad-Griff ist die Innovation. Im Gegensatz zu einer Kurzhantel mit einem einzigen Griff k\u00f6nnen Sie den Donut \u00fcberall greifen. Dies reduziert die Belastung der Handgelenke und erm\u00f6glicht nahtlose \u00dcberg\u00e4nge - der \u00dcbergang des Gewichts von einer Hand zur anderen um den K\u00f6rper (Halos) wird flie\u00dfend und rhythmisch. Sie ist intuitiv zu halten.<\/p>\n<h3>2. Weiches &amp; sicheres Material<\/h3>\n<p>Dieses Gewicht besteht aus Stoff und weichen F\u00fcllstoffen und ist kein hartes Metallobjekt. Wenn du es auf deinen Zeh fallen l\u00e4sst, bricht es dir keinen Knochen. Wenn Sie es auf den Boden fallen lassen, wird es keine Fliese zerbrechen. Dank dieses Sicherheitsfaktors eignet es sich perfekt f\u00fcr dynamische Wurf\u00fcbungen, Partner-Passing-\u00dcbungen und f\u00fcr das Training zu Hause.<\/p>\n<h3>3. Vielseitiges Flow-Training<\/h3>\n<p>Die Form regt zur Bewegung an. Er eignet sich hervorragend f\u00fcr \u201cFlow\u201d-Workouts, die Kraft, Tanz und Yoga kombinieren. Sie k\u00f6nnen es schwingen, dr\u00fccken oder balancieren. Die Stabilisatormuskeln werden auf eine Weise beansprucht, wie es beim statischen Heben nicht der Fall ist, was die funktionelle Mobilit\u00e4t und Koordination f\u00f6rdert.<\/p>\n<h3>4. Yoga &amp; Pilates Requisiten<\/h3>\n<p>Es dient nicht nur zum Heben, sondern auch als beschwerte St\u00fctze. Er kann als zus\u00e4tzlicher Widerstand bei Pilates-Beinkreisen oder als Gegengewicht verwendet werden, um Anf\u00e4ngern dabei zu helfen, eine tiefe Kniebeuge (Goblet Squat) mit guter Form zu machen. Es hilft beim Dehnen, indem es als sanfter Anker dient.<\/p>\n<h3>5. \u00c4sthetisch &amp; ansprechbar<\/h3>\n<p>Es sieht freundlich aus. Das Donut Weight beseitigt das \u201ceinsch\u00fcchternde\u201d Stigma von eisernen Fitnessger\u00e4ten. Sie passt perfekt in ein modernes Wohnzimmer oder ein Boutique-Studio. Die gro\u00dfen, klaren Zahlen machen die Gewichtsauswahl leicht.<\/p>\n<h3>F\u00fcr wen ist das?<\/h3>\n<ul style=\"list-style-position: inside; padding-left: 0;\">\n<li>Yoga- und Pilates-Praktizierende f\u00fcgen Widerstand hinzu.<\/li>\n<li>Senioren, die sichere, leicht zu haltende Gewichte suchen.<\/li>\n<li>Heimanwender, die leise und bodenschonende Ger\u00e4te w\u00fcnschen.<\/li>\n<li>Ausbilder, die Partnerwurf\u00fcbungen oder Reaktionstraining durchf\u00fchren.<\/li>\n<li>F\u00fcr alle, die sich mit herk\u00f6mmlichen Hanteln langweilen.<\/li>\n<\/ul>\n<h3>Produktspezifikationen<\/h3>\n<table border=\"1\" width=\"100%\" cellspacing=\"0\" cellpadding=\"5\">\n<tbody>\n<tr>\n<td><strong>Modell<\/strong><\/td>\n<td>W09AD014<\/td>\n<\/tr>\n<tr>\n<td><strong>Material<\/strong><\/td>\n<td>Polyester, Metallflocken<\/td>\n<\/tr>\n<tr>\n<td><strong>Form<\/strong><\/td>\n<td>Ring\/Donut<\/td>\n<\/tr>\n<tr>\n<td><strong>Gewichte<\/strong><\/td>\n<td>1, 2, 3, 4, 5 kg<\/td>\n<\/tr>\n<tr>\n<td><strong>Merkmal<\/strong><\/td>\n<td>Weich, knautschbar, ergonomisch<\/td>\n<\/tr>\n<\/tbody>\n<\/table>","protected":false},"excerpt":{"rendered":"<p>Das Donut Weight von Alex Athletics definiert das Krafttraining mit seiner innovativen Ringform und weichen Konstruktion neu. Dieser f\u00fcr Sicherheit und Vielseitigkeit konzipierte Gewichtsring erm\u00f6glicht einen nat\u00fcrlichen 360-Grad-Griff und ist damit perfekt f\u00fcr dynamische flie\u00dfende Bewegungen, Wurf\u00fcbungen und Partner\u00fcbungen. Er besteht aus weichen Materialien, die weder B\u00f6den noch Zehen besch\u00e4digen, und ist die ideale Erg\u00e4nzung f\u00fcr Yoga, Pilates und Fitness\u00fcbungen zu Hause. Sie macht Spa\u00df, ist ergonomisch und funktional und l\u00e4dt dazu ein, sich auf neue Weise zu bewegen.<\/p>","protected":false},"featured_media":3667,"comment_status":"open","ping_status":"closed","template":"","meta":{"inline_featured_image":false,"site-sidebar-layout":"default","site-content-layout":"","ast-site-content-layout":"default","site-content-style":"default","site-sidebar-style":"default","ast-global-header-display":"","ast-banner-title-visibility":"","ast-main-header-display":"","ast-hfb-above-header-display":"","ast-hfb-below-header-display":"","ast-hfb-mobile-header-display":"","site-post-title":"","ast-breadcrumbs-content":"","ast-featured-img":"","footer-sml-layout":"","ast-disable-related-posts":"","theme-transparent-header-meta":"default","adv-header-id-meta":"","stick-header-meta":"default","header-above-stick-meta":"","header-main-stick-meta":"","header-below-stick-meta":"","astra-migrate-meta-layouts":"set","ast-page-background-enabled":"default","ast-page-background-meta":{"desktop":{"background-color":"","background-image":"","background-repeat":"repeat","background-position":"center center","background-size":"auto","background-attachment":"scroll","background-type":"","background-media":"","overlay-type":"","overlay-color":"","overlay-opacity":"","overlay-gradient":""},"tablet":{"background-color":"","background-image":"","background-repeat":"repeat","background-position":"center center","background-size":"auto","background-attachment":"scroll","background-type":"","background-media":"","overlay-type":"","overlay-color":"","overlay-opacity":"","overlay-gradient":""},"mobile":{"background-color":"","background-image":"","background-repeat":"repeat","background-position":"center center","background-size":"auto","background-attachment":"scroll","background-type":"","background-media":"","overlay-type":"","overlay-color":"","overlay-opacity":"","overlay-gradient":""}},"ast-content-background-meta":{"desktop":{"background-color":"var(--ast-global-color-5)","background-image":"","background-repeat":"repeat","background-position":"center center","background-size":"auto","background-attachment":"scroll","background-type":"","background-media":"","overlay-type":"","overlay-color":"","overlay-opacity":"","overlay-gradient":""},"tablet":{"background-color":"var(--ast-global-color-5)","background-image":"","background-repeat":"repeat","background-position":"center center","background-size":"auto","background-attachment":"scroll","background-type":"","background-media":"","overlay-type":"","overlay-color":"","overlay-opacity":"","overlay-gradient":""},"mobile":{"background-color":"var(--ast-global-color-5)","background-image":"","background-repeat":"repeat","background-position":"center center","background-size":"auto","background-attachment":"scroll","background-type":"","background-media":"","overlay-type":"","overlay-color":"","overlay-opacity":"","overlay-gradient":""}}},"product_brand":[],"product_cat":[55],"product_tag":[62],"class_list":{"0":"post-2944","1":"product","2":"type-product","3":"status-publish","4":"has-post-thumbnail","6":"product_cat-free-weight-training","7":"product_tag-loopa","8":"desktop-align-left","9":"tablet-align-left","10":"mobile-align-left","12":"first","13":"instock","14":"shipping-taxable","15":"purchasable","16":"product-type-simple"},"_links":{"self":[{"href":"https:\/\/alexathletics1982.com\/de\/wp-json\/wp\/v2\/product\/2944","targetHints":{"allow":["GET"]}}],"collection":[{"href":"https:\/\/alexathletics1982.com\/de\/wp-json\/wp\/v2\/product"}],"about":[{"href":"https:\/\/alexathletics1982.com\/de\/wp-json\/wp\/v2\/types\/product"}],"replies":[{"embeddable":true,"href":"https:\/\/alexathletics1982.com\/de\/wp-json\/wp\/v2\/comments?post=2944"}],"wp:featuredmedia":[{"embeddable":true,"href":"https:\/\/alexathletics1982.com\/de\/wp-json\/wp\/v2\/media\/3667"}],"wp:attachment":[{"href":"https:\/\/alexathletics1982.com\/de\/wp-json\/wp\/v2\/media?parent=2944"}],"wp:term":[{"taxonomy":"product_brand","embeddable":true,"href":"https:\/\/alexathletics1982.com\/de\/wp-json\/wp\/v2\/product_brand?post=2944"},{"taxonomy":"product_cat","embeddable":true,"href":"https:\/\/alexathletics1982.com\/de\/wp-json\/wp\/v2\/product_cat?post=2944"},{"taxonomy":"product_tag","embeddable":true,"href":"https:\/\/alexathletics1982.com\/de\/wp-json\/wp\/v2\/product_tag?post=2944"}],"curies":[{"name":"wp","href":"https:\/\/api.w.org\/{rel}","templated":true}]}}