{"id":2949,"date":"2026-01-23T20:20:40","date_gmt":"2026-01-23T12:20:40","guid":{"rendered":"https:\/\/alexathletics1982.com\/?post_type=product&#038;p=2949"},"modified":"2026-04-10T22:51:14","modified_gmt":"2026-04-10T14:51:14","slug":"funktionstrainer","status":"publish","type":"product","link":"https:\/\/alexathletics1982.com\/de\/function-trainer\/","title":{"rendered":"Funktion Trainer"},"content":{"rendered":"<h2>Unbegrenzte Vielseitigkeit: Kommerzieller Trainer mit Doppelstockfunktion<\/h2>\n<p>Ein kommerzielles Unget\u00fcm, das f\u00fcr unbegrenztes Bewegungspotenzial entwickelt wurde. Sein Herzst\u00fcck sind zwei unabh\u00e4ngige Gewichtsstapel von ca. 95 kg (210 lbs). Diese beiden Stapel erm\u00f6glichen ein unilaterales (einseitiges) Training, das f\u00fcr die Korrektur von Muskelungleichgewichten und die Nachahmung realer Sportbewegungen unerl\u00e4sslich ist. Das Flaschenzugsystem hat ein Verh\u00e4ltnis von 2:1, d. h. das Kabel bewegt sich 2 Fu\u00df pro 1 Fu\u00df, den das Gewicht sich bewegt. Dieses Verh\u00e4ltnis sorgt f\u00fcr ein unglaublich sanftes, flie\u00dfendes Gef\u00fchl und erm\u00f6glicht schnelle, explosive Bewegungen, ohne dass der Gewichtsstapel \u201cspringt\u201d oder h\u00e4ngen bleibt. Es bietet einen enormen Kabelweg, perfekt f\u00fcr Walking Lunges, Long Range Rows und athletische \u00dcbungen.<\/p>\n<p>Der Hauptrahmen ist aus hochfesten ovalen Stahlrohren (50x100x3mm) gefertigt und mit einer hochwertigen Pulverbeschichtung versehen. Er sieht unverw\u00fcstlich aus und f\u00fchlt sich auch so an. Die verstellbaren Riemenscheiben k\u00f6nnen auf 22 verschiedene H\u00f6henpositionen eingestellt werden, so dass Sie alles von Low Rows und Bizepscurls bis hin zu Chest Flyes und Lat Pulldowns ausf\u00fchren k\u00f6nnen. Die Maschine verf\u00fcgt \u00fcber Multigriff-Klimmzuggriffe f\u00fcr vertikale Zugkraft und Zubeh\u00f6rhaken zur Aufbewahrung von Zubeh\u00f6rteilen. Ganz gleich, ob Sie als Bodybuilder eine konstante Spannungsisolierung anstreben oder als Golfer an Ihrer Rotationskraft arbeiten, der Functional Trainer passt sich Ihrer Biomechanik an und nicht umgekehrt.<\/p>\n<h3>1. Dual 210 lbs Gewicht Stacks<\/h3>\n<p>Kraft zum Sparen. Mit zwei unabh\u00e4ngigen Stacks von je 210 lbs ist dieses Ger\u00e4t auch f\u00fcr die st\u00e4rksten Benutzer geeignet. Dank des Dual-Stack-Designs k\u00f6nnen zwei Personen gleichzeitig trainieren (an einzelnen Kabeln) oder eine Person bilaterale Bewegungen (wie Brustdr\u00fccken) mit gleichm\u00e4\u00dfigem Widerstand auf beiden Seiten durchf\u00fchren.<\/p>\n<h3>2. Glattes 2:1-Kabel-Verh\u00e4ltnis<\/h3>\n<p>Das Verh\u00e4ltnis 2:1 ist der Goldstandard f\u00fcr funktionelles Training. Durch die Verringerung der Tr\u00e4gheit des Gewichtsstapels erm\u00f6glicht es explosive, schnelle Bewegungen. Sie k\u00f6nnen die Kabel schlagen, schwingen und werfen, ohne dass die Gewichte ruckeln. Au\u00dferdem erm\u00f6glicht es feinere schrittweise Gewichtsver\u00e4nderungen, was den Trainingsfortschritt erleichtert.<\/p>\n<h3>3. 22-fach verstellbare Riemenscheiben<\/h3>\n<p>Vielseitigkeit wird durch Verstellbarkeit definiert. Die Umlenkrollen gleiten auf den verchromten F\u00fchrungsstangen auf und ab und rasten in 22 verschiedenen Positionen ein. So k\u00f6nnen Sie die Zuglinie genau dort einstellen, wo Sie sie brauchen - auf Bodenh\u00f6he f\u00fcr die Beine, auf Brusth\u00f6he f\u00fcr das Dr\u00fccken oder \u00fcber Kopf f\u00fcr den Trizeps. Dies gew\u00e4hrleistet die richtige Biomechanik f\u00fcr jede \u00dcbung.<\/p>\n<h3>4. Kommerzieller ovaler Stahlrahmen<\/h3>\n<p>Dies ist kein fadenscheiniges Heimger\u00e4t. Der Rahmen besteht aus massiven 50x100 mm Ovalrohren mit einer Wandst\u00e4rke von 3 mm. Er ist starr und stabil und muss nicht mit dem Boden verschraubt werden (obwohl dies empfohlen wird). Die beiliegenden Gewichtsabdeckungen sch\u00fctzen die Finger und verleihen dem Ger\u00e4t ein elegantes, modernes Aussehen.<\/p>\n<h3>5. Klimmzugstation mit mehreren Griffen<\/h3>\n<p>Die integrierte Querstange bietet mehrere Griffwinkel f\u00fcr Klimmz\u00fcge. Sie k\u00f6nnen breite Griffe, neutrale Griffe und Klimmz\u00fcge ausf\u00fchren. Dadurch erh\u00e4lt das Ger\u00e4t eine zus\u00e4tzliche Dimension f\u00fcr das Training mit dem eigenen K\u00f6rpergewicht, was es zu einer kompletten Oberk\u00f6rperstation macht.<\/p>\n<h3>F\u00fcr wen ist das?<\/h3>\n<ul style=\"list-style-position: inside; padding-left: 0;\">\n<li>Kommerzielle Fitnessstudios und hochwertige Fitnessstudios f\u00fcr zu Hause.<\/li>\n<li>Athleten, die sportartspezifische Bewegungsmuster ben\u00f6tigen.<\/li>\n<li>Bodybuilder, die eine konstante Spannungsisolierung suchen.<\/li>\n<li>Rehabilitationszentren, die einen einstellbaren, wenig belastenden Widerstand ben\u00f6tigen.<\/li>\n<li>Benutzer, die ein einziges Ger\u00e4t w\u00fcnschen, das den gesamten K\u00f6rper trainiert.<\/li>\n<\/ul>\n<h3>Produktspezifikationen<\/h3>\n<table border=\"1\" width=\"100%\" cellspacing=\"0\" cellpadding=\"5\">\n<tbody>\n<tr>\n<td><strong>Modell<\/strong><\/td>\n<td>W08BD002<\/td>\n<\/tr>\n<tr>\n<td><strong>Abmessungen<\/strong><\/td>\n<td>L 1160 x B 1520 x H 2180 mm<\/td>\n<\/tr>\n<tr>\n<td><strong>Gewichtsstapel<\/strong><\/td>\n<td>2 x 210 lbs (Doppelstapel)<\/td>\n<\/tr>\n<tr>\n<td><strong>Ratio<\/strong><\/td>\n<td>2:1 (glatt\/schnell)<\/td>\n<\/tr>\n<tr>\n<td><strong>Positionen<\/strong><\/td>\n<td>22 Vertikale Anpassungen<\/td>\n<\/tr>\n<\/tbody>\n<\/table>","protected":false},"excerpt":{"rendered":"<p>Der Functional Trainer von Alex Athletics ist ein kommerzielles Kabelger\u00e4t, das f\u00fcr grenzenlose Vielseitigkeit entwickelt wurde. Mit zwei 210-Pfund-Gewichtsstapeln und einem reibungslosen 2:1-Zugverh\u00e4ltnis erm\u00f6glicht er explosive athletische Bewegungen und Isolation mit konstanter Spannung. Mit 22 verstellbaren H\u00f6henpositionen und einer Klimmzugstange mit mehreren Griffen k\u00f6nnen Sie jede Muskelgruppe aus jedem Winkel trainieren. Der ovale Schwerlaststahlrahmen und die geschlossenen Gewichtsschilde machen das Ger\u00e4t zum ultimativen Herzst\u00fcck f\u00fcr jedes professionelle oder hochwertige Heimstudio.<\/p>","protected":false},"featured_media":3310,"comment_status":"open","ping_status":"closed","template":"","meta":{"inline_featured_image":false,"site-sidebar-layout":"default","site-content-layout":"","ast-site-content-layout":"default","site-content-style":"default","site-sidebar-style":"default","ast-global-header-display":"","ast-banner-title-visibility":"","ast-main-header-display":"","ast-hfb-above-header-display":"","ast-hfb-below-header-display":"","ast-hfb-mobile-header-display":"","site-post-title":"","ast-breadcrumbs-content":"","ast-featured-img":"","footer-sml-layout":"","ast-disable-related-posts":"","theme-transparent-header-meta":"default","adv-header-id-meta":"","stick-header-meta":"default","header-above-stick-meta":"","header-main-stick-meta":"","header-below-stick-meta":"","astra-migrate-meta-layouts":"set","ast-page-background-enabled":"default","ast-page-background-meta":{"desktop":{"background-color":"","background-image":"","background-repeat":"repeat","background-position":"center center","background-size":"auto","background-attachment":"scroll","background-type":"","background-media":"","overlay-type":"","overlay-color":"","overlay-opacity":"","overlay-gradient":""},"tablet":{"background-color":"","background-image":"","background-repeat":"repeat","background-position":"center center","background-size":"auto","background-attachment":"scroll","background-type":"","background-media":"","overlay-type":"","overlay-color":"","overlay-opacity":"","overlay-gradient":""},"mobile":{"background-color":"","background-image":"","background-repeat":"repeat","background-position":"center center","background-size":"auto","background-attachment":"scroll","background-type":"","background-media":"","overlay-type":"","overlay-color":"","overlay-opacity":"","overlay-gradient":""}},"ast-content-background-meta":{"desktop":{"background-color":"var(--ast-global-color-5)","background-image":"","background-repeat":"repeat","background-position":"center center","background-size":"auto","background-attachment":"scroll","background-type":"","background-media":"","overlay-type":"","overlay-color":"","overlay-opacity":"","overlay-gradient":""},"tablet":{"background-color":"var(--ast-global-color-5)","background-image":"","background-repeat":"repeat","background-position":"center center","background-size":"auto","background-attachment":"scroll","background-type":"","background-media":"","overlay-type":"","overlay-color":"","overlay-opacity":"","overlay-gradient":""},"mobile":{"background-color":"var(--ast-global-color-5)","background-image":"","background-repeat":"repeat","background-position":"center center","background-size":"auto","background-attachment":"scroll","background-type":"","background-media":"","overlay-type":"","overlay-color":"","overlay-opacity":"","overlay-gradient":""}}},"product_brand":[],"product_cat":[55],"product_tag":[63],"class_list":{"0":"post-2949","1":"product","2":"type-product","3":"status-publish","4":"has-post-thumbnail","6":"product_cat-free-weight-training","7":"product_tag-rack-storage","8":"desktop-align-left","9":"tablet-align-left","10":"mobile-align-left","12":"first","13":"instock","14":"shipping-taxable","15":"purchasable","16":"product-type-simple"},"_links":{"self":[{"href":"https:\/\/alexathletics1982.com\/de\/wp-json\/wp\/v2\/product\/2949","targetHints":{"allow":["GET"]}}],"collection":[{"href":"https:\/\/alexathletics1982.com\/de\/wp-json\/wp\/v2\/product"}],"about":[{"href":"https:\/\/alexathletics1982.com\/de\/wp-json\/wp\/v2\/types\/product"}],"replies":[{"embeddable":true,"href":"https:\/\/alexathletics1982.com\/de\/wp-json\/wp\/v2\/comments?post=2949"}],"wp:featuredmedia":[{"embeddable":true,"href":"https:\/\/alexathletics1982.com\/de\/wp-json\/wp\/v2\/media\/3310"}],"wp:attachment":[{"href":"https:\/\/alexathletics1982.com\/de\/wp-json\/wp\/v2\/media?parent=2949"}],"wp:term":[{"taxonomy":"product_brand","embeddable":true,"href":"https:\/\/alexathletics1982.com\/de\/wp-json\/wp\/v2\/product_brand?post=2949"},{"taxonomy":"product_cat","embeddable":true,"href":"https:\/\/alexathletics1982.com\/de\/wp-json\/wp\/v2\/product_cat?post=2949"},{"taxonomy":"product_tag","embeddable":true,"href":"https:\/\/alexathletics1982.com\/de\/wp-json\/wp\/v2\/product_tag?post=2949"}],"curies":[{"name":"wp","href":"https:\/\/api.w.org\/{rel}","templated":true}]}}