{"id":2950,"date":"2026-01-23T20:20:40","date_gmt":"2026-01-23T12:20:40","guid":{"rendered":"https:\/\/alexathletics1982.com\/?post_type=product&#038;p=2950"},"modified":"2026-04-09T00:22:53","modified_gmt":"2026-04-08T16:22:53","slug":"schmiedemaschine","status":"publish","type":"product","link":"https:\/\/alexathletics1982.com\/de\/smith-machine\/","title":{"rendered":"Smith-Maschine"},"content":{"rendered":"<h2>Sicherheit und Isolierung: Gegengewichtige Smith-Maschine<\/h2>\n<p>Die Smith Machine wird oft missverstanden, aber f\u00fcr Hypertrophie und sicheres Solotraining ist sie unschlagbar. Die Alex Athletics Smith Machine (W08CD002) ist ein hochwertiges kommerzielles Ger\u00e4t, das f\u00fcr einen festen vertikalen Bewegungsablauf konzipiert ist. Dank dieser Stabilit\u00e4t muss die Hantel nicht mehr ausbalanciert werden, so dass der Heber 100% seiner Kraft auf das Dr\u00fccken des Gewichts konzentrieren kann. Es ist das ultimative Ger\u00e4t, um bestimmte Muskeln zu trainieren - wie die obere Brust bei einer Schr\u00e4gpresse oder die Quads bei einer Kniebeuge mit engem Stand - ohne dass die Stabilisatoren erm\u00fcden und den Satz einschr\u00e4nken. Der Rahmen besteht aus 50x100 mm starken Stahlrohren, die auch bei maximaler Belastung absolute Steifigkeit gew\u00e4hrleisten.<\/p>\n<p>Ein herausragendes Merkmal dieser Maschine ist der \u201cCounterbalanced\u201d-Hebearm. Ein internes Flaschenzug- und Gewichtssystem gleicht das Gewicht der schweren Stahlstange aus und reduziert den Anfangswiderstand auf nur 6 kg. Dadurch ist das Ger\u00e4t f\u00fcr alle Fitnessniveaus geeignet, auch f\u00fcr Anf\u00e4nger und Rehabilitationspatienten. Die Sicherheit ist in das Design integriert, mit zwei Sicherheitsstopps, die in jeder H\u00f6he eingestellt werden k\u00f6nnen. Wenn Sie eine Wiederholung nicht schaffen, k\u00f6nnen Sie die Stange mit einer einfachen Drehung des Handgelenks an den Haken arretieren, oder die verstellbaren Anschl\u00e4ge fangen sie unter Ihnen auf. Mit den 8 Edelstahl-Gewichtsh\u00f6rnern sorgt sie f\u00fcr Ordnung in Ihrem Fitnessstudio und bietet gleichzeitig eine massive, stabile Plattform f\u00fcr intensives Training.<\/p>\n<h3>1. Gegengewichtiger Hebearm<\/h3>\n<p>Standard-Smith-Bars k\u00f6nnen schwer sein (20-30 kg). Das Alex-Ger\u00e4t verf\u00fcgt \u00fcber ein Gegengewichtssystem, das das Gewicht der Stange auf nur 14 Pfund neutralisiert. Dies erm\u00f6glicht eine sanfte, leichte Startbewegung und eignet sich perfekt zum Aufw\u00e4rmen, f\u00fcr Reha-\u00dcbungen oder f\u00fcr Benutzer, die eine 20-kg-Standardstange nicht heben k\u00f6nnen.<\/p>\n<h3>2. Solo-Training Sicherheit<\/h3>\n<p>Die Smith-Maschine ist die sicherste Art, alleine Bankdr\u00fccken oder Kniebeugen zu machen. Die Hantelstange verf\u00fcgt \u00fcber ein Hakensystem, das mit einer einfachen Drehung des Handgelenks in mehreren H\u00f6henpositionen einrastet. Dar\u00fcber hinaus verhindern einstellbare untere Sicherheitsanschl\u00e4ge, dass die Stange Sie zerquetscht, wenn Sie eine Wiederholung nicht schaffen. Die Hantelstange fungiert effektiv als mechanischer Spotter.<\/p>\n<h3>3. Feste vertikale Pfadisolierung<\/h3>\n<p>Da die Last nicht mehr im 3D-Raum stabilisiert werden muss, erm\u00f6glicht der feste vertikale Pfad eine \u00dcberlastung der Hauptakteure. Sie eignet sich hervorragend f\u00fcr Hypertrophietechniken wie langsame Exzentrik oder Drop Sets. Sie erm\u00f6glicht Fu\u00dfstellungen (wie Kniebeugen mit den F\u00fc\u00dfen nach vorne), die mit freien Gewichten unm\u00f6glich sind.<\/p>\n<h3>4. Schwerer kommerzieller Rahmen<\/h3>\n<p>Dieses Ger\u00e4t ist aus 50x100 mm gro\u00dfen, ovalen Stahlrohren mit Pulverbeschichtung gefertigt und ein echter Panzer. Dank der Gummif\u00fc\u00dfe und seines Eigengewichts (173 kg) bleibt es fest auf dem Boden stehen. Die linearen Lager (oder Buchsen) sorgen daf\u00fcr, dass die Stange ohne Reibung oder Festklemmen auf und ab gleitet.<\/p>\n<h3>5. Integrierte Plattenablage<\/h3>\n<p>Effizienz ist der Schl\u00fcssel. Der Rahmen enth\u00e4lt 8 Gewichtsh\u00f6rner aus rostfreiem Stahl. So k\u00f6nnen Sie Hunderte von Kilo olympischer Hantelscheiben direkt auf dem Ger\u00e4t lagern. Das sorgt nicht nur f\u00fcr Ordnung im Fitnessstudio, sondern verleiht dem Ger\u00e4t auch zus\u00e4tzliche Stabilit\u00e4t w\u00e4hrend der Benutzung.<\/p>\n<h3>F\u00fcr wen ist das?<\/h3>\n<ul style=\"list-style-position: inside; padding-left: 0;\">\n<li>Bodybuilder, die sich auf das Training der Muskelisolation und des Muskelversagens konzentrieren.<\/li>\n<li>Einzelk\u00e4mpfer, die sicher schwere Kniebeugen und Bankdr\u00fccken machen wollen.<\/li>\n<li>Anf\u00e4nger lernen Bewegungsmuster auf einem gef\u00fchrten Weg.<\/li>\n<li>Rehabilitationspatienten, die Stabilit\u00e4t ben\u00f6tigen.<\/li>\n<li>Kommerzielle Fitnessstudios vervollst\u00e4ndigen ihren Kraftkreis.<\/li>\n<\/ul>\n<h3>Produktspezifikationen<\/h3>\n<table border=\"1\" width=\"100%\" cellspacing=\"0\" cellpadding=\"5\">\n<tbody>\n<tr>\n<td><strong>Modell<\/strong><\/td>\n<td>W08CD002<\/td>\n<\/tr>\n<tr>\n<td><strong>Abmessungen<\/strong><\/td>\n<td>L 1378 x B 2214 x H 2301 mm<\/td>\n<\/tr>\n<tr>\n<td><strong>Merkmal<\/strong><\/td>\n<td>Gegengewichtet (14 lbs Start)<\/td>\n<\/tr>\n<tr>\n<td><strong>Sicherheit<\/strong><\/td>\n<td>Verstellbare Anschl\u00e4ge &amp; Hakensystem<\/td>\n<\/tr>\n<tr>\n<td><strong>Lagerung<\/strong><\/td>\n<td>8 Gewichtsh\u00f6rner<\/td>\n<\/tr>\n<\/tbody>\n<\/table>","protected":false},"excerpt":{"rendered":"<p>Die Smith Machine von Alex Athletics bietet ein H\u00f6chstma\u00df an Sicherheit und Muskelisolierung. Ausgestattet mit einem ausbalancierten Hebearm mit einem niedrigen Startgewicht von 14 Pfund ist sie f\u00fcr alle Benutzer zug\u00e4nglich und gleichzeitig in der Lage, schwere Lasten zu bew\u00e4ltigen. Der feste vertikale Pfad erm\u00f6glicht ein gezieltes Hypertrophietraining, w\u00e4hrend die einstellbaren Sicherheitsstopps und der Drehverschlussmechanismus ein sicheres Heben im Alleingang ohne Helfer erm\u00f6glichen. Aufgebaut auf einem massiven, handels\u00fcblichen Stahlrahmen mit integrierter Plattenablage ist er ein langlebiges, leichtg\u00e4ngiges Kraftpaket f\u00fcr jedes Fitnessstudio.<\/p>","protected":false},"featured_media":3684,"comment_status":"open","ping_status":"closed","template":"","meta":{"inline_featured_image":false,"site-sidebar-layout":"default","site-content-layout":"","ast-site-content-layout":"default","site-content-style":"default","site-sidebar-style":"default","ast-global-header-display":"","ast-banner-title-visibility":"","ast-main-header-display":"","ast-hfb-above-header-display":"","ast-hfb-below-header-display":"","ast-hfb-mobile-header-display":"","site-post-title":"","ast-breadcrumbs-content":"","ast-featured-img":"","footer-sml-layout":"","ast-disable-related-posts":"","theme-transparent-header-meta":"default","adv-header-id-meta":"","stick-header-meta":"default","header-above-stick-meta":"","header-main-stick-meta":"","header-below-stick-meta":"","astra-migrate-meta-layouts":"set","ast-page-background-enabled":"default","ast-page-background-meta":{"desktop":{"background-color":"","background-image":"","background-repeat":"repeat","background-position":"center center","background-size":"auto","background-attachment":"scroll","background-type":"","background-media":"","overlay-type":"","overlay-color":"","overlay-opacity":"","overlay-gradient":""},"tablet":{"background-color":"","background-image":"","background-repeat":"repeat","background-position":"center center","background-size":"auto","background-attachment":"scroll","background-type":"","background-media":"","overlay-type":"","overlay-color":"","overlay-opacity":"","overlay-gradient":""},"mobile":{"background-color":"","background-image":"","background-repeat":"repeat","background-position":"center center","background-size":"auto","background-attachment":"scroll","background-type":"","background-media":"","overlay-type":"","overlay-color":"","overlay-opacity":"","overlay-gradient":""}},"ast-content-background-meta":{"desktop":{"background-color":"var(--ast-global-color-5)","background-image":"","background-repeat":"repeat","background-position":"center center","background-size":"auto","background-attachment":"scroll","background-type":"","background-media":"","overlay-type":"","overlay-color":"","overlay-opacity":"","overlay-gradient":""},"tablet":{"background-color":"var(--ast-global-color-5)","background-image":"","background-repeat":"repeat","background-position":"center center","background-size":"auto","background-attachment":"scroll","background-type":"","background-media":"","overlay-type":"","overlay-color":"","overlay-opacity":"","overlay-gradient":""},"mobile":{"background-color":"var(--ast-global-color-5)","background-image":"","background-repeat":"repeat","background-position":"center center","background-size":"auto","background-attachment":"scroll","background-type":"","background-media":"","overlay-type":"","overlay-color":"","overlay-opacity":"","overlay-gradient":""}}},"product_brand":[],"product_cat":[55],"product_tag":[63],"class_list":{"0":"post-2950","1":"product","2":"type-product","3":"status-publish","4":"has-post-thumbnail","6":"product_cat-free-weight-training","7":"product_tag-rack-storage","8":"desktop-align-left","9":"tablet-align-left","10":"mobile-align-left","12":"first","13":"instock","14":"shipping-taxable","15":"purchasable","16":"product-type-simple"},"_links":{"self":[{"href":"https:\/\/alexathletics1982.com\/de\/wp-json\/wp\/v2\/product\/2950","targetHints":{"allow":["GET"]}}],"collection":[{"href":"https:\/\/alexathletics1982.com\/de\/wp-json\/wp\/v2\/product"}],"about":[{"href":"https:\/\/alexathletics1982.com\/de\/wp-json\/wp\/v2\/types\/product"}],"replies":[{"embeddable":true,"href":"https:\/\/alexathletics1982.com\/de\/wp-json\/wp\/v2\/comments?post=2950"}],"wp:featuredmedia":[{"embeddable":true,"href":"https:\/\/alexathletics1982.com\/de\/wp-json\/wp\/v2\/media\/3684"}],"wp:attachment":[{"href":"https:\/\/alexathletics1982.com\/de\/wp-json\/wp\/v2\/media?parent=2950"}],"wp:term":[{"taxonomy":"product_brand","embeddable":true,"href":"https:\/\/alexathletics1982.com\/de\/wp-json\/wp\/v2\/product_brand?post=2950"},{"taxonomy":"product_cat","embeddable":true,"href":"https:\/\/alexathletics1982.com\/de\/wp-json\/wp\/v2\/product_cat?post=2950"},{"taxonomy":"product_tag","embeddable":true,"href":"https:\/\/alexathletics1982.com\/de\/wp-json\/wp\/v2\/product_tag?post=2950"}],"curies":[{"name":"wp","href":"https:\/\/api.w.org\/{rel}","templated":true}]}}