{"id":2954,"date":"2026-01-23T20:21:01","date_gmt":"2026-01-23T12:21:01","guid":{"rendered":"https:\/\/alexathletics1982.com\/?post_type=product&#038;p=2954"},"modified":"2026-04-08T11:17:28","modified_gmt":"2026-04-08T03:17:28","slug":"revolverstander","status":"publish","type":"product","link":"https:\/\/alexathletics1982.com\/de\/revolver-rack\/","title":{"rendered":"Revolverst\u00e4nder"},"content":{"rendered":"<h2>360-Grad-Zugriff: Das Revolvergestell<\/h2>\n<p>In den engen R\u00e4umen einer Kabel\u00fcbergangsstation oder einer \u00fcberf\u00fcllten Zubeh\u00f6recke ist oft kein Platz an der Wand. Das Revolver Rack von Alex Athletics l\u00f6st dieses Problem mit einem brillanten Drehdesign. Dieser freistehende Turm verf\u00fcgt \u00fcber ein sich drehendes Karussell oben (und m\u00f6glicherweise in der Mitte), das einen 360-Grad-Zugang zu Ihrer Ausr\u00fcstung erm\u00f6glicht. Er ist in erster Linie f\u00fcr Kabelbefestigungen - Latten, Trizepsseile, D-Griffe und V-Bars - gedacht, die vertikal aufgeh\u00e4ngt werden, um Platz zu sparen und Verwicklungen zu vermeiden. Anstatt sich durch einen Beh\u00e4lter zu w\u00fchlen oder an einem langen Wandregal hin und her zu laufen, stehen Sie einfach an einer Stelle und drehen das Regal, um das ben\u00f6tigte Ger\u00e4t zu finden. Das ist die Definition von \u201cHigh-Density-Storage\u201d.\u201d<\/p>\n<p>Der Revolverst\u00e4nder ist aus schwerem Stahl gefertigt und mit einem beschwerten Sockel versehen, wodurch er unglaublich stabil ist. Es kippt nicht um, selbst wenn es ungleichm\u00e4\u00dfig mit schweren Stahlaufs\u00e4tzen beladen ist. Der Drehmechanismus ist leichtg\u00e4ngig und langlebig und f\u00fcr den st\u00e4ndigen Gebrauch in einer gesch\u00e4ftigen Umgebung ausgelegt. Der Platzbedarf ist minimal, so dass er eine ideale Erg\u00e4nzung f\u00fcr die Mitte eines funktionellen Trainingsbereichs oder neben einem Multi-Jungle-Ger\u00e4t darstellt. Er verwandelt einen chaotischen Haufen von Metallgriffen in eine geordnete, beeindruckende Pr\u00e4sentation, die die Mitglieder zur Benutzung einl\u00e4dt. Er sch\u00fctzt Ihre teuren Ger\u00e4te vor Sch\u00e4den, die durch Herunterfallen oder \u00dcbereinanderstapeln verursacht werden.<\/p>\n<h3>1. Platzsparendes, rotierendes Design<\/h3>\n<p>Der \u201cRevolver\u201d-Mechanismus ist ein Platzsparer. Durch die vertikale Achse und die Rotation k\u00f6nnen Dutzende von Gegenst\u00e4nden auf einer Fl\u00e4che gelagert werden, die etwas gr\u00f6\u00dfer ist als eine einzelne Hantelscheibe. Sie brauchen keinen Platz an der Wand. Sie k\u00f6nnen ihn in einer Ecke oder zwischen den Ger\u00e4ten aufstellen und so den \u201ctoten Raum\u201d im Fitnessstudio optimal nutzen.<\/p>\n<h3>2. Einfacher Zugang und Auswahl<\/h3>\n<p>Der richtige Griff ist schnell gefunden. Ein kurzer Dreh zeigt alle Optionen an. Das verbessert das Benutzererlebnis und beschleunigt den Trainingsablauf. Das frustrierende Entwirren von Seilen oder die Suche nach einem passenden Paar D-Griffe am Boden einer Kiste entf\u00e4llt.<\/p>\n<h3>3. Stabilit\u00e4t bei schwerer Beanspruchung<\/h3>\n<p>H\u00f6he erfordert Stabilit\u00e4t. Die Basis des Revolver Racks ist breit und schwer und verankert das Ger\u00e4t im Boden. Es ist so konstruiert, dass es selbst dann nicht kippt, wenn Sie auf der einen Seite eine schwere Latzugstange aufh\u00e4ngen und auf der anderen Seite nichts. Es ist sicher f\u00fcr gesch\u00e4ftige kommerzielle Umgebungen.<\/p>\n<h3>4. Sch\u00fctzt Kabelbefestigungen<\/h3>\n<p>Kabelbefestigungen sind teuer. Wenn man sie auf dem Boden lagert, wird die Chromoberfl\u00e4che besch\u00e4digt und die Seile fransen aus. Die richtige Aufh\u00e4ngung auf dem Revolver-Rack verl\u00e4ngert ihre Lebensdauer und sorgt daf\u00fcr, dass die R\u00e4ndelungen scharf und die Drehgelenke glatt bleiben. Das sch\u00fctzt Ihre Investition.<\/p>\n<h3>5. Professionelle Pr\u00e4sentation<\/h3>\n<p>Organisation impliziert Qualit\u00e4t. Ein voll best\u00fccktes Revolver Rack sieht aus wie eine Skulptur aus Stahl. Es stellt Ihre Ger\u00e4teauswahl in den Vordergrund und l\u00e4sst das Fitnessstudio gut ausgestattet und professionell gef\u00fchrt aussehen. Es ermutigt die Mitglieder, ihre Ger\u00e4te wieder einzur\u00e4umen, da der Aufbewahrungsort offensichtlich und zug\u00e4nglich ist.<\/p>\n<h3>F\u00fcr wen ist das?<\/h3>\n<ul style=\"list-style-position: inside; padding-left: 0;\">\n<li>Kommerzielle Fitnessstudios mit Kabeldschungel.<\/li>\n<li>Heimturnhallen mit begrenztem Platz an den W\u00e4nden.<\/li>\n<li>Schulungsstudios mit gro\u00dfen Sammlungen von Zubeh\u00f6r.<\/li>\n<li>Einrichtungen, die die Lebensdauer ihrer Ger\u00e4te verl\u00e4ngern wollen.<\/li>\n<li>Jeder, der einen kompakten Organizer mit gro\u00dfem Fassungsverm\u00f6gen sucht.<\/li>\n<\/ul>\n<h3>Produktspezifikationen<\/h3>\n<table border=\"1\" width=\"100%\" cellspacing=\"0\" cellpadding=\"5\">\n<tbody>\n<tr>\n<td><strong>Modell<\/strong><\/td>\n<td>F12AC002<\/td>\n<\/tr>\n<tr>\n<td><strong>Typ<\/strong><\/td>\n<td>Drehbare Zubeh\u00f6rablage<\/td>\n<\/tr>\n<tr>\n<td><strong>Material<\/strong><\/td>\n<td>Stahl, pulverbeschichtet<\/td>\n<\/tr>\n<tr>\n<td><strong>Mechanismus<\/strong><\/td>\n<td>360\u00b0 drehendes Karussell<\/td>\n<\/tr>\n<tr>\n<td><strong>Kapazit\u00e4t<\/strong><\/td>\n<td>Hohe Dichte (Mehrfachhaken)<\/td>\n<\/tr>\n<\/tbody>\n<\/table>","protected":false},"excerpt":{"rendered":"<p>Das Revolver Rack von Alex Athletics ist eine hochdichte, drehbare Aufbewahrungsl\u00f6sung f\u00fcr Fitnesszubeh\u00f6r. Sein um 360 Grad drehbares Design erm\u00f6glicht den sofortigen Zugriff auf Kabelbefestigungen, B\u00e4nder und Gurte und nimmt dabei nur eine minimale Stellfl\u00e4che ein. Der schwere, stabile Sockel und die robusten Stahlhaken verhindern ein Umkippen und sch\u00fctzen Ihre Ger\u00e4te vor Besch\u00e4digungen. Er ist ideal f\u00fcr Kabelger\u00e4tebereiche und \u00fcberf\u00fcllte Fitnessstudios und verwandelt das Zubeh\u00f6rchaos in eine organisierte, zug\u00e4ngliche und professionelle Pr\u00e4sentation.<\/p>","protected":false},"featured_media":3457,"comment_status":"open","ping_status":"closed","template":"","meta":{"inline_featured_image":false,"site-sidebar-layout":"default","site-content-layout":"","ast-site-content-layout":"default","site-content-style":"default","site-sidebar-style":"default","ast-global-header-display":"","ast-banner-title-visibility":"","ast-main-header-display":"","ast-hfb-above-header-display":"","ast-hfb-below-header-display":"","ast-hfb-mobile-header-display":"","site-post-title":"","ast-breadcrumbs-content":"","ast-featured-img":"","footer-sml-layout":"","ast-disable-related-posts":"","theme-transparent-header-meta":"default","adv-header-id-meta":"","stick-header-meta":"default","header-above-stick-meta":"","header-main-stick-meta":"","header-below-stick-meta":"","astra-migrate-meta-layouts":"set","ast-page-background-enabled":"default","ast-page-background-meta":{"desktop":{"background-color":"","background-image":"","background-repeat":"repeat","background-position":"center center","background-size":"auto","background-attachment":"scroll","background-type":"","background-media":"","overlay-type":"","overlay-color":"","overlay-opacity":"","overlay-gradient":""},"tablet":{"background-color":"","background-image":"","background-repeat":"repeat","background-position":"center center","background-size":"auto","background-attachment":"scroll","background-type":"","background-media":"","overlay-type":"","overlay-color":"","overlay-opacity":"","overlay-gradient":""},"mobile":{"background-color":"","background-image":"","background-repeat":"repeat","background-position":"center center","background-size":"auto","background-attachment":"scroll","background-type":"","background-media":"","overlay-type":"","overlay-color":"","overlay-opacity":"","overlay-gradient":""}},"ast-content-background-meta":{"desktop":{"background-color":"var(--ast-global-color-5)","background-image":"","background-repeat":"repeat","background-position":"center center","background-size":"auto","background-attachment":"scroll","background-type":"","background-media":"","overlay-type":"","overlay-color":"","overlay-opacity":"","overlay-gradient":""},"tablet":{"background-color":"var(--ast-global-color-5)","background-image":"","background-repeat":"repeat","background-position":"center center","background-size":"auto","background-attachment":"scroll","background-type":"","background-media":"","overlay-type":"","overlay-color":"","overlay-opacity":"","overlay-gradient":""},"mobile":{"background-color":"var(--ast-global-color-5)","background-image":"","background-repeat":"repeat","background-position":"center center","background-size":"auto","background-attachment":"scroll","background-type":"","background-media":"","overlay-type":"","overlay-color":"","overlay-opacity":"","overlay-gradient":""}}},"product_brand":[],"product_cat":[55],"product_tag":[63],"class_list":{"0":"post-2954","1":"product","2":"type-product","3":"status-publish","4":"has-post-thumbnail","6":"product_cat-free-weight-training","7":"product_tag-rack-storage","8":"desktop-align-left","9":"tablet-align-left","10":"mobile-align-left","12":"first","13":"instock","14":"shipping-taxable","15":"purchasable","16":"product-type-simple"},"_links":{"self":[{"href":"https:\/\/alexathletics1982.com\/de\/wp-json\/wp\/v2\/product\/2954","targetHints":{"allow":["GET"]}}],"collection":[{"href":"https:\/\/alexathletics1982.com\/de\/wp-json\/wp\/v2\/product"}],"about":[{"href":"https:\/\/alexathletics1982.com\/de\/wp-json\/wp\/v2\/types\/product"}],"replies":[{"embeddable":true,"href":"https:\/\/alexathletics1982.com\/de\/wp-json\/wp\/v2\/comments?post=2954"}],"wp:featuredmedia":[{"embeddable":true,"href":"https:\/\/alexathletics1982.com\/de\/wp-json\/wp\/v2\/media\/3457"}],"wp:attachment":[{"href":"https:\/\/alexathletics1982.com\/de\/wp-json\/wp\/v2\/media?parent=2954"}],"wp:term":[{"taxonomy":"product_brand","embeddable":true,"href":"https:\/\/alexathletics1982.com\/de\/wp-json\/wp\/v2\/product_brand?post=2954"},{"taxonomy":"product_cat","embeddable":true,"href":"https:\/\/alexathletics1982.com\/de\/wp-json\/wp\/v2\/product_cat?post=2954"},{"taxonomy":"product_tag","embeddable":true,"href":"https:\/\/alexathletics1982.com\/de\/wp-json\/wp\/v2\/product_tag?post=2954"}],"curies":[{"name":"wp","href":"https:\/\/api.w.org\/{rel}","templated":true}]}}