{"id":2962,"date":"2026-01-23T20:21:01","date_gmt":"2026-01-23T12:21:01","guid":{"rendered":"https:\/\/alexathletics1982.com\/?post_type=product&#038;p=2962"},"modified":"2026-04-08T15:42:47","modified_gmt":"2026-04-08T07:42:47","slug":"kurzhantelablage-r2","status":"publish","type":"product","link":"https:\/\/alexathletics1982.com\/de\/dumbbell-rack-r2\/","title":{"rendered":"Kurzhantelablage-R2"},"content":{"rendered":"<h2>Dreistufige Effizienz: 3-stufiges Kurzhantelregal (R2)<\/h2>\n<p>Wenn Sie ein umfangreiches Sortiment an Hanteln aufbewahren m\u00fcssen, aber nicht auf einen Meter Wandfl\u00e4che verzichten k\u00f6nnen, ist Vertikalit\u00e4t die Antwort. Das Dumbbell Rack-R2 von Alex Athletics verf\u00fcgt \u00fcber ein intelligentes 3-Ebenen-Design, das die Lagerungsdichte um 50% im Vergleich zu herk\u00f6mmlichen 2-Ebenen-Racks erh\u00f6ht. Diese Konfiguration erm\u00f6glicht es Ihnen, eine vielf\u00e4ltige Mischung von Gewichten in einer kompakten Grundfl\u00e4che (L 1400 mm) zu speichern. Sie k\u00f6nnen 7 Paare leichter Gewichte auf der obersten Ebene, 5 Paare mittlerer Gewichte in der Mitte und 4 Paare schwerer Gewichte auf der unteren verst\u00e4rkten Ebene anordnen. Diese hierarchische Anordnung ist nicht nur platzsparend, sondern auch ergonomisch, da sich die leichteren Gewichte auf Brusth\u00f6he und die schwereren an einem niedrigeren Hebelpunkt befinden, was ein sicheres Heben erm\u00f6glicht.<\/p>\n<p>Dieses Regal ist aus hochbelastbarem Stahlblech mit einer Seitenst\u00e4rke von 6 mm gefertigt und daher unglaublich stabil. Es hat eine Tragf\u00e4higkeit von 335 kg, wobei die einzelnen Fachb\u00f6den f\u00fcr 170 kg ausgelegt sind. Die Fachb\u00f6den sind nach vorne geneigt, so dass der Benutzer die Griffe leicht und handgelenkschonend greifen kann. Die Bodensockel an den F\u00fc\u00dfen sorgen f\u00fcr zus\u00e4tzliche Sicherheit, so dass das Regal auf Wunsch auch verschraubt werden kann, obwohl dies aufgrund seiner Stabilit\u00e4t in der Regel nicht erforderlich ist. Mit seiner haltbaren Pulverbeschichtung ist das R2 eine vielseitige, platzsparende L\u00f6sung f\u00fcr Fitnessstudios mit gro\u00dfen Ambitionen oder f\u00fcr kommerzielle Fitnessstudios, die ihren Grundriss optimieren wollen.<\/p>\n<h3>1. Platzsparendes 3-stufiges Layout<\/h3>\n<p>Durch Hinzuf\u00fcgen einer dritten Ebene k\u00f6nnen Sie mit dem R2 eine komplette 16-Paar-Serie (je nach Gr\u00f6\u00dfe) oder ein gemischtes Set in einem viel k\u00fcrzeren Regal unterbringen. Dies spart Platz an der Wand f\u00fcr andere Ger\u00e4te wie B\u00e4nke oder Kabelmaschinen. Es schafft eine kompakte \u201cHantelzone\u201d anstelle einer ausufernden Reihe.<\/p>\n<h3>2. Ergonomische \u201cEasy-Grab\u201d-Regale<\/h3>\n<p>Die Ablagen sind flache Tabletts mit einer Lippe, die f\u00fcr alle Arten von Hanteln (Hex, Rund, Chrom) geeignet sind. Entscheidend ist, dass sie in Richtung des Benutzers geneigt sind. Diese Neigung sch\u00fctzt die Handgelenke beim Heben schwerer Gewichte und erleichtert das Ablesen der Gewichtszahlen. Sie verhindert das unangenehme Abspannen der Handgelenke, das bei flachen Ablagen erforderlich ist.<\/p>\n<h3>3. Schwere Stahlblechkonstruktion<\/h3>\n<p>Der Rahmen besteht aus dicken Stahlblechen (6 mm an den Seiten, 3 mm an den Verbindungsplatten) und nicht nur aus Rohren. Diese Konstruktionsmethode bietet eine au\u00dfergew\u00f6hnliche Torsionssteifigkeit. Das Rack f\u00fchlt sich solide und \u201ctot\u201d an, wenn Sie ein Gewicht darauf fallen lassen, ohne das Klappern oder Biegen von billigeren zusammengeschraubten Rohr-Racks.<\/p>\n<h3>4. Organisierte Gewichtsverteilung<\/h3>\n<p>Das Rack ist logisch aufgebaut: kleine Gewichte oben, gro\u00dfe Gewichte unten. Dies h\u00e4lt den Schwerpunkt niedrig und sorgt daf\u00fcr, dass Sie die schwersten Gewichte aus einer sicheren, deadlift-\u00e4hnlichen Position und nicht aus Schulterh\u00f6he heben.<\/p>\n<h3>5. Sicherheits-Schutzkontaktsteckdosen<\/h3>\n<p>F\u00fcr gewerbliche Umgebungen oder Haushalte mit Kindern ist die Stabilit\u00e4t von gr\u00f6\u00dfter Bedeutung. Die F\u00fc\u00dfe sind mit vorgebohrten Sockeln zur Verschraubung mit dem Boden ausgestattet. Das Regal ist zwar von sich aus stabil, aber diese Option bietet absolute Kippsicherheit und sorgt f\u00fcr Sicherheit in stark frequentierten Bereichen.<\/p>\n<h3>F\u00fcr wen ist das?<\/h3>\n<ul style=\"list-style-position: inside; padding-left: 0;\">\n<li>Besitzer eines Fitnessstudios zu Hause mit einem kompletten Hantelsatz (z. B. 5-50 lb).<\/li>\n<li>Kommerzielle Fitnessstudios, die eine effiziente \u201cIn-Fill\u201d-Lagerung ben\u00f6tigen.<\/li>\n<li>Ausbilder, die verschiedene Gewichtsgr\u00f6\u00dfen an einem Ort ben\u00f6tigen.<\/li>\n<li>F\u00fcr alle, die nur wenig Platz an der Wand haben.<\/li>\n<li>Benutzer von Hex- oder Pro-Style-Hanteln.<\/li>\n<\/ul>\n<h3>Produktspezifikationen<\/h3>\n<table border=\"1\" width=\"100%\" cellspacing=\"0\" cellpadding=\"5\">\n<tbody>\n<tr>\n<td><strong>Modell<\/strong><\/td>\n<td>F12CC002<\/td>\n<\/tr>\n<tr>\n<td><strong>Ebenen<\/strong><\/td>\n<td>3 Niveaus<\/td>\n<\/tr>\n<tr>\n<td><strong>Kapazit\u00e4t<\/strong><\/td>\n<td>~16 Paare (gemischte Gr\u00f6\u00dfen)<\/td>\n<\/tr>\n<tr>\n<td><strong>Lastgrenze<\/strong><\/td>\n<td>335 kg<\/td>\n<\/tr>\n<tr>\n<td><strong>Material<\/strong><\/td>\n<td>Stahlblech (6mm Seiten)<\/td>\n<\/tr>\n<\/tbody>\n<\/table>","protected":false},"excerpt":{"rendered":"<p>Das Dumbbell Rack-R2 von Alex Athletics bietet maximalen Stauraum auf kleinstem Raum. Sein 3-stufiges Design erm\u00f6glicht die Organisation eines kompletten Hantelsets (ca. 16 Paare gemischt) auf einer kompakten Grundfl\u00e4che von 1,4 m. Er ist aus schwerem Stahlblech mit einer Tragkraft von 335 kg gefertigt und verf\u00fcgt \u00fcber abgewinkelte Ablagen f\u00fcr ergonomischen Zugang und Sicherheit. Es ist ideal f\u00fcr Fitnessstudios und gewerbliche R\u00e4ume und organisiert Gewichte von leicht bis schwer in einer stabilen, zug\u00e4nglichen und professionellen Pr\u00e4sentation.<\/p>","protected":false},"featured_media":3177,"comment_status":"open","ping_status":"closed","template":"","meta":{"inline_featured_image":false,"site-sidebar-layout":"default","site-content-layout":"","ast-site-content-layout":"default","site-content-style":"default","site-sidebar-style":"default","ast-global-header-display":"","ast-banner-title-visibility":"","ast-main-header-display":"","ast-hfb-above-header-display":"","ast-hfb-below-header-display":"","ast-hfb-mobile-header-display":"","site-post-title":"","ast-breadcrumbs-content":"","ast-featured-img":"","footer-sml-layout":"","ast-disable-related-posts":"","theme-transparent-header-meta":"default","adv-header-id-meta":"","stick-header-meta":"default","header-above-stick-meta":"","header-main-stick-meta":"","header-below-stick-meta":"","astra-migrate-meta-layouts":"set","ast-page-background-enabled":"default","ast-page-background-meta":{"desktop":{"background-color":"","background-image":"","background-repeat":"repeat","background-position":"center center","background-size":"auto","background-attachment":"scroll","background-type":"","background-media":"","overlay-type":"","overlay-color":"","overlay-opacity":"","overlay-gradient":""},"tablet":{"background-color":"","background-image":"","background-repeat":"repeat","background-position":"center center","background-size":"auto","background-attachment":"scroll","background-type":"","background-media":"","overlay-type":"","overlay-color":"","overlay-opacity":"","overlay-gradient":""},"mobile":{"background-color":"","background-image":"","background-repeat":"repeat","background-position":"center center","background-size":"auto","background-attachment":"scroll","background-type":"","background-media":"","overlay-type":"","overlay-color":"","overlay-opacity":"","overlay-gradient":""}},"ast-content-background-meta":{"desktop":{"background-color":"var(--ast-global-color-5)","background-image":"","background-repeat":"repeat","background-position":"center center","background-size":"auto","background-attachment":"scroll","background-type":"","background-media":"","overlay-type":"","overlay-color":"","overlay-opacity":"","overlay-gradient":""},"tablet":{"background-color":"var(--ast-global-color-5)","background-image":"","background-repeat":"repeat","background-position":"center center","background-size":"auto","background-attachment":"scroll","background-type":"","background-media":"","overlay-type":"","overlay-color":"","overlay-opacity":"","overlay-gradient":""},"mobile":{"background-color":"var(--ast-global-color-5)","background-image":"","background-repeat":"repeat","background-position":"center center","background-size":"auto","background-attachment":"scroll","background-type":"","background-media":"","overlay-type":"","overlay-color":"","overlay-opacity":"","overlay-gradient":""}}},"product_brand":[],"product_cat":[55],"product_tag":[63],"class_list":{"0":"post-2962","1":"product","2":"type-product","3":"status-publish","4":"has-post-thumbnail","6":"product_cat-free-weight-training","7":"product_tag-rack-storage","8":"desktop-align-left","9":"tablet-align-left","10":"mobile-align-left","12":"first","13":"instock","14":"shipping-taxable","15":"purchasable","16":"product-type-simple"},"_links":{"self":[{"href":"https:\/\/alexathletics1982.com\/de\/wp-json\/wp\/v2\/product\/2962","targetHints":{"allow":["GET"]}}],"collection":[{"href":"https:\/\/alexathletics1982.com\/de\/wp-json\/wp\/v2\/product"}],"about":[{"href":"https:\/\/alexathletics1982.com\/de\/wp-json\/wp\/v2\/types\/product"}],"replies":[{"embeddable":true,"href":"https:\/\/alexathletics1982.com\/de\/wp-json\/wp\/v2\/comments?post=2962"}],"wp:featuredmedia":[{"embeddable":true,"href":"https:\/\/alexathletics1982.com\/de\/wp-json\/wp\/v2\/media\/3177"}],"wp:attachment":[{"href":"https:\/\/alexathletics1982.com\/de\/wp-json\/wp\/v2\/media?parent=2962"}],"wp:term":[{"taxonomy":"product_brand","embeddable":true,"href":"https:\/\/alexathletics1982.com\/de\/wp-json\/wp\/v2\/product_brand?post=2962"},{"taxonomy":"product_cat","embeddable":true,"href":"https:\/\/alexathletics1982.com\/de\/wp-json\/wp\/v2\/product_cat?post=2962"},{"taxonomy":"product_tag","embeddable":true,"href":"https:\/\/alexathletics1982.com\/de\/wp-json\/wp\/v2\/product_tag?post=2962"}],"curies":[{"name":"wp","href":"https:\/\/api.w.org\/{rel}","templated":true}]}}