{"id":2965,"date":"2026-01-23T20:21:02","date_gmt":"2026-01-23T12:21:02","guid":{"rendered":"https:\/\/alexathletics1982.com\/?post_type=product&#038;p=2965"},"modified":"2026-04-08T11:09:35","modified_gmt":"2026-04-08T03:09:35","slug":"halbregal","status":"publish","type":"product","link":"https:\/\/alexathletics1982.com\/de\/half-rack\/","title":{"rendered":"Halbes Gestell"},"content":{"rendered":"<h2>Der Schwergewichtler: Kommerzielles Halbregal<\/h2>\n<p>Das Half Rack von Alex Athletics ist das Herzst\u00fcck einer ernsthaften Krafttrainingseinrichtung. Es schlie\u00dft die L\u00fccke zwischen einem vollen Power Cage und einem Squat Stand und bietet die Stabilit\u00e4t und Sicherheit eines K\u00e4figs mit der frei zug\u00e4nglichen Grundfl\u00e4che eines Stands. Dieses Rack ist aus massivem 75 x 75 mm Vierkantstahlrohr mit einer Wandst\u00e4rke von 3 mm gefertigt und ist wie ein Panzer gebaut. Es verf\u00fcgt \u00fcber eine erstaunliche Tragf\u00e4higkeit von 800 kg, was bedeutet, dass es jedes Gewicht bew\u00e4ltigen kann, das ein Mensch heben kann - und noch einiges mehr. Das \u201cHalf Rack\u201d-Design verf\u00fcgt \u00fcber eine offene Vorderseite, die ideal f\u00fcr olympische Hebebewegungen (wie \u00dcberkopfdr\u00fccken) ist, die einen vertikalen Freiraum erfordern, und gleichzeitig einen sicheren Rahmen f\u00fcr Kniebeugen und Bankdr\u00fccken bietet.<\/p>\n<p>Die Funktionalit\u00e4t wird durch hochwertige Anbauteile maximiert. Die Ablage ist serienm\u00e4\u00dfig mit J-Haken und Sicherheits-Spotterarmen in kommerzieller Qualit\u00e4t ausgestattet. Diese sind mit HDPE-Dichtungen ausgekleidet, um die R\u00e4ndelung Ihrer Hantel vor Metall-auf-Metall-Kontakt zu sch\u00fctzen und Ihre Investition zu bewahren. Beide Aufs\u00e4tze verf\u00fcgen \u00fcber einen Schnellspannmechanismus mit lasergeschnittener Nummerierung auf den St\u00e4ndern, sodass die H\u00f6he schnell und pr\u00e4zise eingestellt werden kann. Die R\u00fcckseite des Racks ist mit 8 Ablageh\u00f6rh\u00f6rnern ausgestattet, in denen Sie tonnenweise Hanteln aufbewahren k\u00f6nnen und die dem Ger\u00e4t zus\u00e4tzliche Stabilit\u00e4t verleihen. Mit der integrierten Klimmzugstange und den Bandhaken ist das Alex Half Rack eine professionelle Station f\u00fcr Kraftsportler, Athleten und ernsthafte Heimtrainer.<\/p>\n<h3>1. Massive 800kg Tragf\u00e4higkeit<\/h3>\n<p>Dies ist kein Billigregal. Der 75x75x3 mm gro\u00dfe Stahlrahmen ist von industrieller Qualit\u00e4t. Er bietet absolute Steifigkeit - kein Wackeln oder Sch\u00fctteln, wenn Sie eine schwere Kniebeuge machen. Die 800-kg-Zulassung stellt sicher, dass es Weltrekordlasten tragen kann, und bietet eine Sicherheitsmarge, die absolutes Vertrauen schafft.<\/p>\n<h3>2. J-Haken mit Schnellverschluss und Sicherheitsvorrichtungen<\/h3>\n<p>Schnelligkeit und Benutzerfreundlichkeit sind entscheidend. Die J-Haken und Sicherheitsarme k\u00f6nnen in Sekundenschnelle ohne Werkzeug eingestellt werden. Die lasergeschnittene Nummerierung auf den Pfosten bedeutet, dass Sie nie raten m\u00fcssen, ob die Stange gerade ist. Die Sicherheitsarme sind lang genug, um einen misslungenen Heber aufzufangen, und dienen als zuverl\u00e4ssiger Spotter beim Solotraining.<\/p>\n<h3>3. Schutz f\u00fcr Langhanteln (HDPE)<\/h3>\n<p>Ihre Langhantel ist das wichtigste Werkzeug. Die Kontaktstellen an den J-Haken und Sicherungen sind mit High-Density Polyethylen (HDPE) ausgekleidet. Diese Kunststoffschicht absorbiert St\u00f6\u00dfe und verhindert, dass die scharfen R\u00e4ndelungen Ihrer Hantelstange gegen harten Stahl gepresst werden. Sie sorgt daf\u00fcr, dass Ihre Stange wie neu aussieht und funktioniert.<\/p>\n<h3>4. Integrierte Plattenablage<\/h3>\n<p>Das Rack verf\u00fcgt \u00fcber 8 Gewichtsh\u00f6rner an den hinteren St\u00e4ndern. Dieses Speichersystem h\u00e4lt Ihre Platten organisiert und vom Boden fern. Noch wichtiger ist, dass das Gewicht der gelagerten Platten das Rack am Boden verankert, was seine Stabilit\u00e4t bei dynamischen Bewegungen wie Kipping-Klimmz\u00fcge oder Racking schwere Gewichte erh\u00f6ht.<\/p>\n<h3>5. Vielseitigkeit mit offener Vorderseite<\/h3>\n<p>Das Half Rack-Design bietet Freiheit. Ohne die vorderen Pfosten, die Sie blockieren, k\u00f6nnen Sie die Hantel leicht f\u00fcr Ausfallschritte herausf\u00fchren oder \u00dcberkopfdr\u00fccken durchf\u00fchren, ohne gegen die Decke eines K\u00e4figs zu sto\u00dfen. Es erm\u00f6glicht die Verwendung einer Hebeplattform direkt vor dem Rack f\u00fcr Deadlifts und Olympic Lifts.<\/p>\n<h3>F\u00fcr wen ist das?<\/h3>\n<ul style=\"list-style-position: inside; padding-left: 0;\">\n<li>Elite-Kraftdreikampf und Gewichtheben Fitnessstudios.<\/li>\n<li>Besitzer von hochwertigen Heimtrainingsger\u00e4ten, die nur das Beste wollen.<\/li>\n<li>Hochschul- und Profisportmannschaften.<\/li>\n<li>Heber, die alleine trainieren und zuverl\u00e4ssige Sicherheit ben\u00f6tigen.<\/li>\n<li>Einrichtungen, die der Langlebigkeit der Ausr\u00fcstung Priorit\u00e4t einr\u00e4umen.<\/li>\n<\/ul>\n<h3>Produktspezifikationen<\/h3>\n<table border=\"1\" width=\"100%\" cellspacing=\"0\" cellpadding=\"5\">\n<tbody>\n<tr>\n<td><strong>Modell<\/strong><\/td>\n<td>W13AA029<\/td>\n<\/tr>\n<tr>\n<td><strong>Material<\/strong><\/td>\n<td>Stahl (75x75x3mm Rohr)<\/td>\n<\/tr>\n<tr>\n<td><strong>Tragf\u00e4higkeit<\/strong><\/td>\n<td>800 kg<\/td>\n<\/tr>\n<tr>\n<td><strong>Abmessungen<\/strong><\/td>\n<td>L 1906 x B 1829 x H 2438 mm<\/td>\n<\/tr>\n<tr>\n<td><strong>Eigenschaften<\/strong><\/td>\n<td>HDPE-Liner, Plattenlagerung, Spotter-Arme<\/td>\n<\/tr>\n<\/tbody>\n<\/table>","protected":false},"excerpt":{"rendered":"<p>Das Half Rack von Alex Athletics ist ein kommerzielles Kraftpaket f\u00fcr schweres Heben. Gebaut aus massiven 75x75mm Stahlrohren, tr\u00e4gt es eine immense Last von 800kg mit absoluter Stabilit\u00e4t. Ausgestattet mit schnell l\u00f6sbaren J-Haken und mit HDPE ausgekleideten Sicherheitsspotterarmen zum Schutz Ihrer Hantel, gew\u00e4hrleistet es sicheres Solotraining. Das nach vorne offene Design erm\u00f6glicht vielseitige Bewegungen, w\u00e4hrend die integrierte Plattenablage f\u00fcr Ordnung im Fitnessstudio sorgt. Es ist die ultimative professionelle Station f\u00fcr Kniebeugen, Liegest\u00fctze und Klimmz\u00fcge.<\/p>","protected":false},"featured_media":3321,"comment_status":"open","ping_status":"closed","template":"","meta":{"inline_featured_image":false,"site-sidebar-layout":"default","site-content-layout":"","ast-site-content-layout":"default","site-content-style":"default","site-sidebar-style":"default","ast-global-header-display":"","ast-banner-title-visibility":"","ast-main-header-display":"","ast-hfb-above-header-display":"","ast-hfb-below-header-display":"","ast-hfb-mobile-header-display":"","site-post-title":"","ast-breadcrumbs-content":"","ast-featured-img":"","footer-sml-layout":"","ast-disable-related-posts":"","theme-transparent-header-meta":"default","adv-header-id-meta":"","stick-header-meta":"default","header-above-stick-meta":"","header-main-stick-meta":"","header-below-stick-meta":"","astra-migrate-meta-layouts":"set","ast-page-background-enabled":"default","ast-page-background-meta":{"desktop":{"background-color":"","background-image":"","background-repeat":"repeat","background-position":"center center","background-size":"auto","background-attachment":"scroll","background-type":"","background-media":"","overlay-type":"","overlay-color":"","overlay-opacity":"","overlay-gradient":""},"tablet":{"background-color":"","background-image":"","background-repeat":"repeat","background-position":"center center","background-size":"auto","background-attachment":"scroll","background-type":"","background-media":"","overlay-type":"","overlay-color":"","overlay-opacity":"","overlay-gradient":""},"mobile":{"background-color":"","background-image":"","background-repeat":"repeat","background-position":"center center","background-size":"auto","background-attachment":"scroll","background-type":"","background-media":"","overlay-type":"","overlay-color":"","overlay-opacity":"","overlay-gradient":""}},"ast-content-background-meta":{"desktop":{"background-color":"var(--ast-global-color-5)","background-image":"","background-repeat":"repeat","background-position":"center center","background-size":"auto","background-attachment":"scroll","background-type":"","background-media":"","overlay-type":"","overlay-color":"","overlay-opacity":"","overlay-gradient":""},"tablet":{"background-color":"var(--ast-global-color-5)","background-image":"","background-repeat":"repeat","background-position":"center center","background-size":"auto","background-attachment":"scroll","background-type":"","background-media":"","overlay-type":"","overlay-color":"","overlay-opacity":"","overlay-gradient":""},"mobile":{"background-color":"var(--ast-global-color-5)","background-image":"","background-repeat":"repeat","background-position":"center center","background-size":"auto","background-attachment":"scroll","background-type":"","background-media":"","overlay-type":"","overlay-color":"","overlay-opacity":"","overlay-gradient":""}}},"product_brand":[],"product_cat":[55],"product_tag":[63],"class_list":{"0":"post-2965","1":"product","2":"type-product","3":"status-publish","4":"has-post-thumbnail","6":"product_cat-free-weight-training","7":"product_tag-rack-storage","8":"desktop-align-left","9":"tablet-align-left","10":"mobile-align-left","12":"first","13":"instock","14":"shipping-taxable","15":"purchasable","16":"product-type-simple"},"_links":{"self":[{"href":"https:\/\/alexathletics1982.com\/de\/wp-json\/wp\/v2\/product\/2965","targetHints":{"allow":["GET"]}}],"collection":[{"href":"https:\/\/alexathletics1982.com\/de\/wp-json\/wp\/v2\/product"}],"about":[{"href":"https:\/\/alexathletics1982.com\/de\/wp-json\/wp\/v2\/types\/product"}],"replies":[{"embeddable":true,"href":"https:\/\/alexathletics1982.com\/de\/wp-json\/wp\/v2\/comments?post=2965"}],"wp:featuredmedia":[{"embeddable":true,"href":"https:\/\/alexathletics1982.com\/de\/wp-json\/wp\/v2\/media\/3321"}],"wp:attachment":[{"href":"https:\/\/alexathletics1982.com\/de\/wp-json\/wp\/v2\/media?parent=2965"}],"wp:term":[{"taxonomy":"product_brand","embeddable":true,"href":"https:\/\/alexathletics1982.com\/de\/wp-json\/wp\/v2\/product_brand?post=2965"},{"taxonomy":"product_cat","embeddable":true,"href":"https:\/\/alexathletics1982.com\/de\/wp-json\/wp\/v2\/product_cat?post=2965"},{"taxonomy":"product_tag","embeddable":true,"href":"https:\/\/alexathletics1982.com\/de\/wp-json\/wp\/v2\/product_tag?post=2965"}],"curies":[{"name":"wp","href":"https:\/\/api.w.org\/{rel}","templated":true}]}}