{"id":2967,"date":"2026-01-23T20:21:02","date_gmt":"2026-01-23T12:21:02","guid":{"rendered":"https:\/\/alexathletics1982.com\/?post_type=product&#038;p=2967"},"modified":"2026-04-08T11:13:19","modified_gmt":"2026-04-08T03:13:19","slug":"stangengestell-r1","status":"publish","type":"product","link":"https:\/\/alexathletics1982.com\/de\/bar-rack-r1\/","title":{"rendered":"Stangengestell - R1"},"content":{"rendered":"<h2>Horizontale Zug\u00e4nglichkeit: Die doppelseitige Stangenablage (R1)<\/h2>\n<p>F\u00fcr Einrichtungen mit viel Platz an der Wand oder f\u00fcr diejenigen, die den einfachen horizontalen Zugriff bevorzugen, ist das Bar Rack - R1 die erste Wahl. Im Gegensatz zu vertikalen Rohren, bei denen die Hantelstange gerade nach oben gehoben werden muss, k\u00f6nnen Sie bei dieser Ablage die Hantelstangen horizontal ein- und auslagern, \u00e4hnlich wie bei einer Gewehrablage. Diese \u201cseitliche Beladung\u201d ist oft einfacher f\u00fcr kleinere Athleten oder f\u00fcr schwerere Spezialstangen. Die R1 ist eine freistehende, doppelseitige Einheit, die 8 Hanteln (4 auf jeder Seite) sicher und geordnet aufnehmen kann. Dieser zweiseitige Zugang macht es perfekt f\u00fcr die Platzierung in der Mitte eines Raumes oder zwischen Hebeplattformen, so dass mehrere Athleten gleichzeitig nach den Hanteln greifen k\u00f6nnen, ohne dass es zu Staus kommt.<\/p>\n<p>Langlebigkeit ist der Kern des R1-Designs. Er ist aus schwerem Vierkantstahlrohr (50 x 75 x 3 mm) gefertigt und ist ein Panzer. Der Rahmen ist steif und stabil und so konzipiert, dass er nicht nur Standard-Olympiastangen, sondern auch schwere Spezialstangen wie Safety Squat Bars oder Cambered Bars aufnehmen kann, die nicht in vertikale Halterungen passen. Die Haken sind mit sch\u00fctzendem Material ausgekleidet (in der Regel Kunststoff- oder Gummieinlagen), um sicherzustellen, dass die R\u00e4ndelungen Ihrer Stangen nie Metall auf Metall treffen. Mit einer H\u00f6he von fast 1,6 Metern pr\u00e4sentiert er Ihre Sammlung prominent und macht Ihre Ger\u00e4te zu einer optischen Besonderheit im Fitnessstudio. Es erfordert keine Installation oder Verschraubung und bietet sofortige, leistungsstarke Organisation.<\/p>\n<h3>1. Leichter horizontaler Zugang<\/h3>\n<p>Eine 20 kg schwere Stange vertikal aus einem Rohr zu heben, kann f\u00fcr manche Benutzer schwierig sein, vor allem wenn die Decken niedrig sind. Die horizontale Konstruktion erm\u00f6glicht es Ihnen, die Stange m\u00fchelos von den Haken zu heben. Dies ist die ergonomischste Art, auf schwere Ger\u00e4te zuzugreifen. Der abgestufte Abstand sorgt daf\u00fcr, dass zwischen den Stangen genug Platz ist, um sie zu greifen, ohne sich die Finger einzuklemmen.<\/p>\n<h3>2. Doppelseitige hohe Kapazit\u00e4t<\/h3>\n<p>Die Lagerung von 8 Stangen in einer Einheit ist effizient. Das A-Rahmen-Design nutzt beide Seiten, wodurch sich die Lagerungsdichte verdoppelt. Dies macht es ideal f\u00fcr die Unterteilung von Trainingsbereichen oder die Schaffung einer zentralen \u201cHantelbibliothek\u201d in einer gro\u00dfen Einrichtung. So bleibt der Boden im Fitnessstudio frei und sicher.<\/p>\n<h3>3. Passt zu Spezialst\u00e4ben<\/h3>\n<p>Vertikale Gestelle haben Probleme mit Spezialstangen, die dicke Polster oder seltsame Geometrien haben (wie Trap Bars oder SSBs). Die horizontalen Haken des R1 passen sich fast jeder Hantelform an. Sie k\u00f6nnen eine Swiss Bar oder eine Buffalo Bar sicher aufh\u00e4ngen, was es zum vielseitigsten Rack f\u00fcr Kraftdreikampf-Fitnessstudios macht.<\/p>\n<h3>4. Freistehender Heavy-Duty-Rahmen<\/h3>\n<p>Kein Bohren erforderlich. Der R1 ist ein solides, freistehendes Ger\u00e4t. Seine breite Basis und die schwere Stahlkonstruktion (36 kg Nettogewicht) sorgen daf\u00fcr, dass er nicht umkippt. Es ist nach dem Zusammenbau sofort einsatzbereit und kann verschoben werden, wenn sich der Grundriss Ihres Fitnessstudios \u00e4ndert.<\/p>\n<h3>5. R\u00e4ndelschutz<\/h3>\n<p>Die Kontaktstellen sind so konzipiert, dass sie Ihre Stangen sch\u00fctzen. Indem die Welle (oder H\u00fclse innen) auf den Haken ruht, wird die aggressive R\u00e4ndelung vor dem Schleifen gegen andere Metalloberfl\u00e4chen gesch\u00fctzt. Dies bewahrt den \u201cBiss\u201d Ihres Wettbewerbs Bars und h\u00e4lt sie makellos aussehen.<\/p>\n<h3>F\u00fcr wen ist das?<\/h3>\n<ul style=\"list-style-position: inside; padding-left: 0;\">\n<li>Fitnessstudios f\u00fcr Kraftdreikampf mit vielen Spezialbarren.<\/li>\n<li>Gewerbliche Einrichtungen, die ein zentrales Inselregal w\u00fcnschen.<\/li>\n<li>Benutzer mit niedrigen Decken, bei denen eine vertikale Lagerung nicht m\u00f6glich ist.<\/li>\n<li>Athleten, die Schwierigkeiten mit vertikalen St\u00e4ndern haben.<\/li>\n<li>Fitnessstudiobesitzer, die eine hochwertige Barrenkollektion pr\u00e4sentieren.<\/li>\n<\/ul>\n<h3>Produktspezifikationen<\/h3>\n<table border=\"1\" width=\"100%\" cellspacing=\"0\" cellpadding=\"5\">\n<tbody>\n<tr>\n<td><strong>Modell<\/strong><\/td>\n<td>F12AC001<\/td>\n<\/tr>\n<tr>\n<td><strong>Kapazit\u00e4t<\/strong><\/td>\n<td>8 St\u00e4be (4 pro Seite)<\/td>\n<\/tr>\n<tr>\n<td><strong>Abmessungen<\/strong><\/td>\n<td>L 1250 x B 435 x H 1572 mm<\/td>\n<\/tr>\n<tr>\n<td><strong>Material<\/strong><\/td>\n<td>Quadratisches Stahlrohr (50x75x3mm)<\/td>\n<\/tr>\n<tr>\n<td><strong>Merkmal<\/strong><\/td>\n<td>Horizontale Lagerung, doppelseitig<\/td>\n<\/tr>\n<\/tbody>\n<\/table>","protected":false},"excerpt":{"rendered":"<p>Das Bar Rack - R1 von Alex Athletics bietet professionelle, horizontale Aufbewahrung f\u00fcr 8 Langhanteln. Sein freistehendes, doppelseitiges A-Rahmen-Design erm\u00f6glicht einen einfachen Zugang von beiden Seiten, wodurch es ideal f\u00fcr eine zentrale Platzierung auf dem Boden ist. Aus hochbelastbarem Stahl gefertigt, nimmt er sowohl Standard-Olympiastangen als auch Spezialstangen auf, die nicht in vertikale Ablagen passen. Mit sch\u00fctzenden Haken, die Ihre R\u00e4ndelungen sch\u00fctzen und keine Wandmontage erfordern, ist es die vielseitige, ergonomische L\u00f6sung f\u00fcr die Organisation einer gro\u00dfen Hantelsammlung.<\/p>","protected":false},"featured_media":3453,"comment_status":"open","ping_status":"closed","template":"","meta":{"inline_featured_image":false,"site-sidebar-layout":"default","site-content-layout":"","ast-site-content-layout":"default","site-content-style":"default","site-sidebar-style":"default","ast-global-header-display":"","ast-banner-title-visibility":"","ast-main-header-display":"","ast-hfb-above-header-display":"","ast-hfb-below-header-display":"","ast-hfb-mobile-header-display":"","site-post-title":"","ast-breadcrumbs-content":"","ast-featured-img":"","footer-sml-layout":"","ast-disable-related-posts":"","theme-transparent-header-meta":"default","adv-header-id-meta":"","stick-header-meta":"default","header-above-stick-meta":"","header-main-stick-meta":"","header-below-stick-meta":"","astra-migrate-meta-layouts":"set","ast-page-background-enabled":"default","ast-page-background-meta":{"desktop":{"background-color":"","background-image":"","background-repeat":"repeat","background-position":"center center","background-size":"auto","background-attachment":"scroll","background-type":"","background-media":"","overlay-type":"","overlay-color":"","overlay-opacity":"","overlay-gradient":""},"tablet":{"background-color":"","background-image":"","background-repeat":"repeat","background-position":"center center","background-size":"auto","background-attachment":"scroll","background-type":"","background-media":"","overlay-type":"","overlay-color":"","overlay-opacity":"","overlay-gradient":""},"mobile":{"background-color":"","background-image":"","background-repeat":"repeat","background-position":"center center","background-size":"auto","background-attachment":"scroll","background-type":"","background-media":"","overlay-type":"","overlay-color":"","overlay-opacity":"","overlay-gradient":""}},"ast-content-background-meta":{"desktop":{"background-color":"var(--ast-global-color-5)","background-image":"","background-repeat":"repeat","background-position":"center center","background-size":"auto","background-attachment":"scroll","background-type":"","background-media":"","overlay-type":"","overlay-color":"","overlay-opacity":"","overlay-gradient":""},"tablet":{"background-color":"var(--ast-global-color-5)","background-image":"","background-repeat":"repeat","background-position":"center center","background-size":"auto","background-attachment":"scroll","background-type":"","background-media":"","overlay-type":"","overlay-color":"","overlay-opacity":"","overlay-gradient":""},"mobile":{"background-color":"var(--ast-global-color-5)","background-image":"","background-repeat":"repeat","background-position":"center center","background-size":"auto","background-attachment":"scroll","background-type":"","background-media":"","overlay-type":"","overlay-color":"","overlay-opacity":"","overlay-gradient":""}}},"product_brand":[],"product_cat":[55],"product_tag":[63],"class_list":{"0":"post-2967","1":"product","2":"type-product","3":"status-publish","4":"has-post-thumbnail","6":"product_cat-free-weight-training","7":"product_tag-rack-storage","8":"desktop-align-left","9":"tablet-align-left","10":"mobile-align-left","12":"first","13":"instock","14":"shipping-taxable","15":"purchasable","16":"product-type-simple"},"_links":{"self":[{"href":"https:\/\/alexathletics1982.com\/de\/wp-json\/wp\/v2\/product\/2967","targetHints":{"allow":["GET"]}}],"collection":[{"href":"https:\/\/alexathletics1982.com\/de\/wp-json\/wp\/v2\/product"}],"about":[{"href":"https:\/\/alexathletics1982.com\/de\/wp-json\/wp\/v2\/types\/product"}],"replies":[{"embeddable":true,"href":"https:\/\/alexathletics1982.com\/de\/wp-json\/wp\/v2\/comments?post=2967"}],"wp:featuredmedia":[{"embeddable":true,"href":"https:\/\/alexathletics1982.com\/de\/wp-json\/wp\/v2\/media\/3453"}],"wp:attachment":[{"href":"https:\/\/alexathletics1982.com\/de\/wp-json\/wp\/v2\/media?parent=2967"}],"wp:term":[{"taxonomy":"product_brand","embeddable":true,"href":"https:\/\/alexathletics1982.com\/de\/wp-json\/wp\/v2\/product_brand?post=2967"},{"taxonomy":"product_cat","embeddable":true,"href":"https:\/\/alexathletics1982.com\/de\/wp-json\/wp\/v2\/product_cat?post=2967"},{"taxonomy":"product_tag","embeddable":true,"href":"https:\/\/alexathletics1982.com\/de\/wp-json\/wp\/v2\/product_tag?post=2967"}],"curies":[{"name":"wp","href":"https:\/\/api.w.org\/{rel}","templated":true}]}}