{"id":3839,"date":"2026-04-10T21:07:43","date_gmt":"2026-04-10T13:07:43","guid":{"rendered":"https:\/\/alexathletics1982.com\/?post_type=product&#038;p=3839"},"modified":"2026-04-17T22:15:37","modified_gmt":"2026-04-17T14:15:37","slug":"power-strider-xc2","status":"publish","type":"product","link":"https:\/\/alexathletics1982.com\/de\/power-strider-xc2\/","title":{"rendered":"Power Strider XC2"},"content":{"rendered":"<div class=\"ast-oembed-container\" style=\"height: 100%;\"><iframe title=\"POWER STRIDER XC2\" width=\"500\" height=\"281\" src=\"https:\/\/www.youtube.com\/embed\/zfenkYAfFfE?feature=oembed\" frameborder=\"0\" allow=\"accelerometer; autoplay; clipboard-write; encrypted-media; gyroscope; picture-in-picture; web-share\" referrerpolicy=\"strict-origin-when-cross-origin\" allowfullscreen><\/iframe><\/div>\n<h2><img fetchpriority=\"high\" decoding=\"async\" class=\"alignnone wp-image-3828 size-full\" src=\"https:\/\/alexathletics1982.com\/wp-content\/uploads\/2026\/04\/XC2_\u4fee_01.webp\" alt=\"\" width=\"1600\" height=\"1938\" title=\"\" srcset=\"https:\/\/alexathletics1982.com\/wp-content\/uploads\/2026\/04\/XC2_\u4fee_01.webp 1600w, https:\/\/alexathletics1982.com\/wp-content\/uploads\/2026\/04\/XC2_\u4fee_01-248x300.webp 248w, https:\/\/alexathletics1982.com\/wp-content\/uploads\/2026\/04\/XC2_\u4fee_01-845x1024.webp 845w, https:\/\/alexathletics1982.com\/wp-content\/uploads\/2026\/04\/XC2_\u4fee_01-768x930.webp 768w, https:\/\/alexathletics1982.com\/wp-content\/uploads\/2026\/04\/XC2_\u4fee_01-1268x1536.webp 1268w, https:\/\/alexathletics1982.com\/wp-content\/uploads\/2026\/04\/XC2_\u4fee_01-600x727.webp 600w\" sizes=\"(max-width: 1600px) 100vw, 1600px\" \/> <img decoding=\"async\" class=\"alignnone wp-image-3834 size-full\" src=\"https:\/\/alexathletics1982.com\/wp-content\/uploads\/2026\/04\/XC2_\u4fee_07.webp\" alt=\"\" width=\"1600\" height=\"979\" title=\"\" srcset=\"https:\/\/alexathletics1982.com\/wp-content\/uploads\/2026\/04\/XC2_\u4fee_07.webp 1600w, https:\/\/alexathletics1982.com\/wp-content\/uploads\/2026\/04\/XC2_\u4fee_07-300x184.webp 300w, https:\/\/alexathletics1982.com\/wp-content\/uploads\/2026\/04\/XC2_\u4fee_07-1024x627.webp 1024w, https:\/\/alexathletics1982.com\/wp-content\/uploads\/2026\/04\/XC2_\u4fee_07-768x470.webp 768w, https:\/\/alexathletics1982.com\/wp-content\/uploads\/2026\/04\/XC2_\u4fee_07-1536x940.webp 1536w, https:\/\/alexathletics1982.com\/wp-content\/uploads\/2026\/04\/XC2_\u4fee_07-600x367.webp 600w\" sizes=\"(max-width: 1600px) 100vw, 1600px\" \/> <img decoding=\"async\" class=\"alignnone wp-image-3833 size-full\" src=\"https:\/\/alexathletics1982.com\/wp-content\/uploads\/2026\/04\/XC2_\u4fee_06.webp\" alt=\"\" width=\"1600\" height=\"979\" title=\"\" srcset=\"https:\/\/alexathletics1982.com\/wp-content\/uploads\/2026\/04\/XC2_\u4fee_06.webp 1600w, https:\/\/alexathletics1982.com\/wp-content\/uploads\/2026\/04\/XC2_\u4fee_06-300x184.webp 300w, https:\/\/alexathletics1982.com\/wp-content\/uploads\/2026\/04\/XC2_\u4fee_06-1024x627.webp 1024w, https:\/\/alexathletics1982.com\/wp-content\/uploads\/2026\/04\/XC2_\u4fee_06-768x470.webp 768w, https:\/\/alexathletics1982.com\/wp-content\/uploads\/2026\/04\/XC2_\u4fee_06-1536x940.webp 1536w, https:\/\/alexathletics1982.com\/wp-content\/uploads\/2026\/04\/XC2_\u4fee_06-600x367.webp 600w\" sizes=\"(max-width: 1600px) 100vw, 1600px\" \/> <img loading=\"lazy\" decoding=\"async\" class=\"alignnone wp-image-3832 size-full\" src=\"https:\/\/alexathletics1982.com\/wp-content\/uploads\/2026\/04\/XC2_\u4fee_05.webp\" alt=\"\" width=\"1600\" height=\"1344\" title=\"\" srcset=\"https:\/\/alexathletics1982.com\/wp-content\/uploads\/2026\/04\/XC2_\u4fee_05.webp 1600w, https:\/\/alexathletics1982.com\/wp-content\/uploads\/2026\/04\/XC2_\u4fee_05-300x252.webp 300w, https:\/\/alexathletics1982.com\/wp-content\/uploads\/2026\/04\/XC2_\u4fee_05-1024x860.webp 1024w, https:\/\/alexathletics1982.com\/wp-content\/uploads\/2026\/04\/XC2_\u4fee_05-768x645.webp 768w, https:\/\/alexathletics1982.com\/wp-content\/uploads\/2026\/04\/XC2_\u4fee_05-1536x1290.webp 1536w, https:\/\/alexathletics1982.com\/wp-content\/uploads\/2026\/04\/XC2_\u4fee_05-600x504.webp 600w\" sizes=\"(max-width: 1600px) 100vw, 1600px\" \/> <img loading=\"lazy\" decoding=\"async\" class=\"alignnone wp-image-3831 size-full\" src=\"https:\/\/alexathletics1982.com\/wp-content\/uploads\/2026\/04\/XC2_\u4fee_04.webp\" alt=\"\" width=\"1600\" height=\"1104\" title=\"\" srcset=\"https:\/\/alexathletics1982.com\/wp-content\/uploads\/2026\/04\/XC2_\u4fee_04.webp 1600w, https:\/\/alexathletics1982.com\/wp-content\/uploads\/2026\/04\/XC2_\u4fee_04-300x207.webp 300w, https:\/\/alexathletics1982.com\/wp-content\/uploads\/2026\/04\/XC2_\u4fee_04-1024x707.webp 1024w, https:\/\/alexathletics1982.com\/wp-content\/uploads\/2026\/04\/XC2_\u4fee_04-768x530.webp 768w, https:\/\/alexathletics1982.com\/wp-content\/uploads\/2026\/04\/XC2_\u4fee_04-1536x1060.webp 1536w, https:\/\/alexathletics1982.com\/wp-content\/uploads\/2026\/04\/XC2_\u4fee_04-600x414.webp 600w\" sizes=\"(max-width: 1600px) 100vw, 1600px\" \/> <img loading=\"lazy\" decoding=\"async\" class=\"alignnone wp-image-3830 size-full\" src=\"https:\/\/alexathletics1982.com\/wp-content\/uploads\/2026\/04\/XC2_\u4fee_03.webp\" alt=\"\" width=\"1600\" height=\"1451\" title=\"\" srcset=\"https:\/\/alexathletics1982.com\/wp-content\/uploads\/2026\/04\/XC2_\u4fee_03.webp 1600w, https:\/\/alexathletics1982.com\/wp-content\/uploads\/2026\/04\/XC2_\u4fee_03-300x272.webp 300w, https:\/\/alexathletics1982.com\/wp-content\/uploads\/2026\/04\/XC2_\u4fee_03-1024x929.webp 1024w, https:\/\/alexathletics1982.com\/wp-content\/uploads\/2026\/04\/XC2_\u4fee_03-768x696.webp 768w, https:\/\/alexathletics1982.com\/wp-content\/uploads\/2026\/04\/XC2_\u4fee_03-1536x1393.webp 1536w, https:\/\/alexathletics1982.com\/wp-content\/uploads\/2026\/04\/XC2_\u4fee_03-600x544.webp 600w\" sizes=\"(max-width: 1600px) 100vw, 1600px\" \/> <img loading=\"lazy\" decoding=\"async\" class=\"alignnone wp-image-3829 size-full\" src=\"https:\/\/alexathletics1982.com\/wp-content\/uploads\/2026\/04\/XC2_\u4fee_02.webp\" alt=\"\" width=\"1600\" height=\"2012\" title=\"\" srcset=\"https:\/\/alexathletics1982.com\/wp-content\/uploads\/2026\/04\/XC2_\u4fee_02.webp 1600w, https:\/\/alexathletics1982.com\/wp-content\/uploads\/2026\/04\/XC2_\u4fee_02-239x300.webp 239w, https:\/\/alexathletics1982.com\/wp-content\/uploads\/2026\/04\/XC2_\u4fee_02-814x1024.webp 814w, https:\/\/alexathletics1982.com\/wp-content\/uploads\/2026\/04\/XC2_\u4fee_02-768x966.webp 768w, https:\/\/alexathletics1982.com\/wp-content\/uploads\/2026\/04\/XC2_\u4fee_02-1221x1536.webp 1221w, https:\/\/alexathletics1982.com\/wp-content\/uploads\/2026\/04\/XC2_\u4fee_02-600x755.webp 600w\" sizes=\"(max-width: 1600px) 100vw, 1600px\" \/><\/h2>\n<h2>Vertrauen in die Bewegung: Power Strider XC2<\/h2>\n<p>Der Power Strider XC2 von Alexandave Industries Ltd ist ein revolution\u00e4res, multimodales Laufband, das biomechanische Pr\u00e4zision mit adaptiver Vielseitigkeit verbindet. Es wurde speziell f\u00fcr Sportler, Physiotherapeuten und Rehabilitationsfachleute entwickelt und bietet eine noch nie dagewesene Kontrolle \u00fcber die Bewegungsmechanik. Durch die Kombination von Vorw\u00e4rtsantrieb, exzentrischer R\u00fcckw\u00e4rtssteuerung und einem fortschrittlichen pneumatischen Federungssystem in einer adaptiven Plattform definiert der XC2 die M\u00f6glichkeiten des laufbandgest\u00fctzten Leistungs- und Rehabilitationstrainings neu. Ob Sie sich von einer Operation erholen oder f\u00fcr explosive Spitzenleistungen trainieren, dieses Laufband passt sich genau an die klinischen und sportlichen Bed\u00fcrfnisse des Benutzers an.<\/p>\n<p>Sicherheit und Zug\u00e4nglichkeit stehen bei der Konstruktion des XC2 im Vordergrund. Er verf\u00fcgt \u00fcber eine extrem niedrige Startgeschwindigkeit von 0,1 km\/h, was eine sanfte, kontrollierte Bewegungseinleitung erm\u00f6glicht und das Sturzrisiko f\u00fcr gef\u00e4hrdete Patienten minimiert. Die Integration eines pneumatisch gefederten Gurtes bietet eine einstellbare Reduzierung des K\u00f6rpergewichts um bis zu 35 kg, wodurch die Belastung der Gelenke reduziert und die Stabilit\u00e4t der K\u00f6rperhaltung bei multidirektionalen Bewegungen verbessert wird. Mit einem extrabreiten 56-cm-Laufgurt, verl\u00e4ngerten Handl\u00e4ufen und einem seitlich offenen Design f\u00fcr einfachen Zugang zum Trainer bietet er eine sichere, vertrauenserweckende Umgebung sowohl f\u00fcr den Patienten als auch f\u00fcr den Behandler.<\/p>\n<h3>1. Multi-Mode-Antriebssystem<\/h3>\n<p>Das XC2 ist kein normales Laufband. Es verf\u00fcgt \u00fcber ein bidirektionales Antriebssystem, das aerobes Vorw\u00e4rtslaufen und exzentrisches R\u00fcckw\u00e4rtstraining erm\u00f6glicht. Besonders beeindruckend ist der spezielle PUSH-Modus, der einen schweren Schlittenantrieb simuliert. So k\u00f6nnen Athleten explosive Kraft und Beschleunigung f\u00fcr den unteren K\u00f6rperbereich auf sichere Weise in Innenr\u00e4umen trainieren, ohne dass sie eine spezielle Rasenbahn ben\u00f6tigen.<\/p>\n<h3>2. Pneumatisches Aufh\u00e4ngungstraining<\/h3>\n<p>Das integrierte pneumatische Federungssystem ist ein entscheidender Vorteil f\u00fcr Reha- und Hochleistungstraining. Durch die Entlastung von bis zu 35 kg des K\u00f6rpergewichts des Benutzers erm\u00f6glicht es eine schonende, reaktive Bewegungskontrolle. Dies erm\u00f6glicht die sichere Ausf\u00fchrung von fortgeschrittenen Bewegungen wie dem schwebenden Retro-Walking, exzentrischen Reaktionsschritten und Anti-Schwerkraft-H\u00fcpfen und schlie\u00dft so die L\u00fccke zwischen feinf\u00fchliger Physiotherapie und dynamischer Sportleistung.<\/p>\n<h3>3. Sicherheitsmerkmale der klinischen Klasse<\/h3>\n<p>Ein zweischichtiges aktives Schutzsystem gew\u00e4hrleistet absolute Sicherheit in allen Trainingsmodi. Dazu geh\u00f6ren eine sofort reagierende Not-Aus-Taste und ein abnehmbares Sicherheits-Clip-System, das den Gurt stoppt, wenn der Benutzer das Gleichgewicht verliert. Dar\u00fcber hinaus erm\u00f6glichen die verl\u00e4ngerten Handl\u00e4ufe und die seitlich offene Bauweise dem Klinikpersonal ein nahtloses und sicheres Einsteigen und Assistieren beim Gehtraining.<\/p>\n<h3>4. Multidirektionale Anzeige und R\u00fcckmeldung<\/h3>\n<p>Die Konsole ist auf einem verstellbaren, mehrachsigen Bildschirm montiert, so dass Therapeuten oder klinisches Personal, die neben dem Ger\u00e4t stehen, die Konsole leicht einsehen und nahtlos bedienen k\u00f6nnen, ohne \u00fcber den Patienten greifen zu m\u00fcssen. Integrierte kontaktbasierte Herzfrequenzsensoren an den vorderen Griffen liefern physiologisches Feedback in Echtzeit und erm\u00f6glichen ein pr\u00e4zises Intensit\u00e4tsmanagement w\u00e4hrend Herz-Kreislauf- oder Erholungsprotokollen.<\/p>\n<h3>5. 6\u00b0 Neigung und breite Trittfl\u00e4che<\/h3>\n<p>Das Laufband bietet eine abgestufte Steigung von 6\u00b0 (ca. 10,5%) f\u00fcr das Ausdauertraining bergauf und den Kraftaufbau. Das gro\u00dfz\u00fcgige, 56 cm breite Laufband sorgt f\u00fcr optimale Stabilit\u00e4t und Schrittfreiheit und passt sich dem unsicheren, breitbeinigen Gang eines Rehabilitationspatienten ebenso an wie dem kraftvollen, langgezogenen Schritt eines Sprintathleten.<\/p>\n<h3>F\u00fcr wen ist das?<\/h3>\n<ul style=\"list-style-position: inside; padding-left: 0;\">\n<li>Kliniken f\u00fcr Physiotherapie und klinische Rehabilitationszentren.<\/li>\n<li>Einrichtungen f\u00fcr Spitzensportler, die Explosivkraft und Schnelligkeit trainieren.<\/li>\n<li>Senioren, die sicheres, sanftes, durch das K\u00f6rpergewicht unterst\u00fctztes Gehen ben\u00f6tigen.<\/li>\n<li>Athleten, die ein spezielles exzentrisches (R\u00fcckw\u00e4rts-)Training und ein Training mit dem Schlitten ben\u00f6tigen.<\/li>\n<li>Krankenh\u00e4user, die extrem niedrige Startgeschwindigkeiten f\u00fcr die neurologische oder postoperative Erholung ben\u00f6tigen.<\/li>\n<\/ul>\n<h3>Produktspezifikationen<\/h3>\n<table border=\"1\" width=\"100%\" cellspacing=\"0\" cellpadding=\"5\">\n<tbody>\n<tr>\n<td><strong>Modell<\/strong><\/td>\n<td>H02BB002 (Power Strider XC2)<\/td>\n<\/tr>\n<tr>\n<td><strong>Geschwindigkeitsbereich<\/strong><\/td>\n<td>Vorw\u00e4rts 0,1-20 km\/h \/ R\u00fcckw\u00e4rts 0,1-20 km\/h<\/td>\n<\/tr>\n<tr>\n<td><strong>Steigungsbereich<\/strong><\/td>\n<td>0 - 6\u00b0 (ca. 10.5%)<\/td>\n<\/tr>\n<tr>\n<td><strong>Aufh\u00e4ngung<\/strong><\/td>\n<td>0 - 35 kg K\u00f6rpergewichtsreduktion<\/td>\n<\/tr>\n<tr>\n<td><strong>G\u00fcrtelgr\u00f6\u00dfe<\/strong><\/td>\n<td>56 cm x 156 cm<\/td>\n<\/tr>\n<tr>\n<td><strong>Max. Benutzergewicht<\/strong><\/td>\n<td>150 kg<\/td>\n<\/tr>\n<\/tbody>\n<\/table>","protected":false},"excerpt":{"rendered":"<p>Der Power Strider XC2 von Alexandave Industries Ltd ist ein revolution\u00e4res Multimodus-Laufband, das biomechanische Pr\u00e4zision mit einem pneumatischen Federungssystem verbindet. Es wurde f\u00fcr Spitzensportler und die klinische Rehabilitation entwickelt und verf\u00fcgt \u00fcber einen Vorw\u00e4rts-, R\u00fcckw\u00e4rts- und Schlittenschiebemodus sowie eine einstellbare K\u00f6rpergewichtsreduktion von bis zu 35 kg. Mit einer ultraniedrigen Startgeschwindigkeit von 0,1 km\/h, einem 56 cm breiten Laufband und umfassenden Sicherheitsfunktionen bietet es eine unvergleichliche Kontrolle f\u00fcr ein sicheres, funktionelles und explosives Bewegungstraining.<\/p>","protected":false},"featured_media":3824,"comment_status":"open","ping_status":"closed","template":"","meta":{"inline_featured_image":false,"site-sidebar-layout":"default","site-content-layout":"","ast-site-content-layout":"default","site-content-style":"default","site-sidebar-style":"default","ast-global-header-display":"","ast-banner-title-visibility":"","ast-main-header-display":"","ast-hfb-above-header-display":"","ast-hfb-below-header-display":"","ast-hfb-mobile-header-display":"","site-post-title":"","ast-breadcrumbs-content":"","ast-featured-img":"","footer-sml-layout":"","ast-disable-related-posts":"","theme-transparent-header-meta":"default","adv-header-id-meta":"","stick-header-meta":"default","header-above-stick-meta":"","header-main-stick-meta":"","header-below-stick-meta":"","astra-migrate-meta-layouts":"set","ast-page-background-enabled":"default","ast-page-background-meta":{"desktop":{"background-color":"","background-image":"","background-repeat":"repeat","background-position":"center center","background-size":"auto","background-attachment":"scroll","background-type":"","background-media":"","overlay-type":"","overlay-color":"","overlay-opacity":"","overlay-gradient":""},"tablet":{"background-color":"","background-image":"","background-repeat":"repeat","background-position":"center center","background-size":"auto","background-attachment":"scroll","background-type":"","background-media":"","overlay-type":"","overlay-color":"","overlay-opacity":"","overlay-gradient":""},"mobile":{"background-color":"","background-image":"","background-repeat":"repeat","background-position":"center center","background-size":"auto","background-attachment":"scroll","background-type":"","background-media":"","overlay-type":"","overlay-color":"","overlay-opacity":"","overlay-gradient":""}},"ast-content-background-meta":{"desktop":{"background-color":"var(--ast-global-color-5)","background-image":"","background-repeat":"repeat","background-position":"center center","background-size":"auto","background-attachment":"scroll","background-type":"","background-media":"","overlay-type":"","overlay-color":"","overlay-opacity":"","overlay-gradient":""},"tablet":{"background-color":"var(--ast-global-color-5)","background-image":"","background-repeat":"repeat","background-position":"center center","background-size":"auto","background-attachment":"scroll","background-type":"","background-media":"","overlay-type":"","overlay-color":"","overlay-opacity":"","overlay-gradient":""},"mobile":{"background-color":"var(--ast-global-color-5)","background-image":"","background-repeat":"repeat","background-position":"center center","background-size":"auto","background-attachment":"scroll","background-type":"","background-media":"","overlay-type":"","overlay-color":"","overlay-opacity":"","overlay-gradient":""}}},"product_brand":[],"product_cat":[54],"product_tag":[56],"class_list":{"0":"post-3839","1":"product","2":"type-product","3":"status-publish","4":"has-post-thumbnail","6":"product_cat-strength-equipment","7":"product_tag-functional-equipment","8":"desktop-align-left","9":"tablet-align-left","10":"mobile-align-left","12":"first","13":"instock","14":"shipping-taxable","15":"purchasable","16":"product-type-simple"},"_links":{"self":[{"href":"https:\/\/alexathletics1982.com\/de\/wp-json\/wp\/v2\/product\/3839","targetHints":{"allow":["GET"]}}],"collection":[{"href":"https:\/\/alexathletics1982.com\/de\/wp-json\/wp\/v2\/product"}],"about":[{"href":"https:\/\/alexathletics1982.com\/de\/wp-json\/wp\/v2\/types\/product"}],"replies":[{"embeddable":true,"href":"https:\/\/alexathletics1982.com\/de\/wp-json\/wp\/v2\/comments?post=3839"}],"wp:featuredmedia":[{"embeddable":true,"href":"https:\/\/alexathletics1982.com\/de\/wp-json\/wp\/v2\/media\/3824"}],"wp:attachment":[{"href":"https:\/\/alexathletics1982.com\/de\/wp-json\/wp\/v2\/media?parent=3839"}],"wp:term":[{"taxonomy":"product_brand","embeddable":true,"href":"https:\/\/alexathletics1982.com\/de\/wp-json\/wp\/v2\/product_brand?post=3839"},{"taxonomy":"product_cat","embeddable":true,"href":"https:\/\/alexathletics1982.com\/de\/wp-json\/wp\/v2\/product_cat?post=3839"},{"taxonomy":"product_tag","embeddable":true,"href":"https:\/\/alexathletics1982.com\/de\/wp-json\/wp\/v2\/product_tag?post=3839"}],"curies":[{"name":"wp","href":"https:\/\/api.w.org\/{rel}","templated":true}]}}