{"id":2845,"date":"2026-01-23T09:46:23","date_gmt":"2026-01-23T01:46:23","guid":{"rendered":"https:\/\/alexathletics1982.com\/?post_type=product&#038;p=2845"},"modified":"2026-04-17T22:21:14","modified_gmt":"2026-04-17T14:21:14","slug":"isomotion-press","status":"publish","type":"product","link":"https:\/\/alexathletics1982.com\/es\/isomotion-press\/","title":{"rendered":"Prensa IsoMotion"},"content":{"rendered":"<div class=\"ast-oembed-container\" style=\"height: 100%;\"><iframe title=\"ISOMOTION PRESS--DOMINIO DE SU REP\" width=\"500\" height=\"281\" src=\"https:\/\/www.youtube.com\/embed\/JnvNjb5bjrY?feature=oembed\" frameborder=\"0\" allow=\"accelerometer; autoplay; clipboard-write; encrypted-media; gyroscope; picture-in-picture; web-share\" referrerpolicy=\"strict-origin-when-cross-origin\" allowfullscreen><\/iframe><\/div>\n<h2><img fetchpriority=\"high\" decoding=\"async\" class=\"alignnone wp-image-3809 size-full\" src=\"https:\/\/alexathletics1982.com\/wp-content\/uploads\/2026\/01\/iso_V2_02.webp\" alt=\"\" width=\"1600\" height=\"960\" title=\"\" srcset=\"https:\/\/alexathletics1982.com\/wp-content\/uploads\/2026\/01\/iso_V2_02.webp 1600w, https:\/\/alexathletics1982.com\/wp-content\/uploads\/2026\/01\/iso_V2_02-300x180.webp 300w, https:\/\/alexathletics1982.com\/wp-content\/uploads\/2026\/01\/iso_V2_02-1024x614.webp 1024w, https:\/\/alexathletics1982.com\/wp-content\/uploads\/2026\/01\/iso_V2_02-768x461.webp 768w, https:\/\/alexathletics1982.com\/wp-content\/uploads\/2026\/01\/iso_V2_02-1536x922.webp 1536w, https:\/\/alexathletics1982.com\/wp-content\/uploads\/2026\/01\/iso_V2_02-600x360.webp 600w\" sizes=\"(max-width: 1600px) 100vw, 1600px\" \/><img decoding=\"async\" class=\"alignnone wp-image-3810 size-full\" src=\"https:\/\/alexathletics1982.com\/wp-content\/uploads\/2026\/01\/iso_V2_03.webp\" alt=\"\" width=\"1600\" height=\"960\" title=\"\" srcset=\"https:\/\/alexathletics1982.com\/wp-content\/uploads\/2026\/01\/iso_V2_03.webp 1600w, https:\/\/alexathletics1982.com\/wp-content\/uploads\/2026\/01\/iso_V2_03-300x180.webp 300w, https:\/\/alexathletics1982.com\/wp-content\/uploads\/2026\/01\/iso_V2_03-1024x614.webp 1024w, https:\/\/alexathletics1982.com\/wp-content\/uploads\/2026\/01\/iso_V2_03-768x461.webp 768w, https:\/\/alexathletics1982.com\/wp-content\/uploads\/2026\/01\/iso_V2_03-1536x922.webp 1536w, https:\/\/alexathletics1982.com\/wp-content\/uploads\/2026\/01\/iso_V2_03-600x360.webp 600w\" sizes=\"(max-width: 1600px) 100vw, 1600px\" \/> <img decoding=\"async\" class=\"alignnone wp-image-3813 size-full\" src=\"https:\/\/alexathletics1982.com\/wp-content\/uploads\/2026\/01\/iso_V2_07.webp\" alt=\"\" width=\"1600\" height=\"960\" title=\"\" srcset=\"https:\/\/alexathletics1982.com\/wp-content\/uploads\/2026\/01\/iso_V2_07.webp 1600w, https:\/\/alexathletics1982.com\/wp-content\/uploads\/2026\/01\/iso_V2_07-300x180.webp 300w, https:\/\/alexathletics1982.com\/wp-content\/uploads\/2026\/01\/iso_V2_07-1024x614.webp 1024w, https:\/\/alexathletics1982.com\/wp-content\/uploads\/2026\/01\/iso_V2_07-768x461.webp 768w, https:\/\/alexathletics1982.com\/wp-content\/uploads\/2026\/01\/iso_V2_07-1536x922.webp 1536w, https:\/\/alexathletics1982.com\/wp-content\/uploads\/2026\/01\/iso_V2_07-600x360.webp 600w\" sizes=\"(max-width: 1600px) 100vw, 1600px\" \/> <img loading=\"lazy\" decoding=\"async\" class=\"alignnone wp-image-3812 size-full\" src=\"https:\/\/alexathletics1982.com\/wp-content\/uploads\/2026\/01\/iso_V2_06.webp\" alt=\"\" width=\"1600\" height=\"1416\" title=\"\" srcset=\"https:\/\/alexathletics1982.com\/wp-content\/uploads\/2026\/01\/iso_V2_06.webp 1600w, https:\/\/alexathletics1982.com\/wp-content\/uploads\/2026\/01\/iso_V2_06-300x266.webp 300w, https:\/\/alexathletics1982.com\/wp-content\/uploads\/2026\/01\/iso_V2_06-1024x906.webp 1024w, https:\/\/alexathletics1982.com\/wp-content\/uploads\/2026\/01\/iso_V2_06-768x680.webp 768w, https:\/\/alexathletics1982.com\/wp-content\/uploads\/2026\/01\/iso_V2_06-1536x1359.webp 1536w, https:\/\/alexathletics1982.com\/wp-content\/uploads\/2026\/01\/iso_V2_06-600x531.webp 600w\" sizes=\"(max-width: 1600px) 100vw, 1600px\" \/> <img loading=\"lazy\" decoding=\"async\" class=\"alignnone wp-image-3811 size-full\" src=\"https:\/\/alexathletics1982.com\/wp-content\/uploads\/2026\/01\/iso_V2_05.webp\" alt=\"\" width=\"1600\" height=\"2078\" title=\"\" srcset=\"https:\/\/alexathletics1982.com\/wp-content\/uploads\/2026\/01\/iso_V2_05.webp 1600w, https:\/\/alexathletics1982.com\/wp-content\/uploads\/2026\/01\/iso_V2_05-231x300.webp 231w, https:\/\/alexathletics1982.com\/wp-content\/uploads\/2026\/01\/iso_V2_05-788x1024.webp 788w, https:\/\/alexathletics1982.com\/wp-content\/uploads\/2026\/01\/iso_V2_05-768x997.webp 768w, https:\/\/alexathletics1982.com\/wp-content\/uploads\/2026\/01\/iso_V2_05-1183x1536.webp 1183w, https:\/\/alexathletics1982.com\/wp-content\/uploads\/2026\/01\/iso_V2_05-1577x2048.webp 1577w, https:\/\/alexathletics1982.com\/wp-content\/uploads\/2026\/01\/iso_V2_05-600x779.webp 600w\" sizes=\"(max-width: 1600px) 100vw, 1600px\" \/><\/h2>\n<h2>Potencia equilibrada con la prensa IsoMotion<\/h2>\n<p>La prensa IsoMotion se erige como el pin\u00e1culo de la ingenier\u00eda en el \u00e1mbito de los equipos de fuerza compactos, dise\u00f1ada espec\u00edficamente para salvar la distancia entre el rendimiento de las instalaciones comerciales y las limitaciones espaciales de un gimnasio dom\u00e9stico. En la b\u00fasqueda de la verdadera fuerza f\u00edsica, la simetr\u00eda suele ser la primera v\u00edctima del entrenamiento tradicional con barra, en el que el lado dominante compensa invariablemente al m\u00e1s d\u00e9bil. La prensa IsoMotion aborda este problema fundamental a trav\u00e9s de su avanzado dise\u00f1o de brazo isolateral, que obliga a cada extremidad a mover su propio peso de forma independiente. Esto no s\u00f3lo descubre desequilibrios musculares ocultos, sino que los corrige activamente, asegurando que su pecho, hombros y tr\u00edceps se desarrollen en perfecta armon\u00eda. Al imitar la convergencia natural de la mec\u00e1nica de empuje del cuerpo humano, ofrece una trayectoria de movimiento m\u00e1s segura y ergon\u00f3mica que las m\u00e1quinas de barra fija, reduciendo la tensi\u00f3n en la c\u00e1psula del hombro y maximizando el reclutamiento de fibras musculares. Para los entusiastas del fitness m\u00e1s exigentes, esta m\u00e1quina no es simplemente una herramienta para levantar pesas; es un instrumento para dominar la calidad del movimiento y garantizar la salud articular a largo plazo.<\/p>\n<p>M\u00e1s all\u00e1 de sus ventajas biomec\u00e1nicas, la prensa IsoMotion es una clase magistral de eficacia y versatilidad. Construida con un armaz\u00f3n de acero reforzado y acabada con un revestimiento en polvo de calidad industrial, irradia la robusta durabilidad necesaria para las intensas sesiones de entrenamiento diarias. A pesar de su robustez, la m\u00e1quina ocupa un espacio sorprendentemente compacto (1478 x 1105\/1158 x 1658 mm), lo que la convierte en la pieza central ideal para un gimnasio de garaje o un estudio de entrenamiento personal. La experiencia del usuario es fundamental en su dise\u00f1o; la interfaz intuitiva y los mecanismos de ajuste r\u00e1pido hacen que las transiciones entre ejercicios sean fluidas e instant\u00e1neas. Tanto si est\u00e1 realizando presses de pecho pesados, variaciones de inclinaci\u00f3n o prepar\u00e1ndose para movimientos de la parte inferior del cuerpo como empujes de cadera, IsoMotion Press se adapta a su flujo de entrenamiento. Permite a los usuarios realizar una rutina de fuerza de cuerpo completo con la seguridad y estabilidad de una m\u00e1quina, pero con la libertad y los beneficios funcionales de los pesos libres.<\/p>\n<h3>Tecnolog\u00eda isolateral independiente<\/h3>\n<p>La principal innovaci\u00f3n de la prensa IsoMotion es el movimiento independiente de los brazos. A diferencia de las m\u00e1quinas est\u00e1ndar, en las que una \u00fanica barra conecta ambas empu\u00f1aduras, este dise\u00f1o isolateral requiere que cada lado del cuerpo trabaje de forma independiente. Esto es crucial para corregir las asimetr\u00edas de fuerza que son comunes en la mayor\u00eda de los levantadores. Si el lado derecho es m\u00e1s fuerte, no puede ayudar a levantar el peso del lado izquierdo. Esto garantiza un compromiso muscular igual y un desarrollo equilibrado, lo que es esencial para la prevenci\u00f3n de lesiones y el rendimiento atl\u00e9tico. Adem\u00e1s, permite variaciones de entrenamiento unilateral, lo que le permite centrarse por completo en un lado a la vez o realizar presses alternos para involucrar a los estabilizadores del n\u00facleo significativamente m\u00e1s que los movimientos bilaterales.<\/p>\n<h3>Sistema de brazo articulado de ajuste r\u00e1pido<\/h3>\n<p>La eficiencia es clave en cualquier entrenamiento, y la prensa IsoMotion lo consigue gracias a su sistema de brazos articulados de ajuste r\u00e1pido. Este mecanismo permite a los usuarios cambiar el \u00e1ngulo y la posici\u00f3n de los brazos de press al instante sin el tedioso proceso de descargar y volver a cargar los platos de pesas. El sistema, que soporta una carga m\u00e1xima de 100 kg, es lo suficientemente robusto para levantar cargas pesadas y lo suficientemente suave para realizar ajustes r\u00e1pidos. Esta caracter\u00edstica es especialmente beneficiosa para el entrenamiento en circuito o superseries, donde es fundamental mantener un ritmo cardiaco elevado y minimizar el tiempo de inactividad. La transici\u00f3n fluida de un press plano a un press inclinado o a un remo mantiene la intensidad del entrenamiento y la concentraci\u00f3n.<\/p>\n<h3>Versatilidad multifunci\u00f3n<\/h3>\n<p>Aunque se trata principalmente de una estaci\u00f3n de press, la prensa IsoMotion ofrece una versatilidad excepcional. La naturaleza ajustable de los brazos articulados y el dise\u00f1o ergon\u00f3mico de las almohadillas permiten realizar una amplia gama de ejercicios que van m\u00e1s all\u00e1 del trabajo de pecho y hombros. Se ha dise\u00f1ado de forma \u00fanica para acomodar los empujes de cadera, con placas ajustables que se adaptan a las diferentes alturas del torso. Esto convierte a la m\u00e1quina en un completo desarrollador de todo el cuerpo. Los usuarios pueden realizar movimientos explosivos de potencia, trabajo controlado de hipertrofia para la parte superior del cuerpo y ejercicios esenciales de la cadena posterior para la parte inferior del cuerpo, todo ello en una \u00fanica estaci\u00f3n que ahorra espacio.<\/p>\n<h3>Durabilidad comercial<\/h3>\n<p>Construida para soportar los rigores de un entorno de entrenamiento profesional, la prensa IsoMotion est\u00e1 fabricada en acero de alta resistencia. El armaz\u00f3n est\u00e1 reforzado para soportar cargas pesadas sin flexionarse ni tambalearse, proporcionando la sensaci\u00f3n de solidez y estabilidad que exigen los levantadores profesionales. El exterior est\u00e1 tratado con un revestimiento en polvo de calidad industrial, que no s\u00f3lo le confiere una est\u00e9tica elegante y profesional en color negro, sino que tambi\u00e9n proporciona una resistencia superior al sudor, los ara\u00f1azos y la corrosi\u00f3n. Esto garantiza que la m\u00e1quina conserve su integridad estructural y su atractivo visual incluso despu\u00e9s de a\u00f1os de duro uso. Los cojinetes de alta calidad de los puntos de giro garantizan un funcionamiento suave y silencioso en cada repetici\u00f3n.<\/p>\n<h3>Tama\u00f1o compacto para gimnasios dom\u00e9sticos<\/h3>\n<p>Consciente de las limitaciones de espacio de muchos gimnasios dom\u00e9sticos y estudios personales, la prensa IsoMotion est\u00e1 dise\u00f1ada para ahorrar espacio sin comprometer el rendimiento. Con unas dimensiones de s\u00f3lo 1478 x 105\/1158 x 1658 mm, cabe c\u00f3modamente en rincones o habitaciones m\u00e1s peque\u00f1as donde las m\u00e1quinas comerciales tradicionales ser\u00edan imposibles de alojar. A pesar de su tama\u00f1o compacto, el dise\u00f1o de bastidor abierto permite un acceso f\u00e1cil y una colocaci\u00f3n c\u00f3moda para usuarios de todos los tama\u00f1os. Ofrece toda la funcionalidad de una gran estaci\u00f3n multigimnasio en un paquete concentrado y eficiente, lo que le permite maximizar su espacio de suelo para otros equipos o movimiento.<\/p>\n<h3>\u00bfA qui\u00e9n va dirigido?<\/h3>\n<ul style=\"list-style-position: inside; padding-left: 0;\">\n<li>Propietarios de gimnasios dom\u00e9sticos que buscan equipos de calidad comercial en un espacio reducido.<\/li>\n<li>Atletas de fuerza centrados en corregir los desequilibrios musculares y la simetr\u00eda.<\/li>\n<li>Entrenadores personales que necesitan una estaci\u00f3n vers\u00e1til y segura para diversos clientes.<\/li>\n<li>Profesionales de la rehabilitaci\u00f3n que requieren movimientos unilaterales controlados.<\/li>\n<li>Los entusiastas del fitness que desean una m\u00e1quina para todo el cuerpo sin volumen.<\/li>\n<\/ul>\n<h3>Especificaciones del producto<\/h3>\n<table border=\"1\" width=\"100%\" cellspacing=\"0\" cellpadding=\"5\">\n<tbody>\n<tr>\n<td><strong>Material<\/strong><\/td>\n<td>Acero<\/td>\n<\/tr>\n<tr>\n<td><strong>Acabado<\/strong><\/td>\n<td>Recubrimiento en polvo<\/td>\n<\/tr>\n<tr>\n<td><strong>Dimensiones<\/strong><\/td>\n<td>A1478 X A1105\/1158 X P1658 mm<\/td>\n<\/tr>\n<tr>\n<td><strong>Peso<\/strong><\/td>\n<td>106 kg<\/td>\n<\/tr>\n<tr>\n<td><strong>Carga m\u00e1xima<\/strong><\/td>\n<td>100 kg<\/td>\n<\/tr>\n<\/tbody>\n<\/table>","protected":false},"excerpt":{"rendered":"<p>La IsoMotion Press de Alex Athletics es una revolucionaria m\u00e1quina de entrenamiento de fuerza dise\u00f1ada para salvar la distancia entre el rendimiento de los gimnasios comerciales y la comodidad del fitness dom\u00e9stico. Dise\u00f1ada con un tama\u00f1o compacto, esta m\u00e1quina se especializa en movimientos iso-laterales, permitiendo que cada brazo trabaje de forma independiente. Esto garantiza un desarrollo muscular sim\u00e9trico, corrige los desequilibrios de fuerza y reduce significativamente el riesgo de lesiones en comparaci\u00f3n con las m\u00e1quinas de barra fija. Con un robusto armaz\u00f3n de acero y un acabado con recubrimiento en polvo de calidad industrial, la prensa IsoMotion ofrece una durabilidad excepcional. Su sistema de brazos articulados de ajuste r\u00e1pido soporta hasta 100 kg, lo que permite realizar transiciones fluidas entre ejercicios como press de pecho y empuje de cadera sin la molestia de tener que recargar las placas. Ideal para entusiastas del fitness, atletas y entrenadores personales que buscan equipos de calidad profesional para espacios limitados.<\/p>","protected":false},"featured_media":3806,"comment_status":"open","ping_status":"closed","template":"","meta":{"inline_featured_image":false,"site-sidebar-layout":"default","site-content-layout":"","ast-site-content-layout":"default","site-content-style":"default","site-sidebar-style":"default","ast-global-header-display":"","ast-banner-title-visibility":"","ast-main-header-display":"","ast-hfb-above-header-display":"","ast-hfb-below-header-display":"","ast-hfb-mobile-header-display":"","site-post-title":"","ast-breadcrumbs-content":"","ast-featured-img":"","footer-sml-layout":"","ast-disable-related-posts":"","theme-transparent-header-meta":"default","adv-header-id-meta":"","stick-header-meta":"default","header-above-stick-meta":"","header-main-stick-meta":"","header-below-stick-meta":"","astra-migrate-meta-layouts":"set","ast-page-background-enabled":"default","ast-page-background-meta":{"desktop":{"background-color":"","background-image":"","background-repeat":"repeat","background-position":"center center","background-size":"auto","background-attachment":"scroll","background-type":"","background-media":"","overlay-type":"","overlay-color":"","overlay-opacity":"","overlay-gradient":""},"tablet":{"background-color":"","background-image":"","background-repeat":"repeat","background-position":"center center","background-size":"auto","background-attachment":"scroll","background-type":"","background-media":"","overlay-type":"","overlay-color":"","overlay-opacity":"","overlay-gradient":""},"mobile":{"background-color":"","background-image":"","background-repeat":"repeat","background-position":"center center","background-size":"auto","background-attachment":"scroll","background-type":"","background-media":"","overlay-type":"","overlay-color":"","overlay-opacity":"","overlay-gradient":""}},"ast-content-background-meta":{"desktop":{"background-color":"var(--ast-global-color-5)","background-image":"","background-repeat":"repeat","background-position":"center center","background-size":"auto","background-attachment":"scroll","background-type":"","background-media":"","overlay-type":"","overlay-color":"","overlay-opacity":"","overlay-gradient":""},"tablet":{"background-color":"var(--ast-global-color-5)","background-image":"","background-repeat":"repeat","background-position":"center center","background-size":"auto","background-attachment":"scroll","background-type":"","background-media":"","overlay-type":"","overlay-color":"","overlay-opacity":"","overlay-gradient":""},"mobile":{"background-color":"var(--ast-global-color-5)","background-image":"","background-repeat":"repeat","background-position":"center center","background-size":"auto","background-attachment":"scroll","background-type":"","background-media":"","overlay-type":"","overlay-color":"","overlay-opacity":"","overlay-gradient":""}}},"product_brand":[],"product_cat":[54],"product_tag":[56],"class_list":{"0":"post-2845","1":"product","2":"type-product","3":"status-publish","4":"has-post-thumbnail","6":"product_cat-strength-equipment","7":"product_tag-functional-equipment","8":"desktop-align-left","9":"tablet-align-left","10":"mobile-align-left","12":"first","13":"instock","14":"shipping-taxable","15":"purchasable","16":"product-type-simple"},"_links":{"self":[{"href":"https:\/\/alexathletics1982.com\/es\/wp-json\/wp\/v2\/product\/2845","targetHints":{"allow":["GET"]}}],"collection":[{"href":"https:\/\/alexathletics1982.com\/es\/wp-json\/wp\/v2\/product"}],"about":[{"href":"https:\/\/alexathletics1982.com\/es\/wp-json\/wp\/v2\/types\/product"}],"replies":[{"embeddable":true,"href":"https:\/\/alexathletics1982.com\/es\/wp-json\/wp\/v2\/comments?post=2845"}],"wp:featuredmedia":[{"embeddable":true,"href":"https:\/\/alexathletics1982.com\/es\/wp-json\/wp\/v2\/media\/3806"}],"wp:attachment":[{"href":"https:\/\/alexathletics1982.com\/es\/wp-json\/wp\/v2\/media?parent=2845"}],"wp:term":[{"taxonomy":"product_brand","embeddable":true,"href":"https:\/\/alexathletics1982.com\/es\/wp-json\/wp\/v2\/product_brand?post=2845"},{"taxonomy":"product_cat","embeddable":true,"href":"https:\/\/alexathletics1982.com\/es\/wp-json\/wp\/v2\/product_cat?post=2845"},{"taxonomy":"product_tag","embeddable":true,"href":"https:\/\/alexathletics1982.com\/es\/wp-json\/wp\/v2\/product_tag?post=2845"}],"curies":[{"name":"wp","href":"https:\/\/api.w.org\/{rel}","templated":true}]}}