{"id":2847,"date":"2026-01-23T09:46:23","date_gmt":"2026-01-23T01:46:23","guid":{"rendered":"https:\/\/alexathletics1982.com\/?post_type=product&#038;p=2847"},"modified":"2026-04-10T22:30:55","modified_gmt":"2026-04-10T14:30:55","slug":"trineo","status":"publish","type":"product","link":"https:\/\/alexathletics1982.com\/es\/sled\/","title":{"rendered":"Trineo"},"content":{"rendered":"<h2>Acondicionamiento explosivo con el trineo de competici\u00f3n<\/h2>\n<p>El trineo es la herramienta definitiva para desarrollar la potencia bruta, la resistencia anaer\u00f3bica y la fuerza funcional. Conocido en la industria como \u2018trineo de anclaje\u2019, esta pieza de equipamiento es un elemento b\u00e1sico para atletas que van desde jugadores de rugby. A diferencia de las alternativas m\u00e1s baratas, atornilladas, que traquetean y se aflojan con el tiempo, el Alex Sled cuenta con una construcci\u00f3n soldada de una sola pieza. Esta elecci\u00f3n de fabricaci\u00f3n asegura la m\u00e1xima integridad estructural, la transferencia de 100% de su energ\u00eda en el suelo sin p\u00e9rdida de energ\u00eda flex o tambaleo. Tanto si se carga mucho para desarrollar la fuerza como si se carga poco para ejercicios de velocidad, el trineo se desplaza con precisi\u00f3n y resiste el abuso de ser arrastrado por el c\u00e9sped, el asfalto o el suelo de goma. Es la herramienta definitiva para la \u2018preparaci\u00f3n f\u00edsica general\u2019 (GPP), ya que pone a prueba los pulmones y las piernas simult\u00e1neamente.<\/p>\n<p>Adem\u00e1s de su superioridad estructural, el trineo se ha dise\u00f1ado pensando en la versatilidad del usuario. El poste central permite una carga significativa de placas de pesas est\u00e1ndar u ol\u00edmpicas, lo que le permite escalar la resistencia desde un nivel de principiante hasta el de un jugador de rugby o un linier de \u00e9lite. Las gruesas y resistentes paredes del tubo est\u00e1n fabricadas para soportar esta gran capacidad de carga sin deformarse. La superficie est\u00e1 tratada con un revestimiento de polvo negro de alta calidad, que proporciona una excelente protecci\u00f3n contra la oxidaci\u00f3n y un acabado profesional que resiste el desgaste del uso comercial diario. Adem\u00e1s, funciona como punto de anclaje port\u00e1til para cuerdas de combate o bandas de resistencia, a\u00f1adiendo otra capa de utilidad a su espacio de entrenamiento. Desde la rehabilitaci\u00f3n de rodillas (arrastrando hacia atr\u00e1s) hasta la mec\u00e1nica del sprint (empujando hacia delante), el Trineo es una herramienta respaldada cient\u00edficamente para la mejora funcional del cuerpo.<\/p>\n<h3>Durabilidad de una pieza soldada<\/h3>\n<p>El sello distintivo del trineo Alex es su armaz\u00f3n soldado de una sola pieza. En el mundo de los equipos de fuerza, las uniones son puntos potenciales de fallo. Al soldar el chasis en una sola unidad s\u00f3lida, eliminamos la necesidad de pernos que pueden cizallarse o aflojarse bajo la vibraci\u00f3n del arrastre. Este m\u00e9todo de construcci\u00f3n da como resultado una durabilidad \u2018a prueba de competici\u00f3n\u2019. Se siente s\u00f3lida en las manos y se mueve como una sola unidad cohesiva. Esto es especialmente importante para los gimnasios comerciales, donde los equipos deben sobrevivir a un uso de alta frecuencia sin un mantenimiento constante. La construcci\u00f3n s\u00f3lida tambi\u00e9n minimiza el ruido, evitando el sonido met\u00e1lico asociado a los trineos de varias piezas.<\/p>\n<h3>Modalidades de entrenamiento multifuncionales<\/h3>\n<p>El trineo es un camale\u00f3n del gimnasio. Est\u00e1 dise\u00f1ado principalmente para empujar y arrastrar, dos de los patrones de movimiento m\u00e1s funcionales para los seres humanos. Al empujar el trineo se trabajan los cu\u00e1driceps, los gemelos y la parte anterior del tronco, imitando la fase de impulso del sprint. Arrastrar el trineo (utilizando un arn\u00e9s o correas de sujeci\u00f3n) desplaza la atenci\u00f3n a la cadena posterior - isquiotibiales, gl\u00fateos y zona lumbar - y se utiliza ampliamente para la salud y rehabilitaci\u00f3n de la rodilla. Adem\u00e1s, los puntos de anclaje integrados permiten utilizarlo como base m\u00f3vil para las cuerdas de combate, lo que permite instalar una estaci\u00f3n de acondicionamiento en cualquier lugar donde haya espacio, sin necesidad de taladrar paredes o suelos.<\/p>\n<h3>Dise\u00f1o de gran capacidad de carga<\/h3>\n<p>La sobrecarga progresiva es clave para ganar fuerza, y el Sled est\u00e1 dise\u00f1ado para ello. El pasador de peso central est\u00e1 dise\u00f1ado para acomodar una pila masiva de placas de pesas. El tubo estructural tiene paredes gruesas elegidas espec\u00edficamente para soportar este peso sin doblarse. Esta gran capacidad de carga hace que el Trineo sea adecuado para todo el mundo, desde atletas de pista que necesitan una resistencia ligera para el trabajo de velocidad hasta levantadores de potencia y forzudos que necesitan cientos de kilos de resistencia para los arrastres de fuerza. La estabilidad de la amplia base garantiza que, incluso a plena carga, el trineo se mantenga erguido y estable, evitando que vuelque durante los giros o los empujes desiguales.<\/p>\n<h3>Acabado con recubrimiento en polvo de alta calidad<\/h3>\n<p>Est\u00e9tica y longevidad van de la mano con el trineo Alex. El acero est\u00e1 acabado con un robusto revestimiento en polvo, horneado para garantizar la adherencia. No es s\u00f3lo pintura; es una capa protectora que protege contra la oxidaci\u00f3n, el sudor y la humedad. Esto es crucial para un equipo que pasa su vida en el suelo, potencialmente expuesto a superficies abrasivas. El acabado en negro le da un aspecto elegante y de alta gama que encaja perfectamente tanto en estudios modernos como en gimnasios de garaje. Mantiene su aspecto profesional incluso despu\u00e9s de kil\u00f3metros de uso.<\/p>\n<h3>Acondicionamiento b\u00e1sico y metab\u00f3lico<\/h3>\n<p>Aunque a menudo se clasifica como \u2018equipo para las piernas\u2019, el trineo es una fuente de energ\u00eda para el entrenamiento metab\u00f3lico y del tronco. Empujar un trineo pesado requiere una gran rigidez del tronco para transferir la fuerza de la parte superior del cuerpo a las piernas. Esto ense\u00f1a al atleta a bracear eficazmente bajo carga din\u00e1mica. Adem\u00e1s, el entrenamiento con trineo es s\u00f3lo conc\u00e9ntrico (sin fase exc\u00e9ntrica de descenso), lo que significa que induce menos dolor muscular (DOMS) que las sentadillas pesadas. Esto permite realizar un trabajo de acondicionamiento de gran volumen que quema grandes cantidades de calor\u00edas y mejora el VO2 m\u00e1ximo sin arruinar la recuperaci\u00f3n para la sesi\u00f3n de levantamiento del d\u00eda siguiente.<\/p>\n<h3>\u00bfA qui\u00e9n va dirigido?<\/h3>\n<ul style=\"list-style-position: inside; padding-left: 0;\">\n<li>Gimnasios comerciales y equipos de acondicionamiento sin mantenimiento.<\/li>\n<li>Atletas de deportes de campo (rugby, f\u00fatbol, f\u00fatbol americano) que entrenan la aceleraci\u00f3n y la potencia de placaje.<\/li>\n<li>Entrenadores de fuerza que buscan herramientas de acondicionamiento de bajo impacto y alta intensidad para sus clientes.<\/li>\n<li>Especialistas en rehabilitaci\u00f3n que utilizan arrastres de trineo hacia atr\u00e1s para fortalecer la rodilla.<\/li>\n<li>Propietarios de gimnasios en casa con un camino de entrada o una franja de c\u00e9sped que buscan opciones vers\u00e1tiles de entrenamiento al aire libre.<\/li>\n<\/ul>\n<h3>Especificaciones del producto<\/h3>\n<table border=\"1\" width=\"100%\" cellspacing=\"0\" cellpadding=\"5\">\n<tbody>\n<tr>\n<td><strong>Material<\/strong><\/td>\n<td>Tubo de acero<\/td>\n<\/tr>\n<tr>\n<td><strong>Acabado<\/strong><\/td>\n<td>Recubrimiento en polvo<\/td>\n<\/tr>\n<tr>\n<td><strong>Dimensiones<\/strong><\/td>\n<td>Largo 605 x Ancho 1016 x Alto 971 mm<\/td>\n<\/tr>\n<tr>\n<td><strong>Peso del producto<\/strong><\/td>\n<td>36 kg<\/td>\n<\/tr>\n<tr>\n<td><strong>Color<\/strong><\/td>\n<td>Negro<\/td>\n<\/tr>\n<\/tbody>\n<\/table>","protected":false},"excerpt":{"rendered":"<p>El trineo de Alex Athletics es una herramienta de entrenamiento a prueba de competiciones dise\u00f1ada para una velocidad explosiva, una potencia inmensa y un acondicionamiento sin igual. Construido con una sola pieza de acero soldado, este trineo de anclaje ofrece una solidez y durabilidad que los modelos atornillados no pueden igualar. Su superficie est\u00e1 acabada con un recubrimiento en polvo de primera calidad para resistir la oxidaci\u00f3n y ofrecer una est\u00e9tica elegante y de alta gama. El trineo cuenta con un poste de pesas central para cargas pesadas con placas de barra y sirve como punto de anclaje resistente para las cuerdas de combate. Ya sea empujando para impulsar las piernas o tirando para desarrollar la cadena posterior, las gruesas y resistentes paredes de los tubos garantizan una gran capacidad de carga. Ideal para gimnasios comerciales y zonas de entrenamiento funcional, el trineo es la herramienta definitiva para ejercicios de core y acondicionamiento metab\u00f3lico.<\/p>","protected":false},"featured_media":3607,"comment_status":"open","ping_status":"closed","template":"","meta":{"inline_featured_image":false,"site-sidebar-layout":"default","site-content-layout":"","ast-site-content-layout":"default","site-content-style":"default","site-sidebar-style":"default","ast-global-header-display":"","ast-banner-title-visibility":"","ast-main-header-display":"","ast-hfb-above-header-display":"","ast-hfb-below-header-display":"","ast-hfb-mobile-header-display":"","site-post-title":"","ast-breadcrumbs-content":"","ast-featured-img":"","footer-sml-layout":"","ast-disable-related-posts":"","theme-transparent-header-meta":"default","adv-header-id-meta":"","stick-header-meta":"default","header-above-stick-meta":"","header-main-stick-meta":"","header-below-stick-meta":"","astra-migrate-meta-layouts":"set","ast-page-background-enabled":"default","ast-page-background-meta":{"desktop":{"background-color":"","background-image":"","background-repeat":"repeat","background-position":"center center","background-size":"auto","background-attachment":"scroll","background-type":"","background-media":"","overlay-type":"","overlay-color":"","overlay-opacity":"","overlay-gradient":""},"tablet":{"background-color":"","background-image":"","background-repeat":"repeat","background-position":"center center","background-size":"auto","background-attachment":"scroll","background-type":"","background-media":"","overlay-type":"","overlay-color":"","overlay-opacity":"","overlay-gradient":""},"mobile":{"background-color":"","background-image":"","background-repeat":"repeat","background-position":"center center","background-size":"auto","background-attachment":"scroll","background-type":"","background-media":"","overlay-type":"","overlay-color":"","overlay-opacity":"","overlay-gradient":""}},"ast-content-background-meta":{"desktop":{"background-color":"var(--ast-global-color-5)","background-image":"","background-repeat":"repeat","background-position":"center center","background-size":"auto","background-attachment":"scroll","background-type":"","background-media":"","overlay-type":"","overlay-color":"","overlay-opacity":"","overlay-gradient":""},"tablet":{"background-color":"var(--ast-global-color-5)","background-image":"","background-repeat":"repeat","background-position":"center center","background-size":"auto","background-attachment":"scroll","background-type":"","background-media":"","overlay-type":"","overlay-color":"","overlay-opacity":"","overlay-gradient":""},"mobile":{"background-color":"var(--ast-global-color-5)","background-image":"","background-repeat":"repeat","background-position":"center center","background-size":"auto","background-attachment":"scroll","background-type":"","background-media":"","overlay-type":"","overlay-color":"","overlay-opacity":"","overlay-gradient":""}}},"product_brand":[],"product_cat":[54],"product_tag":[56],"class_list":{"0":"post-2847","1":"product","2":"type-product","3":"status-publish","4":"has-post-thumbnail","6":"product_cat-strength-equipment","7":"product_tag-functional-equipment","8":"desktop-align-left","9":"tablet-align-left","10":"mobile-align-left","12":"first","13":"instock","14":"shipping-taxable","15":"purchasable","16":"product-type-simple"},"_links":{"self":[{"href":"https:\/\/alexathletics1982.com\/es\/wp-json\/wp\/v2\/product\/2847","targetHints":{"allow":["GET"]}}],"collection":[{"href":"https:\/\/alexathletics1982.com\/es\/wp-json\/wp\/v2\/product"}],"about":[{"href":"https:\/\/alexathletics1982.com\/es\/wp-json\/wp\/v2\/types\/product"}],"replies":[{"embeddable":true,"href":"https:\/\/alexathletics1982.com\/es\/wp-json\/wp\/v2\/comments?post=2847"}],"wp:featuredmedia":[{"embeddable":true,"href":"https:\/\/alexathletics1982.com\/es\/wp-json\/wp\/v2\/media\/3607"}],"wp:attachment":[{"href":"https:\/\/alexathletics1982.com\/es\/wp-json\/wp\/v2\/media?parent=2847"}],"wp:term":[{"taxonomy":"product_brand","embeddable":true,"href":"https:\/\/alexathletics1982.com\/es\/wp-json\/wp\/v2\/product_brand?post=2847"},{"taxonomy":"product_cat","embeddable":true,"href":"https:\/\/alexathletics1982.com\/es\/wp-json\/wp\/v2\/product_cat?post=2847"},{"taxonomy":"product_tag","embeddable":true,"href":"https:\/\/alexathletics1982.com\/es\/wp-json\/wp\/v2\/product_tag?post=2847"}],"curies":[{"name":"wp","href":"https:\/\/api.w.org\/{rel}","templated":true}]}}