{"id":2864,"date":"2026-01-23T20:19:45","date_gmt":"2026-01-23T12:19:45","guid":{"rendered":"https:\/\/alexathletics1982.com\/?post_type=product&#038;p=2864"},"modified":"2026-04-17T22:19:47","modified_gmt":"2026-04-17T14:19:47","slug":"banco-keynimax","status":"publish","type":"product","link":"https:\/\/alexathletics1982.com\/es\/keynimax-bench\/","title":{"rendered":"Banco Keynimax"},"content":{"rendered":"<div class=\"ast-oembed-container\" style=\"height: 100%;\"><iframe title=\"BANCO KEYNIMAX--REDEFINA SU GAMA\" width=\"500\" height=\"281\" src=\"https:\/\/www.youtube.com\/embed\/nmRrr11CB2o?feature=oembed\" frameborder=\"0\" allow=\"accelerometer; autoplay; clipboard-write; encrypted-media; gyroscope; picture-in-picture; web-share\" referrerpolicy=\"strict-origin-when-cross-origin\" allowfullscreen><\/iframe><\/div>\n<h2><img fetchpriority=\"high\" decoding=\"async\" class=\"alignnone wp-image-3816 size-full\" src=\"https:\/\/alexathletics1982.com\/wp-content\/uploads\/2026\/01\/keynimax_V2_01.webp\" alt=\"\" width=\"1600\" height=\"960\" title=\"\" srcset=\"https:\/\/alexathletics1982.com\/wp-content\/uploads\/2026\/01\/keynimax_V2_01.webp 1600w, https:\/\/alexathletics1982.com\/wp-content\/uploads\/2026\/01\/keynimax_V2_01-300x180.webp 300w, https:\/\/alexathletics1982.com\/wp-content\/uploads\/2026\/01\/keynimax_V2_01-1024x614.webp 1024w, https:\/\/alexathletics1982.com\/wp-content\/uploads\/2026\/01\/keynimax_V2_01-768x461.webp 768w, https:\/\/alexathletics1982.com\/wp-content\/uploads\/2026\/01\/keynimax_V2_01-1536x922.webp 1536w, https:\/\/alexathletics1982.com\/wp-content\/uploads\/2026\/01\/keynimax_V2_01-600x360.webp 600w\" sizes=\"(max-width: 1600px) 100vw, 1600px\" \/> <img decoding=\"async\" class=\"alignnone wp-image-3817 size-full\" src=\"https:\/\/alexathletics1982.com\/wp-content\/uploads\/2026\/01\/keynimax_V2_2.webp\" alt=\"\" width=\"1600\" height=\"960\" title=\"\" srcset=\"https:\/\/alexathletics1982.com\/wp-content\/uploads\/2026\/01\/keynimax_V2_2.webp 1600w, https:\/\/alexathletics1982.com\/wp-content\/uploads\/2026\/01\/keynimax_V2_2-300x180.webp 300w, https:\/\/alexathletics1982.com\/wp-content\/uploads\/2026\/01\/keynimax_V2_2-1024x614.webp 1024w, https:\/\/alexathletics1982.com\/wp-content\/uploads\/2026\/01\/keynimax_V2_2-768x461.webp 768w, https:\/\/alexathletics1982.com\/wp-content\/uploads\/2026\/01\/keynimax_V2_2-1536x922.webp 1536w, https:\/\/alexathletics1982.com\/wp-content\/uploads\/2026\/01\/keynimax_V2_2-600x360.webp 600w\" sizes=\"(max-width: 1600px) 100vw, 1600px\" \/> <img decoding=\"async\" class=\"alignnone wp-image-3818 size-full\" src=\"https:\/\/alexathletics1982.com\/wp-content\/uploads\/2026\/01\/keynimax_V2_3.webp\" alt=\"\" width=\"1600\" height=\"979\" title=\"\" srcset=\"https:\/\/alexathletics1982.com\/wp-content\/uploads\/2026\/01\/keynimax_V2_3.webp 1600w, https:\/\/alexathletics1982.com\/wp-content\/uploads\/2026\/01\/keynimax_V2_3-300x184.webp 300w, https:\/\/alexathletics1982.com\/wp-content\/uploads\/2026\/01\/keynimax_V2_3-1024x627.webp 1024w, https:\/\/alexathletics1982.com\/wp-content\/uploads\/2026\/01\/keynimax_V2_3-768x470.webp 768w, https:\/\/alexathletics1982.com\/wp-content\/uploads\/2026\/01\/keynimax_V2_3-1536x940.webp 1536w, https:\/\/alexathletics1982.com\/wp-content\/uploads\/2026\/01\/keynimax_V2_3-600x367.webp 600w\" sizes=\"(max-width: 1600px) 100vw, 1600px\" \/> <img loading=\"lazy\" decoding=\"async\" class=\"alignnone wp-image-3819 size-full\" src=\"https:\/\/alexathletics1982.com\/wp-content\/uploads\/2026\/01\/keynimax_V2_4.webp\" alt=\"\" width=\"1600\" height=\"2130\" title=\"\" srcset=\"https:\/\/alexathletics1982.com\/wp-content\/uploads\/2026\/01\/keynimax_V2_4.webp 1600w, https:\/\/alexathletics1982.com\/wp-content\/uploads\/2026\/01\/keynimax_V2_4-225x300.webp 225w, https:\/\/alexathletics1982.com\/wp-content\/uploads\/2026\/01\/keynimax_V2_4-769x1024.webp 769w, https:\/\/alexathletics1982.com\/wp-content\/uploads\/2026\/01\/keynimax_V2_4-768x1022.webp 768w, https:\/\/alexathletics1982.com\/wp-content\/uploads\/2026\/01\/keynimax_V2_4-1154x1536.webp 1154w, https:\/\/alexathletics1982.com\/wp-content\/uploads\/2026\/01\/keynimax_V2_4-1538x2048.webp 1538w, https:\/\/alexathletics1982.com\/wp-content\/uploads\/2026\/01\/keynimax_V2_4-600x799.webp 600w\" sizes=\"(max-width: 1600px) 100vw, 1600px\" \/><\/h2>\n<h2>Revolucionando el press de banca: El banco Keynimax\u2122 patentado<\/h2>\n<p>En un mercado saturado de equipos id\u00e9nticos, el banco Keynimax\u2122 destaca por s\u00ed solo como una verdadera innovaci\u00f3n en la biomec\u00e1nica del entrenamiento de fuerza. No se trata simplemente de un banco de pesas, sino de una plataforma que mejora el rendimiento, dise\u00f1ada para desbloquear la amplitud m\u00e1xima de movimiento (ROM m\u00e1xima) de la parte superior del cuerpo. Los bancos rectangulares tradicionales a menudo restringen el movimiento de la esc\u00e1pula (om\u00f3platos), clav\u00e1ndolos contra la almohadilla y limitando la rotaci\u00f3n natural. El Keynimax\u2122 presenta un contorno \u00fanico y patentado \u201cen forma de llave\u201d. La secci\u00f3n superior de la almohadilla se estrecha significativamente, creando una estructura de \u201cala de estabilidad\u201d. Este revolucionario dise\u00f1o libera los hombros, permitiendo que las esc\u00e1pulas se retraigan y protruyan libremente durante ejercicios como el press de banca, el press inclinado y el remo con mancuernas. Esta libertad de movimiento permite un estiramiento m\u00e1s profundo en la parte inferior de la repetici\u00f3n y un pico de contracci\u00f3n m\u00e1s fuerte en la parte superior, estimulando un mayor reclutamiento de fibras musculares y promoviendo una mec\u00e1nica de hombros m\u00e1s saludable.<\/p>\n<p>Dise\u00f1ado para un rendimiento de \u00e9lite tanto en gimnasios dom\u00e9sticos como en instalaciones comerciales, el banco Keynimax\u2122 est\u00e1 construido como un tanque. Presume de una enorme capacidad de carga de 454 kg (1.000 lb), lo que lo hace adecuado para los levantadores de pesas y atletas m\u00e1s fuertes del mundo. La delgada almohadilla central trabaja en t\u00e1ndem con las alas de estabilidad para mejorar la propiocepci\u00f3n, es decir, la conciencia del cuerpo de su posici\u00f3n en el espacio. Al reducir la superficie bajo la columna vertebral y apoyar los puntos de contacto esenciales, el banco obliga a los estabilizadores del tronco a participar m\u00e1s activamente para mantener el equilibrio. Esto se traduce en una mayor estabilidad del tronco, una mejor postura y una transferencia m\u00e1s funcional de la fuerza a las actividades del mundo real. Acabado con una tapicer\u00eda de primera calidad y un robusto mecanismo ajustable, el Keynimax\u2122 es la herramienta definitiva para quienes no est\u00e1n dispuestos a renunciar al rendimiento ni a la comodidad.<\/p>\n<h3>1. Contorno en forma de llave patentado (ROM m\u00e1ximo)<\/h3>\n<p>La caracter\u00edstica que define al Keynimax\u2122 es su silueta. La forma de \u201cllave\u201d permite que las esc\u00e1pulas se muevan sin obstrucci\u00f3n. En un press de banca est\u00e1ndar, el banco suele bloquear la retracci\u00f3n completa de los om\u00f3platos, lo que puede provocar dolor en la parte anterior del hombro y reducir la activaci\u00f3n del pecho. El Keynimax\u2122 elimina esta interferencia, permitiendo un movimiento natural de rango completo que maximiza el compromiso pectoral y mejora la salud del hombro. Es la sensaci\u00f3n m\u00e1s parecida a presionar mancuernas en el aire, pero con la estabilidad de un banco.<\/p>\n<h3>2. Capacidad de carga Elite de 1.000 libras<\/h3>\n<p>La seguridad es primordial cuando se mueve hierro pesado. El Keynimax\u2122 est\u00e1 fabricado con acero de gran espesor y dise\u00f1ado para soportar la asombrosa cantidad de 1.000 libras. Esta gran capacidad de carga garantiza que el banco se mantenga absolutamente r\u00edgido bajo el peso de una sentadilla, un step-up o un press de banca pesados. Si usted es un levantador de potencia competitivo o un levantador recreativo, la integridad estructural de este banco proporciona la confianza para empujar sus l\u00edmites sin temor a fallo del equipo.<\/p>\n<h3>3. Estructura de soporte del ala de estabilidad<\/h3>\n<p>A pesar de que el respaldo es m\u00e1s estrecho, no se sacrifica la estabilidad. Las \u201calas de estabilidad\u201d patentadas se ramifican para apoyar los hombros cuando es necesario, manteniendo el equilibrio lateral durante los levantamientos pesados. Este dise\u00f1o inteligente proporciona lo mejor de ambos mundos: la libertad de movimiento de una almohadilla estrecha con la seguridad y estabilidad de un banco comercial ancho. Es ingenier\u00eda de precisi\u00f3n que se adapta a la biomec\u00e1nica del cuerpo humano.<\/p>\n<h3>4. Activaci\u00f3n del n\u00facleo y propiocepci\u00f3n mejoradas<\/h3>\n<p>La delgada almohadilla central no s\u00f3lo libera los hombros, sino que crea una mayor demanda en los sistemas de estabilizaci\u00f3n del cuerpo. Debido a que el \u00e1rea de contacto de la columna vertebral est\u00e1 optimizada, los m\u00fasculos centrales deben trabajar m\u00e1s duro para mantener el torso estable en el banco. Esta \u201cPropiocepci\u00f3n Mejorada\u201d proporciona una respuesta inmediata al atleta, ayudando a corregir asimetr\u00edas y a mejorar la conciencia y el control general del cuerpo durante el levantamiento.<\/p>\n<h3>5. Ajuste multi\u00e1ngulo<\/h3>\n<p>El Keynimax\u2122 es una plataforma totalmente ajustable. Se transforma de un banco plano a varios ajustes de inclinaci\u00f3n, lo que permite un entrenamiento completo de la parte superior del cuerpo. El mecanismo de ajuste es suave, r\u00e1pido y seguro, bloque\u00e1ndose firmemente en su sitio. Combinado con la estructura ergon\u00f3mica, esta versatilidad lo convierte en el \u00fanico banco necesario para una rutina completa de entrenamiento de pecho, hombros y espalda.<\/p>\n<h3>\u00bfA qui\u00e9n va dirigido?<\/h3>\n<ul style=\"list-style-position: inside; padding-left: 0;\">\n<li>Levantadores de potencia de \u00e9lite y atletas de fuerza que exigen la perfecci\u00f3n biomec\u00e1nica.<\/li>\n<li>Culturistas que buscan maximizar la hipertrofia tor\u00e1cica mediante ROM profundo.<\/li>\n<li>Usuarios con problemas de hombro que buscan una superficie de prensado m\u00e1s respetuosa con las articulaciones.<\/li>\n<li>Propietarios de gimnasios dom\u00e9sticos que desean una pieza central \u00fanica y de primera calidad para su instalaci\u00f3n.<\/li>\n<li>Entrenadores funcionales centrados en la estabilidad central y la calidad del movimiento.<\/li>\n<\/ul>\n<h3>Especificaciones del producto<\/h3>\n<table border=\"1\" width=\"100%\" cellspacing=\"0\" cellpadding=\"5\">\n<tbody>\n<tr>\n<td><strong>Nombre del producto<\/strong><\/td>\n<td>Banco Keynimax<\/td>\n<\/tr>\n<tr>\n<td><strong>N\u00ba de modelo.<\/strong><\/td>\n<td>W07AC003<\/td>\n<\/tr>\n<tr>\n<td><strong>Dimensiones<\/strong><\/td>\n<td>An 1510 x Pr 713 x Al 420\/1310 mm<\/td>\n<\/tr>\n<tr>\n<td><strong>Peso<\/strong><\/td>\n<td>33 kg<\/td>\n<\/tr>\n<tr>\n<td><strong>Capacidad de carga<\/strong><\/td>\n<td>1.000 lbs (aprox. 454 kg)<\/td>\n<\/tr>\n<tr>\n<td><strong>Caracter\u00edsticas<\/strong><\/td>\n<td>Forma de llave patentada, alas de estabilidad, ROM m\u00e1ximo<\/td>\n<\/tr>\n<\/tbody>\n<\/table>","protected":false},"excerpt":{"rendered":"<p>El banco Keynimax\u2122 de Alex Athletics es un banco de pesas ajustable de \u00faltima generaci\u00f3n que redefine el entrenamiento de fuerza. Con un dise\u00f1o patentado \u201cen forma de llave\u201d, que permite el movimiento escapular sin restricciones, lo que permite la m\u00e1xima amplitud de movimiento (Max ROM) para el pecho m\u00e1s profundo, m\u00e1s eficaz y press de hombros. Con una enorme capacidad de carga de 1.000 libras y una estructura de ala de estabilidad, ofrece una durabilidad y un equilibrio de \u00e9lite. La delgada almohadilla central mejora la propiocepci\u00f3n y la activaci\u00f3n del n\u00facleo, lo que la convierte en la herramienta definitiva para los atletas que exigen precisi\u00f3n biomec\u00e1nica y un rendimiento superior en su gimnasio dom\u00e9stico o comercial.<\/p>","protected":false},"featured_media":4061,"comment_status":"open","ping_status":"closed","template":"","meta":{"inline_featured_image":false,"site-sidebar-layout":"default","site-content-layout":"","ast-site-content-layout":"default","site-content-style":"default","site-sidebar-style":"default","ast-global-header-display":"","ast-banner-title-visibility":"","ast-main-header-display":"","ast-hfb-above-header-display":"","ast-hfb-below-header-display":"","ast-hfb-mobile-header-display":"","site-post-title":"","ast-breadcrumbs-content":"","ast-featured-img":"","footer-sml-layout":"","ast-disable-related-posts":"","theme-transparent-header-meta":"default","adv-header-id-meta":"","stick-header-meta":"default","header-above-stick-meta":"","header-main-stick-meta":"","header-below-stick-meta":"","astra-migrate-meta-layouts":"set","ast-page-background-enabled":"default","ast-page-background-meta":{"desktop":{"background-color":"","background-image":"","background-repeat":"repeat","background-position":"center center","background-size":"auto","background-attachment":"scroll","background-type":"","background-media":"","overlay-type":"","overlay-color":"","overlay-opacity":"","overlay-gradient":""},"tablet":{"background-color":"","background-image":"","background-repeat":"repeat","background-position":"center center","background-size":"auto","background-attachment":"scroll","background-type":"","background-media":"","overlay-type":"","overlay-color":"","overlay-opacity":"","overlay-gradient":""},"mobile":{"background-color":"","background-image":"","background-repeat":"repeat","background-position":"center center","background-size":"auto","background-attachment":"scroll","background-type":"","background-media":"","overlay-type":"","overlay-color":"","overlay-opacity":"","overlay-gradient":""}},"ast-content-background-meta":{"desktop":{"background-color":"var(--ast-global-color-5)","background-image":"","background-repeat":"repeat","background-position":"center center","background-size":"auto","background-attachment":"scroll","background-type":"","background-media":"","overlay-type":"","overlay-color":"","overlay-opacity":"","overlay-gradient":""},"tablet":{"background-color":"var(--ast-global-color-5)","background-image":"","background-repeat":"repeat","background-position":"center center","background-size":"auto","background-attachment":"scroll","background-type":"","background-media":"","overlay-type":"","overlay-color":"","overlay-opacity":"","overlay-gradient":""},"mobile":{"background-color":"var(--ast-global-color-5)","background-image":"","background-repeat":"repeat","background-position":"center center","background-size":"auto","background-attachment":"scroll","background-type":"","background-media":"","overlay-type":"","overlay-color":"","overlay-opacity":"","overlay-gradient":""}}},"product_brand":[],"product_cat":[54],"product_tag":[57],"class_list":{"0":"post-2864","1":"product","2":"type-product","3":"status-publish","4":"has-post-thumbnail","6":"product_cat-strength-equipment","7":"product_tag-bench","8":"desktop-align-left","9":"tablet-align-left","10":"mobile-align-left","12":"first","13":"instock","14":"shipping-taxable","15":"purchasable","16":"product-type-simple"},"_links":{"self":[{"href":"https:\/\/alexathletics1982.com\/es\/wp-json\/wp\/v2\/product\/2864","targetHints":{"allow":["GET"]}}],"collection":[{"href":"https:\/\/alexathletics1982.com\/es\/wp-json\/wp\/v2\/product"}],"about":[{"href":"https:\/\/alexathletics1982.com\/es\/wp-json\/wp\/v2\/types\/product"}],"replies":[{"embeddable":true,"href":"https:\/\/alexathletics1982.com\/es\/wp-json\/wp\/v2\/comments?post=2864"}],"wp:featuredmedia":[{"embeddable":true,"href":"https:\/\/alexathletics1982.com\/es\/wp-json\/wp\/v2\/media\/4061"}],"wp:attachment":[{"href":"https:\/\/alexathletics1982.com\/es\/wp-json\/wp\/v2\/media?parent=2864"}],"wp:term":[{"taxonomy":"product_brand","embeddable":true,"href":"https:\/\/alexathletics1982.com\/es\/wp-json\/wp\/v2\/product_brand?post=2864"},{"taxonomy":"product_cat","embeddable":true,"href":"https:\/\/alexathletics1982.com\/es\/wp-json\/wp\/v2\/product_cat?post=2864"},{"taxonomy":"product_tag","embeddable":true,"href":"https:\/\/alexathletics1982.com\/es\/wp-json\/wp\/v2\/product_tag?post=2864"}],"curies":[{"name":"wp","href":"https:\/\/api.w.org\/{rel}","templated":true}]}}