{"id":2880,"date":"2026-01-23T20:19:59","date_gmt":"2026-01-23T12:19:59","guid":{"rendered":"https:\/\/alexathletics1982.com\/?post_type=product&#038;p=2880"},"modified":"2026-04-10T22:24:33","modified_gmt":"2026-04-10T14:24:33","slug":"barra-de-musculacion-multiusos-hombre","status":"publish","type":"product","link":"https:\/\/alexathletics1982.com\/es\/multipurpose-weightlifting-barbell-male\/","title":{"rendered":"Barra de Halterofilia Polivalente (Hombre)"},"content":{"rendered":"<h2>El caballo de batalla: 20 kg de pesas multiusos<\/h2>\n<p>En el gimnasio moderno, la versatilidad es el rey. La Barra de Halterofilia Multiusos (Hombre) de Alex Athletics est\u00e1 dise\u00f1ada para ser la soluci\u00f3n \u00fanica para el atleta que lo hace todo, desde el dinamismo explosivo del levantamiento ol\u00edmpico hasta la fuerza demoledora del powerlifting y el ciclismo de altas repeticiones. Esta barra de 20 kg alcanza un equilibrio perfecto en sus propiedades mec\u00e1nicas. El eje tiene un di\u00e1metro de 28,5 mm, que se encuentra justo entre los 28 mm de una barra de halterofilia y los 29 mm de una barra de potencia. Este di\u00e1metro ofrece suficiente flexi\u00f3n para absorber la energ\u00eda durante las recepciones y arrancadas, pero sigue siendo lo suficientemente r\u00edgido como para proporcionar una plataforma estable para sentadillas pesadas y press de banca. Es la barra \u201ch\u00edbrida\u201d definitiva, dise\u00f1ada para ofrecer un rendimiento excepcional en cualquier situaci\u00f3n de levantamiento.<\/p>\n<p>Construido para el largo plazo, el eje est\u00e1 forjado en acero de aleaci\u00f3n de alta resistencia con una resistencia a la tracci\u00f3n de 195.000 PSI. Esta alta calificaci\u00f3n significa que la barra puede soportar repetidas ca\u00eddas pesadas y cargas de hasta 1.500 libras sin doblarse o deformarse permanentemente. El sistema de rotaci\u00f3n del manguito utiliza una configuraci\u00f3n h\u00edbrida: 2 casquillos de lat\u00f3n para una mayor durabilidad bajo cargas est\u00e1ticas pesadas, combinados con 8 rodamientos de agujas de precisi\u00f3n para un giro suave y r\u00e1pido durante levantamientos explosivos. Esta combinaci\u00f3n protege tus mu\u00f1ecas permitiendo que las pesas giren libremente mientras te mueves bajo la barra. Acabada con un duradero revestimiento de cromo duro, la barra resiste el \u00f3xido, la acumulaci\u00f3n de tiza y los ara\u00f1azos, manteniendo su rendimiento y aspecto profesional durante a\u00f1os de uso intenso. Es el est\u00e1ndar de oro para gimnasios dom\u00e9sticos y gimnasios funcionales.<\/p>\n<h3>1. Sistema h\u00edbrido de casquillos y cojinetes<\/h3>\n<p>El \u201cgiro\u201d de un manguito de barra dicta su sensaci\u00f3n. Esta barra utiliza un sofisticado sistema h\u00edbrido que contiene 2 casquillos de lat\u00f3n de alta resistencia y 8 rodamientos de agujas. Los cojinetes garantizan que las mangas giren libre y r\u00e1pidamente, lo que es fundamental para el \u201cgiro\u201d en levantamientos ol\u00edmpicos como el Snatch, evitando lesiones en la mu\u00f1eca. Los casquillos a\u00f1aden estabilidad y capacidad de carga para los levantamientos de potencia m\u00e1s lentos. Esta combinaci\u00f3n le ofrece lo mejor de ambos mundos: velocidad para el levantamiento ol\u00edmpico y estabilidad para el levantamiento en banco.<\/p>\n<h3>2. Resistencia a la tracci\u00f3n de 195.000 PSI<\/h3>\n<p>La resistencia a la tracci\u00f3n mide el punto en el que la barra se rompe. Con 195k PSI, esta barra es territorio de \u00e9lite. Tiene un excelente \u201cl\u00e1tigo\u201d (energ\u00eda el\u00e1stica) sin ser fl\u00e1cida, y vuelve a estar recta al instante despu\u00e9s de un levantamiento pesado. Esta durabilidad garantiza que la barra no se doblar\u00e1 permanentemente, aunque la deje caer cargada de topes desde arriba. Es una especificaci\u00f3n de grado comercial construida para el abuso.<\/p>\n<h3>3. Di\u00e1metro de eje vers\u00e1til de 28,5 mm<\/h3>\n<p>El agarre de 28,5 mm es el est\u00e1ndar del sector para las barras \u201cmultiusos\u201d. Es lo suficientemente fino como para permitir un agarre de gancho seguro durante los levantamientos ol\u00edmpicos, pero lo suficientemente grueso como para sentirse c\u00f3modo y estable en la mano durante el press pesado y las sentadillas. Evita la sensaci\u00f3n de \u201cfideo\u201d de una barra de 28 mm en press de banca y la sensaci\u00f3n de \u201cbarra gruesa\u201d de una barra de 29 mm en peso muerto.<\/p>\n<h3>4. Acabado en cromo duro<\/h3>\n<p>El cromo es el acabado cl\u00e1sico y probado para las barras de pesas. Esta barra presenta un cromado duro, que es mucho m\u00e1s duradero que el cromado decorativo. Proporciona una alta resistencia a la oxidaci\u00f3n (herrumbre) del sudor y la humedad. Tambi\u00e9n tiene un bajo coeficiente de fricci\u00f3n, lo que significa que los platos se deslizan dentro y fuera sin problemas, y ofrece una sensaci\u00f3n limpia y no abrasiva en las manos en comparaci\u00f3n con el acero desnudo o acabados de \u00f3xido.<\/p>\n<h3>5. Marcas de moleteado dobles y centro pasivo<\/h3>\n<p>Para adaptarse tanto a las normas de powerlifting como a las de halterofilia, la barra presenta marcas de moleteado dobles (anillos IPF e IWF). Esto permite a los atletas encontrar f\u00e1cilmente la posici\u00f3n de sus manos en cualquier deporte. El patr\u00f3n de moleteado es \u201cmedio\u201d, lo suficientemente adherente para levantamientos de peso muerto pesados, pero no tan afilado como para desgarrar las manos. Cuenta con un centro pasivo, por lo que es c\u00f3modo para sentadillas frontales y limpias sin raspar el cuello.<\/p>\n<h3>\u00bfA qui\u00e9n va dirigido?<\/h3>\n<ul style=\"list-style-position: inside; padding-left: 0;\">\n<li>Propietarios de gimnasios dom\u00e9sticos que desean una \u00fanica barra de \u201cuso diario\u201d de alta calidad.<\/li>\n<li>Levantadores de gimnasio de garaje que hacen una mezcla de culturismo, powerlifting y Oly lifting.<\/li>\n<li>Instalaciones comerciales que necesitan equipos duraderos y vers\u00e1tiles para la poblaci\u00f3n en general.<\/li>\n<li>Competidores de fitness funcional que entrenan para la versatilidad.<\/li>\n<\/ul>\n<h3>Especificaciones del producto<\/h3>\n<table border=\"1\" width=\"100%\" cellspacing=\"0\" cellpadding=\"5\">\n<tbody>\n<tr>\n<td><strong>Tipo<\/strong><\/td>\n<td>Barra Multiusos Masculina<\/td>\n<\/tr>\n<tr>\n<td><strong>Peso<\/strong><\/td>\n<td>20 kg<\/td>\n<\/tr>\n<tr>\n<td><strong>Longitud<\/strong><\/td>\n<td>2200 mm<\/td>\n<\/tr>\n<tr>\n<td><strong>Di\u00e1metro del eje<\/strong><\/td>\n<td>28,5 mm<\/td>\n<\/tr>\n<tr>\n<td><strong>Resistencia a la tracci\u00f3n<\/strong><\/td>\n<td>195.000 PSI<\/td>\n<\/tr>\n<tr>\n<td><strong>Capacidad de carga<\/strong><\/td>\n<td>1.500 libras<\/td>\n<\/tr>\n<tr>\n<td><strong>Rotaci\u00f3n<\/strong><\/td>\n<td>2 Casquillos + 8 Cojinetes<\/td>\n<\/tr>\n<tr>\n<td><strong>Acabado<\/strong><\/td>\n<td>Cromo duro<\/td>\n<\/tr>\n<\/tbody>\n<\/table>","protected":false},"excerpt":{"rendered":"<p>La Barra de Halterofilia Multiusos (Masculina) de Alex Athletics es la barra h\u00edbrida de 20kg definitiva para gimnasios de garaje, y entrenamiento funcional. Con un eje de 28,5 mm y una resistencia a la tracci\u00f3n de 195.000 PSI, ofrece el equilibrio perfecto de l\u00e1tigo y rigidez tanto para levantamiento ol\u00edmpico como para powerlifting pesado. El sistema de rotaci\u00f3n combina 8 rodamientos de agujas para mayor velocidad con 2 casquillos de lat\u00f3n para mayor durabilidad, asegurando un rendimiento suave y protecci\u00f3n de la mu\u00f1eca. Acabada en cromo duro duradero con marcas de moleteado dobles, esta barra est\u00e1 fabricada para soportar cargas de 1.500 libras y ca\u00eddas de altas repeticiones, lo que la convierte en la \u00fanica barra que necesitas para un entrenamiento de fuerza vers\u00e1til.<\/p>","protected":false},"featured_media":3395,"comment_status":"open","ping_status":"closed","template":"","meta":{"inline_featured_image":false,"site-sidebar-layout":"default","site-content-layout":"","ast-site-content-layout":"default","site-content-style":"default","site-sidebar-style":"default","ast-global-header-display":"","ast-banner-title-visibility":"","ast-main-header-display":"","ast-hfb-above-header-display":"","ast-hfb-below-header-display":"","ast-hfb-mobile-header-display":"","site-post-title":"","ast-breadcrumbs-content":"","ast-featured-img":"","footer-sml-layout":"","ast-disable-related-posts":"","theme-transparent-header-meta":"default","adv-header-id-meta":"","stick-header-meta":"default","header-above-stick-meta":"","header-main-stick-meta":"","header-below-stick-meta":"","astra-migrate-meta-layouts":"set","ast-page-background-enabled":"default","ast-page-background-meta":{"desktop":{"background-color":"","background-image":"","background-repeat":"repeat","background-position":"center center","background-size":"auto","background-attachment":"scroll","background-type":"","background-media":"","overlay-type":"","overlay-color":"","overlay-opacity":"","overlay-gradient":""},"tablet":{"background-color":"","background-image":"","background-repeat":"repeat","background-position":"center center","background-size":"auto","background-attachment":"scroll","background-type":"","background-media":"","overlay-type":"","overlay-color":"","overlay-opacity":"","overlay-gradient":""},"mobile":{"background-color":"","background-image":"","background-repeat":"repeat","background-position":"center center","background-size":"auto","background-attachment":"scroll","background-type":"","background-media":"","overlay-type":"","overlay-color":"","overlay-opacity":"","overlay-gradient":""}},"ast-content-background-meta":{"desktop":{"background-color":"var(--ast-global-color-5)","background-image":"","background-repeat":"repeat","background-position":"center center","background-size":"auto","background-attachment":"scroll","background-type":"","background-media":"","overlay-type":"","overlay-color":"","overlay-opacity":"","overlay-gradient":""},"tablet":{"background-color":"var(--ast-global-color-5)","background-image":"","background-repeat":"repeat","background-position":"center center","background-size":"auto","background-attachment":"scroll","background-type":"","background-media":"","overlay-type":"","overlay-color":"","overlay-opacity":"","overlay-gradient":""},"mobile":{"background-color":"var(--ast-global-color-5)","background-image":"","background-repeat":"repeat","background-position":"center center","background-size":"auto","background-attachment":"scroll","background-type":"","background-media":"","overlay-type":"","overlay-color":"","overlay-opacity":"","overlay-gradient":""}}},"product_brand":[],"product_cat":[55],"product_tag":[58],"class_list":{"0":"post-2880","1":"product","2":"type-product","3":"status-publish","4":"has-post-thumbnail","6":"product_cat-free-weight-training","7":"product_tag-carry-bars","8":"desktop-align-left","9":"tablet-align-left","10":"mobile-align-left","12":"first","13":"instock","14":"shipping-taxable","15":"purchasable","16":"product-type-simple"},"_links":{"self":[{"href":"https:\/\/alexathletics1982.com\/es\/wp-json\/wp\/v2\/product\/2880","targetHints":{"allow":["GET"]}}],"collection":[{"href":"https:\/\/alexathletics1982.com\/es\/wp-json\/wp\/v2\/product"}],"about":[{"href":"https:\/\/alexathletics1982.com\/es\/wp-json\/wp\/v2\/types\/product"}],"replies":[{"embeddable":true,"href":"https:\/\/alexathletics1982.com\/es\/wp-json\/wp\/v2\/comments?post=2880"}],"wp:featuredmedia":[{"embeddable":true,"href":"https:\/\/alexathletics1982.com\/es\/wp-json\/wp\/v2\/media\/3395"}],"wp:attachment":[{"href":"https:\/\/alexathletics1982.com\/es\/wp-json\/wp\/v2\/media?parent=2880"}],"wp:term":[{"taxonomy":"product_brand","embeddable":true,"href":"https:\/\/alexathletics1982.com\/es\/wp-json\/wp\/v2\/product_brand?post=2880"},{"taxonomy":"product_cat","embeddable":true,"href":"https:\/\/alexathletics1982.com\/es\/wp-json\/wp\/v2\/product_cat?post=2880"},{"taxonomy":"product_tag","embeddable":true,"href":"https:\/\/alexathletics1982.com\/es\/wp-json\/wp\/v2\/product_tag?post=2880"}],"curies":[{"name":"wp","href":"https:\/\/api.w.org\/{rel}","templated":true}]}}