{"id":2892,"date":"2026-01-23T20:19:59","date_gmt":"2026-01-23T12:19:59","guid":{"rendered":"https:\/\/alexathletics1982.com\/?post_type=product&#038;p=2892"},"modified":"2026-04-10T22:45:06","modified_gmt":"2026-04-10T14:45:06","slug":"barra-olimpica-t3","status":"publish","type":"product","link":"https:\/\/alexathletics1982.com\/es\/olympic-bar-t3\/","title":{"rendered":"Barra ol\u00edmpica-T3"},"content":{"rendered":"<h2>El Spinner: Barra Ol\u00edmpica-T3<\/h2>\n<p>Cuando el levantamiento din\u00e1mico es la prioridad, la velocidad de rotaci\u00f3n de la barra se convierte en el factor cr\u00edtico. La barra ol\u00edmpica T3 de Alex Athletics toma la base duradera de la T2 y la sobrealimenta con un sistema de rodamientos mejorado. En lugar de la configuraci\u00f3n est\u00e1ndar de 2 rodamientos, la T3 est\u00e1 equipada con <strong>4 rodamientos de precisi\u00f3n<\/strong> por manguito (m\u00e1s los casquillos). Esta mejora reduce significativamente la fricci\u00f3n, permitiendo que los manguitos giren m\u00e1s r\u00e1pido y con mayor libertad. Para el atleta, esto significa un giro m\u00e1s suave durante el Snatch y Clean &amp; Jerk, lo que resulta en menos tensi\u00f3n en las mu\u00f1ecas y los codos y una mayor tasa de \u00e9xito en los levantamientos m\u00e1ximos. Crea una sensaci\u00f3n de \u201cingravidez\u201d cuando el atleta se coloca debajo de la barra.<\/p>\n<p>Al igual que su hermano, el T3 cuenta con la prima Electro-Coating (E-Coat) en el eje. Esto proporciona la misma resistencia superior a la corrosi\u00f3n y la sensaci\u00f3n de \u201cacero en bruto\u201d que los levantadores serios adoran. Sin embargo, el T3 mejora los manguitos a Cromo Qu\u00edmico con un acabado pulido. Se trata de una superficie m\u00e1s dura y resistente a los ara\u00f1azos que el zinc, dise\u00f1ada para soportar el deslizamiento de las placas de parachoques durante a\u00f1os de uso comercial sin mostrar desgaste.<\/p>\n<h3>1. Sistema de rotaci\u00f3n de 4 rodamientos mejorado<\/h3>\n<p>El reclamo a la fama del T3 es su giro. Con 4 rodamientos en el conjunto, la inercia rotacional se reduce al m\u00ednimo. Esta es una diferencia tangible que puedes sentir durante los movimientos explosivos. Las pesas giran independientemente del eje con una resistencia m\u00ednima, protegiendo tus articulaciones y permitiendo una transici\u00f3n perfecta de la fase de tracci\u00f3n a la de agarre de un levantamiento ol\u00edmpico.<\/p>\n<h3>2. E-Coat para un agarre m\u00e1ximo<\/h3>\n<p>El recubrimiento electrol\u00edtico negro se aplica de forma fina y uniforme, preservando la geometr\u00eda del moleteado de diamante. Esto garantiza un agarre seguro y uniforme incluso con las manos sudorosas, sin la sensaci\u00f3n resbaladiza del cromo decorativo grueso. Combina el bajo mantenimiento de una barra recubierta con el rendimiento de una barra sin tratar.<\/p>\n<h3>3. Mangas de cromo qu\u00edmico duraderas<\/h3>\n<p>Los manguitos de la T3 presentan un acabado de cromo qu\u00edmico. Este cromado industrial es extremadamente duro y suave. Ofrece menos fricci\u00f3n que el zinc, lo que facilita la carga de las placas, y es muy resistente a los ara\u00f1azos y cicatrices que se producen con los insertos met\u00e1licos de las placas. Mantiene la barra con un aspecto profesional y nuevo durante m\u00e1s tiempo.<\/p>\n<h3>4. Acero de aleaci\u00f3n de 170.000 PSI<\/h3>\n<p>El n\u00facleo de la barra es de acero aleado 42Cr. Esta metalurgia proporciona el equilibrio perfecto entre rigidez y l\u00e1tigo el\u00e1stico. Es lo suficientemente resistente como para soportar el abuso diario en un entorno de gimnasio comercial, pero lo suficientemente sensible como para proporcionar retroalimentaci\u00f3n cin\u00e9tica durante los levantamientos din\u00e1micos. La clasificaci\u00f3n est\u00e1tica de 1.000 lb es un testimonio de su integridad estructural.<\/p>\n<h3>5. El especialista en formaci\u00f3n cruzada<\/h3>\n<p>Mientras que las barras T1 y T2 son generalistas, la T3 es especialista en movimientos din\u00e1micos. Tiende un puente entre una barra de gimnasio est\u00e1ndar y una barra de halterofilia de competici\u00f3n $800. Ofrece el giro necesario para la pr\u00e1ctica seria del levantamiento ol\u00edmpico a un precio accesible para los gimnasios de garaje.<\/p>\n<h3>\u00bfA qui\u00e9n va dirigido?<\/h3>\n<ul style=\"list-style-position: inside; padding-left: 0;\">\n<li>Levantadores de pesas que necesitan una barra de entrenamiento de alto giro.<\/li>\n<li>Gimnasios que desean actualizar su stock general de barras a algo m\u00e1s r\u00e1pido.<\/li>\n<li>Levantadores que valoran la durabilidad de los manguitos Chemical Chrome.<\/li>\n<li>Cualquier persona que experimente dolor en la mu\u00f1eca debido a las barras que giran lentamente.<\/li>\n<\/ul>\n<h3>Especificaciones del producto<\/h3>\n<table border=\"1\" width=\"100%\" cellspacing=\"0\" cellpadding=\"5\">\n<tbody>\n<tr>\n<td><strong>Modelo<\/strong><\/td>\n<td>Barra ol\u00edmpica-T3 (W01CB017)<\/td>\n<\/tr>\n<tr>\n<td><strong>Acabado del eje<\/strong><\/td>\n<td>Recubrimiento electrol\u00edtico negro (E-Coat)<\/td>\n<\/tr>\n<tr>\n<td><strong>Acabado del manguito<\/strong><\/td>\n<td>Cromo qu\u00edmico y pulido<\/td>\n<\/tr>\n<tr>\n<td><strong>Resistencia a la tracci\u00f3n<\/strong><\/td>\n<td>170.000 PSI<\/td>\n<\/tr>\n<tr>\n<td><strong>Rotaci\u00f3n<\/strong><\/td>\n<td>Casquillo de lat\u00f3n y <strong>4 Rodamientos<\/strong><\/td>\n<\/tr>\n<tr>\n<td><strong>Capacidad de carga<\/strong><\/td>\n<td>1.000 libras<\/td>\n<\/tr>\n<\/tbody>\n<\/table>","protected":false},"excerpt":{"rendered":"<p>La barra ol\u00edmpica T3 de Alex Athletics es una barra centrada en el rendimiento y dise\u00f1ada para ofrecer velocidad y dinamismo. Actualizada con un sistema de rotaci\u00f3n de 4 rodamientos, ofrece un giro superior para la halterofilia ol\u00edmpica, reduciendo la torsi\u00f3n de la mu\u00f1eca y mejorando la velocidad de rotaci\u00f3n. El eje cuenta con un duradero recubrimiento electrol\u00edtico (E-Coat) para una excelente textura de agarre y resistencia a la oxidaci\u00f3n, mientras que los manguitos est\u00e1n acabados en resistente cromo qu\u00edmico. Con una resistencia a la tracci\u00f3n de 170.000 PSI y una capacidad de 1.000 lb, la T3 es la elecci\u00f3n ideal para los atletas que exigen una barra m\u00e1s r\u00e1pida y con mayor capacidad de respuesta.<\/p>","protected":false},"featured_media":3788,"comment_status":"open","ping_status":"closed","template":"","meta":{"inline_featured_image":false,"site-sidebar-layout":"default","site-content-layout":"","ast-site-content-layout":"default","site-content-style":"default","site-sidebar-style":"default","ast-global-header-display":"","ast-banner-title-visibility":"","ast-main-header-display":"","ast-hfb-above-header-display":"","ast-hfb-below-header-display":"","ast-hfb-mobile-header-display":"","site-post-title":"","ast-breadcrumbs-content":"","ast-featured-img":"","footer-sml-layout":"","ast-disable-related-posts":"","theme-transparent-header-meta":"default","adv-header-id-meta":"","stick-header-meta":"default","header-above-stick-meta":"","header-main-stick-meta":"","header-below-stick-meta":"","astra-migrate-meta-layouts":"set","ast-page-background-enabled":"default","ast-page-background-meta":{"desktop":{"background-color":"","background-image":"","background-repeat":"repeat","background-position":"center center","background-size":"auto","background-attachment":"scroll","background-type":"","background-media":"","overlay-type":"","overlay-color":"","overlay-opacity":"","overlay-gradient":""},"tablet":{"background-color":"","background-image":"","background-repeat":"repeat","background-position":"center center","background-size":"auto","background-attachment":"scroll","background-type":"","background-media":"","overlay-type":"","overlay-color":"","overlay-opacity":"","overlay-gradient":""},"mobile":{"background-color":"","background-image":"","background-repeat":"repeat","background-position":"center center","background-size":"auto","background-attachment":"scroll","background-type":"","background-media":"","overlay-type":"","overlay-color":"","overlay-opacity":"","overlay-gradient":""}},"ast-content-background-meta":{"desktop":{"background-color":"var(--ast-global-color-5)","background-image":"","background-repeat":"repeat","background-position":"center center","background-size":"auto","background-attachment":"scroll","background-type":"","background-media":"","overlay-type":"","overlay-color":"","overlay-opacity":"","overlay-gradient":""},"tablet":{"background-color":"var(--ast-global-color-5)","background-image":"","background-repeat":"repeat","background-position":"center center","background-size":"auto","background-attachment":"scroll","background-type":"","background-media":"","overlay-type":"","overlay-color":"","overlay-opacity":"","overlay-gradient":""},"mobile":{"background-color":"var(--ast-global-color-5)","background-image":"","background-repeat":"repeat","background-position":"center center","background-size":"auto","background-attachment":"scroll","background-type":"","background-media":"","overlay-type":"","overlay-color":"","overlay-opacity":"","overlay-gradient":""}}},"product_brand":[],"product_cat":[55],"product_tag":[58],"class_list":{"0":"post-2892","1":"product","2":"type-product","3":"status-publish","4":"has-post-thumbnail","6":"product_cat-free-weight-training","7":"product_tag-carry-bars","8":"desktop-align-left","9":"tablet-align-left","10":"mobile-align-left","12":"first","13":"instock","14":"shipping-taxable","15":"purchasable","16":"product-type-simple"},"_links":{"self":[{"href":"https:\/\/alexathletics1982.com\/es\/wp-json\/wp\/v2\/product\/2892","targetHints":{"allow":["GET"]}}],"collection":[{"href":"https:\/\/alexathletics1982.com\/es\/wp-json\/wp\/v2\/product"}],"about":[{"href":"https:\/\/alexathletics1982.com\/es\/wp-json\/wp\/v2\/types\/product"}],"replies":[{"embeddable":true,"href":"https:\/\/alexathletics1982.com\/es\/wp-json\/wp\/v2\/comments?post=2892"}],"wp:featuredmedia":[{"embeddable":true,"href":"https:\/\/alexathletics1982.com\/es\/wp-json\/wp\/v2\/media\/3788"}],"wp:attachment":[{"href":"https:\/\/alexathletics1982.com\/es\/wp-json\/wp\/v2\/media?parent=2892"}],"wp:term":[{"taxonomy":"product_brand","embeddable":true,"href":"https:\/\/alexathletics1982.com\/es\/wp-json\/wp\/v2\/product_brand?post=2892"},{"taxonomy":"product_cat","embeddable":true,"href":"https:\/\/alexathletics1982.com\/es\/wp-json\/wp\/v2\/product_cat?post=2892"},{"taxonomy":"product_tag","embeddable":true,"href":"https:\/\/alexathletics1982.com\/es\/wp-json\/wp\/v2\/product_tag?post=2892"}],"curies":[{"name":"wp","href":"https:\/\/api.w.org\/{rel}","templated":true}]}}