{"id":2896,"date":"2026-01-23T20:19:59","date_gmt":"2026-01-23T12:19:59","guid":{"rendered":"https:\/\/alexathletics1982.com\/?post_type=product&#038;p=2896"},"modified":"2026-04-08T21:09:48","modified_gmt":"2026-04-08T13:09:48","slug":"mancuerna-estandar","status":"publish","type":"product","link":"https:\/\/alexathletics1982.com\/es\/standard-barbell\/","title":{"rendered":"Barbell est\u00e1ndar"},"content":{"rendered":"<h2>La grapa del gimnasio en casa: Barbell est\u00e1ndar de 1800m m<\/h2>\n<p>No todos los gimnasios necesitan equipos de tama\u00f1o ol\u00edmpico. Para los entusiastas del fitness en casa que utilizan platos \u201cEst\u00e1ndar\u201d (1 pulgada \/ 25-28mm agujero central), el Standard Barbell de Alex Athletics es el conector esencial. Esta barra de acero macizo de 1800 mm (aprox. 6 pies) est\u00e1 dise\u00f1ada para llevar la funcionalidad de una barra comercial a un formato compacto y dom\u00e9stico. A diferencia de los tubos huecos que suelen venderse en los grandes almacenes, se trata de una barra de acero macizo que pesa 9 kg, proporcionando la integridad estructural necesaria para el entrenamiento con pesas real. Cuenta con un di\u00e1metro de agarre de 28 mm, que refleja la sensaci\u00f3n de las barras profesionales, lo que garantiza que su mec\u00e1nica de levantamiento, ya sea press de banca, sentadillas o remo, sea coherente con los est\u00e1ndares del gimnasio.<\/p>\n<p>La barra est\u00e1 acabada con un revestimiento de Cromo duradero que resiste el \u00f3xido y el desgaste, manteni\u00e9ndola con un aspecto profesional en su garaje o gimnasio en el s\u00f3tano. Los extremos son roscados o lisos (dependiendo del tipo de collar\u00edn utilizado, normalmente compatible con los collarines spin-lock o de muelle suministrados), dise\u00f1ados espec\u00edficamente para aceptar placas con un agujero central de 25mm a 28mm. Con una capacidad de carga de 140 kg, es m\u00e1s que capaz de manejar la progresi\u00f3n de un levantador principiante a intermedio. El dise\u00f1o moleteado de la empu\u00f1adura proporciona una tracci\u00f3n excelente, garantizando la seguridad durante los levantamientos por encima de la cabeza. Es la soluci\u00f3n perfecta y rentable para construir una configuraci\u00f3n de fuerza completa sin la huella o el gasto del equipo ol\u00edmpico.<\/p>\n<h3>1. Dise\u00f1ado para placas est\u00e1ndar<\/h3>\n<p>Esta barra est\u00e1 dise\u00f1ada para el ecosistema \u201cEst\u00e1ndar\u201d. Si tiene una colecci\u00f3n de pesas \u201cEst\u00e1ndar\u201d de hierro fundido o vinilo (normalmente con un agujero de ~1 pulgada) acumulando polvo, esta barra las revitaliza. Aporta una capacidad de levantamiento de tipo comercial a unos platos de pesas asequibles y ampliamente disponibles, lo que la convierte en la opci\u00f3n m\u00e1s econ\u00f3mica para empezar un gimnasio en casa.<\/p>\n<h3>2. Fiabilidad del acero s\u00f3lido<\/h3>\n<p>La calidad importa, incluso en el equipamiento dom\u00e9stico. La barra Alex Standard est\u00e1 fabricada con acero macizo, no con tubos huecos. Esto le da un peso tranquilizador de 9 kg y una capacidad de carga de 140 kg. No se doblar\u00e1 o doblar\u00e1 bajo cargas moderadas como las alternativas baratas, proporcionando una plataforma segura para press de banca, sentadillas y peso muerto.<\/p>\n<h3>3. Moleteado comercial<\/h3>\n<p>Un buen agarre es esencial para la seguridad. La barra presenta un moleteado en forma de diamante en las posiciones de las manos. Esta textura mejora la fricci\u00f3n, lo que permite sujetar la barra con seguridad cuando las manos est\u00e1n sudorosas. Ense\u00f1a la posici\u00f3n correcta de agarre y prepara al usuario para la eventual transici\u00f3n al equipamiento ol\u00edmpico.<\/p>\n<h3>4. Longitud compacta de 1800 mm<\/h3>\n<p>Con 1,8 metros, esta barra ocupa menos espacio que las enormes barras ol\u00edmpicas de 2,2 metros. Encaja mejor en habitaciones m\u00e1s peque\u00f1as, s\u00f3tanos o garajes donde el espacio lateral es reducido. A pesar de su menor longitud, el espacio del manguito es suficiente para cargar una cantidad exigente de hierro para la mayor\u00eda de los objetivos generales de fitness.<\/p>\n<h3>5. Acabado cromado duradero<\/h3>\n<p>La barra est\u00e1 tratada con un acabado cromado. Este chapado protege el acero de la oxidaci\u00f3n (herrumbre) causada por la humedad y el sudor. Proporciona una est\u00e9tica suave y limpia que es f\u00e1cil de limpiar y mantener, garantizando que su equipamiento dom\u00e9stico dure a\u00f1os.<\/p>\n<h3>\u00bfA qui\u00e9n va dirigido?<\/h3>\n<ul style=\"list-style-position: inside; padding-left: 0;\">\n<li>Propietarios de gimnasios dom\u00e9sticos con platos de pesas \u201cest\u00e1ndar\u201d (con orificios de 1 pulgada).<\/li>\n<li>Principiantes que buscan una entrada asequible en el entrenamiento con barra.<\/li>\n<li>Levantadores con espacio limitado que necesitan una barra m\u00e1s corta (1,8 m).<\/li>\n<li>Adolescentes o levantadores ligeros que se inician en el entrenamiento de fuerza.<\/li>\n<li>Aficionados al fitness en general que levanten menos de 140 kg.<\/li>\n<\/ul>\n<h3>Especificaciones del producto<\/h3>\n<table border=\"1\" width=\"100%\" cellspacing=\"0\" cellpadding=\"5\">\n<tbody>\n<tr>\n<td><strong>Tipo<\/strong><\/td>\n<td>Barra est\u00e1ndar (no ol\u00edmpica)<\/td>\n<\/tr>\n<tr>\n<td><strong>Material<\/strong><\/td>\n<td>Acero macizo, acabado cromado<\/td>\n<\/tr>\n<tr>\n<td><strong>Longitud<\/strong><\/td>\n<td>1800 mm<\/td>\n<\/tr>\n<tr>\n<td><strong>Peso<\/strong><\/td>\n<td>9 kg<\/td>\n<\/tr>\n<tr>\n<td><strong>Capacidad de carga<\/strong><\/td>\n<td>140 kg<\/td>\n<\/tr>\n<tr>\n<td><strong>Di\u00e1metro de agarre<\/strong><\/td>\n<td>28 mm<\/td>\n<\/tr>\n<tr>\n<td><strong>Compatibilidad<\/strong><\/td>\n<td>Placas est\u00e1ndar (\u00d8 25-28 mm)<\/td>\n<\/tr>\n<\/tbody>\n<\/table>","protected":false},"excerpt":{"rendered":"<p>La barra est\u00e1ndar de Alex Athletics es la barra de acero s\u00f3lido perfecta para los gimnasios dom\u00e9sticos que utilizan platos de pesas est\u00e1ndar (con orificios de 1 pulgada\/25-28 mm). Mide 1800 mm (6 pies) con un peso de 9 kg, ofrece una soluci\u00f3n duradera y ahorro de espacio para press de banca, sentadillas y peso muerto. Con una capacidad de carga de 140 kg y un agarre moleteado de 28 mm, proporciona la sensaci\u00f3n y la seguridad de una barra profesional en un formato compacto. Acabada en cromo resistente al \u00f3xido, es la base rentable ideal para el entrenamiento de fuerza de nivel principiante a intermedio en casa.<\/p>","protected":false},"featured_media":3620,"comment_status":"open","ping_status":"closed","template":"","meta":{"inline_featured_image":false,"site-sidebar-layout":"default","site-content-layout":"","ast-site-content-layout":"default","site-content-style":"default","site-sidebar-style":"default","ast-global-header-display":"","ast-banner-title-visibility":"","ast-main-header-display":"","ast-hfb-above-header-display":"","ast-hfb-below-header-display":"","ast-hfb-mobile-header-display":"","site-post-title":"","ast-breadcrumbs-content":"","ast-featured-img":"","footer-sml-layout":"","ast-disable-related-posts":"","theme-transparent-header-meta":"default","adv-header-id-meta":"","stick-header-meta":"default","header-above-stick-meta":"","header-main-stick-meta":"","header-below-stick-meta":"","astra-migrate-meta-layouts":"set","ast-page-background-enabled":"default","ast-page-background-meta":{"desktop":{"background-color":"","background-image":"","background-repeat":"repeat","background-position":"center center","background-size":"auto","background-attachment":"scroll","background-type":"","background-media":"","overlay-type":"","overlay-color":"","overlay-opacity":"","overlay-gradient":""},"tablet":{"background-color":"","background-image":"","background-repeat":"repeat","background-position":"center center","background-size":"auto","background-attachment":"scroll","background-type":"","background-media":"","overlay-type":"","overlay-color":"","overlay-opacity":"","overlay-gradient":""},"mobile":{"background-color":"","background-image":"","background-repeat":"repeat","background-position":"center center","background-size":"auto","background-attachment":"scroll","background-type":"","background-media":"","overlay-type":"","overlay-color":"","overlay-opacity":"","overlay-gradient":""}},"ast-content-background-meta":{"desktop":{"background-color":"var(--ast-global-color-5)","background-image":"","background-repeat":"repeat","background-position":"center center","background-size":"auto","background-attachment":"scroll","background-type":"","background-media":"","overlay-type":"","overlay-color":"","overlay-opacity":"","overlay-gradient":""},"tablet":{"background-color":"var(--ast-global-color-5)","background-image":"","background-repeat":"repeat","background-position":"center center","background-size":"auto","background-attachment":"scroll","background-type":"","background-media":"","overlay-type":"","overlay-color":"","overlay-opacity":"","overlay-gradient":""},"mobile":{"background-color":"var(--ast-global-color-5)","background-image":"","background-repeat":"repeat","background-position":"center center","background-size":"auto","background-attachment":"scroll","background-type":"","background-media":"","overlay-type":"","overlay-color":"","overlay-opacity":"","overlay-gradient":""}}},"product_brand":[],"product_cat":[55],"product_tag":[58],"class_list":{"0":"post-2896","1":"product","2":"type-product","3":"status-publish","4":"has-post-thumbnail","6":"product_cat-free-weight-training","7":"product_tag-carry-bars","8":"desktop-align-left","9":"tablet-align-left","10":"mobile-align-left","12":"first","13":"instock","14":"shipping-taxable","15":"purchasable","16":"product-type-simple"},"_links":{"self":[{"href":"https:\/\/alexathletics1982.com\/es\/wp-json\/wp\/v2\/product\/2896","targetHints":{"allow":["GET"]}}],"collection":[{"href":"https:\/\/alexathletics1982.com\/es\/wp-json\/wp\/v2\/product"}],"about":[{"href":"https:\/\/alexathletics1982.com\/es\/wp-json\/wp\/v2\/types\/product"}],"replies":[{"embeddable":true,"href":"https:\/\/alexathletics1982.com\/es\/wp-json\/wp\/v2\/comments?post=2896"}],"wp:featuredmedia":[{"embeddable":true,"href":"https:\/\/alexathletics1982.com\/es\/wp-json\/wp\/v2\/media\/3620"}],"wp:attachment":[{"href":"https:\/\/alexathletics1982.com\/es\/wp-json\/wp\/v2\/media?parent=2896"}],"wp:term":[{"taxonomy":"product_brand","embeddable":true,"href":"https:\/\/alexathletics1982.com\/es\/wp-json\/wp\/v2\/product_brand?post=2896"},{"taxonomy":"product_cat","embeddable":true,"href":"https:\/\/alexathletics1982.com\/es\/wp-json\/wp\/v2\/product_cat?post=2896"},{"taxonomy":"product_tag","embeddable":true,"href":"https:\/\/alexathletics1982.com\/es\/wp-json\/wp\/v2\/product_tag?post=2896"}],"curies":[{"name":"wp","href":"https:\/\/api.w.org\/{rel}","templated":true}]}}