{"id":2905,"date":"2026-01-23T20:19:59","date_gmt":"2026-01-23T12:19:59","guid":{"rendered":"https:\/\/alexathletics1982.com\/?post_type=product&#038;p=2905"},"modified":"2026-04-08T22:34:02","modified_gmt":"2026-04-08T14:34:02","slug":"2-collares-de-fundicion-de-5-kg","status":"publish","type":"product","link":"https:\/\/alexathletics1982.com\/es\/2-5-kg-cast-iron-collars\/","title":{"rendered":"Collares de fundici\u00f3n de 2,5 KG"},"content":{"rendered":"<h2>Fiabilidad robusta: collares de adiestramiento de hierro fundido de 2,5 KG<\/h2>\n<p>El entrenamiento requiere la misma precisi\u00f3n que la competici\u00f3n, pero exige una durabilidad a\u00fan mayor. Los collares de hierro fundido de 2,5 KG de Alex Athletics son la versi\u00f3n \u201ccaballo de batalla\u201d del collar de competici\u00f3n. Fabricados en Vietnam, estos collares mantienen el peso exacto de 2,5 kg y la funci\u00f3n de bloqueo seguro del modelo cromado, pero est\u00e1n fabricados en hierro fundido resistente con un acabado duradero con recubrimiento en polvo. Este acabado proporciona una textura t\u00e1ctil y adherente y una resistencia superior al desconchado y la corrosi\u00f3n en entornos h\u00famedos de gimnasio. La innovaci\u00f3n clave en este modelo espec\u00edfico (W06AC003) es su perfil; Alex los ha dise\u00f1ado para que sean m\u00e1s delgados que los dise\u00f1os anteriores. Este adelgazamiento es una ventaja estrat\u00e9gica, ya que libera un valioso espacio en el manguito de la barra para alojar m\u00e1s platos de peso, una caracter\u00edstica fundamental para los levantadores de peso en cuclillas y peso muerto.<\/p>\n<p>Al igual que sus hom\u00f3logos cromados, estos collares utilizan un dise\u00f1o de bloqueo de doble cara accionado por un tornillo en T patentado. Este mecanismo permite al usuario apretar el collar contra la pila de placas, comprimiendo las pesas en un bloque s\u00f3lido. Esto elimina la distracci\u00f3n del traqueteo de los platos y el peligro de que la carga se desplace a mitad del levantamiento. Aunque carecen del brillo de espejo de la versi\u00f3n de competici\u00f3n, su est\u00e9tica negra industrial indica que est\u00e1n construidas para el trabajo duro. Ofrecen el equilibrio perfecto entre rendimiento profesional y durabilidad rentable para gimnasios comerciales, salas de entrenamiento y configuraciones dom\u00e9sticas serias.<\/p>\n<h3>1. Perfil delgado para ahorrar espacio<\/h3>\n<p>Quedarse sin espacio en el manguito es un verdadero problema para los levantadores de \u00e9lite. Los cuellos de hierro fundido Alex cuentan con un dise\u00f1o refinado, m\u00e1s delgado en comparaci\u00f3n con los cuellos voluminosos est\u00e1ndar. Este mil\u00edmetro extra de espacio te permite deslizar ese plato extra de 25kg o fraccionado que de otra manera podr\u00eda deslizarse. Maximiza el potencial de carga de tu barra.<\/p>\n<h3>2. Peso de entrenamiento calibrado de 2,5 kg<\/h3>\n<p>Entrene mientras compite. Estos collares pesan 2,5 kg cada uno, lo que garantiza que sus matem\u00e1ticas de entrenamiento se alinean con los est\u00e1ndares de competici\u00f3n. El uso de un peso de collar consistente le permite realizar un seguimiento preciso de su progreso sin la variabilidad de los ligeros clips de resorte o los cierres de pl\u00e1stico. Aporta un est\u00e1ndar profesional a la pr\u00e1ctica diaria.<\/p>\n<h3>3. Hierro fundido recubierto de polvo duradero<\/h3>\n<p>El hierro fundido es pesado, denso y resistente. El acabado con recubrimiento en polvo a\u00f1ade una capa de protecci\u00f3n m\u00e1s adherente y resistente que el cromo. Resiste el sudor y la cal de un entorno de entrenamiento y oculta bien los ara\u00f1azos. Su aspecto industrial encaja perfectamente en clubes de powerlifting y gimnasios duros.<\/p>\n<h3>4. Cierre de tornillo en T patentado<\/h3>\n<p>La seguridad es la prioridad. El mecanismo patentado de tornillo en T proporciona una ventaja mec\u00e1nica que permite apretar el collar con una fuerza considerable. Una vez bloqueado, permanece bloqueado. Esto evita que las placas \u201ccaminen\u201d, lo que puede ocurrir con los levantamientos de peso muerto de alta repetici\u00f3n o con la ca\u00edda repetida de la barra.<\/p>\n<h3>5. Rendimiento rentable<\/h3>\n<p>Estos collares ofrecen las ventajas funcionales de los collares de competici\u00f3n cromados de gama alta -peso, seguridad y estabilidad- a un precio m\u00e1s asequible. Son la elecci\u00f3n inteligente para equipar m\u00faltiples plataformas en un gimnasio donde la funci\u00f3n es prioritaria sobre el flash. Ofrecen 100% del rendimiento necesario para el entrenamiento intenso.<\/p>\n<h3>\u00bfA qui\u00e9n va dirigido?<\/h3>\n<ul style=\"list-style-position: inside; padding-left: 0;\">\n<li>Salas de entrenamiento de Powerlifting y Halterofilia.<\/li>\n<li>Levantadores que necesitan cargar el m\u00e1ximo peso (perfil delgado).<\/li>\n<li>Propietarios de gimnasios que buscan collares pesados duraderos y de bajo mantenimiento.<\/li>\n<li>Atletas que desean la estabilidad de un collar\u00edn de 2,5 kg para el entrenamiento diario.<\/li>\n<li>Gimnasios dom\u00e9sticos que desean seguridad de competici\u00f3n con un presupuesto reducido.<\/li>\n<\/ul>\n<h3>Especificaciones del producto<\/h3>\n<table border=\"1\" width=\"100%\" cellspacing=\"0\" cellpadding=\"5\">\n<tbody>\n<tr>\n<td><strong>Modelo<\/strong><\/td>\n<td>W06AC003<\/td>\n<\/tr>\n<tr>\n<td><strong>Material<\/strong><\/td>\n<td>Hierro fundido, recubierto de polvo<\/td>\n<\/tr>\n<tr>\n<td><strong>Peso<\/strong><\/td>\n<td>2,5 kg\/unidad (5 kg\/par)<\/td>\n<\/tr>\n<tr>\n<td><strong>Dimensiones<\/strong><\/td>\n<td>L 130 x An 120 x Al 52 mm<\/td>\n<\/tr>\n<tr>\n<td><strong>Caracter\u00edstica<\/strong><\/td>\n<td>Perfil m\u00e1s fino, cierre de rosca en T<\/td>\n<\/tr>\n<\/tbody>\n<\/table>","protected":false},"excerpt":{"rendered":"<p>Los collares de hierro fundido de 2,5 KG de Alex Athletics ofrecen una seguridad resistente y de nivel profesional para entrenamientos pesados. Con un perfil m\u00e1s delgado que ahorra espacio, permiten la m\u00e1xima carga de placas en el manguito de la barra. Con un peso calibrado de 2,5 kg cada uno, reproducen las condiciones de competici\u00f3n. La construcci\u00f3n duradera de hierro fundido con recubrimiento en polvo y el mecanismo de bloqueo de tornillo en T patentado garantizan que las placas permanezcan firmemente comprimidas y seguras, eliminando el traqueteo y el desplazamiento. Estos collarines son la elecci\u00f3n duradera y rentable para los levantadores de potencia y pesas que exigen una estabilidad inquebrantable.<\/p>","protected":false},"featured_media":3217,"comment_status":"open","ping_status":"closed","template":"","meta":{"inline_featured_image":false,"site-sidebar-layout":"default","site-content-layout":"","ast-site-content-layout":"default","site-content-style":"default","site-sidebar-style":"default","ast-global-header-display":"","ast-banner-title-visibility":"","ast-main-header-display":"","ast-hfb-above-header-display":"","ast-hfb-below-header-display":"","ast-hfb-mobile-header-display":"","site-post-title":"","ast-breadcrumbs-content":"","ast-featured-img":"","footer-sml-layout":"","ast-disable-related-posts":"","theme-transparent-header-meta":"default","adv-header-id-meta":"","stick-header-meta":"default","header-above-stick-meta":"","header-main-stick-meta":"","header-below-stick-meta":"","astra-migrate-meta-layouts":"set","ast-page-background-enabled":"default","ast-page-background-meta":{"desktop":{"background-color":"","background-image":"","background-repeat":"repeat","background-position":"center center","background-size":"auto","background-attachment":"scroll","background-type":"","background-media":"","overlay-type":"","overlay-color":"","overlay-opacity":"","overlay-gradient":""},"tablet":{"background-color":"","background-image":"","background-repeat":"repeat","background-position":"center center","background-size":"auto","background-attachment":"scroll","background-type":"","background-media":"","overlay-type":"","overlay-color":"","overlay-opacity":"","overlay-gradient":""},"mobile":{"background-color":"","background-image":"","background-repeat":"repeat","background-position":"center center","background-size":"auto","background-attachment":"scroll","background-type":"","background-media":"","overlay-type":"","overlay-color":"","overlay-opacity":"","overlay-gradient":""}},"ast-content-background-meta":{"desktop":{"background-color":"var(--ast-global-color-5)","background-image":"","background-repeat":"repeat","background-position":"center center","background-size":"auto","background-attachment":"scroll","background-type":"","background-media":"","overlay-type":"","overlay-color":"","overlay-opacity":"","overlay-gradient":""},"tablet":{"background-color":"var(--ast-global-color-5)","background-image":"","background-repeat":"repeat","background-position":"center center","background-size":"auto","background-attachment":"scroll","background-type":"","background-media":"","overlay-type":"","overlay-color":"","overlay-opacity":"","overlay-gradient":""},"mobile":{"background-color":"var(--ast-global-color-5)","background-image":"","background-repeat":"repeat","background-position":"center center","background-size":"auto","background-attachment":"scroll","background-type":"","background-media":"","overlay-type":"","overlay-color":"","overlay-opacity":"","overlay-gradient":""}}},"product_brand":[],"product_cat":[55],"product_tag":[58],"class_list":{"0":"post-2905","1":"product","2":"type-product","3":"status-publish","4":"has-post-thumbnail","6":"product_cat-free-weight-training","7":"product_tag-carry-bars","8":"desktop-align-left","9":"tablet-align-left","10":"mobile-align-left","12":"first","13":"instock","14":"shipping-taxable","15":"purchasable","16":"product-type-simple"},"_links":{"self":[{"href":"https:\/\/alexathletics1982.com\/es\/wp-json\/wp\/v2\/product\/2905","targetHints":{"allow":["GET"]}}],"collection":[{"href":"https:\/\/alexathletics1982.com\/es\/wp-json\/wp\/v2\/product"}],"about":[{"href":"https:\/\/alexathletics1982.com\/es\/wp-json\/wp\/v2\/types\/product"}],"replies":[{"embeddable":true,"href":"https:\/\/alexathletics1982.com\/es\/wp-json\/wp\/v2\/comments?post=2905"}],"wp:featuredmedia":[{"embeddable":true,"href":"https:\/\/alexathletics1982.com\/es\/wp-json\/wp\/v2\/media\/3217"}],"wp:attachment":[{"href":"https:\/\/alexathletics1982.com\/es\/wp-json\/wp\/v2\/media?parent=2905"}],"wp:term":[{"taxonomy":"product_brand","embeddable":true,"href":"https:\/\/alexathletics1982.com\/es\/wp-json\/wp\/v2\/product_brand?post=2905"},{"taxonomy":"product_cat","embeddable":true,"href":"https:\/\/alexathletics1982.com\/es\/wp-json\/wp\/v2\/product_cat?post=2905"},{"taxonomy":"product_tag","embeddable":true,"href":"https:\/\/alexathletics1982.com\/es\/wp-json\/wp\/v2\/product_tag?post=2905"}],"curies":[{"name":"wp","href":"https:\/\/api.w.org\/{rel}","templated":true}]}}