{"id":2909,"date":"2026-01-23T20:20:20","date_gmt":"2026-01-23T12:20:20","guid":{"rendered":"https:\/\/alexathletics1982.com\/?post_type=product&#038;p=2909"},"modified":"2026-04-08T20:40:23","modified_gmt":"2026-04-08T12:40:23","slug":"pista-de-aterrizaje","status":"publish","type":"product","link":"https:\/\/alexathletics1982.com\/es\/landing-pad\/","title":{"rendered":"Plataforma de aterrizaje"},"content":{"rendered":"<h2>Su\u00e9ltalo como si pesara: la pista de aterrizaje con cancelaci\u00f3n de ruido<\/h2>\n<p>En el mundo del levantamiento de pesas, el \u201cgolpe\u201d de las pesas es el sonido del trabajo duro, pero tambi\u00e9n es el sonido de vecinos enfadados, cimientos agrietados y equipos da\u00f1ados. El Landing Pad (Drop Pad\/Silencer Pad) de Alex Athletics es la soluci\u00f3n definitiva para el entrenamiento pesado en entornos sensibles al ruido. Estos bloques masivos de alta densidad est\u00e1n dise\u00f1ados para atrapar los platos de las pesas, absorbiendo la energ\u00eda cin\u00e9tica de la ca\u00edda. Construido a partir de 100% miga de caucho reciclado, que est\u00e1n dise\u00f1ados para soportar el impacto de la m\u00e1xima deadlifts, cleans, y snatches sin astillarse, agrietarse o romperse. A diferencia de las baldosas finas que simplemente amortiguan el sonido, los Landing Pads eliminan virtualmente el choque y la vibraci\u00f3n enviados a trav\u00e9s del suelo, haci\u00e9ndolos esenciales para gimnasios en pisos altos, apartamentos o gimnasios de garaje en suburbios tranquilos.<\/p>\n<p>La funcionalidad va m\u00e1s all\u00e1 del silencio. El dise\u00f1o apilable de las almohadillas permite utilizarlas como bloques de tracci\u00f3n. Al elevar la altura de inicio de la barra, puede realizar jalones en rack, jalones en bloque o limpiezas parciales para centrarse en puntos de bloqueo espec\u00edficos o trabajar en torno a las limitaciones de movilidad. Las almohadillas son port\u00e1tiles y ligeras en comparaci\u00f3n con los bloques de madera, lo que le permite montar una estaci\u00f3n de tracci\u00f3n en cuesti\u00f3n de segundos y retirarla con la misma rapidez. La cubierta duradera evita que el caucho se desprenda y es f\u00e1cil de limpiar. Con las Alex Landing Pads, puede dejar caer la barra con confianza, sabiendo que est\u00e1 protegiendo su suelo, los rodamientos de su barra y su relaci\u00f3n con sus vecinos.<\/p>\n<h3>1. Absorci\u00f3n definitiva de golpes y ruidos<\/h3>\n<p>Este es el principal \u201cPor qu\u00e9\u201d. El relleno de miga de caucho especializado se comprime en el impacto, disipando la energ\u00eda del peso que cae. El resultado es un ruido sordo en lugar de un choque que haga temblar el suelo. Reduce significativamente la transmisi\u00f3n de vibraciones a trav\u00e9s de la estructura del edificio, que es la principal causa de quejas por ruido en los gimnasios dom\u00e9sticos.<\/p>\n<h3>2. Protecci\u00f3n de suelos y equipos<\/h3>\n<p>Dejar caer pesos pesados pasa factura a sus cimientos de hormig\u00f3n y a sus costosas placas parachoques. Las almohadillas de apoyo act\u00faan como una barrera de sacrificio. Amortiguan el golpe, evitando que el hormig\u00f3n se agriete y prolongando la vida \u00fatil de los platos y los cojinetes de las pesas al reducir la onda expansiva del impacto que viaja a trav\u00e9s del equipo.<\/p>\n<h3>3. Utilidad \u201cBlock Pull\u201d apilable<\/h3>\n<p>Estas almohadillas no son s\u00f3lo para dejarlas caer; son para levantarlas. Con una altura aproximada de 74 mm (seg\u00fan la especificaci\u00f3n, probablemente mayor si se apilan o si el modelo est\u00e1ndar es m\u00e1s grueso, el est\u00e1ndar suele ser de 15 cm\/6 pulgadas, la especificaci\u00f3n dice 74 mm\/unidad, lo que implica baldosas apilables). *Correcci\u00f3n: La especificaci\u00f3n dice \u201cL 600 x A 400 x H 74 mm\u201d Esta altura permite el apilamiento incremental. Puede apilar 2-3 almohadillas para crear la altura perfecta para tirones en bloque, lo que le permite sobrecargar la parte superior del peso muerto sin una voluminosa caja de madera.<\/p>\n<h3>4. 100% Durabilidad reciclada<\/h3>\n<p>La sostenibilidad se une a la resistencia. Fabricadas con miga de caucho reciclado 100%, estas almohadillas son ecol\u00f3gicas y pr\u00e1cticamente indestructibles. No se astillan ni se desmoronan como el hormig\u00f3n o el caucho de baja calidad. Est\u00e1n dise\u00f1adas para soportar el abuso de cientos de kilos que caen sobre ellas repetidamente, recuperando su forma cada vez.<\/p>\n<h3>5. Port\u00e1til y ligero<\/h3>\n<p>Con un peso de 10 kg por pieza, estas almohadillas son lo suficientemente resistentes como para permanecer en su sitio, pero lo suficientemente ligeras como para moverlas con facilidad. Puedes sacarlas para un d\u00eda de levantamiento de peso muerto pesado y apilarlas en una esquina cuando hagas yoga. Esta portabilidad ofrece una ventaja significativa sobre las pesadas plataformas de elevaci\u00f3n permanentes.<\/p>\n<h3>\u00bfA qui\u00e9n va dirigido?<\/h3>\n<ul style=\"list-style-position: inside; padding-left: 0;\">\n<li>Propietarios de gimnasios dom\u00e9sticos en apartamentos o con vecinos cercanos.<\/li>\n<li>Los levantadores de pesas entrenan jalones en bloque y jalones en rack.<\/li>\n<li>Levantadores de pesas ol\u00edmpicos que necesitan una zona de ca\u00edda segura.<\/li>\n<li>Gimnasios comerciales que buscan proteger su subsuelo.<\/li>\n<li>Cualquiera que desee prolongar la vida \u00fatil de sus placas de parachoques.<\/li>\n<\/ul>\n<h3>Especificaciones del producto<\/h3>\n<table border=\"1\" width=\"100%\" cellspacing=\"0\" cellpadding=\"5\">\n<tbody>\n<tr>\n<td><strong>Material<\/strong><\/td>\n<td>100% Migas de caucho reciclado<\/td>\n<\/tr>\n<tr>\n<td><strong>Dimensiones<\/strong><\/td>\n<td>L 600 x An 400 x Al 74 mm<\/td>\n<\/tr>\n<tr>\n<td><strong>Peso<\/strong><\/td>\n<td>10 kg \/ unidad<\/td>\n<\/tr>\n<tr>\n<td><strong>Funci\u00f3n<\/strong><\/td>\n<td>Reducci\u00f3n del ruido, protecci\u00f3n del suelo, tiradores en bloque<\/td>\n<\/tr>\n<tr>\n<td><strong>Durabilidad<\/strong><\/td>\n<td>No se astilla ni se agrieta<\/td>\n<\/tr>\n<\/tbody>\n<\/table>","protected":false},"excerpt":{"rendered":"<p>El Landing Pad de Alex Athletics es la soluci\u00f3n esencial de amortiguaci\u00f3n de ruido para gimnasios dom\u00e9sticos y comerciales. Hecho de 100% miga de caucho reciclado, estas almohadillas de alta densidad absorben el choque y la vibraci\u00f3n de las ca\u00eddas de pesas pesadas, la protecci\u00f3n de su piso, equipo, y la paz de la mente. Con una construcci\u00f3n duradera que no se astilla y una altura de 74 mm, son perfectas para silenciar los levantamientos de peso muerto y los levantamientos ol\u00edmpicos. Su dise\u00f1o apilable tambi\u00e9n les permite funcionar como bloques de tracci\u00f3n ajustables, a\u00f1adiendo versatilidad a su entrenamiento de fuerza. Port\u00e1tiles y eficaces, le permiten levantar cargas pesadas sin ruido.<\/p>","protected":false},"featured_media":3372,"comment_status":"open","ping_status":"closed","template":"","meta":{"inline_featured_image":false,"site-sidebar-layout":"default","site-content-layout":"","ast-site-content-layout":"default","site-content-style":"default","site-sidebar-style":"default","ast-global-header-display":"","ast-banner-title-visibility":"","ast-main-header-display":"","ast-hfb-above-header-display":"","ast-hfb-below-header-display":"","ast-hfb-mobile-header-display":"","site-post-title":"","ast-breadcrumbs-content":"","ast-featured-img":"","footer-sml-layout":"","ast-disable-related-posts":"","theme-transparent-header-meta":"default","adv-header-id-meta":"","stick-header-meta":"default","header-above-stick-meta":"","header-main-stick-meta":"","header-below-stick-meta":"","astra-migrate-meta-layouts":"set","ast-page-background-enabled":"default","ast-page-background-meta":{"desktop":{"background-color":"","background-image":"","background-repeat":"repeat","background-position":"center center","background-size":"auto","background-attachment":"scroll","background-type":"","background-media":"","overlay-type":"","overlay-color":"","overlay-opacity":"","overlay-gradient":""},"tablet":{"background-color":"","background-image":"","background-repeat":"repeat","background-position":"center center","background-size":"auto","background-attachment":"scroll","background-type":"","background-media":"","overlay-type":"","overlay-color":"","overlay-opacity":"","overlay-gradient":""},"mobile":{"background-color":"","background-image":"","background-repeat":"repeat","background-position":"center center","background-size":"auto","background-attachment":"scroll","background-type":"","background-media":"","overlay-type":"","overlay-color":"","overlay-opacity":"","overlay-gradient":""}},"ast-content-background-meta":{"desktop":{"background-color":"var(--ast-global-color-5)","background-image":"","background-repeat":"repeat","background-position":"center center","background-size":"auto","background-attachment":"scroll","background-type":"","background-media":"","overlay-type":"","overlay-color":"","overlay-opacity":"","overlay-gradient":""},"tablet":{"background-color":"var(--ast-global-color-5)","background-image":"","background-repeat":"repeat","background-position":"center center","background-size":"auto","background-attachment":"scroll","background-type":"","background-media":"","overlay-type":"","overlay-color":"","overlay-opacity":"","overlay-gradient":""},"mobile":{"background-color":"var(--ast-global-color-5)","background-image":"","background-repeat":"repeat","background-position":"center center","background-size":"auto","background-attachment":"scroll","background-type":"","background-media":"","overlay-type":"","overlay-color":"","overlay-opacity":"","overlay-gradient":""}}},"product_brand":[],"product_cat":[55],"product_tag":[58],"class_list":{"0":"post-2909","1":"product","2":"type-product","3":"status-publish","4":"has-post-thumbnail","6":"product_cat-free-weight-training","7":"product_tag-carry-bars","8":"desktop-align-left","9":"tablet-align-left","10":"mobile-align-left","12":"first","13":"instock","14":"shipping-taxable","15":"purchasable","16":"product-type-simple"},"_links":{"self":[{"href":"https:\/\/alexathletics1982.com\/es\/wp-json\/wp\/v2\/product\/2909","targetHints":{"allow":["GET"]}}],"collection":[{"href":"https:\/\/alexathletics1982.com\/es\/wp-json\/wp\/v2\/product"}],"about":[{"href":"https:\/\/alexathletics1982.com\/es\/wp-json\/wp\/v2\/types\/product"}],"replies":[{"embeddable":true,"href":"https:\/\/alexathletics1982.com\/es\/wp-json\/wp\/v2\/comments?post=2909"}],"wp:featuredmedia":[{"embeddable":true,"href":"https:\/\/alexathletics1982.com\/es\/wp-json\/wp\/v2\/media\/3372"}],"wp:attachment":[{"href":"https:\/\/alexathletics1982.com\/es\/wp-json\/wp\/v2\/media?parent=2909"}],"wp:term":[{"taxonomy":"product_brand","embeddable":true,"href":"https:\/\/alexathletics1982.com\/es\/wp-json\/wp\/v2\/product_brand?post=2909"},{"taxonomy":"product_cat","embeddable":true,"href":"https:\/\/alexathletics1982.com\/es\/wp-json\/wp\/v2\/product_cat?post=2909"},{"taxonomy":"product_tag","embeddable":true,"href":"https:\/\/alexathletics1982.com\/es\/wp-json\/wp\/v2\/product_tag?post=2909"}],"curies":[{"name":"wp","href":"https:\/\/api.w.org\/{rel}","templated":true}]}}