{"id":2911,"date":"2026-01-23T20:20:20","date_gmt":"2026-01-23T12:20:20","guid":{"rendered":"https:\/\/alexathletics1982.com\/?post_type=product&#038;p=2911"},"modified":"2026-04-08T20:29:19","modified_gmt":"2026-04-08T12:29:19","slug":"gato-de-barra-completo","status":"publish","type":"product","link":"https:\/\/alexathletics1982.com\/es\/full-barbell-jack\/","title":{"rendered":"Full Barbell Jack"},"content":{"rendered":"<h2>El Ahorrador de Espalda: Comercial Full Barbell Jack<\/h2>\n<p>Para los levantadores de peso muerto serios, el entrenamiento no deber\u00eda ser cargar la barra. El Full Barbell Jack de Alex Athletics es una herramienta comercial dise\u00f1ada para eliminar la lucha de deslizar pesadas placas en una barra que est\u00e1 descansando en el suelo. Utilizando una simple mec\u00e1nica de palanca, este gato levanta toda la barra (ambos lados simult\u00e1neamente) del suelo con un solo movimiento hacia abajo del mango. Esto crea un amplio espacio entre la barra y el suelo, lo que le permite deslizar las placas de parachoques o ruedas de hierro dentro y fuera sin esfuerzo y sin fricci\u00f3n. Al eliminar la necesidad de levantar manualmente un extremo de la barra cargada con una mano mientras lucha contra una placa con la otra, conserva significativamente su energ\u00eda lumbar y fuerza de agarre para el levantamiento real que importa: el peso muerto.<\/p>\n<p>Fabricado con tubos de acero de alta resistencia, el elevador de barra completo est\u00e1 dise\u00f1ado para soportar cargas que superan con creces la capacidad de elevaci\u00f3n humana. Su base ancha y estable garantiza que la barra permanezca segura y nivelada mientras est\u00e1 elevada, lo que evita que vuelque o ruede durante los cambios de plato. Los puntos de contacto (cazoletas) est\u00e1n revestidos con material protector (como UHMW o caucho) para garantizar que el moleteado de su costosa barra nunca se raye ni se desafile con el gato. Con un mango de palanca largo que proporciona una gran ventaja mec\u00e1nica, levantar una barra cargada de m\u00e1s de 300 kg no supone ning\u00fan esfuerzo. Es una pieza esencial de equipamiento para gimnasios de powerlifting, salas de entrenamiento de strongman y cualquiera que entrene con m\u00faltiples compa\u00f1eros, haciendo que los cambios de peso sean r\u00e1pidos, seguros y profesionales.<\/p>\n<h3>1. Elevaci\u00f3n bilateral sin esfuerzo<\/h3>\n<p>La principal ventaja del Full Jack es la velocidad. Levanta ambos extremos de la barra a la vez. Esto significa que puede cargar o desmontar toda la barra sin moverse de un lado a otro. El mango largo act\u00faa como multiplicador de fuerza, permiti\u00e9ndote elevar cientos de kilos con un simple empuj\u00f3n, ahorrando tu energ\u00eda para tu intento de PR.<\/p>\n<h3>2. Protege la zona lumbar y el agarre<\/h3>\n<p>La carga de peso muerto es notoriamente agotadora para la columna lumbar. Luchar con las placas en el suelo te pone en una posici\u00f3n comprometida, con la espalda redondeada. El Jack elimina este riesgo suspendiendo el peso. Convierte una tarea agotadora en un proceso fluido, reduciendo la fatiga y el riesgo de lesiones entre series.<\/p>\n<h3>3. Protecci\u00f3n del nudillo de la barra<\/h3>\n<p>Su barra es una inversi\u00f3n. Las cazoletas del Alex Full Jack est\u00e1n dise\u00f1adas para acunar suavemente el eje de la barra. Forradas con material protector, evitan el contacto de metal con metal. Esto preserva la nitidez de su moleteado y la integridad del acabado de la barra, a diferencia de los gatos de metal baratos que desportillan el acero.<\/p>\n<h3>4. Base estable y segura<\/h3>\n<p>La estabilidad no es negociable cuando se suspenden grandes pesos en el aire. La amplia huella del gato proporciona una base s\u00f3lida que no se tambalea. Esta estabilidad te permite deslizar placas de forma agresiva sin que la barra se caiga del gato, lo que garantiza tu seguridad y la de los que te rodean.<\/p>\n<h3>5. Durabilidad comercial<\/h3>\n<p>Con un peso de m\u00e1s de 16 kg, se trata de una pieza sustancial del equipo. Est\u00e1 soldada para una m\u00e1xima integridad estructural y acabada con un revestimiento de polvo duradero para resistir las virutas y el \u00f3xido. Est\u00e1 fabricado para resistir durante d\u00e9cadas el uso intensivo de una sala de pesas comercial o de un club de powerlifting.<\/p>\n<h3>\u00bfA qui\u00e9n va dirigido?<\/h3>\n<ul style=\"list-style-position: inside; padding-left: 0;\">\n<li>Clubes de powerlifting y gimnasios comerciales con plataformas de peso muerto.<\/li>\n<li>Deportistas que entrenan con compa\u00f1eros (cambios frecuentes de peso).<\/li>\n<li>Levantadores con sensibilidad lumbar que necesitan conservar energ\u00eda.<\/li>\n<li>Competidores de Strongman cargando ejes o barras pesadas.<\/li>\n<li>Propietarios de gimnasios dom\u00e9sticos que desean el m\u00e1ximo lujo en eficiencia.<\/li>\n<\/ul>\n<h3>Especificaciones del producto<\/h3>\n<table border=\"1\" width=\"100%\" cellspacing=\"0\" cellpadding=\"5\">\n<tbody>\n<tr>\n<td><strong>Modelo<\/strong><\/td>\n<td>W11ZZ002<\/td>\n<\/tr>\n<tr>\n<td><strong>Material<\/strong><\/td>\n<td>Acero, recubierto de polvo<\/td>\n<\/tr>\n<tr>\n<td><strong>Dimensiones<\/strong><\/td>\n<td>875 x 544 x 1060 mm<\/td>\n<\/tr>\n<tr>\n<td><strong>Peso<\/strong><\/td>\n<td>16,2 kg<\/td>\n<\/tr>\n<tr>\n<td><strong>Funci\u00f3n<\/strong><\/td>\n<td>Levanta la barra completa para cargarla<\/td>\n<\/tr>\n<\/tbody>\n<\/table>","protected":false},"excerpt":{"rendered":"<p>El Full Barbell Jack de Alex Athletics es la \u00faltima herramienta de eficiencia para deadlifts. Utilizando un potente efecto de palanca, levanta toda la barra cargada del suelo en cuesti\u00f3n de segundos, lo que permite cambios de placa sin esfuerzo y sin tensi\u00f3n en la espalda. Construido de acero de alta resistencia con una base estable, soporta cargas masivas al tiempo que protege el moleteado de su barra con copas forradas. Ideal para gimnasios comerciales y levantadores de potencia, ahorra energ\u00eda para el levantamiento, no para la carga.<\/p>","protected":false},"featured_media":3384,"comment_status":"open","ping_status":"closed","template":"","meta":{"inline_featured_image":false,"site-sidebar-layout":"default","site-content-layout":"","ast-site-content-layout":"default","site-content-style":"default","site-sidebar-style":"default","ast-global-header-display":"","ast-banner-title-visibility":"","ast-main-header-display":"","ast-hfb-above-header-display":"","ast-hfb-below-header-display":"","ast-hfb-mobile-header-display":"","site-post-title":"","ast-breadcrumbs-content":"","ast-featured-img":"","footer-sml-layout":"","ast-disable-related-posts":"","theme-transparent-header-meta":"default","adv-header-id-meta":"","stick-header-meta":"default","header-above-stick-meta":"","header-main-stick-meta":"","header-below-stick-meta":"","astra-migrate-meta-layouts":"set","ast-page-background-enabled":"default","ast-page-background-meta":{"desktop":{"background-color":"","background-image":"","background-repeat":"repeat","background-position":"center center","background-size":"auto","background-attachment":"scroll","background-type":"","background-media":"","overlay-type":"","overlay-color":"","overlay-opacity":"","overlay-gradient":""},"tablet":{"background-color":"","background-image":"","background-repeat":"repeat","background-position":"center center","background-size":"auto","background-attachment":"scroll","background-type":"","background-media":"","overlay-type":"","overlay-color":"","overlay-opacity":"","overlay-gradient":""},"mobile":{"background-color":"","background-image":"","background-repeat":"repeat","background-position":"center center","background-size":"auto","background-attachment":"scroll","background-type":"","background-media":"","overlay-type":"","overlay-color":"","overlay-opacity":"","overlay-gradient":""}},"ast-content-background-meta":{"desktop":{"background-color":"var(--ast-global-color-5)","background-image":"","background-repeat":"repeat","background-position":"center center","background-size":"auto","background-attachment":"scroll","background-type":"","background-media":"","overlay-type":"","overlay-color":"","overlay-opacity":"","overlay-gradient":""},"tablet":{"background-color":"var(--ast-global-color-5)","background-image":"","background-repeat":"repeat","background-position":"center center","background-size":"auto","background-attachment":"scroll","background-type":"","background-media":"","overlay-type":"","overlay-color":"","overlay-opacity":"","overlay-gradient":""},"mobile":{"background-color":"var(--ast-global-color-5)","background-image":"","background-repeat":"repeat","background-position":"center center","background-size":"auto","background-attachment":"scroll","background-type":"","background-media":"","overlay-type":"","overlay-color":"","overlay-opacity":"","overlay-gradient":""}}},"product_brand":[],"product_cat":[55],"product_tag":[58],"class_list":{"0":"post-2911","1":"product","2":"type-product","3":"status-publish","4":"has-post-thumbnail","6":"product_cat-free-weight-training","7":"product_tag-carry-bars","8":"desktop-align-left","9":"tablet-align-left","10":"mobile-align-left","12":"first","13":"instock","14":"shipping-taxable","15":"purchasable","16":"product-type-simple"},"_links":{"self":[{"href":"https:\/\/alexathletics1982.com\/es\/wp-json\/wp\/v2\/product\/2911","targetHints":{"allow":["GET"]}}],"collection":[{"href":"https:\/\/alexathletics1982.com\/es\/wp-json\/wp\/v2\/product"}],"about":[{"href":"https:\/\/alexathletics1982.com\/es\/wp-json\/wp\/v2\/types\/product"}],"replies":[{"embeddable":true,"href":"https:\/\/alexathletics1982.com\/es\/wp-json\/wp\/v2\/comments?post=2911"}],"wp:featuredmedia":[{"embeddable":true,"href":"https:\/\/alexathletics1982.com\/es\/wp-json\/wp\/v2\/media\/3384"}],"wp:attachment":[{"href":"https:\/\/alexathletics1982.com\/es\/wp-json\/wp\/v2\/media?parent=2911"}],"wp:term":[{"taxonomy":"product_brand","embeddable":true,"href":"https:\/\/alexathletics1982.com\/es\/wp-json\/wp\/v2\/product_brand?post=2911"},{"taxonomy":"product_cat","embeddable":true,"href":"https:\/\/alexathletics1982.com\/es\/wp-json\/wp\/v2\/product_cat?post=2911"},{"taxonomy":"product_tag","embeddable":true,"href":"https:\/\/alexathletics1982.com\/es\/wp-json\/wp\/v2\/product_tag?post=2911"}],"curies":[{"name":"wp","href":"https:\/\/api.w.org\/{rel}","templated":true}]}}