{"id":2913,"date":"2026-01-23T20:20:20","date_gmt":"2026-01-23T12:20:20","guid":{"rendered":"https:\/\/alexathletics1982.com\/?post_type=product&#038;p=2913"},"modified":"2026-04-10T22:42:57","modified_gmt":"2026-04-10T14:42:57","slug":"ab-mat","status":"publish","type":"product","link":"https:\/\/alexathletics1982.com\/es\/ab-mat\/","title":{"rendered":"AB Mat"},"content":{"rendered":"<h2>N\u00facleo de gama completa: La alfombrilla ergon\u00f3mica AB<\/h2>\n<p>La flexi\u00f3n en el suelo es un ejercicio b\u00e1sico, pero tiene un fallo fundamental. Cuando te tumbas en el suelo, hay un espacio natural entre la columna lumbar (parte inferior de la espalda) y el suelo. La AB Mat de Alex Athletics llena este vac\u00edo, revolucionando la forma de entrenar el tronco. Dise\u00f1ada con un arco contorneado espec\u00edfico, la esterilla sujeta la curva lumbar, permiti\u00e9ndote pivotar la columna vertebral sobre la forma. Este apoyo permite una extensi\u00f3n completa de los m\u00fasculos abdominales en la parte inferior del movimiento, una amplitud de movimiento que es imposible en un suelo plano. Al estirar previamente los abdominales, la esterilla AB permite una contracci\u00f3n m\u00e1s potente y un mayor reclutamiento de fibras musculares, convirtiendo un crunch corto y parcial en un movimiento funcional de rango completo.<\/p>\n<p>Estabiliza la pelvis, evitando que los flexores de la cadera tomen el control del movimiento y garantizando que la atenci\u00f3n se centre en los abdominales. Fabricada con espuma firme de alta densidad, proporciona la resistencia necesaria para sostener la columna vertebral sin colapsarla, pero es lo suficientemente c\u00f3moda para entrenamientos de alta repetici\u00f3n. La base es antideslizante, lo que mantiene la esterilla en la posici\u00f3n correcta debajo de la zona lumbar mientras se mueve. Ligera y port\u00e1til, la esterilla AB Mat es una herramienta esencial para cualquiera que desee desarrollar un tronco m\u00e1s fuerte y definido a la vez que protege la zona lumbar de la tensi\u00f3n y la abrasi\u00f3n.<\/p>\n<h3>1. Rango completo de movimiento (ROM)<\/h3>\n<p>En el suelo, los abdominales est\u00e1n en posici\u00f3n neutra al principio. La esterilla AB Mat te permite extender la columna m\u00e1s all\u00e1 de la posici\u00f3n neutra (extensi\u00f3n), estirando completamente los abdominales antes de contraerlos. Este aumento del ROM trabaja el m\u00fasculo en toda su longitud, aumentando significativamente la intensidad y la eficacia de cada repetici\u00f3n en comparaci\u00f3n con los abdominales est\u00e1ndar.<\/p>\n<h3>2. Apoyo lumbar y seguridad<\/h3>\n<p>La forma contorneada rellena el hueco entre la espalda y el suelo. Este soporte estabiliza la columna vertebral y evita que la zona lumbar se hiperextienda o se tense durante los abdominales. Hace que el entrenamiento de tronco de alto volumen sea m\u00e1s seguro y c\u00f3modo, especialmente para las personas con antecedentes de sensibilidad lumbar.<\/p>\n<h3>3. Aislamiento del n\u00facleo<\/h3>\n<p>Al estabilizar la pelvis, la esterilla AB ayuda a desconectar los fuertes m\u00fasculos flexores de la cadera (psoas) que suelen dominar los movimientos de sentadilla. Esto obliga al recto abdominal a realizar el trabajo de flexi\u00f3n de la columna. Se trata de un sencillo truco biol\u00f3gico que garantiza el entrenamiento de los abdominales y no s\u00f3lo de los flexores de la cadera.<\/p>\n<h3>4. Ideal para abdominales<\/h3>\n<p>Esta es la herramienta est\u00e1ndar para la \u201cSentadilla Mariposa\u201d de alta velocidad. Su forma permite un r\u00e1pido ciclo de repeticiones al tiempo que protege el c\u00f3ccix y la zona lumbar de las quemaduras causadas por la fricci\u00f3n contra el suelo. Permite a los atletas mantener el ritmo y la forma durante los entrenamientos de acondicionamiento metab\u00f3lico.<\/p>\n<h3>5. Duradero y port\u00e1til<\/h3>\n<p>Fabricada con espuma de alta densidad y cubierta de vinilo duradero, la alfombrilla AB Mat resiste el sudor y el desgaste. Mantiene su forma con el paso del tiempo y es f\u00e1cil de limpiar. Su tama\u00f1o compacto hace que sea f\u00e1cil de meter en una bolsa de gimnasio o apilar en una esquina, proporcionando una estaci\u00f3n central de calidad comercial donde quiera que vaya.<\/p>\n<h3>\u00bfA qui\u00e9n va dirigido?<\/h3>\n<ul style=\"list-style-position: inside; padding-left: 0;\">\n<li>Personas que desean mejorar la forma y la seguridad de los abdominales.<\/li>\n<li>Personas con dolor lumbar que necesitan apoyo durante el trabajo de tronco.<\/li>\n<li>Culturistas que buscan un mejor estiramiento y contracci\u00f3n abdominal.<\/li>\n<li>Propietarios de gimnasios dom\u00e9sticos que necesitan una herramienta b\u00e1sica compacta.<\/li>\n<\/ul>\n<h3>Especificaciones del producto<\/h3>\n<table border=\"1\" width=\"100%\" cellspacing=\"0\" cellpadding=\"5\">\n<tbody>\n<tr>\n<td><strong>Modelo<\/strong><\/td>\n<td>F02AE001<\/td>\n<\/tr>\n<tr>\n<td><strong>Material<\/strong><\/td>\n<td>Espuma de alta densidad, cubierta de vinilo<\/td>\n<\/tr>\n<tr>\n<td><strong>Forma<\/strong><\/td>\n<td>Arco lumbar contorneado<\/td>\n<\/tr>\n<tr>\n<td><strong>Funci\u00f3n<\/strong><\/td>\n<td>Aislamiento del n\u00facleo, soporte de la columna vertebral<\/td>\n<\/tr>\n<tr>\n<td><strong>Beneficio<\/strong><\/td>\n<td>Amplitud total de movimiento<\/td>\n<\/tr>\n<\/tbody>\n<\/table>","protected":false},"excerpt":{"rendered":"<p>La AB Mat de Alex Athletics es una herramienta esencial para un entrenamiento abdominal eficaz y seguro. Su dise\u00f1o contorneado rellena el hueco natural de la parte inferior de la espalda, proporcionando un soporte lumbar que permite una gama completa de movimientos, desde la extensi\u00f3n profunda hasta la contracci\u00f3n m\u00e1xima. Este preestiramiento involucra m\u00e1s fibras musculares que los abdominales de suelo est\u00e1ndar a la vez que protege la columna vertebral. Cuenta con espuma de alta densidad y una base antideslizante para mayor estabilidad y comodidad.<\/p>","protected":false},"featured_media":3212,"comment_status":"open","ping_status":"closed","template":"","meta":{"inline_featured_image":false,"site-sidebar-layout":"default","site-content-layout":"","ast-site-content-layout":"default","site-content-style":"default","site-sidebar-style":"default","ast-global-header-display":"","ast-banner-title-visibility":"","ast-main-header-display":"","ast-hfb-above-header-display":"","ast-hfb-below-header-display":"","ast-hfb-mobile-header-display":"","site-post-title":"","ast-breadcrumbs-content":"","ast-featured-img":"","footer-sml-layout":"","ast-disable-related-posts":"","theme-transparent-header-meta":"default","adv-header-id-meta":"","stick-header-meta":"default","header-above-stick-meta":"","header-main-stick-meta":"","header-below-stick-meta":"","astra-migrate-meta-layouts":"set","ast-page-background-enabled":"default","ast-page-background-meta":{"desktop":{"background-color":"","background-image":"","background-repeat":"repeat","background-position":"center center","background-size":"auto","background-attachment":"scroll","background-type":"","background-media":"","overlay-type":"","overlay-color":"","overlay-opacity":"","overlay-gradient":""},"tablet":{"background-color":"","background-image":"","background-repeat":"repeat","background-position":"center center","background-size":"auto","background-attachment":"scroll","background-type":"","background-media":"","overlay-type":"","overlay-color":"","overlay-opacity":"","overlay-gradient":""},"mobile":{"background-color":"","background-image":"","background-repeat":"repeat","background-position":"center center","background-size":"auto","background-attachment":"scroll","background-type":"","background-media":"","overlay-type":"","overlay-color":"","overlay-opacity":"","overlay-gradient":""}},"ast-content-background-meta":{"desktop":{"background-color":"var(--ast-global-color-5)","background-image":"","background-repeat":"repeat","background-position":"center center","background-size":"auto","background-attachment":"scroll","background-type":"","background-media":"","overlay-type":"","overlay-color":"","overlay-opacity":"","overlay-gradient":""},"tablet":{"background-color":"var(--ast-global-color-5)","background-image":"","background-repeat":"repeat","background-position":"center center","background-size":"auto","background-attachment":"scroll","background-type":"","background-media":"","overlay-type":"","overlay-color":"","overlay-opacity":"","overlay-gradient":""},"mobile":{"background-color":"var(--ast-global-color-5)","background-image":"","background-repeat":"repeat","background-position":"center center","background-size":"auto","background-attachment":"scroll","background-type":"","background-media":"","overlay-type":"","overlay-color":"","overlay-opacity":"","overlay-gradient":""}}},"product_brand":[],"product_cat":[55],"product_tag":[58],"class_list":{"0":"post-2913","1":"product","2":"type-product","3":"status-publish","4":"has-post-thumbnail","6":"product_cat-free-weight-training","7":"product_tag-carry-bars","8":"desktop-align-left","9":"tablet-align-left","10":"mobile-align-left","12":"first","13":"instock","14":"shipping-taxable","15":"purchasable","16":"product-type-simple"},"_links":{"self":[{"href":"https:\/\/alexathletics1982.com\/es\/wp-json\/wp\/v2\/product\/2913","targetHints":{"allow":["GET"]}}],"collection":[{"href":"https:\/\/alexathletics1982.com\/es\/wp-json\/wp\/v2\/product"}],"about":[{"href":"https:\/\/alexathletics1982.com\/es\/wp-json\/wp\/v2\/types\/product"}],"replies":[{"embeddable":true,"href":"https:\/\/alexathletics1982.com\/es\/wp-json\/wp\/v2\/comments?post=2913"}],"wp:featuredmedia":[{"embeddable":true,"href":"https:\/\/alexathletics1982.com\/es\/wp-json\/wp\/v2\/media\/3212"}],"wp:attachment":[{"href":"https:\/\/alexathletics1982.com\/es\/wp-json\/wp\/v2\/media?parent=2913"}],"wp:term":[{"taxonomy":"product_brand","embeddable":true,"href":"https:\/\/alexathletics1982.com\/es\/wp-json\/wp\/v2\/product_brand?post=2913"},{"taxonomy":"product_cat","embeddable":true,"href":"https:\/\/alexathletics1982.com\/es\/wp-json\/wp\/v2\/product_cat?post=2913"},{"taxonomy":"product_tag","embeddable":true,"href":"https:\/\/alexathletics1982.com\/es\/wp-json\/wp\/v2\/product_tag?post=2913"}],"curies":[{"name":"wp","href":"https:\/\/api.w.org\/{rel}","templated":true}]}}