{"id":2918,"date":"2026-01-23T20:20:20","date_gmt":"2026-01-23T12:20:20","guid":{"rendered":"https:\/\/alexathletics1982.com\/?post_type=product&#038;p=2918"},"modified":"2026-04-08T23:03:32","modified_gmt":"2026-04-08T15:03:32","slug":"placa-tpu-4-agujeros","status":"publish","type":"product","link":"https:\/\/alexathletics1982.com\/es\/4-holes-tpu-plate\/","title":{"rendered":"Placa de TPU de 4 orificios"},"content":{"rendered":"<h2>La Evoluci\u00f3n Premium: Placa de TPU de 4 agujeros<\/h2>\n<p>En la jerarqu\u00eda de los platos de pesas, el TPU (poliuretano termopl\u00e1stico) representa el nivel superior, superando al caucho y al hierro tradicionales. El 4-Holes TPU Plate de Alex Athletics utiliza este avanzado material para crear el disco comercial definitivo. A diferencia del caucho, que puede degradarse, pelarse y emitir un fuerte olor qu\u00edmico con el tiempo, el TPU es inodoro, extremadamente duradero y resistente a la abrasi\u00f3n, al desgarro y a factores ambientales como la luz ultravioleta o los aceites. Mantiene su color vibrante y su integridad estructural durante a\u00f1os, lo que lo convierte en una inversi\u00f3n inteligente a largo plazo para instalaciones de gama alta. El revestimiento de TPU de alta densidad se adhiere firmemente al n\u00facleo de hierro fundido, proporcionando una capa absorbente de impactos que protege tanto la placa como el suelo de su gimnasio de da\u00f1os durante las ca\u00eddas.<\/p>\n<p>La funcionalidad se ve reforzada por el dise\u00f1o inteligente de agarre \u201c4-Holes\u201d. Los recortes sim\u00e9tricos permiten agarrar la placa desde cualquier \u00e1ngulo, lo que hace que el manejo, la carga y la descarga sean m\u00e1s seguros y eficientes que con las placas parachoques s\u00f3lidas. Este dise\u00f1o de agarre tambi\u00e9n permite utilizar las placas para ejercicios independientes como estocadas con peso o volantes. El orificio central cuenta con un anillo de acero de precisi\u00f3n (50,4~50,8 mm) que garantiza un deslizamiento suave sobre el manguito de la barra, evitando el \u201cpegado\u201d que puede ocurrir con los orificios de goma cruda. Disponibles en opciones codificadas por colores (gris, verde, amarillo, azul y rojo) correspondientes a incrementos de peso est\u00e1ndar, estas placas ofrecen una est\u00e9tica profesional y preparada para la competici\u00f3n con la durabilidad de la ingenier\u00eda industrial.<\/p>\n<h3>1. Material superior de TPU respetuoso con el medio ambiente<\/h3>\n<p>El TPU es el futuro de los aparatos de gimnasia. Es muy superior al caucho reciclado. Tiene <strong>sin olor<\/strong>, lo que supone una gran ventaja para los gimnasios dom\u00e9sticos m\u00e1s peque\u00f1os o los estudios sin ventilaci\u00f3n. Tambi\u00e9n es muy resistente a cortes, ara\u00f1azos e impactos. El TPU es un material ecol\u00f3gico cuya producci\u00f3n es m\u00e1s sostenible y dura m\u00e1s tiempo, lo que reduce los residuos.<\/p>\n<h3>2. Grip sim\u00e9trico de 4 agujeros<\/h3>\n<p>Manipular discos pesados puede resultar inc\u00f3modo. La disposici\u00f3n de 4 orificios garantiza que siempre haya un asa al alcance de la mano, independientemente de c\u00f3mo caiga el plato. Esto hace que sea f\u00e1cil de recoger plana desde el suelo, una frustraci\u00f3n com\u00fan con los platos de parachoques. Las empu\u00f1aduras ergon\u00f3micas permiten un transporte y una carga seguros.<\/p>\n<h3>3. Absorci\u00f3n de golpes y ruidos<\/h3>\n<p>El grueso revestimiento de TPU act\u00faa como amortiguador. Absorbe el ruido de los platos al chocar entre s\u00ed y el choque al colocar la barra en el suelo. Esto reduce los niveles de ruido en el gimnasio y protege el sustrato del suelo para que no se agriete. Tambi\u00e9n protege el n\u00facleo de hierro fundido de la oxidaci\u00f3n al sellarlo contra la humedad.<\/p>\n<h3>4. Anillo central de acero de precisi\u00f3n<\/h3>\n<p>Un inserto de acero inoxidable garantiza que el plato se deslice perfectamente sobre la barra. Evita que el material TPU se agarre al manguito de la barra, haciendo que los cambios de plato sean r\u00e1pidos y sin problemas. La tolerancia ajustada (50,4-50,8 mm) garantiza que el plato se asiente perfectamente en la barra con un bamboleo m\u00ednimo.<\/p>\n<h3>5. Codificaci\u00f3n profesional por colores<\/h3>\n<p>Disponibles en colores est\u00e1ndar (por ejemplo, rojo para 25 kg y azul para 20 kg), estos platos facilitan la identificaci\u00f3n de la carga en la barra desde lejos. Esta organizaci\u00f3n visual a\u00f1ade un aspecto profesional al gimnasio y ayuda a los atletas a calcular su peso con rapidez y precisi\u00f3n.<\/p>\n<h3>\u00bfA qui\u00e9n va dirigido?<\/h3>\n<ul style=\"list-style-position: inside; padding-left: 0;\">\n<li>Gimnasios comerciales y estudios boutique de primera calidad.<\/li>\n<li>Propietarios de gimnasios dom\u00e9sticos sensibles a los olores del caucho (el TPU es inodoro).<\/li>\n<li>Instalaciones que desean equipos duraderos y de bajo mantenimiento.<\/li>\n<li>Levantadores que aprecian la comodidad de las asas de agarre.<\/li>\n<li>Cualquiera que busque el revestimiento de mayor calidad disponible.<\/li>\n<\/ul>\n<h3>Especificaciones del producto<\/h3>\n<table border=\"1\" width=\"100%\" cellspacing=\"0\" cellpadding=\"5\">\n<tbody>\n<tr>\n<td><strong>Modelo<\/strong><\/td>\n<td>W02AD002<\/td>\n<\/tr>\n<tr>\n<td><strong>Material<\/strong><\/td>\n<td>N\u00facleo de hierro fundido, revestimiento de TPU<\/td>\n<\/tr>\n<tr>\n<td><strong>Agarre<\/strong><\/td>\n<td>4 orificios sim\u00e9tricos<\/td>\n<\/tr>\n<tr>\n<td><strong>Pesas<\/strong><\/td>\n<td>1,25, 2,5, 5, 10, 15, 20, 25 kg<\/td>\n<\/tr>\n<tr>\n<td><strong>Caracter\u00edstica<\/strong><\/td>\n<td>Inodoro, ultraduradero, codificado por colores<\/td>\n<\/tr>\n<\/tbody>\n<\/table>","protected":false},"excerpt":{"rendered":"<p>La placa de 4 agujeros TPU por Alex Athletics es la mejor opci\u00f3n para los gimnasios modernos. Hecho con poliuretano termopl\u00e1stico ecol\u00f3gico (TPU), estas placas son inodoras, altamente resistentes al desgarro y la abrasi\u00f3n, y duran m\u00e1s que el caucho tradicional. El dise\u00f1o inteligente de agarre de 4 orificios permite un f\u00e1cil manejo desde cualquier \u00e1ngulo, haciendo que la carga sea m\u00e1s segura y r\u00e1pida. Con un anillo central de acero para un deslizamiento suave y un c\u00f3digo de colores vibrantes para una f\u00e1cil identificaci\u00f3n, ofrecen una absorci\u00f3n de impactos superior y una est\u00e9tica profesional que resiste un uso comercial intensivo.<\/p>","protected":false},"featured_media":3633,"comment_status":"open","ping_status":"closed","template":"","meta":{"inline_featured_image":false,"site-sidebar-layout":"default","site-content-layout":"","ast-site-content-layout":"default","site-content-style":"default","site-sidebar-style":"default","ast-global-header-display":"","ast-banner-title-visibility":"","ast-main-header-display":"","ast-hfb-above-header-display":"","ast-hfb-below-header-display":"","ast-hfb-mobile-header-display":"","site-post-title":"","ast-breadcrumbs-content":"","ast-featured-img":"","footer-sml-layout":"","ast-disable-related-posts":"","theme-transparent-header-meta":"default","adv-header-id-meta":"","stick-header-meta":"default","header-above-stick-meta":"","header-main-stick-meta":"","header-below-stick-meta":"","astra-migrate-meta-layouts":"set","ast-page-background-enabled":"default","ast-page-background-meta":{"desktop":{"background-color":"","background-image":"","background-repeat":"repeat","background-position":"center center","background-size":"auto","background-attachment":"scroll","background-type":"","background-media":"","overlay-type":"","overlay-color":"","overlay-opacity":"","overlay-gradient":""},"tablet":{"background-color":"","background-image":"","background-repeat":"repeat","background-position":"center center","background-size":"auto","background-attachment":"scroll","background-type":"","background-media":"","overlay-type":"","overlay-color":"","overlay-opacity":"","overlay-gradient":""},"mobile":{"background-color":"","background-image":"","background-repeat":"repeat","background-position":"center center","background-size":"auto","background-attachment":"scroll","background-type":"","background-media":"","overlay-type":"","overlay-color":"","overlay-opacity":"","overlay-gradient":""}},"ast-content-background-meta":{"desktop":{"background-color":"var(--ast-global-color-5)","background-image":"","background-repeat":"repeat","background-position":"center center","background-size":"auto","background-attachment":"scroll","background-type":"","background-media":"","overlay-type":"","overlay-color":"","overlay-opacity":"","overlay-gradient":""},"tablet":{"background-color":"var(--ast-global-color-5)","background-image":"","background-repeat":"repeat","background-position":"center center","background-size":"auto","background-attachment":"scroll","background-type":"","background-media":"","overlay-type":"","overlay-color":"","overlay-opacity":"","overlay-gradient":""},"mobile":{"background-color":"var(--ast-global-color-5)","background-image":"","background-repeat":"repeat","background-position":"center center","background-size":"auto","background-attachment":"scroll","background-type":"","background-media":"","overlay-type":"","overlay-color":"","overlay-opacity":"","overlay-gradient":""}}},"product_brand":[],"product_cat":[55],"product_tag":[59],"class_list":{"0":"post-2918","1":"product","2":"type-product","3":"status-publish","4":"has-post-thumbnail","6":"product_cat-free-weight-training","7":"product_tag-plate","8":"desktop-align-left","9":"tablet-align-left","10":"mobile-align-left","12":"first","13":"instock","14":"shipping-taxable","15":"purchasable","16":"product-type-simple"},"_links":{"self":[{"href":"https:\/\/alexathletics1982.com\/es\/wp-json\/wp\/v2\/product\/2918","targetHints":{"allow":["GET"]}}],"collection":[{"href":"https:\/\/alexathletics1982.com\/es\/wp-json\/wp\/v2\/product"}],"about":[{"href":"https:\/\/alexathletics1982.com\/es\/wp-json\/wp\/v2\/types\/product"}],"replies":[{"embeddable":true,"href":"https:\/\/alexathletics1982.com\/es\/wp-json\/wp\/v2\/comments?post=2918"}],"wp:featuredmedia":[{"embeddable":true,"href":"https:\/\/alexathletics1982.com\/es\/wp-json\/wp\/v2\/media\/3633"}],"wp:attachment":[{"href":"https:\/\/alexathletics1982.com\/es\/wp-json\/wp\/v2\/media?parent=2918"}],"wp:term":[{"taxonomy":"product_brand","embeddable":true,"href":"https:\/\/alexathletics1982.com\/es\/wp-json\/wp\/v2\/product_brand?post=2918"},{"taxonomy":"product_cat","embeddable":true,"href":"https:\/\/alexathletics1982.com\/es\/wp-json\/wp\/v2\/product_cat?post=2918"},{"taxonomy":"product_tag","embeddable":true,"href":"https:\/\/alexathletics1982.com\/es\/wp-json\/wp\/v2\/product_tag?post=2918"}],"curies":[{"name":"wp","href":"https:\/\/api.w.org\/{rel}","templated":true}]}}