{"id":2921,"date":"2026-01-23T20:20:20","date_gmt":"2026-01-23T12:20:20","guid":{"rendered":"https:\/\/alexathletics1982.com\/?post_type=product&#038;p=2921"},"modified":"2026-04-08T23:13:45","modified_gmt":"2026-04-08T15:13:45","slug":"placa-calibrada","status":"publish","type":"product","link":"https:\/\/alexathletics1982.com\/es\/calibrated-plate\/","title":{"rendered":"Placa calibrada"},"content":{"rendered":"<h2>El patr\u00f3n oro de la precisi\u00f3n: Plato Calibrado de Powerlifting<\/h2>\n<p>En el deporte del Powerlifting, la precisi\u00f3n lo es todo. El Calibrated Plate de Alex Athletics est\u00e1 dise\u00f1ado para atletas que exigen que 25kg signifiquen exactamente 25kg. A diferencia de las placas de hierro fundido est\u00e1ndar que pueden variar en varios por ciento, estos discos listos para la competici\u00f3n se mecanizan con una tolerancia ultra-apretada de \u00b1 10 gramos (o \u00b1 0,25%). Esta precisi\u00f3n se consigue mediante tapones de calibraci\u00f3n insertados en la parte posterior de la placa, lo que garantiza un equilibrio y una precisi\u00f3n de peso perfectos. Esta fiabilidad permite a los levantadores de \u00e9lite confiar impl\u00edcitamente en sus n\u00fameros, ya est\u00e9n entrenando para un R\u00e9cord Mundial o probando su 1RM en el gimnasio. El uso de platos calibrados elimina la variable de platos \u201cpesados\u201d o \u201cligeros\u201d, estandarizando su entorno de entrenamiento para que coincida con la plataforma de competici\u00f3n.<\/p>\n<p>M\u00e1s all\u00e1 de la precisi\u00f3n, el perfil f\u00edsico de estos platos cambia las reglas del juego. Presentan un dise\u00f1o ultrafino que permite la m\u00e1xima capacidad de carga en el manguito de la barra, algo esencial para sentadillas y levantadores de peso muerto que mueven 300 kg o m\u00e1s. Este perfil delgado mantiene el peso concentrado m\u00e1s cerca del centro de la barra, reduciendo el latigazo de la barra y mejorando la estabilidad. Los platos est\u00e1n acabados con un duradero recubrimiento en polvo mate y codificados por colores seg\u00fan los est\u00e1ndares de la IPF (rojo para 25 kg, azul para 20 kg, etc.) para una identificaci\u00f3n instant\u00e1nea. El orificio central est\u00e1 perforado con precisi\u00f3n a 50,4 mm para un ajuste firme y sin holguras en la barra, creando una unidad s\u00f3lida y cohesiva cuando se carga. Para el atleta de fuerza serio, el plato calibrado no es un lujo; es una necesidad.<\/p>\n<h3>1. Calibraci\u00f3n de precisi\u00f3n (\u00b110g)<\/h3>\n<p>Cada placa se ajusta para que est\u00e9 dentro de los 10 gramos de su peso declarado. Esto se consigue taladrando el exceso de material o a\u00f1adiendo tapones de plomo\/lat\u00f3n en la cara posterior. Este nivel de precisi\u00f3n es cr\u00edtico para la preparaci\u00f3n de la competici\u00f3n, asegurando que sus cargas de entrenamiento son honestas y consistentes. Elimina la discrepancia entre \u201cPR de gimnasio\u201d y \u201cPR de plataforma\u201d causada por pesos inexactos.<\/p>\n<h3>2. Perfil de carga ultrafino<\/h3>\n<p>El espacio en la barra es precioso. Estos platos son significativamente m\u00e1s finos que los platos est\u00e1ndar de hierro o de parachoques. Por ejemplo, un plato de 25 kg es muy fino en comparaci\u00f3n con un parachoques de 25 kg. Esto le permite cargar m\u00e1s de 700 kg en una barra est\u00e1ndar, dando cabida a los levantadores m\u00e1s fuertes del mundo. Tambi\u00e9n reduce el brazo de palanca en la manga, haciendo que la barra se sienta m\u00e1s r\u00edgida y con mayor capacidad de respuesta.<\/p>\n<h3>3. C\u00f3digo de colores est\u00e1ndar de la IPF<\/h3>\n<p>La visualizaci\u00f3n de la carga es instant\u00e1nea. Los platos est\u00e1n pintados en colores est\u00e1ndar de Powerlifting: Rojo (25kg), Azul (20kg), Amarillo (15kg), Verde (10kg), y Blanco\/Negro para los platos de cambio m\u00e1s peque\u00f1os. Este lenguaje universal hace que la carga de la barra sea m\u00e1s r\u00e1pida y reduce los errores matem\u00e1ticos durante las sesiones intensas. El recubrimiento en polvo de alta calidad resiste el desconchado y la decoloraci\u00f3n.<\/p>\n<h3>4. Di\u00e1metro central ajustado de 50,4 mm<\/h3>\n<p>Las placas sueltas provocan traqueteo e inestabilidad. Estas placas cuentan con un estricto 50,4 mm de apertura del agujero central. Se trata de una tolerancia mucho m\u00e1s ajustada que los platos de gimnasia est\u00e1ndar de 51 mm. El resultado es un ajuste perfecto en el manguito de la barra pr\u00e1cticamente sin holgura. Al levantar, la barra y los platos se mueven como un objeto s\u00f3lido, proporcionando una sensaci\u00f3n superior.<\/p>\n<h3>5. Dise\u00f1o de cu\u00f1a de agarre<\/h3>\n<p>Aunque son s\u00f3lidos, los platos presentan un reborde o saliente elevado alrededor de la circunferencia. Este sutil elemento de dise\u00f1o permite sujetar los platos con los dedos, facilitando su separaci\u00f3n cuando est\u00e1n apilados en el suelo o apretados unos contra otros en la barra. Mejora la seguridad de manejo sin sacrificar el perfil delgado.<\/p>\n<h3>\u00bfA qui\u00e9n va dirigido?<\/h3>\n<ul style=\"list-style-position: inside; padding-left: 0;\">\n<li>Powerlifters de competici\u00f3n (especificaciones USAPL\/IPF).<\/li>\n<li>Entrenadores de fuerza que exigen cargas de precisi\u00f3n.<\/li>\n<li>Gimnasios equipados con bastidores combinados de competici\u00f3n.<\/li>\n<li>Atletas de \u00e9lite que levantan m\u00e1s de 300 kg.<\/li>\n<li>Propietarios de gimnasios dom\u00e9sticos que desean la mejor calidad.<\/li>\n<\/ul>\n<h3>Especificaciones del producto<\/h3>\n<table border=\"1\" width=\"100%\" cellspacing=\"0\" cellpadding=\"5\">\n<tbody>\n<tr>\n<td><strong>Modelo<\/strong><\/td>\n<td>W02BF017<\/td>\n<\/tr>\n<tr>\n<td><strong>Material<\/strong><\/td>\n<td>Hierro fundido<\/td>\n<\/tr>\n<tr>\n<td><strong>Tolerancia<\/strong><\/td>\n<td>\u00b1 10 gramos \/ 0,25%<\/td>\n<\/tr>\n<tr>\n<td><strong>Agujero central<\/strong><\/td>\n<td>50,4 ~ 50,8 mm<\/td>\n<\/tr>\n<tr>\n<td><strong>Acabado<\/strong><\/td>\n<td>Pintura en polvo mate (c\u00f3digo de colores)<\/td>\n<\/tr>\n<\/tbody>\n<\/table>","protected":false},"excerpt":{"rendered":"<p>El plato calibrado de Alex Athletics es la \u00faltima herramienta de precisi\u00f3n para powerlifting. Mecanizados con una tolerancia exacta de \u00b110g, estos platos garantizan que su peso de entrenamiento sea exacto al gramo. Su perfil ultra-delgado permite la m\u00e1xima capacidad de carga en la barra, esencial para los niveles de fuerza de \u00e9lite. Con el c\u00f3digo de colores est\u00e1ndar de la IPF y un orificio central ajustado para evitar el bamboleo, proporcionan la estabilidad y la consistencia necesarias para la preparaci\u00f3n de competiciones. Duraderas, precisas y profesionales.<\/p>","protected":false},"featured_media":3228,"comment_status":"open","ping_status":"closed","template":"","meta":{"inline_featured_image":false,"site-sidebar-layout":"default","site-content-layout":"","ast-site-content-layout":"default","site-content-style":"default","site-sidebar-style":"default","ast-global-header-display":"","ast-banner-title-visibility":"","ast-main-header-display":"","ast-hfb-above-header-display":"","ast-hfb-below-header-display":"","ast-hfb-mobile-header-display":"","site-post-title":"","ast-breadcrumbs-content":"","ast-featured-img":"","footer-sml-layout":"","ast-disable-related-posts":"","theme-transparent-header-meta":"default","adv-header-id-meta":"","stick-header-meta":"default","header-above-stick-meta":"","header-main-stick-meta":"","header-below-stick-meta":"","astra-migrate-meta-layouts":"set","ast-page-background-enabled":"default","ast-page-background-meta":{"desktop":{"background-color":"","background-image":"","background-repeat":"repeat","background-position":"center center","background-size":"auto","background-attachment":"scroll","background-type":"","background-media":"","overlay-type":"","overlay-color":"","overlay-opacity":"","overlay-gradient":""},"tablet":{"background-color":"","background-image":"","background-repeat":"repeat","background-position":"center center","background-size":"auto","background-attachment":"scroll","background-type":"","background-media":"","overlay-type":"","overlay-color":"","overlay-opacity":"","overlay-gradient":""},"mobile":{"background-color":"","background-image":"","background-repeat":"repeat","background-position":"center center","background-size":"auto","background-attachment":"scroll","background-type":"","background-media":"","overlay-type":"","overlay-color":"","overlay-opacity":"","overlay-gradient":""}},"ast-content-background-meta":{"desktop":{"background-color":"var(--ast-global-color-5)","background-image":"","background-repeat":"repeat","background-position":"center center","background-size":"auto","background-attachment":"scroll","background-type":"","background-media":"","overlay-type":"","overlay-color":"","overlay-opacity":"","overlay-gradient":""},"tablet":{"background-color":"var(--ast-global-color-5)","background-image":"","background-repeat":"repeat","background-position":"center center","background-size":"auto","background-attachment":"scroll","background-type":"","background-media":"","overlay-type":"","overlay-color":"","overlay-opacity":"","overlay-gradient":""},"mobile":{"background-color":"var(--ast-global-color-5)","background-image":"","background-repeat":"repeat","background-position":"center center","background-size":"auto","background-attachment":"scroll","background-type":"","background-media":"","overlay-type":"","overlay-color":"","overlay-opacity":"","overlay-gradient":""}}},"product_brand":[],"product_cat":[55],"product_tag":[59],"class_list":{"0":"post-2921","1":"product","2":"type-product","3":"status-publish","4":"has-post-thumbnail","6":"product_cat-free-weight-training","7":"product_tag-plate","8":"desktop-align-left","9":"tablet-align-left","10":"mobile-align-left","12":"first","13":"instock","14":"shipping-taxable","15":"purchasable","16":"product-type-simple"},"_links":{"self":[{"href":"https:\/\/alexathletics1982.com\/es\/wp-json\/wp\/v2\/product\/2921","targetHints":{"allow":["GET"]}}],"collection":[{"href":"https:\/\/alexathletics1982.com\/es\/wp-json\/wp\/v2\/product"}],"about":[{"href":"https:\/\/alexathletics1982.com\/es\/wp-json\/wp\/v2\/types\/product"}],"replies":[{"embeddable":true,"href":"https:\/\/alexathletics1982.com\/es\/wp-json\/wp\/v2\/comments?post=2921"}],"wp:featuredmedia":[{"embeddable":true,"href":"https:\/\/alexathletics1982.com\/es\/wp-json\/wp\/v2\/media\/3228"}],"wp:attachment":[{"href":"https:\/\/alexathletics1982.com\/es\/wp-json\/wp\/v2\/media?parent=2921"}],"wp:term":[{"taxonomy":"product_brand","embeddable":true,"href":"https:\/\/alexathletics1982.com\/es\/wp-json\/wp\/v2\/product_brand?post=2921"},{"taxonomy":"product_cat","embeddable":true,"href":"https:\/\/alexathletics1982.com\/es\/wp-json\/wp\/v2\/product_cat?post=2921"},{"taxonomy":"product_tag","embeddable":true,"href":"https:\/\/alexathletics1982.com\/es\/wp-json\/wp\/v2\/product_tag?post=2921"}],"curies":[{"name":"wp","href":"https:\/\/api.w.org\/{rel}","templated":true}]}}