{"id":2928,"date":"2026-01-23T20:20:20","date_gmt":"2026-01-23T12:20:20","guid":{"rendered":"https:\/\/alexathletics1982.com\/?post_type=product&#038;p=2928"},"modified":"2026-04-08T23:31:32","modified_gmt":"2026-04-08T15:31:32","slug":"mancuerna-tpu-110kg","status":"publish","type":"product","link":"https:\/\/alexathletics1982.com\/es\/tpu-110kg-dumbbell\/","title":{"rendered":"Mancuerna TPU 1~10kg (Impresi\u00f3n UV)"},"content":{"rendered":"<h2>El est\u00e1ndar moderno: Mancuerna TPU 1~10kg<\/h2>\n<p>En la evoluci\u00f3n de las pesas libres, el TPU (poliuretano termopl\u00e1stico) ha surgido como la opci\u00f3n de material superior, superando al caucho tradicional en casi todas las m\u00e9tricas. La mancuerna TPU (1~10kg) de Alex Athletics utiliza este pol\u00edmero avanzado para crear una herramienta de calidad comercial que es inodora, de color inalterable e incre\u00edblemente duradera. A diferencia del caucho, que puede degradarse, oler y pelarse con el tiempo, el TPU es qu\u00edmicamente inerte y altamente resistente a la abrasi\u00f3n, los desgarros y los aceites. Esto garantiza que las mancuernas mantengan su aspecto impecable y su integridad estructural incluso en entornos de gimnasio muy transitados. Las cabezas son compactas y est\u00e1n firmemente adheridas al mango, lo que proporciona una soluci\u00f3n sin mantenimiento que nunca requiere apriete.<\/p>\n<p>La interfaz de usuario es un mango de acero macizo de 31 mm de di\u00e1metro. Este grosor proporciona un agarre sustancial y c\u00f3modo que llena la mano, reduciendo la fatiga durante las series de altas repeticiones. La empu\u00f1adura presenta una textura t\u00e1ctil (o un revestimiento de TPU en funci\u00f3n de los detalles espec\u00edficos de la variante, pero normalmente es moleteada o texturizada para el agarre) que garantiza el control durante las flexiones, las prensas y las extensiones. Disponibles en una gama de pesos de 1 kg a 10 kg, estas mancuernas son perfectas para trabajos de resistencia ligera, rehabilitaci\u00f3n, tonificaci\u00f3n aer\u00f3bica y series de descenso. La capacidad de impresi\u00f3n UV permite marcas de peso n\u00edtidas y claras o la marca que no se desvanecen. Para estudios y gimnasios dom\u00e9sticos que exigen limpieza y longevidad, el TPU es el est\u00e1ndar de oro.<\/p>\n<h3>1. Material TPU de primera calidad<\/h3>\n<p>El poliuretano termopl\u00e1stico (TPU) es el futuro del revestimiento de mancuernas. Es completamente inodoro, lo que lo hace perfecto para gimnasios dom\u00e9sticos o peque\u00f1os estudios donde el olor a goma puede ser abrumador. Tambi\u00e9n es m\u00e1s duro y el\u00e1stico que el caucho, ya que resiste cortes, ara\u00f1azos y da\u00f1os por impacto en caso de ca\u00edda.<\/p>\n<h3>2. Empu\u00f1adura ergon\u00f3mica de 31 mm<\/h3>\n<p>El di\u00e1metro de la empu\u00f1adura est\u00e1 optimizado en 31 mm. Esto es ligeramente m\u00e1s grueso que los mangos est\u00e1ndar de 25 mm, ofreciendo una mejor ergonom\u00eda para la fuerza de agarre y comodidad. Evita que la mano se acalambre durante las series largas y proporciona una plataforma s\u00f3lida para los movimientos de empuje.<\/p>\n<h3>3. Durabilidad sin mantenimiento<\/h3>\n<p>Se trata de mancuernas fijas. Las cabezas est\u00e1n unidas permanentemente al mango, lo que elimina la molestia de los platos sueltos o los collares giratorios. El revestimiento de TPU protege el suelo de da\u00f1os en caso de ca\u00edda y protege la propia mancuerna de la oxidaci\u00f3n y el desgaste.<\/p>\n<h3>4. Dise\u00f1o compacto del cabezal<\/h3>\n<p>Como el TPU es denso y resistente, las cabezas de las mancuernas pueden hacerse compactas. Esto permite una mayor amplitud de movimiento, ya que es menos probable que las mancuernas choquen entre s\u00ed en la parte superior de un press de pecho o press de hombros. Tambi\u00e9n facilita el control y el almacenamiento de las pesas.<\/p>\n<h3>5. Marcas impresas UV<\/h3>\n<p>Los indicadores de peso se aplican mediante impresi\u00f3n UV avanzada. Esto garantiza que los n\u00fameros sean n\u00edtidos, legibles y resistentes a la decoloraci\u00f3n o al roce con el paso del tiempo. A\u00f1ade al equipo un acabado profesional de gama alta que es se\u00f1al de calidad.<\/p>\n<h3>\u00bfA qui\u00e9n va dirigido?<\/h3>\n<ul style=\"list-style-position: inside; padding-left: 0;\">\n<li>Gimnasios boutique y hoteles de lujo.<\/li>\n<li>Propietarios de gimnasios dom\u00e9sticos sensibles a los olores del caucho.<\/li>\n<li>Entrenadores personales que necesitan equipos duraderos y de aspecto limpio.<\/li>\n<li>Centros de rehabilitaci\u00f3n que requieren pesas ligeras y f\u00e1ciles de manejar.<\/li>\n<li>Cualquiera que quiera un set de mancuernas fijas \u201cc\u00f3mpralo para toda la vida\u201d.<\/li>\n<\/ul>\n<h3>Especificaciones del producto<\/h3>\n<table border=\"1\" width=\"100%\" cellspacing=\"0\" cellpadding=\"5\">\n<tbody>\n<tr>\n<td><strong>Modelo<\/strong><\/td>\n<td>W03AA013<\/td>\n<\/tr>\n<tr>\n<td><strong>Material<\/strong><\/td>\n<td>Acero, revestimiento de TPU<\/td>\n<\/tr>\n<tr>\n<td><strong>Mango Dia.<\/strong><\/td>\n<td>31 mm<\/td>\n<\/tr>\n<tr>\n<td><strong>Gama de pesos<\/strong><\/td>\n<td>1 ~ 10 kg (incremento de 1 kg)<\/td>\n<\/tr>\n<tr>\n<td><strong>Caracter\u00edstica<\/strong><\/td>\n<td>Inodoro, impresi\u00f3n UV<\/td>\n<\/tr>\n<\/tbody>\n<\/table>","protected":false},"excerpt":{"rendered":"<p>La mancuerna TPU de Alex Athletics establece un nuevo est\u00e1ndar de durabilidad e higiene. Fabricadas con poliuretano termopl\u00e1stico avanzado (TPU), estas mancuernas fijas son inodoras, ultrarresistentes a la abrasi\u00f3n y mantienen su color mejor que el caucho. Con un c\u00f3modo agarre de 31 mm y cabezas compactas, son ideales para el entrenamiento de alta repetici\u00f3n y el uso en estudio. Las marcas de peso impresas con UV garantizan una legibilidad duradera. Perfectos para gimnasios dom\u00e9sticos de lujo e instalaciones comerciales que exigen lo mejor.<\/p>","protected":false},"featured_media":3484,"comment_status":"open","ping_status":"closed","template":"","meta":{"inline_featured_image":false,"site-sidebar-layout":"default","site-content-layout":"","ast-site-content-layout":"default","site-content-style":"default","site-sidebar-style":"default","ast-global-header-display":"","ast-banner-title-visibility":"","ast-main-header-display":"","ast-hfb-above-header-display":"","ast-hfb-below-header-display":"","ast-hfb-mobile-header-display":"","site-post-title":"","ast-breadcrumbs-content":"","ast-featured-img":"","footer-sml-layout":"","ast-disable-related-posts":"","theme-transparent-header-meta":"default","adv-header-id-meta":"","stick-header-meta":"default","header-above-stick-meta":"","header-main-stick-meta":"","header-below-stick-meta":"","astra-migrate-meta-layouts":"set","ast-page-background-enabled":"default","ast-page-background-meta":{"desktop":{"background-color":"","background-image":"","background-repeat":"repeat","background-position":"center center","background-size":"auto","background-attachment":"scroll","background-type":"","background-media":"","overlay-type":"","overlay-color":"","overlay-opacity":"","overlay-gradient":""},"tablet":{"background-color":"","background-image":"","background-repeat":"repeat","background-position":"center center","background-size":"auto","background-attachment":"scroll","background-type":"","background-media":"","overlay-type":"","overlay-color":"","overlay-opacity":"","overlay-gradient":""},"mobile":{"background-color":"","background-image":"","background-repeat":"repeat","background-position":"center center","background-size":"auto","background-attachment":"scroll","background-type":"","background-media":"","overlay-type":"","overlay-color":"","overlay-opacity":"","overlay-gradient":""}},"ast-content-background-meta":{"desktop":{"background-color":"var(--ast-global-color-5)","background-image":"","background-repeat":"repeat","background-position":"center center","background-size":"auto","background-attachment":"scroll","background-type":"","background-media":"","overlay-type":"","overlay-color":"","overlay-opacity":"","overlay-gradient":""},"tablet":{"background-color":"var(--ast-global-color-5)","background-image":"","background-repeat":"repeat","background-position":"center center","background-size":"auto","background-attachment":"scroll","background-type":"","background-media":"","overlay-type":"","overlay-color":"","overlay-opacity":"","overlay-gradient":""},"mobile":{"background-color":"var(--ast-global-color-5)","background-image":"","background-repeat":"repeat","background-position":"center center","background-size":"auto","background-attachment":"scroll","background-type":"","background-media":"","overlay-type":"","overlay-color":"","overlay-opacity":"","overlay-gradient":""}}},"product_brand":[],"product_cat":[55],"product_tag":[60],"class_list":{"0":"post-2928","1":"product","2":"type-product","3":"status-publish","4":"has-post-thumbnail","6":"product_cat-free-weight-training","7":"product_tag-dumbbell","8":"desktop-align-left","9":"tablet-align-left","10":"mobile-align-left","12":"first","13":"instock","14":"shipping-taxable","15":"purchasable","16":"product-type-simple"},"_links":{"self":[{"href":"https:\/\/alexathletics1982.com\/es\/wp-json\/wp\/v2\/product\/2928","targetHints":{"allow":["GET"]}}],"collection":[{"href":"https:\/\/alexathletics1982.com\/es\/wp-json\/wp\/v2\/product"}],"about":[{"href":"https:\/\/alexathletics1982.com\/es\/wp-json\/wp\/v2\/types\/product"}],"replies":[{"embeddable":true,"href":"https:\/\/alexathletics1982.com\/es\/wp-json\/wp\/v2\/comments?post=2928"}],"wp:featuredmedia":[{"embeddable":true,"href":"https:\/\/alexathletics1982.com\/es\/wp-json\/wp\/v2\/media\/3484"}],"wp:attachment":[{"href":"https:\/\/alexathletics1982.com\/es\/wp-json\/wp\/v2\/media?parent=2928"}],"wp:term":[{"taxonomy":"product_brand","embeddable":true,"href":"https:\/\/alexathletics1982.com\/es\/wp-json\/wp\/v2\/product_brand?post=2928"},{"taxonomy":"product_cat","embeddable":true,"href":"https:\/\/alexathletics1982.com\/es\/wp-json\/wp\/v2\/product_cat?post=2928"},{"taxonomy":"product_tag","embeddable":true,"href":"https:\/\/alexathletics1982.com\/es\/wp-json\/wp\/v2\/product_tag?post=2928"}],"curies":[{"name":"wp","href":"https:\/\/api.w.org\/{rel}","templated":true}]}}