{"id":2929,"date":"2026-01-23T20:20:20","date_gmt":"2026-01-23T12:20:20","guid":{"rendered":"https:\/\/alexathletics1982.com\/?post_type=product&#038;p=2929"},"modified":"2026-04-08T23:46:19","modified_gmt":"2026-04-08T15:46:19","slug":"dodecagon-cpu-mancuerna-recubierta-impresion-uv","status":"publish","type":"product","link":"https:\/\/alexathletics1982.com\/es\/dodecagon-cpu-coated-dumbbell-uv-printing\/","title":{"rendered":"Mancuerna con revestimiento de CPU Dodecagon (impresi\u00f3n UV)"},"content":{"rendered":"<h2>El \u00faltimo peso pesado: Mancuerna recubierta de CPU Dodecagon<\/h2>\n<p>Para el levantamiento de cargas pesadas, la durabilidad y la estabilidad no son negociables. La mancuerna Dodecagon CPU Coated de Alex Athletics representa el pin\u00e1culo del dise\u00f1o de peso libre de alta resistencia. CPU\u201c significa \u201dCast Polyurethane\u201c, el grado m\u00e1s alto de uretano disponible. Es significativamente m\u00e1s duro que el TPU o el caucho, ofreciendo una resistencia sin igual al corte, al impacto y a la hidr\u00f3lisis (descomposici\u00f3n por la humedad). Esto hace que estas mancuernas sean pr\u00e1cticamente indestructibles, capaces de soportar el abuso de una sala de pesas comercial durante d\u00e9cadas. La forma \u00fanica de la cabeza \u201dDodec\u00e1gono\" (12 lados) es una innovaci\u00f3n funcional brillante. Proporciona la estabilidad antivuelco de una mancuerna hexagonal con la comodidad y el perfil sin enganches de una mancuerna redonda. Puede colocarlas en el suelo entre series con la seguridad de que no rodar\u00e1n, pero sus m\u00faltiples facetas permiten un contacto m\u00e1s suave con los muslos durante la preparaci\u00f3n para presses pesados.<\/p>\n<p>El mango es una obra maestra de la ingenier\u00eda: un eje de acero macizo acabado en cromo duro. Este revestimiento es ultraduradero y resistente a la oxidaci\u00f3n. El moleteado es preciso y adherente, lo que garantiza un agarre seguro incluso al manipular los enormes pesos de 50 kg. La conexi\u00f3n entre el cabezal de la CPU y el mango est\u00e1 bloqueada mec\u00e1nicamente y unida qu\u00edmicamente, lo que garantiza que no se separe. Con una gama de pesos que va desde los 2 kg hasta los 50 kg, estas mancuernas est\u00e1n dise\u00f1adas para el entrenamiento de fuerza serio: press de pecho, remo, estocada y arrancada. Ofrecen el aspecto, la sensaci\u00f3n y el rendimiento profesionales de los mejores gimnasios del mundo.<\/p>\n<h3>1. Elite CPU (uretano fundido) Material<\/h3>\n<p>La CPU es el rey de los materiales. Es m\u00e1s duro, m\u00e1s denso y m\u00e1s duradero que el caucho o el uretano est\u00e1ndar. No se agrieta, pela ni decolora. No huele. Y lo que es m\u00e1s importante, protege el resto de su equipo; no deja marcas en los bancos ni en el suelo como ocurre con el caucho negro. Es una inversi\u00f3n en permanencia.<\/p>\n<h3>2. Dise\u00f1o antivuelco de 12 caras<\/h3>\n<p>La forma de dodec\u00e1gono ofrece lo mejor de ambos mundos. No rodar\u00e1 como una mancuerna redonda, lo que es un peligro para la seguridad en un gimnasio concurrido. Sin embargo, los \u00e1ngulos son lo suficientemente obtusos como para no tener los bordes afilados e inc\u00f3modos de una mancuerna hexagonal. Se asienta c\u00f3modamente sobre los muslos antes de levantarse para hacer press de banca.<\/p>\n<h3>3. Mango moleteado de cromo duro<\/h3>\n<p>La interfaz es crucial. El mango tiene un di\u00e1metro de 32 mm (t\u00edpico de las campanas pesadas) con un acabado de cromo duro. Se trata del chapado m\u00e1s duradero disponible, resistente a la corrosi\u00f3n del sudor y la tiza. El moleteado es lo suficientemente agresivo para un agarre pesado de deadlift, pero lo suficientemente refinado para no desgarrar la piel.<\/p>\n<h3>4. Capacidad para grandes pesos (hasta 50 kg)<\/h3>\n<p>Esta serie est\u00e1 dise\u00f1ada para la fuerza. Con un peso de hasta 50 kg, se adapta a los levantadores de \u00e9lite. El material de la CPU permite que las cabezas se mantengan relativamente compactas incluso con grandes pesos, manteniendo el centro de gravedad ajustado y la mancuerna manejable durante movimientos como el press de hombros.<\/p>\n<h3>5. Ejercicios de estabilidad en el suelo<\/h3>\n<p>Las facetas planas de la cabeza de 12 lados hacen que estas mancuernas sean excelentes para ejercicios desde el suelo, como las filas de renegado o las flexiones. Proporcionan una plataforma estable que no se tambalea ni se retuerce con el peso, lo que a\u00f1ade versatilidad al entrenamiento funcional.<\/p>\n<h3>\u00bfA qui\u00e9n va dirigido?<\/h3>\n<ul style=\"list-style-position: inside; padding-left: 0;\">\n<li>Gimnasios comerciales que requieren equipos \u201ca prueba de bombas\u201d.<\/li>\n<li>Levantadores de pesas y culturistas serios.<\/li>\n<li>Instalaciones que desean una est\u00e9tica premium y uniforme.<\/li>\n<li>Propietarios de gimnasios dom\u00e9sticos que quieren comprar mancuernas una vez y nunca m\u00e1s.<\/li>\n<li>Atletas haciendo pesas con mancuernas.<\/li>\n<\/ul>\n<h3>Especificaciones del producto<\/h3>\n<table border=\"1\" width=\"100%\" cellspacing=\"0\" cellpadding=\"5\">\n<tbody>\n<tr>\n<td><strong>Modelo<\/strong><\/td>\n<td>W03AC005<\/td>\n<\/tr>\n<tr>\n<td><strong>Material<\/strong><\/td>\n<td>Acero, CPU (poliuretano fundido)<\/td>\n<\/tr>\n<tr>\n<td><strong>Forma<\/strong><\/td>\n<td>Dodec\u00e1gono (12 caras)<\/td>\n<\/tr>\n<tr>\n<td><strong>Mango<\/strong><\/td>\n<td>Cromo duro, moleteado (\u00d8 32 mm)<\/td>\n<\/tr>\n<tr>\n<td><strong>Gama de pesos<\/strong><\/td>\n<td>2 ~ 50 kg<\/td>\n<\/tr>\n<\/tbody>\n<\/table>","protected":false},"excerpt":{"rendered":"<p>La mancuerna Dodecagon con revestimiento de CPU de Alex Athletics es lo \u00faltimo en pesas libres de calidad comercial. Revestida de poliuretano fundido de \u00e9lite (CPU), ofrece una durabilidad inigualable, resistente a cortes, peladuras y olores. El innovador dise\u00f1o de 12 lados evita que ruede para mayor seguridad, al tiempo que ofrece un perfil c\u00f3modo para levantar cargas pesadas. Con un mango moleteado de cromo duro para un agarre seguro, esta serie alcanza hasta 50 kg, lo que la hace perfecta para el entrenamiento de fuerza serio en instalaciones profesionales y gimnasios dom\u00e9sticos de primera calidad.<\/p>","protected":false},"featured_media":3664,"comment_status":"open","ping_status":"closed","template":"","meta":{"inline_featured_image":false,"site-sidebar-layout":"default","site-content-layout":"","ast-site-content-layout":"default","site-content-style":"default","site-sidebar-style":"default","ast-global-header-display":"","ast-banner-title-visibility":"","ast-main-header-display":"","ast-hfb-above-header-display":"","ast-hfb-below-header-display":"","ast-hfb-mobile-header-display":"","site-post-title":"","ast-breadcrumbs-content":"","ast-featured-img":"","footer-sml-layout":"","ast-disable-related-posts":"","theme-transparent-header-meta":"default","adv-header-id-meta":"","stick-header-meta":"default","header-above-stick-meta":"","header-main-stick-meta":"","header-below-stick-meta":"","astra-migrate-meta-layouts":"set","ast-page-background-enabled":"default","ast-page-background-meta":{"desktop":{"background-color":"","background-image":"","background-repeat":"repeat","background-position":"center center","background-size":"auto","background-attachment":"scroll","background-type":"","background-media":"","overlay-type":"","overlay-color":"","overlay-opacity":"","overlay-gradient":""},"tablet":{"background-color":"","background-image":"","background-repeat":"repeat","background-position":"center center","background-size":"auto","background-attachment":"scroll","background-type":"","background-media":"","overlay-type":"","overlay-color":"","overlay-opacity":"","overlay-gradient":""},"mobile":{"background-color":"","background-image":"","background-repeat":"repeat","background-position":"center center","background-size":"auto","background-attachment":"scroll","background-type":"","background-media":"","overlay-type":"","overlay-color":"","overlay-opacity":"","overlay-gradient":""}},"ast-content-background-meta":{"desktop":{"background-color":"var(--ast-global-color-5)","background-image":"","background-repeat":"repeat","background-position":"center center","background-size":"auto","background-attachment":"scroll","background-type":"","background-media":"","overlay-type":"","overlay-color":"","overlay-opacity":"","overlay-gradient":""},"tablet":{"background-color":"var(--ast-global-color-5)","background-image":"","background-repeat":"repeat","background-position":"center center","background-size":"auto","background-attachment":"scroll","background-type":"","background-media":"","overlay-type":"","overlay-color":"","overlay-opacity":"","overlay-gradient":""},"mobile":{"background-color":"var(--ast-global-color-5)","background-image":"","background-repeat":"repeat","background-position":"center center","background-size":"auto","background-attachment":"scroll","background-type":"","background-media":"","overlay-type":"","overlay-color":"","overlay-opacity":"","overlay-gradient":""}}},"product_brand":[],"product_cat":[55],"product_tag":[60],"class_list":{"0":"post-2929","1":"product","2":"type-product","3":"status-publish","4":"has-post-thumbnail","6":"product_cat-free-weight-training","7":"product_tag-dumbbell","8":"desktop-align-left","9":"tablet-align-left","10":"mobile-align-left","12":"first","13":"instock","14":"shipping-taxable","15":"purchasable","16":"product-type-simple"},"_links":{"self":[{"href":"https:\/\/alexathletics1982.com\/es\/wp-json\/wp\/v2\/product\/2929","targetHints":{"allow":["GET"]}}],"collection":[{"href":"https:\/\/alexathletics1982.com\/es\/wp-json\/wp\/v2\/product"}],"about":[{"href":"https:\/\/alexathletics1982.com\/es\/wp-json\/wp\/v2\/types\/product"}],"replies":[{"embeddable":true,"href":"https:\/\/alexathletics1982.com\/es\/wp-json\/wp\/v2\/comments?post=2929"}],"wp:featuredmedia":[{"embeddable":true,"href":"https:\/\/alexathletics1982.com\/es\/wp-json\/wp\/v2\/media\/3664"}],"wp:attachment":[{"href":"https:\/\/alexathletics1982.com\/es\/wp-json\/wp\/v2\/media?parent=2929"}],"wp:term":[{"taxonomy":"product_brand","embeddable":true,"href":"https:\/\/alexathletics1982.com\/es\/wp-json\/wp\/v2\/product_brand?post=2929"},{"taxonomy":"product_cat","embeddable":true,"href":"https:\/\/alexathletics1982.com\/es\/wp-json\/wp\/v2\/product_cat?post=2929"},{"taxonomy":"product_tag","embeddable":true,"href":"https:\/\/alexathletics1982.com\/es\/wp-json\/wp\/v2\/product_tag?post=2929"}],"curies":[{"name":"wp","href":"https:\/\/api.w.org\/{rel}","templated":true}]}}