{"id":2930,"date":"2026-01-23T20:20:20","date_gmt":"2026-01-23T12:20:20","guid":{"rendered":"https:\/\/alexathletics1982.com\/?post_type=product&#038;p=2930"},"modified":"2026-04-08T23:55:31","modified_gmt":"2026-04-08T15:55:31","slug":"molde-de-bloque-de-kettlebell-recubierto-de-cpu","status":"publish","type":"product","link":"https:\/\/alexathletics1982.com\/es\/cpu-coated-kettlebell-block-mould\/","title":{"rendered":"Kettlebell recubierto de CPU (molde en bloque)"},"content":{"rendered":"<h2>El columpio indestructible: Kettlebell recubierto de CPU<\/h2>\n<p>Las kettlebells a menudo se caen, se balancean y se golpean contra los antebrazos, por lo que la durabilidad y el acabado son fundamentales. La CPU Kettlebell de Alex Athletics utiliza poliuretano fundido (CPU) para crear la kettlebell m\u00e1s robusta del mercado. A diferencia del hierro fundido que puede astillarse u oxidarse, o del vinilo que puede agrietarse, el CPU proporciona una armadura dura y resistente a los impactos que protege la campana y tu suelo. Es amortiguador y silencioso, eliminando el estruendo de metal contra metal. La construcci\u00f3n de molde de bloque asegura una forma consistente y equilibrada con un fondo plano para la estabilidad durante las filas renegadas y el almacenamiento.<\/p>\n<p>El mango es donde este kettlebell realmente brilla. Presenta un mango de acero macizo con un acabado de cromo duro. Esta superficie lisa y pulida es esencial para los movimientos bal\u00edsticos de alta repetici\u00f3n como los snatches y los cleans. Un mango rugoso te desgarrar\u00e1 las manos al girar; el cromo liso permite que el mango gire libremente dentro de tu agarre sin fricci\u00f3n, salvando tu piel y mejorando la resistencia. El di\u00e1metro del mango (Dia. 34mm) est\u00e1 optimizado para la fuerza de agarre sin ser demasiado grueso. Desde la pesa de inicio de 8 kg hasta la pesada de 32 kg, esta kettlebell combina la durabilidad del uretano industrial con la sensaci\u00f3n premium de un mango de competici\u00f3n.<\/p>\n<h3>1. Revestimiento de la CPU resistente a los impactos<\/h3>\n<p>El poliuretano fundido es el revestimiento m\u00e1s resistente disponible. Protege el n\u00facleo de la campana de la oxidaci\u00f3n y los da\u00f1os. Y lo que es m\u00e1s importante, protege su entorno de entrenamiento. Si deja caer esta campana sobre una plataforma de madera o un suelo de baldosas, la CPU absorbe gran parte del impacto, evitando astillas y grietas en el sustrato. Es inodora y mantiene su color indefinidamente.<\/p>\n<h3>2. Mango liso de cromo duro<\/h3>\n<p>El entrenamiento con kettlebell implica una rotaci\u00f3n din\u00e1mica. El mango debe deslizarse en la mano. El acabado en cromo duro es ultrasuave y resistente al \u00f3xido. Evita las quemaduras por fricci\u00f3n y los callos causados por las asas de hierro fundido rugosas (a menudo llamadas asas \u201chueso de perro\u201d). Este acabado permite transiciones fluidas y un mayor n\u00famero de repeticiones con comodidad.<\/p>\n<h3>3. Estabilidad del fondo plano<\/h3>\n<p>Una base estable es crucial para la seguridad y la versatilidad. El dise\u00f1o de base plana garantiza que la kettlebell se mantenga perfectamente erguida cuando se guarda. Tambi\u00e9n permite realizar ejercicios en el suelo con dos kettlebells, como flexiones y remos renegados, ya que proporciona una base s\u00f3lida que no se tambalea para el peso corporal.<\/p>\n<h3>4. Forma consistente de \u201cmolde de bloque<\/h3>\n<p>El proceso de fabricaci\u00f3n garantiza la uniformidad. La forma de la campana es consistente en todos los pesos (aunque el tama\u00f1o puede variar ligeramente), proporcionando un centro de gravedad predecible. La ventana (espacio entre el mango y la bola) tiene el tama\u00f1o adecuado para acomodar el antebrazo c\u00f3modamente en la posici\u00f3n de rack sin puntos de presi\u00f3n inc\u00f3modos.<\/p>\n<h3>5. Gama de pesos profesionales<\/h3>\n<p>Disponible de 8 kg a 32 kg, esta serie cubre la progresi\u00f3n est\u00e1ndar para el entrenamiento con kettlebell. Tanto si est\u00e1s aprendiendo a hacer el Turkish Get-Up como si est\u00e1s realizando swings pesados a dos manos, hay un incremento de peso que se adapta a tu nivel de fuerza. La durabilidad garantiza que la campana de 32 kg sea tan segura como la de 8 kg.<\/p>\n<h3>\u00bfA qui\u00e9n va dirigido?<\/h3>\n<ul style=\"list-style-position: inside; padding-left: 0;\">\n<li>Aficionados a los deportes con kettlebell y atletas de fitness funcional.<\/li>\n<li>Gimnasios comerciales que desean reducir los da\u00f1os en el suelo.<\/li>\n<li>Propietarios de gimnasios dom\u00e9sticos que necesitan equipos silenciosos y seguros.<\/li>\n<li>Levantadores que sufren desgarros en las manos a causa de mangos rugosos.<\/li>\n<li>Cualquiera que realice snatches y swings de alta repetici\u00f3n.<\/li>\n<\/ul>\n<h3>Especificaciones del producto<\/h3>\n<table border=\"1\" width=\"100%\" cellspacing=\"0\" cellpadding=\"5\">\n<tbody>\n<tr>\n<td><strong>Modelo<\/strong><\/td>\n<td>W04BC001<\/td>\n<\/tr>\n<tr>\n<td><strong>Material<\/strong><\/td>\n<td>Recubrimiento CPU, n\u00facleo de acero<\/td>\n<\/tr>\n<tr>\n<td><strong>Mango<\/strong><\/td>\n<td>Cromo duro (\u00d8 34 mm)<\/td>\n<\/tr>\n<tr>\n<td><strong>Pesas<\/strong><\/td>\n<td>8, 10, 12, 16, 20, 24, 28, 32 kg<\/td>\n<\/tr>\n<tr>\n<td><strong>Caracter\u00edstica<\/strong><\/td>\n<td>Rotaci\u00f3n suave, protecci\u00f3n del suelo<\/td>\n<\/tr>\n<\/tbody>\n<\/table>","protected":false},"excerpt":{"rendered":"<p>La kettlebell recubierta de CPU de Alex Athletics combina una durabilidad suprema con un rendimiento ergon\u00f3mico. Revestida de poliuretano fundido de alta resistencia (CPU), resiste los impactos, protege el suelo y elimina la oxidaci\u00f3n. La caracter\u00edstica m\u00e1s destacada es el mango de cromo duro, que ofrece una superficie lisa y sin fricci\u00f3n para una rotaci\u00f3n perfecta durante las recepciones y los balanceos, evitando desgarros en las manos. Con un fondo plano estable y una distribuci\u00f3n equilibrada del peso, es la herramienta definitiva para el entrenamiento funcional, la durabilidad y la comodidad.<\/p>","protected":false},"featured_media":3480,"comment_status":"open","ping_status":"closed","template":"","meta":{"inline_featured_image":false,"site-sidebar-layout":"default","site-content-layout":"","ast-site-content-layout":"default","site-content-style":"default","site-sidebar-style":"default","ast-global-header-display":"","ast-banner-title-visibility":"","ast-main-header-display":"","ast-hfb-above-header-display":"","ast-hfb-below-header-display":"","ast-hfb-mobile-header-display":"","site-post-title":"","ast-breadcrumbs-content":"","ast-featured-img":"","footer-sml-layout":"","ast-disable-related-posts":"","theme-transparent-header-meta":"default","adv-header-id-meta":"","stick-header-meta":"default","header-above-stick-meta":"","header-main-stick-meta":"","header-below-stick-meta":"","astra-migrate-meta-layouts":"set","ast-page-background-enabled":"default","ast-page-background-meta":{"desktop":{"background-color":"","background-image":"","background-repeat":"repeat","background-position":"center center","background-size":"auto","background-attachment":"scroll","background-type":"","background-media":"","overlay-type":"","overlay-color":"","overlay-opacity":"","overlay-gradient":""},"tablet":{"background-color":"","background-image":"","background-repeat":"repeat","background-position":"center center","background-size":"auto","background-attachment":"scroll","background-type":"","background-media":"","overlay-type":"","overlay-color":"","overlay-opacity":"","overlay-gradient":""},"mobile":{"background-color":"","background-image":"","background-repeat":"repeat","background-position":"center center","background-size":"auto","background-attachment":"scroll","background-type":"","background-media":"","overlay-type":"","overlay-color":"","overlay-opacity":"","overlay-gradient":""}},"ast-content-background-meta":{"desktop":{"background-color":"var(--ast-global-color-5)","background-image":"","background-repeat":"repeat","background-position":"center center","background-size":"auto","background-attachment":"scroll","background-type":"","background-media":"","overlay-type":"","overlay-color":"","overlay-opacity":"","overlay-gradient":""},"tablet":{"background-color":"var(--ast-global-color-5)","background-image":"","background-repeat":"repeat","background-position":"center center","background-size":"auto","background-attachment":"scroll","background-type":"","background-media":"","overlay-type":"","overlay-color":"","overlay-opacity":"","overlay-gradient":""},"mobile":{"background-color":"var(--ast-global-color-5)","background-image":"","background-repeat":"repeat","background-position":"center center","background-size":"auto","background-attachment":"scroll","background-type":"","background-media":"","overlay-type":"","overlay-color":"","overlay-opacity":"","overlay-gradient":""}}},"product_brand":[],"product_cat":[55],"product_tag":[61],"class_list":{"0":"post-2930","1":"product","2":"type-product","3":"status-publish","4":"has-post-thumbnail","6":"product_cat-free-weight-training","7":"product_tag-kettlebell","8":"desktop-align-left","9":"tablet-align-left","10":"mobile-align-left","12":"first","13":"instock","14":"shipping-taxable","15":"purchasable","16":"product-type-simple"},"_links":{"self":[{"href":"https:\/\/alexathletics1982.com\/es\/wp-json\/wp\/v2\/product\/2930","targetHints":{"allow":["GET"]}}],"collection":[{"href":"https:\/\/alexathletics1982.com\/es\/wp-json\/wp\/v2\/product"}],"about":[{"href":"https:\/\/alexathletics1982.com\/es\/wp-json\/wp\/v2\/types\/product"}],"replies":[{"embeddable":true,"href":"https:\/\/alexathletics1982.com\/es\/wp-json\/wp\/v2\/comments?post=2930"}],"wp:featuredmedia":[{"embeddable":true,"href":"https:\/\/alexathletics1982.com\/es\/wp-json\/wp\/v2\/media\/3480"}],"wp:attachment":[{"href":"https:\/\/alexathletics1982.com\/es\/wp-json\/wp\/v2\/media?parent=2930"}],"wp:term":[{"taxonomy":"product_brand","embeddable":true,"href":"https:\/\/alexathletics1982.com\/es\/wp-json\/wp\/v2\/product_brand?post=2930"},{"taxonomy":"product_cat","embeddable":true,"href":"https:\/\/alexathletics1982.com\/es\/wp-json\/wp\/v2\/product_cat?post=2930"},{"taxonomy":"product_tag","embeddable":true,"href":"https:\/\/alexathletics1982.com\/es\/wp-json\/wp\/v2\/product_tag?post=2930"}],"curies":[{"name":"wp","href":"https:\/\/api.w.org\/{rel}","templated":true}]}}