{"id":2932,"date":"2026-01-23T20:20:40","date_gmt":"2026-01-23T12:20:40","guid":{"rendered":"https:\/\/alexathletics1982.com\/?post_type=product&#038;p=2932"},"modified":"2026-04-08T23:33:59","modified_gmt":"2026-04-08T15:33:59","slug":"mancuerna-fija-tpu","status":"publish","type":"product","link":"https:\/\/alexathletics1982.com\/es\/tpu-fixed-dumbbell\/","title":{"rendered":"Mancuerna fija TPU"},"content":{"rendered":"<h2>El Est\u00e1ndar de Oro Comercial: Mancuerna Fija TPU Premium<\/h2>\n<p>Para las instalaciones comerciales de gama alta y los gimnasios dom\u00e9sticos de lujo, el caucho est\u00e1ndar no es suficiente. La mancuerna TPU de Alex Athletics utiliza poliuretano termopl\u00e1stico (TPU), un pol\u00edmero superior que supera al caucho en durabilidad, higiene y est\u00e9tica. El TPU es qu\u00edmicamente inerte, lo que significa que es completamente inodoro, una gran ventaja para espacios peque\u00f1os y cerrados donde el olor del caucho puede ser abrumador. Tambi\u00e9n es excepcionalmente resistente a la abrasi\u00f3n, el desgarro y el envejecimiento ambiental (luz UV\/calor). Estas mancuernas mantendr\u00e1n su color vibrante y su integridad estructural durante a\u00f1os, resistiendo la descamaci\u00f3n y el agrietamiento que a menudo afectan a las pesas de goma tradicionales.<\/p>\n<p>La construcci\u00f3n es de calidad industrial. Los cabezales de TPU est\u00e1n unidos qu\u00edmicamente y bloqueados mec\u00e1nicamente a un mango de acero macizo, creando una unidad unificada que no requiere mantenimiento. El mango tiene un acabado de cromo duro, m\u00e1s duro y liso que el cromo decorativo est\u00e1ndar, que ofrece la m\u00e1xima resistencia a la oxidaci\u00f3n. Con un rango de peso masivo de 2,5 kg a 60 kg, esta serie est\u00e1 dise\u00f1ada para adaptarse a todo el mundo, desde pacientes de rehabilitaci\u00f3n hasta culturistas de \u00e9lite. La naturaleza compacta del TPU permite utilizar cabezas m\u00e1s peque\u00f1as con pesos m\u00e1s elevados, lo que mejora la amplitud de movimiento y el manejo. Esta es la elecci\u00f3n \u201cc\u00f3mprelo para toda la vida\u201d para aquellos que exigen lo mejor.<\/p>\n<h3>1. Tecnolog\u00eda TPU inodora<\/h3>\n<p>La ventaja m\u00e1s inmediata del TPU es su ausencia de olor. A diferencia del caucho, que desprende gases, el TPU no huele. Esto lo convierte en la \u00fanica opci\u00f3n l\u00f3gica para dormitorios, gimnasios de hoteles o estudios sin ventilaci\u00f3n. Crea un ambiente m\u00e1s limpio y agradable para los usuarios.<\/p>\n<h3>2. Durabilidad y dureza extremas<\/h3>\n<p>El TPU es m\u00e1s duro que el caucho. Resiste los cortes de objetos afilados y no se descascarilla ni se desmorona tras a\u00f1os de ca\u00eddas. Es impermeable al sudor y a los aceites, que pueden descomponer el caucho con el tiempo. Esta longevidad lo convierte en una inversi\u00f3n rentable para gimnasios comerciales que buscan reducir los costes de sustituci\u00f3n.<\/p>\n<h3>3. Mango de precisi\u00f3n de cromo duro<\/h3>\n<p>El mango tiene un acabado de cromo duro, un revestimiento industrial resistente al desgaste. Proporciona una sensaci\u00f3n elegante y profesional que es f\u00e1cil de limpiar. El moleteado es preciso, lo suficientemente adherente para tirones fuertes, pero lo suficientemente refinado para no desgarrar las manos en trabajos de gran volumen.<\/p>\n<h3>4. Amplia gama de pesos (2,5-60 kg)<\/h3>\n<p>Esta serie es una herramienta de fuerza seria. Con un peso de hasta 60 kg, permite realizar movimientos pesados de press y remo. El dise\u00f1o homog\u00e9neo de toda la gama garantiza que la mancuerna de 2,5 kg parezca parte del mismo conjunto que el monstruo de 60 kg, lo que proporciona una est\u00e9tica de gimnasio cohesionada.<\/p>\n<h3>5. Perfil compacto del cabezal<\/h3>\n<p>La alta densidad del TPU permite cabezas m\u00e1s peque\u00f1as. Esto es funcionalmente importante para ejercicios como el press de hombros o el press de banca, donde las mancuernas voluminosas pueden chocar y restringir el rango de movimiento. El dise\u00f1o compacto permite acercar las pesas a la l\u00ednea media para una mejor contracci\u00f3n.<\/p>\n<h3>\u00bfA qui\u00e9n va dirigido?<\/h3>\n<ul style=\"list-style-position: inside; padding-left: 0;\">\n<li>Lujosos gimnasios y estudios boutique.<\/li>\n<li>Propietarios sensibles a los olores.<\/li>\n<li>Gimnasios comerciales que desean reducir el mantenimiento.<\/li>\n<li>Culturistas serios que necesitan mancuernas pesadas (hasta 60 kg).<\/li>\n<li>Instalaciones que dan prioridad a una est\u00e9tica visual de primera calidad.<\/li>\n<\/ul>\n<h3>Especificaciones del producto<\/h3>\n<table border=\"1\" width=\"100%\" cellspacing=\"0\" cellpadding=\"5\">\n<tbody>\n<tr>\n<td><strong>Modelo<\/strong><\/td>\n<td>W03AA007<\/td>\n<\/tr>\n<tr>\n<td><strong>Material<\/strong><\/td>\n<td>TPU (poliuretano termopl\u00e1stico)<\/td>\n<\/tr>\n<tr>\n<td><strong>Mango<\/strong><\/td>\n<td>Cromo duro<\/td>\n<\/tr>\n<tr>\n<td><strong>Gama de pesos<\/strong><\/td>\n<td>2,5 ~ 60 kg<\/td>\n<\/tr>\n<tr>\n<td><strong>Caracter\u00edstica<\/strong><\/td>\n<td>Inodoro, ultraduradero<\/td>\n<\/tr>\n<\/tbody>\n<\/table>","protected":false},"excerpt":{"rendered":"<p>La mancuerna TPU de Alex Athletics representa el pin\u00e1culo de los pesos libres comerciales. Fabricadas con poliuretano termopl\u00e1stico avanzado (TPU), estas mancuernas son completamente inodoras, ultraduraderas y resistentes a la descamaci\u00f3n y la decoloraci\u00f3n. Con un mango de cromo duro para una mayor protecci\u00f3n contra el \u00f3xido y un agarre seguro, no requieren mantenimiento y est\u00e1n fabricadas para durar. Con un rango de peso de hasta 60 kg y un perfil compacto, ofrecen un rendimiento de \u00e9lite y una est\u00e9tica de primera calidad para los gimnasios m\u00e1s exigentes.<\/p>","protected":false},"featured_media":3485,"comment_status":"open","ping_status":"closed","template":"","meta":{"inline_featured_image":false,"site-sidebar-layout":"default","site-content-layout":"","ast-site-content-layout":"default","site-content-style":"default","site-sidebar-style":"default","ast-global-header-display":"","ast-banner-title-visibility":"","ast-main-header-display":"","ast-hfb-above-header-display":"","ast-hfb-below-header-display":"","ast-hfb-mobile-header-display":"","site-post-title":"","ast-breadcrumbs-content":"","ast-featured-img":"","footer-sml-layout":"","ast-disable-related-posts":"","theme-transparent-header-meta":"default","adv-header-id-meta":"","stick-header-meta":"default","header-above-stick-meta":"","header-main-stick-meta":"","header-below-stick-meta":"","astra-migrate-meta-layouts":"set","ast-page-background-enabled":"default","ast-page-background-meta":{"desktop":{"background-color":"","background-image":"","background-repeat":"repeat","background-position":"center center","background-size":"auto","background-attachment":"scroll","background-type":"","background-media":"","overlay-type":"","overlay-color":"","overlay-opacity":"","overlay-gradient":""},"tablet":{"background-color":"","background-image":"","background-repeat":"repeat","background-position":"center center","background-size":"auto","background-attachment":"scroll","background-type":"","background-media":"","overlay-type":"","overlay-color":"","overlay-opacity":"","overlay-gradient":""},"mobile":{"background-color":"","background-image":"","background-repeat":"repeat","background-position":"center center","background-size":"auto","background-attachment":"scroll","background-type":"","background-media":"","overlay-type":"","overlay-color":"","overlay-opacity":"","overlay-gradient":""}},"ast-content-background-meta":{"desktop":{"background-color":"var(--ast-global-color-5)","background-image":"","background-repeat":"repeat","background-position":"center center","background-size":"auto","background-attachment":"scroll","background-type":"","background-media":"","overlay-type":"","overlay-color":"","overlay-opacity":"","overlay-gradient":""},"tablet":{"background-color":"var(--ast-global-color-5)","background-image":"","background-repeat":"repeat","background-position":"center center","background-size":"auto","background-attachment":"scroll","background-type":"","background-media":"","overlay-type":"","overlay-color":"","overlay-opacity":"","overlay-gradient":""},"mobile":{"background-color":"var(--ast-global-color-5)","background-image":"","background-repeat":"repeat","background-position":"center center","background-size":"auto","background-attachment":"scroll","background-type":"","background-media":"","overlay-type":"","overlay-color":"","overlay-opacity":"","overlay-gradient":""}}},"product_brand":[],"product_cat":[55],"product_tag":[60],"class_list":{"0":"post-2932","1":"product","2":"type-product","3":"status-publish","4":"has-post-thumbnail","6":"product_cat-free-weight-training","7":"product_tag-dumbbell","8":"desktop-align-left","9":"tablet-align-left","10":"mobile-align-left","12":"first","13":"instock","14":"shipping-taxable","15":"purchasable","16":"product-type-simple"},"_links":{"self":[{"href":"https:\/\/alexathletics1982.com\/es\/wp-json\/wp\/v2\/product\/2932","targetHints":{"allow":["GET"]}}],"collection":[{"href":"https:\/\/alexathletics1982.com\/es\/wp-json\/wp\/v2\/product"}],"about":[{"href":"https:\/\/alexathletics1982.com\/es\/wp-json\/wp\/v2\/types\/product"}],"replies":[{"embeddable":true,"href":"https:\/\/alexathletics1982.com\/es\/wp-json\/wp\/v2\/comments?post=2932"}],"wp:featuredmedia":[{"embeddable":true,"href":"https:\/\/alexathletics1982.com\/es\/wp-json\/wp\/v2\/media\/3485"}],"wp:attachment":[{"href":"https:\/\/alexathletics1982.com\/es\/wp-json\/wp\/v2\/media?parent=2932"}],"wp:term":[{"taxonomy":"product_brand","embeddable":true,"href":"https:\/\/alexathletics1982.com\/es\/wp-json\/wp\/v2\/product_brand?post=2932"},{"taxonomy":"product_cat","embeddable":true,"href":"https:\/\/alexathletics1982.com\/es\/wp-json\/wp\/v2\/product_cat?post=2932"},{"taxonomy":"product_tag","embeddable":true,"href":"https:\/\/alexathletics1982.com\/es\/wp-json\/wp\/v2\/product_tag?post=2932"}],"curies":[{"name":"wp","href":"https:\/\/api.w.org\/{rel}","templated":true}]}}