{"id":2933,"date":"2026-01-23T20:20:40","date_gmt":"2026-01-23T12:20:40","guid":{"rendered":"https:\/\/alexathletics1982.com\/?post_type=product&#038;p=2933"},"modified":"2026-04-08T23:37:23","modified_gmt":"2026-04-08T15:37:23","slug":"mancuerna-de-goma-c3","status":"publish","type":"product","link":"https:\/\/alexathletics1982.com\/es\/rubber-dumbbell-c3\/","title":{"rendered":"Mancuerna de goma-C3"},"content":{"rendered":"<h2>El caballo de batalla profesional: Mancuerna fija de goma comercial (C3)<\/h2>\n<p>La mancuerna de goma C3 de Alex Athletics es la definici\u00f3n de un caballo de batalla comercial. Dise\u00f1ado para los rigores de las salas de pesas de alta resistencia, estas mancuernas fijas cuentan con s\u00f3lidas cabezas de hierro fundido recubiertas de caucho grueso de alta calidad. Esta armadura de goma es esencial para la reducci\u00f3n del ruido y la protecci\u00f3n del suelo en entornos de gimnasio concurridos donde las pesas se caen con frecuencia. A diferencia de las mancuernas hexagonales, la serie C3 suele presentar un dise\u00f1o cl\u00e1sico de cabeza redonda (o forma de estilo profesional), que ofrece una sensaci\u00f3n equilibrada y evita los bordes afilados que pueden dificultar el trasiego. Est\u00e1n dise\u00f1adas para que cientos de usuarios las utilicen d\u00eda tras d\u00eda.<\/p>\n<p>La empu\u00f1adura es el principal punto de contacto, y la C3 lo ofrece con un s\u00f3lido eje de acero cromado. El moleteado est\u00e1 dise\u00f1ado para una textura \u201cmedia\u201d, lo suficientemente agresiva para aguantar un remo de 50 kg sin correas, pero lo suficientemente c\u00f3moda para un rizo de 10 kg. Las cabezas est\u00e1n prensadas y soldadas (o fijadas mec\u00e1nicamente) al mango para garantizar que nunca giren o se aflojen, eliminando el \u201ctraqueteo\u201d que se encuentra en las mancuernas de estilo profesional m\u00e1s baratas. Con una amplia gama de pesos de 2,5 kg a 50 kg, la serie C3 proporciona la progresi\u00f3n incremental necesaria para una programaci\u00f3n de fuerza seria. Es el est\u00e1ndar para universidades, gimnasios militares y gimnasios comerciales.<\/p>\n<h3>1. Goma absorbente de impactos<\/h3>\n<p>El grueso revestimiento de caucho est\u00e1 dise\u00f1ado para soportar golpes. Amortigua el sonido del contacto de metal con metal al colocar las pesas, lo que hace que el gimnasio sea m\u00e1s silencioso. Tambi\u00e9n protege la propia mancuerna de astillas y protege el rack y el suelo de los da\u00f1os. Es un elemento necesario para cualquier espacio de entrenamiento compartido.<\/p>\n<h3>2. Dise\u00f1o de cabeza fija segura<\/h3>\n<p>Nada mata m\u00e1s a un set que un plato de mancuernas tambaleante. La serie C3 cuenta con cabezales fijados permanentemente al mango. Ya sean soldadas por fricci\u00f3n o fijadas con pasadores, el dise\u00f1o garantiza la integridad estructural. Puedes hacer pullovers con mancuernas o extensiones de tr\u00edceps con total confianza de que el peso est\u00e1 seguro.<\/p>\n<h3>3. Mango moleteado cromado<\/h3>\n<p>El acabado cromado proporciona una barrera contra el \u00f3xido de las manos sudorosas. El patr\u00f3n de moleteado es consistente en todo el juego, proporcionando un agarre familiar y seguro. El di\u00e1metro de la empu\u00f1adura suele variar con el peso, lo que proporciona un agarre m\u00e1s grueso y c\u00f3modo para las campanas m\u00e1s pesadas a fin de distribuir la carga entre la palma de la mano.<\/p>\n<h3>4. Gama de pesos comerciales (50 kg)<\/h3>\n<p>Con un peso m\u00e1ximo de 50 kg, este conjunto est\u00e1 preparado para levantadores serios. Tiene capacidad para presses de pecho pesados, filas y estocadas. Al disponer de una serie completa de pesas, se pueden realizar series eliminatorias, superseries y una sobrecarga progresiva adecuada para todos los grupos musculares.<\/p>\n<h3>5. Est\u00e9tica cl\u00e1sica Pro-Style<\/h3>\n<p>La combinaci\u00f3n de caucho negro y cromo es el \u201clook de gimnasio\u201d atemporal. Tiene un aspecto profesional y oculta bien la suciedad y el polvo de tiza. Encaja a la perfecci\u00f3n en el dise\u00f1o de cualquier gimnasio, desde las mazmorras de culturismo hasta los centros de bienestar corporativos.<\/p>\n<h3>\u00bfA qui\u00e9n va dirigido?<\/h3>\n<ul style=\"list-style-position: inside; padding-left: 0;\">\n<li>Gimnasios comerciales y gimnasios.<\/li>\n<li>Salas de musculaci\u00f3n universitarias y de institutos.<\/li>\n<li>Culturistas que necesitan mancuernas fijas pesadas.<\/li>\n<li>Gimnasios dom\u00e9sticos que desean una configuraci\u00f3n profesional de \u201crack completo\u201d.<\/li>\n<li>Entrenadores que necesitan un equipo fiable y sin mantenimiento.<\/li>\n<\/ul>\n<h3>Especificaciones del producto<\/h3>\n<table border=\"1\" width=\"100%\" cellspacing=\"0\" cellpadding=\"5\">\n<tbody>\n<tr>\n<td><strong>Modelo<\/strong><\/td>\n<td>W03AB016<\/td>\n<\/tr>\n<tr>\n<td><strong>Material<\/strong><\/td>\n<td>Fundici\u00f3n revestida de caucho<\/td>\n<\/tr>\n<tr>\n<td><strong>Mango<\/strong><\/td>\n<td>Cromado, moleteado<\/td>\n<\/tr>\n<tr>\n<td><strong>Gama de pesos<\/strong><\/td>\n<td>2,5 ~ 50 kg<\/td>\n<\/tr>\n<tr>\n<td><strong>Caracter\u00edstica<\/strong><\/td>\n<td>Reducci\u00f3n de ruido, cabezales fijos<\/td>\n<\/tr>\n<\/tbody>\n<\/table>","protected":false},"excerpt":{"rendered":"<p>La mancuerna de goma-C3 de Alex Athletics es el caballo de batalla fiable para gimnasios comerciales. Con cabezas de hierro macizo recubiertas de caucho de alta resistencia, ofrece una reducci\u00f3n de ruido superior y protecci\u00f3n del suelo. El mango de acero macizo cromado con empu\u00f1adura moleteada garantiza un agarre seguro y una larga durabilidad. Con cabezales fijos que no se aflojan y un rango de peso de hasta 50 kg, proporciona la seguridad y el rendimiento necesarios para salas de pesas con mucho tr\u00e1fico y entrenamientos de fuerza serios.<\/p>","protected":false},"featured_media":3468,"comment_status":"open","ping_status":"closed","template":"","meta":{"inline_featured_image":false,"site-sidebar-layout":"default","site-content-layout":"","ast-site-content-layout":"default","site-content-style":"default","site-sidebar-style":"default","ast-global-header-display":"","ast-banner-title-visibility":"","ast-main-header-display":"","ast-hfb-above-header-display":"","ast-hfb-below-header-display":"","ast-hfb-mobile-header-display":"","site-post-title":"","ast-breadcrumbs-content":"","ast-featured-img":"","footer-sml-layout":"","ast-disable-related-posts":"","theme-transparent-header-meta":"default","adv-header-id-meta":"","stick-header-meta":"default","header-above-stick-meta":"","header-main-stick-meta":"","header-below-stick-meta":"","astra-migrate-meta-layouts":"set","ast-page-background-enabled":"default","ast-page-background-meta":{"desktop":{"background-color":"","background-image":"","background-repeat":"repeat","background-position":"center center","background-size":"auto","background-attachment":"scroll","background-type":"","background-media":"","overlay-type":"","overlay-color":"","overlay-opacity":"","overlay-gradient":""},"tablet":{"background-color":"","background-image":"","background-repeat":"repeat","background-position":"center center","background-size":"auto","background-attachment":"scroll","background-type":"","background-media":"","overlay-type":"","overlay-color":"","overlay-opacity":"","overlay-gradient":""},"mobile":{"background-color":"","background-image":"","background-repeat":"repeat","background-position":"center center","background-size":"auto","background-attachment":"scroll","background-type":"","background-media":"","overlay-type":"","overlay-color":"","overlay-opacity":"","overlay-gradient":""}},"ast-content-background-meta":{"desktop":{"background-color":"var(--ast-global-color-5)","background-image":"","background-repeat":"repeat","background-position":"center center","background-size":"auto","background-attachment":"scroll","background-type":"","background-media":"","overlay-type":"","overlay-color":"","overlay-opacity":"","overlay-gradient":""},"tablet":{"background-color":"var(--ast-global-color-5)","background-image":"","background-repeat":"repeat","background-position":"center center","background-size":"auto","background-attachment":"scroll","background-type":"","background-media":"","overlay-type":"","overlay-color":"","overlay-opacity":"","overlay-gradient":""},"mobile":{"background-color":"var(--ast-global-color-5)","background-image":"","background-repeat":"repeat","background-position":"center center","background-size":"auto","background-attachment":"scroll","background-type":"","background-media":"","overlay-type":"","overlay-color":"","overlay-opacity":"","overlay-gradient":""}}},"product_brand":[],"product_cat":[55],"product_tag":[60],"class_list":{"0":"post-2933","1":"product","2":"type-product","3":"status-publish","4":"has-post-thumbnail","6":"product_cat-free-weight-training","7":"product_tag-dumbbell","8":"desktop-align-left","9":"tablet-align-left","10":"mobile-align-left","12":"first","13":"instock","14":"shipping-taxable","15":"purchasable","16":"product-type-simple"},"_links":{"self":[{"href":"https:\/\/alexathletics1982.com\/es\/wp-json\/wp\/v2\/product\/2933","targetHints":{"allow":["GET"]}}],"collection":[{"href":"https:\/\/alexathletics1982.com\/es\/wp-json\/wp\/v2\/product"}],"about":[{"href":"https:\/\/alexathletics1982.com\/es\/wp-json\/wp\/v2\/types\/product"}],"replies":[{"embeddable":true,"href":"https:\/\/alexathletics1982.com\/es\/wp-json\/wp\/v2\/comments?post=2933"}],"wp:featuredmedia":[{"embeddable":true,"href":"https:\/\/alexathletics1982.com\/es\/wp-json\/wp\/v2\/media\/3468"}],"wp:attachment":[{"href":"https:\/\/alexathletics1982.com\/es\/wp-json\/wp\/v2\/media?parent=2933"}],"wp:term":[{"taxonomy":"product_brand","embeddable":true,"href":"https:\/\/alexathletics1982.com\/es\/wp-json\/wp\/v2\/product_brand?post=2933"},{"taxonomy":"product_cat","embeddable":true,"href":"https:\/\/alexathletics1982.com\/es\/wp-json\/wp\/v2\/product_cat?post=2933"},{"taxonomy":"product_tag","embeddable":true,"href":"https:\/\/alexathletics1982.com\/es\/wp-json\/wp\/v2\/product_tag?post=2933"}],"curies":[{"name":"wp","href":"https:\/\/api.w.org\/{rel}","templated":true}]}}