{"id":2946,"date":"2026-01-23T20:20:40","date_gmt":"2026-01-23T12:20:40","guid":{"rendered":"https:\/\/alexathletics1982.com\/?post_type=product&#038;p=2946"},"modified":"2026-04-09T00:05:44","modified_gmt":"2026-04-08T16:05:44","slug":"enlace-de-peso","status":"publish","type":"product","link":"https:\/\/alexathletics1982.com\/es\/weight-link\/","title":{"rendered":"Peso Enlace"},"content":{"rendered":"<h2>Resistencia din\u00e1mica: El eslab\u00f3n vers\u00e1til del peso<\/h2>\n<p>El peso est\u00e1tico es predecible; el mundo real no lo es. El Weight Link de Alex Athletics introduce el concepto de \u201cResistencia Variable\u201d a su entrenamiento en un formato f\u00e1cil de usar y port\u00e1til. Al igual que el uso de cadenas pesadas en el levantamiento de pesas, el Weight Link funciona mediante el aumento din\u00e1mico de la carga a medida que se mueve a trav\u00e9s de un rango de movimiento. Al levantar el Link del suelo, el peso aumenta; al bajarlo, el peso disminuye. Esto se adapta a la curva de fuerza natural del cuerpo: eres m\u00e1s fuerte en la parte superior de un levantamiento que en la inferior. Al adaptar la resistencia a su biomec\u00e1nica, el Weight Link le permite maximizar el reclutamiento muscular y la producci\u00f3n de potencia sin sobrecargar las articulaciones en sus puntos m\u00e1s d\u00e9biles.<\/p>\n<p>Fabricado con una carcasa de neopreno o PVC suave y duradera rellena de arena (o un material denso similar), el Weight Link es seguro de usar en cualquier suelo y c\u00f3modo contra el cuerpo. A diferencia de las cadenas met\u00e1licas que suenan y se oxidan, el Weight Link es silencioso y vers\u00e1til. Puedes colocarlo sobre tus hombros para hacer sentadillas con peso, sujetarlo para hacer curls o sujetarlo a unas mancuernas para a\u00f1adir inestabilidad y oscilaci\u00f3n a tus movimientos de press. Esta inestabilidad obliga a los m\u00fasculos estabilizadores a activarse, convirtiendo ejercicios sencillos en ejercicios de coordinaci\u00f3n de todo el cuerpo. Disponible en opciones de 3 kg, 6 kg y 10 kg, es una herramienta que transforma los entrenamientos ordinarios en sesiones de acondicionamiento funcional y atl\u00e9tico.<\/p>\n<h3>1. Entrenamiento de resistencia variable<\/h3>\n<p>El Eslab\u00f3n de Peso imita el efecto de levantar cadenas. A medida que lo levantas del suelo, m\u00e1s eslabones (o segmentos) abandonan el suelo, haciendo que el peso sea m\u00e1s pesado en la parte superior del movimiento. Esta \u201cresistencia acomodaticia\u201d te reta a acelerar a trav\u00e9s del bloqueo, construyendo potencia explosiva y rompiendo las mesetas de fuerza en sentadillas y press.<\/p>\n<h3>2. Construcci\u00f3n suave y segura<\/h3>\n<p>La seguridad es una prioridad. La construcci\u00f3n de carcasa blanda evita lesiones si el peso golpea su cuerpo y protege su suelo de ara\u00f1azos. Su uso es silencioso, eliminando el fuerte ruido met\u00e1lico asociado a las cadenas tradicionales. Esto la hace perfecta para gimnasios dom\u00e9sticos y clases colectivas.<\/p>\n<h3>3. Inestabilidad din\u00e1mica<\/h3>\n<p>Cuando se fija a una barra o mancuerna, el Weight Link oscila y se mueve. Esta oscilaci\u00f3n obliga al tronco y a los m\u00fasculos estabilizadores a trabajar al m\u00e1ximo para mantener la pesa estable. Este \u201centrenamiento del caos\u201d mejora la estabilidad articular y la propiocepci\u00f3n, preparando al cuerpo para las impredecibles exigencias del deporte.<\/p>\n<h3>4. Versatilidad de uso<\/h3>\n<p>Su dise\u00f1o flexible permite colocar el Weight Link c\u00f3modamente sobre el cuello o los hombros. Esto a\u00f1ade resistencia a los movimientos de peso corporal como flexiones, estocadas y dominadas sin necesidad de un chaleco lastrado. Se adapta a su cuerpo, proporcionando una carga segura y equilibrada.<\/p>\n<h3>5. Opciones de sobrecarga progresiva<\/h3>\n<p>Disponibles en 3 kg, 6 kg y 10 kg, los eslabones de pesas pueden utilizarse por separado o en parejas. Ofrecen una forma sencilla de a\u00f1adir peso incremental a tus levantamientos. Tambi\u00e9n son excelentes para las series de descenso: basta con soltar el eslab\u00f3n al final de una serie para continuar las repeticiones con un peso m\u00e1s ligero.<\/p>\n<h3>\u00bfA qui\u00e9n va dirigido?<\/h3>\n<ul style=\"list-style-position: inside; padding-left: 0;\">\n<li>Atletas que buscan mejorar la potencia explosiva (resistencia acomodaticia).<\/li>\n<li>Propietarios de gimnasios en casa que desean una alternativa tranquila a las cadenas.<\/li>\n<li>Practicantes de calistenia que necesitan una resistencia port\u00e1til.<\/li>\n<li>Individuos centrados en la estabilidad del n\u00facleo y el equilibrio.<\/li>\n<li>Pacientes de rehabilitaci\u00f3n que necesitan carga variable.<\/li>\n<\/ul>\n<h3>Especificaciones del producto<\/h3>\n<table border=\"1\" width=\"100%\" cellspacing=\"0\" cellpadding=\"5\">\n<tbody>\n<tr>\n<td><strong>Modelo<\/strong><\/td>\n<td>W09AD037<\/td>\n<\/tr>\n<tr>\n<td><strong>Material<\/strong><\/td>\n<td>PVC, Neopreno, Arena<\/td>\n<\/tr>\n<tr>\n<td><strong>Pesas<\/strong><\/td>\n<td>3, 6, 10 kg<\/td>\n<\/tr>\n<tr>\n<td><strong>Longitud<\/strong><\/td>\n<td>2000 mm<\/td>\n<\/tr>\n<tr>\n<td><strong>Caracter\u00edstica<\/strong><\/td>\n<td>Carga din\u00e1mica, caparaz\u00f3n blando<\/td>\n<\/tr>\n<\/tbody>\n<\/table>","protected":false},"excerpt":{"rendered":"<p>El Weight Link de Alex Athletics lleva los beneficios del entrenamiento de resistencia variable a su gimnasio en casa. Actuando como una versi\u00f3n suave y silenciosa de las cadenas de elevaci\u00f3n, aumenta din\u00e1micamente la carga a medida que levantas peso, adapt\u00e1ndose a la curva de fuerza de tu cuerpo para un desarrollo de la potencia m\u00e1s seguro y eficaz. Col\u00f3quelo sobre los hombros para realizar ejercicios con peso corporal o suj\u00e9telo a barras para entrenar la estabilidad. Seguro para el suelo y c\u00f3modo de usar, a\u00f1ade un toque funcional y atl\u00e9tico a cualquier entrenamiento.<\/p>","protected":false},"featured_media":3673,"comment_status":"open","ping_status":"closed","template":"","meta":{"inline_featured_image":false,"site-sidebar-layout":"default","site-content-layout":"","ast-site-content-layout":"default","site-content-style":"default","site-sidebar-style":"default","ast-global-header-display":"","ast-banner-title-visibility":"","ast-main-header-display":"","ast-hfb-above-header-display":"","ast-hfb-below-header-display":"","ast-hfb-mobile-header-display":"","site-post-title":"","ast-breadcrumbs-content":"","ast-featured-img":"","footer-sml-layout":"","ast-disable-related-posts":"","theme-transparent-header-meta":"default","adv-header-id-meta":"","stick-header-meta":"default","header-above-stick-meta":"","header-main-stick-meta":"","header-below-stick-meta":"","astra-migrate-meta-layouts":"set","ast-page-background-enabled":"default","ast-page-background-meta":{"desktop":{"background-color":"","background-image":"","background-repeat":"repeat","background-position":"center center","background-size":"auto","background-attachment":"scroll","background-type":"","background-media":"","overlay-type":"","overlay-color":"","overlay-opacity":"","overlay-gradient":""},"tablet":{"background-color":"","background-image":"","background-repeat":"repeat","background-position":"center center","background-size":"auto","background-attachment":"scroll","background-type":"","background-media":"","overlay-type":"","overlay-color":"","overlay-opacity":"","overlay-gradient":""},"mobile":{"background-color":"","background-image":"","background-repeat":"repeat","background-position":"center center","background-size":"auto","background-attachment":"scroll","background-type":"","background-media":"","overlay-type":"","overlay-color":"","overlay-opacity":"","overlay-gradient":""}},"ast-content-background-meta":{"desktop":{"background-color":"var(--ast-global-color-5)","background-image":"","background-repeat":"repeat","background-position":"center center","background-size":"auto","background-attachment":"scroll","background-type":"","background-media":"","overlay-type":"","overlay-color":"","overlay-opacity":"","overlay-gradient":""},"tablet":{"background-color":"var(--ast-global-color-5)","background-image":"","background-repeat":"repeat","background-position":"center center","background-size":"auto","background-attachment":"scroll","background-type":"","background-media":"","overlay-type":"","overlay-color":"","overlay-opacity":"","overlay-gradient":""},"mobile":{"background-color":"var(--ast-global-color-5)","background-image":"","background-repeat":"repeat","background-position":"center center","background-size":"auto","background-attachment":"scroll","background-type":"","background-media":"","overlay-type":"","overlay-color":"","overlay-opacity":"","overlay-gradient":""}}},"product_brand":[],"product_cat":[55],"product_tag":[62],"class_list":{"0":"post-2946","1":"product","2":"type-product","3":"status-publish","4":"has-post-thumbnail","6":"product_cat-free-weight-training","7":"product_tag-loopa","8":"desktop-align-left","9":"tablet-align-left","10":"mobile-align-left","12":"first","13":"instock","14":"shipping-taxable","15":"purchasable","16":"product-type-simple"},"_links":{"self":[{"href":"https:\/\/alexathletics1982.com\/es\/wp-json\/wp\/v2\/product\/2946","targetHints":{"allow":["GET"]}}],"collection":[{"href":"https:\/\/alexathletics1982.com\/es\/wp-json\/wp\/v2\/product"}],"about":[{"href":"https:\/\/alexathletics1982.com\/es\/wp-json\/wp\/v2\/types\/product"}],"replies":[{"embeddable":true,"href":"https:\/\/alexathletics1982.com\/es\/wp-json\/wp\/v2\/comments?post=2946"}],"wp:featuredmedia":[{"embeddable":true,"href":"https:\/\/alexathletics1982.com\/es\/wp-json\/wp\/v2\/media\/3673"}],"wp:attachment":[{"href":"https:\/\/alexathletics1982.com\/es\/wp-json\/wp\/v2\/media?parent=2946"}],"wp:term":[{"taxonomy":"product_brand","embeddable":true,"href":"https:\/\/alexathletics1982.com\/es\/wp-json\/wp\/v2\/product_brand?post=2946"},{"taxonomy":"product_cat","embeddable":true,"href":"https:\/\/alexathletics1982.com\/es\/wp-json\/wp\/v2\/product_cat?post=2946"},{"taxonomy":"product_tag","embeddable":true,"href":"https:\/\/alexathletics1982.com\/es\/wp-json\/wp\/v2\/product_tag?post=2946"}],"curies":[{"name":"wp","href":"https:\/\/api.w.org\/{rel}","templated":true}]}}