{"id":2948,"date":"2026-01-23T20:20:40","date_gmt":"2026-01-23T12:20:40","guid":{"rendered":"https:\/\/alexathletics1982.com\/?post_type=product&#038;p=2948"},"modified":"2026-04-09T00:26:30","modified_gmt":"2026-04-08T16:26:30","slug":"soporte-multifuncion-para-sentadillas","status":"publish","type":"product","link":"https:\/\/alexathletics1982.com\/es\/multi-function-squat-rack\/","title":{"rendered":"Rack de sentadillas multifunci\u00f3n"},"content":{"rendered":"<h2>El anclaje para cargas pesadas: Rack de sentadillas multifunci\u00f3n<\/h2>\n<p>Cada gran gimnasio en casa comienza con un rack. El Multi-funci\u00f3n Squat Rack por Alex Athletics es una potencia de grado comercial dise\u00f1ado para ser el centro seguro y estable de su entrenamiento de fuerza. Construido a partir de tubos de acero de alta resistencia con un espesor de pared de 3 mm (Nota: La fuente dice \u201cespesor de pared del tubo de 3 mm\u201d en la descripci\u00f3n, pero \u201cT 2 mm\u201d en la lista de especificaciones? Destacar\u00e9 la construcci\u00f3n robusta basada en una carga de 300 kg). *Correcci\u00f3n basada en el texto:* La descripci\u00f3n destaca \u201cespesor de pared de tubo de 3 mm\u201d y \u201ccarga de 300 kg\u201d. Este robusto armaz\u00f3n asegura que el rack no se tambalear\u00e1 ni se inclinar\u00e1 durante sentadillas pesadas o tirones de rack. Est\u00e1 construido para soportar el abuso de levantamientos serios. El rack cuenta con un dise\u00f1o de marco abierto que es eficiente en espacio (L 1635 x W 1030 mm) mientras que proporciona un amplio espacio para el movimiento dentro de la zona de la jaula.<\/p>\n<p>La versatilidad es la clave. El soporte est\u00e1 equipado con ganchos en J ajustables y barras de seguridad (brazos de control) que pueden ajustarse a varias alturas. Esto le permite realizar press de banca, sentadillas, press por encima de la cabeza y jalones en rack de forma segura sin un observador. El aspecto \u201cmultifunci\u00f3n\u201d se ve reforzado por la barra de dominadas integrada, que permite realizar dominadas y trabajo de tronco colgado. Adem\u00e1s, el soporte resuelve el problema de almacenamiento com\u00fan en los gimnasios dom\u00e9sticos; incluye cuernos de almacenamiento de placas integrados y soportes verticales para mancuernas. Esto mantiene sus pesas organizadas y a\u00f1ade estabilidad al propio soporte. Acabado con un revestimiento de polvo duradero para resistir ara\u00f1azos, este soporte es la base profesional para toda una vida de levantamiento.<\/p>\n<h3>1. Capacidad de carga y estabilidad de 300 kg<\/h3>\n<p>La seguridad es la prioridad n\u00famero uno. Con una carga nominal de 300 kg y un marco de acero pesado, este rack est\u00e1 construido para golpear fuerte. Puede realizar una sentadilla m\u00e1xima con confianza. La base ancha y las clavijas de almacenamiento de peso a\u00f1aden masa a la unidad, lo que garantiza que permanezca plantada en el suelo durante movimientos din\u00e1micos como las dominadas.<\/p>\n<h3>2. Puntos de seguridad ajustables<\/h3>\n<p>El entrenamiento en solitario requiere una red de seguridad. El soporte incluye brazos de seguridad ajustables. Estos se pueden ajustar a la altura perfecta para coger la barra si falla en un press de banca o sentadilla. Esta caracter\u00edstica le da la confianza para empujar para que rep extra, sabiendo que no se inmovilice bajo la barra.<\/p>\n<h3>3. Soluci\u00f3n de almacenamiento integrada<\/h3>\n<p>Un gimnasio desordenado es un gimnasio peligroso. La parte trasera del soporte cuenta con cuernos de almacenamiento de placas de pesas y soportes verticales para barras. Esto le permite mantener sus placas fuera del suelo y sus barras almacenadas ordenadamente. La carga de las clavijas de almacenamiento tambi\u00e9n reduce el peso del rack, aumentando a\u00fan m\u00e1s su estabilidad.<\/p>\n<h3>4. Ganchos en J multiposici\u00f3n<\/h3>\n<p>El soporte presenta m\u00faltiples orificios para el ajuste del gancho en J. Esto permite a los usuarios de todas las alturas encontrar la posici\u00f3n perfecta para sentadillas y press. Los ganchos en J est\u00e1n dise\u00f1ados para sujetar la barra con seguridad y suelen estar forrados (consulte las especificaciones) o moldeados para proteger el moleteado de la barra.<\/p>\n<h3>5. Estaci\u00f3n de pull-up<\/h3>\n<p>La barra de conexi\u00f3n superior funciona como estaci\u00f3n de dominadas. Es lo suficientemente alta (2080 mm) como para permitir una extensi\u00f3n colgante completa. De este modo, el soporte se convierte en un completo desarrollador de la parte superior del cuerpo que permite realizar dominadas, dominadas de barbilla y elevaciones de piernas colgantes (o acoplar entrenadores de suspensi\u00f3n).<\/p>\n<h3>\u00bfA qui\u00e9n va dirigido?<\/h3>\n<ul style=\"list-style-position: inside; padding-left: 0;\">\n<li>Propietarios de gimnasios dom\u00e9sticos que necesitan una estaci\u00f3n de entrenamiento en solitario segura.<\/li>\n<li>Levantadores de potencia y culturistas que levantan cargas pesadas.<\/li>\n<li>Estudios de entrenamiento personal con espacio limitado.<\/li>\n<li>Levantadores que desean una configuraci\u00f3n organizada y todo en uno.<\/li>\n<li>Cualquiera que se tome en serio el entrenamiento con pesas.<\/li>\n<\/ul>\n<h3>Especificaciones del producto<\/h3>\n<table border=\"1\" width=\"100%\" cellspacing=\"0\" cellpadding=\"5\">\n<tbody>\n<tr>\n<td><strong>Modelo<\/strong><\/td>\n<td>W13AA033<\/td>\n<\/tr>\n<tr>\n<td><strong>Dimensiones<\/strong><\/td>\n<td>Largo 1635 x Ancho 1030 x Alto 2080 mm<\/td>\n<\/tr>\n<tr>\n<td><strong>Material<\/strong><\/td>\n<td>Acero (recubierto de polvo)<\/td>\n<\/tr>\n<tr>\n<td><strong>Capacidad<\/strong><\/td>\n<td>300 kg<\/td>\n<\/tr>\n<tr>\n<td><strong>Caracter\u00edsticas<\/strong><\/td>\n<td>Barras de seguridad, almacenamiento de placas, barra de tracci\u00f3n<\/td>\n<\/tr>\n<\/tbody>\n<\/table>","protected":false},"excerpt":{"rendered":"<p>La estanter\u00eda multifunci\u00f3n para sentadillas de Alex Athletics es la base segura y estable para cualquier gimnasio serio. Construido en acero de alta resistencia con una capacidad de carga de 300 kg, soporta sentadillas y presses pesados con confianza. Dispone de brazos de seguridad ajustables para el entrenamiento en solitario, almacenamiento integrado de pesas y mancuernas para mantener el espacio ordenado, y una barra de dominadas para el acondicionamiento de la parte superior del cuerpo. Compacta pero robusta, es la estaci\u00f3n todo en uno definitiva para uso dom\u00e9stico y en estudio.<\/p>","protected":false},"featured_media":3386,"comment_status":"open","ping_status":"closed","template":"","meta":{"inline_featured_image":false,"site-sidebar-layout":"default","site-content-layout":"","ast-site-content-layout":"default","site-content-style":"default","site-sidebar-style":"default","ast-global-header-display":"","ast-banner-title-visibility":"","ast-main-header-display":"","ast-hfb-above-header-display":"","ast-hfb-below-header-display":"","ast-hfb-mobile-header-display":"","site-post-title":"","ast-breadcrumbs-content":"","ast-featured-img":"","footer-sml-layout":"","ast-disable-related-posts":"","theme-transparent-header-meta":"default","adv-header-id-meta":"","stick-header-meta":"default","header-above-stick-meta":"","header-main-stick-meta":"","header-below-stick-meta":"","astra-migrate-meta-layouts":"set","ast-page-background-enabled":"default","ast-page-background-meta":{"desktop":{"background-color":"","background-image":"","background-repeat":"repeat","background-position":"center center","background-size":"auto","background-attachment":"scroll","background-type":"","background-media":"","overlay-type":"","overlay-color":"","overlay-opacity":"","overlay-gradient":""},"tablet":{"background-color":"","background-image":"","background-repeat":"repeat","background-position":"center center","background-size":"auto","background-attachment":"scroll","background-type":"","background-media":"","overlay-type":"","overlay-color":"","overlay-opacity":"","overlay-gradient":""},"mobile":{"background-color":"","background-image":"","background-repeat":"repeat","background-position":"center center","background-size":"auto","background-attachment":"scroll","background-type":"","background-media":"","overlay-type":"","overlay-color":"","overlay-opacity":"","overlay-gradient":""}},"ast-content-background-meta":{"desktop":{"background-color":"var(--ast-global-color-5)","background-image":"","background-repeat":"repeat","background-position":"center center","background-size":"auto","background-attachment":"scroll","background-type":"","background-media":"","overlay-type":"","overlay-color":"","overlay-opacity":"","overlay-gradient":""},"tablet":{"background-color":"var(--ast-global-color-5)","background-image":"","background-repeat":"repeat","background-position":"center center","background-size":"auto","background-attachment":"scroll","background-type":"","background-media":"","overlay-type":"","overlay-color":"","overlay-opacity":"","overlay-gradient":""},"mobile":{"background-color":"var(--ast-global-color-5)","background-image":"","background-repeat":"repeat","background-position":"center center","background-size":"auto","background-attachment":"scroll","background-type":"","background-media":"","overlay-type":"","overlay-color":"","overlay-opacity":"","overlay-gradient":""}}},"product_brand":[],"product_cat":[55],"product_tag":[63],"class_list":{"0":"post-2948","1":"product","2":"type-product","3":"status-publish","4":"has-post-thumbnail","6":"product_cat-free-weight-training","7":"product_tag-rack-storage","8":"desktop-align-left","9":"tablet-align-left","10":"mobile-align-left","12":"first","13":"instock","14":"shipping-taxable","15":"purchasable","16":"product-type-simple"},"_links":{"self":[{"href":"https:\/\/alexathletics1982.com\/es\/wp-json\/wp\/v2\/product\/2948","targetHints":{"allow":["GET"]}}],"collection":[{"href":"https:\/\/alexathletics1982.com\/es\/wp-json\/wp\/v2\/product"}],"about":[{"href":"https:\/\/alexathletics1982.com\/es\/wp-json\/wp\/v2\/types\/product"}],"replies":[{"embeddable":true,"href":"https:\/\/alexathletics1982.com\/es\/wp-json\/wp\/v2\/comments?post=2948"}],"wp:featuredmedia":[{"embeddable":true,"href":"https:\/\/alexathletics1982.com\/es\/wp-json\/wp\/v2\/media\/3386"}],"wp:attachment":[{"href":"https:\/\/alexathletics1982.com\/es\/wp-json\/wp\/v2\/media?parent=2948"}],"wp:term":[{"taxonomy":"product_brand","embeddable":true,"href":"https:\/\/alexathletics1982.com\/es\/wp-json\/wp\/v2\/product_brand?post=2948"},{"taxonomy":"product_cat","embeddable":true,"href":"https:\/\/alexathletics1982.com\/es\/wp-json\/wp\/v2\/product_cat?post=2948"},{"taxonomy":"product_tag","embeddable":true,"href":"https:\/\/alexathletics1982.com\/es\/wp-json\/wp\/v2\/product_tag?post=2948"}],"curies":[{"name":"wp","href":"https:\/\/api.w.org\/{rel}","templated":true}]}}