{"id":2950,"date":"2026-01-23T20:20:40","date_gmt":"2026-01-23T12:20:40","guid":{"rendered":"https:\/\/alexathletics1982.com\/?post_type=product&#038;p=2950"},"modified":"2026-04-09T00:22:53","modified_gmt":"2026-04-08T16:22:53","slug":"maquina-smith","status":"publish","type":"product","link":"https:\/\/alexathletics1982.com\/es\/smith-machine\/","title":{"rendered":"M\u00e1quina Smith"},"content":{"rendered":"<h2>Seguridad y aislamiento: M\u00e1quina Smith contrapesada<\/h2>\n<p>La m\u00e1quina Smith es a menudo incomprendida, pero para la hipertrofia y el entrenamiento en solitario seguro, es insuperable. La Alex Athletics Smith Machine (W08CD002) es una unidad comercial de primera calidad dise\u00f1ada para proporcionar una trayectoria vertical fija de movimiento. Esta estabilidad elimina la necesidad de equilibrar la barra, permitiendo al levantador centrar 100% de su esfuerzo en empujar el peso. Es la herramienta definitiva para trabajar m\u00fasculos espec\u00edficos, como la parte superior del pecho en un press inclinado o los cu\u00e1driceps en una sentadilla con apoyo estrecho, sin que la fatiga de los estabilizadores limite la serie. El armaz\u00f3n est\u00e1 fabricado con tubos de acero de 50x100 mm de alta resistencia, lo que garantiza una rigidez absoluta incluso con cargas m\u00e1ximas.<\/p>\n<p>Una caracter\u00edstica destacada de esta m\u00e1quina es el brazo de elevaci\u00f3n \u201ccontrapesado\u201d. Un sistema interno de poleas y contrapesos compensa el peso de la pesada barra de acero, reduciendo la resistencia inicial a tan s\u00f3lo 6 kg. Esto hace que la m\u00e1quina sea accesible para todos los niveles de fitness, incluidos principiantes y pacientes en rehabilitaci\u00f3n. La seguridad est\u00e1 integrada en el dise\u00f1o con topes de seguridad dobles que pueden ajustarse a cualquier altura. Si falla en una repetici\u00f3n, un simple giro de mu\u00f1eca bloquea la barra en los ganchos, o los topes ajustables la atrapan debajo de usted. Con 8 cuernos de almacenamiento de pesas de acero inoxidable, mantiene su gimnasio organizado a la vez que proporciona una plataforma masiva y estable para un entrenamiento intenso.<\/p>\n<h3>1. Brazo de elevaci\u00f3n contrapesado<\/h3>\n<p>Las barras Smith est\u00e1ndar pueden ser pesadas (20-30 kg). La m\u00e1quina Alex cuenta con un sistema de contrapeso que neutraliza el peso de la barra a s\u00f3lo 14 lbs. Esto permite un movimiento de arranque suave y ligero, lo que la hace perfecta para calentamientos, ejercicios de rehabilitaci\u00f3n o usuarios que no pueden levantar una barra est\u00e1ndar de 20 kg.<\/p>\n<h3>2. Seguridad en el entrenamiento en solitario<\/h3>\n<p>La m\u00e1quina Smith es la forma m\u00e1s segura de hacer banca o sentadillas solo. La barra cuenta con un sistema de gancho que se engancha con un simple giro de mu\u00f1eca en m\u00faltiples posiciones de altura. Adem\u00e1s, los topes de seguridad inferiores ajustables evitan que la barra te aplaste si fallas una repetici\u00f3n. Act\u00faa eficazmente como un observador mec\u00e1nico.<\/p>\n<h3>3. Aislamiento fijo de la trayectoria vertical<\/h3>\n<p>Al eliminar la necesidad de estabilizar la carga en el espacio tridimensional, la trayectoria vertical fija permite sobrecargar los motores principales. Es excelente para t\u00e9cnicas de hipertrofia como exc\u00e9ntricas lentas o series descendentes. Permite la colocaci\u00f3n de los pies (como las sentadillas con los pies por delante) que son imposibles con pesos libres.<\/p>\n<h3>4. Bastidor comercial de alta resistencia<\/h3>\n<p>Construida con tubos de acero ovalados de 50x100 mm con un acabado de pintura en polvo, esta m\u00e1quina es un tanque. Se mantiene plantada en el suelo gracias a los pies de goma y a su propia masa (173 kg). Los cojinetes lineales (o casquillos) garantizan que la barra se deslice hacia arriba y hacia abajo con suavidad, sin fricciones ni atascos.<\/p>\n<h3>5. Almacenamiento de placas integrado<\/h3>\n<p>La eficiencia es la clave. El bastidor incluye 8 cuernos de pesas de acero inoxidable. Esto le permite almacenar cientos de kilos de placas ol\u00edmpicas directamente en la m\u00e1quina. Esto no s\u00f3lo mantiene el gimnasio ordenado, sino que a\u00f1ade m\u00e1s estabilidad a la unidad durante su uso.<\/p>\n<h3>\u00bfA qui\u00e9n va dirigido?<\/h3>\n<ul style=\"list-style-position: inside; padding-left: 0;\">\n<li>Culturistas que se centran en el aislamiento muscular y el entrenamiento al fallo.<\/li>\n<li>Levantadores en solitario que quieren hacer sentadillas y pesas con seguridad.<\/li>\n<li>Principiantes que aprenden patrones de movimiento en un camino guiado.<\/li>\n<li>Pacientes de rehabilitaci\u00f3n que necesitan estabilidad.<\/li>\n<li>Gimnasios comerciales que completan su circuito de fuerza.<\/li>\n<\/ul>\n<h3>Especificaciones del producto<\/h3>\n<table border=\"1\" width=\"100%\" cellspacing=\"0\" cellpadding=\"5\">\n<tbody>\n<tr>\n<td><strong>Modelo<\/strong><\/td>\n<td>W08CD002<\/td>\n<\/tr>\n<tr>\n<td><strong>Dimensiones<\/strong><\/td>\n<td>Largo 1378 x Ancho 2214 x Alto 2301 mm<\/td>\n<\/tr>\n<tr>\n<td><strong>Caracter\u00edstica<\/strong><\/td>\n<td>Contrapesado (14 lbs start)<\/td>\n<\/tr>\n<tr>\n<td><strong>Seguridad<\/strong><\/td>\n<td>Topes ajustables y sistema de gancho<\/td>\n<\/tr>\n<tr>\n<td><strong>Almacenamiento<\/strong><\/td>\n<td>8 Cuernos de peso<\/td>\n<\/tr>\n<\/tbody>\n<\/table>","protected":false},"excerpt":{"rendered":"<p>La m\u00e1quina Smith de Alex Athletics ofrece lo \u00faltimo en seguridad y aislamiento muscular. Con un brazo de elevaci\u00f3n contrapesado con un peso inicial bajo de 14 libras, es accesible para todos los usuarios, mientras que es capaz de manejar cargas pesadas. La trayectoria vertical fija permite centrarse en el entrenamiento de hipertrofia, mientras que los topes de seguridad ajustables y el mecanismo de bloqueo giratorio permiten realizar levantamientos en solitario de forma segura sin necesidad de un observador. Construido sobre un bastidor de acero comercial macizo con almacenamiento de placas integrado, es un centro neur\u00e1lgico duradero y de deslizamiento suave para cualquier gimnasio.<\/p>","protected":false},"featured_media":3684,"comment_status":"open","ping_status":"closed","template":"","meta":{"inline_featured_image":false,"site-sidebar-layout":"default","site-content-layout":"","ast-site-content-layout":"default","site-content-style":"default","site-sidebar-style":"default","ast-global-header-display":"","ast-banner-title-visibility":"","ast-main-header-display":"","ast-hfb-above-header-display":"","ast-hfb-below-header-display":"","ast-hfb-mobile-header-display":"","site-post-title":"","ast-breadcrumbs-content":"","ast-featured-img":"","footer-sml-layout":"","ast-disable-related-posts":"","theme-transparent-header-meta":"default","adv-header-id-meta":"","stick-header-meta":"default","header-above-stick-meta":"","header-main-stick-meta":"","header-below-stick-meta":"","astra-migrate-meta-layouts":"set","ast-page-background-enabled":"default","ast-page-background-meta":{"desktop":{"background-color":"","background-image":"","background-repeat":"repeat","background-position":"center center","background-size":"auto","background-attachment":"scroll","background-type":"","background-media":"","overlay-type":"","overlay-color":"","overlay-opacity":"","overlay-gradient":""},"tablet":{"background-color":"","background-image":"","background-repeat":"repeat","background-position":"center center","background-size":"auto","background-attachment":"scroll","background-type":"","background-media":"","overlay-type":"","overlay-color":"","overlay-opacity":"","overlay-gradient":""},"mobile":{"background-color":"","background-image":"","background-repeat":"repeat","background-position":"center center","background-size":"auto","background-attachment":"scroll","background-type":"","background-media":"","overlay-type":"","overlay-color":"","overlay-opacity":"","overlay-gradient":""}},"ast-content-background-meta":{"desktop":{"background-color":"var(--ast-global-color-5)","background-image":"","background-repeat":"repeat","background-position":"center center","background-size":"auto","background-attachment":"scroll","background-type":"","background-media":"","overlay-type":"","overlay-color":"","overlay-opacity":"","overlay-gradient":""},"tablet":{"background-color":"var(--ast-global-color-5)","background-image":"","background-repeat":"repeat","background-position":"center center","background-size":"auto","background-attachment":"scroll","background-type":"","background-media":"","overlay-type":"","overlay-color":"","overlay-opacity":"","overlay-gradient":""},"mobile":{"background-color":"var(--ast-global-color-5)","background-image":"","background-repeat":"repeat","background-position":"center center","background-size":"auto","background-attachment":"scroll","background-type":"","background-media":"","overlay-type":"","overlay-color":"","overlay-opacity":"","overlay-gradient":""}}},"product_brand":[],"product_cat":[55],"product_tag":[63],"class_list":{"0":"post-2950","1":"product","2":"type-product","3":"status-publish","4":"has-post-thumbnail","6":"product_cat-free-weight-training","7":"product_tag-rack-storage","8":"desktop-align-left","9":"tablet-align-left","10":"mobile-align-left","12":"first","13":"instock","14":"shipping-taxable","15":"purchasable","16":"product-type-simple"},"_links":{"self":[{"href":"https:\/\/alexathletics1982.com\/es\/wp-json\/wp\/v2\/product\/2950","targetHints":{"allow":["GET"]}}],"collection":[{"href":"https:\/\/alexathletics1982.com\/es\/wp-json\/wp\/v2\/product"}],"about":[{"href":"https:\/\/alexathletics1982.com\/es\/wp-json\/wp\/v2\/types\/product"}],"replies":[{"embeddable":true,"href":"https:\/\/alexathletics1982.com\/es\/wp-json\/wp\/v2\/comments?post=2950"}],"wp:featuredmedia":[{"embeddable":true,"href":"https:\/\/alexathletics1982.com\/es\/wp-json\/wp\/v2\/media\/3684"}],"wp:attachment":[{"href":"https:\/\/alexathletics1982.com\/es\/wp-json\/wp\/v2\/media?parent=2950"}],"wp:term":[{"taxonomy":"product_brand","embeddable":true,"href":"https:\/\/alexathletics1982.com\/es\/wp-json\/wp\/v2\/product_brand?post=2950"},{"taxonomy":"product_cat","embeddable":true,"href":"https:\/\/alexathletics1982.com\/es\/wp-json\/wp\/v2\/product_cat?post=2950"},{"taxonomy":"product_tag","embeddable":true,"href":"https:\/\/alexathletics1982.com\/es\/wp-json\/wp\/v2\/product_tag?post=2950"}],"curies":[{"name":"wp","href":"https:\/\/api.w.org\/{rel}","templated":true}]}}